{"id":14,"date":"2021-07-20T18:35:40","date_gmt":"2021-07-20T16:35:40","guid":{"rendered":"https:\/\/seal.transport-manager.net\/johnny\/?page_id=14"},"modified":"2022-12-29T10:20:26","modified_gmt":"2022-12-29T09:20:26","slug":"billetique","status":"publish","type":"page","link":"https:\/\/seal.transport-manager.net\/johnny\/billetique\/","title":{"rendered":"Billetique"},"content":{"rendered":"\n<p>Afin d\u2018\u00e9viter la fraude sur le r\u00e9seau vous devez vous procurer un ticket aupr\u00e8s du conducteur puis l\u2019oblit\u00e9rer sur l\u2018oblit\u00e9rateur si pr\u00e9sent. Deux tickets sont actuellement disponibles.<\/p>\n\n\n\n<figure class=\"wp-block-image size-large is-resized\"><img loading=\"lazy\" decoding=\"async\" src=\"https:\/\/seal.transport-manager.net\/johnny\/wp-content\/uploads\/sites\/11\/2021\/07\/732A4336-9D43-457A-A968-EDD37CA17D8C.jpeg\" alt=\"\" class=\"wp-image-56\" width=\"668\" height=\"350\" srcset=\"https:\/\/seal.transport-manager.net\/johnny\/wp-content\/uploads\/sites\/11\/2021\/07\/732A4336-9D43-457A-A968-EDD37CA17D8C.jpeg 669w, https:\/\/seal.transport-manager.net\/johnny\/wp-content\/uploads\/sites\/11\/2021\/07\/732A4336-9D43-457A-A968-EDD37CA17D8C-300x157.jpeg 300w\" sizes=\"auto, (max-width: 668px) 100vw, 668px\" \/><figcaption class=\"wp-element-caption\">Ticket sans correspondance: 1,70\u20ac<\/figcaption><\/figure>\n\n\n\n<figure class=\"wp-block-image size-large\"><img loading=\"lazy\" decoding=\"async\" width=\"699\" height=\"354\" src=\"https:\/\/seal.transport-manager.net\/johnny\/wp-content\/uploads\/sites\/11\/2021\/07\/ED4F7411-2A65-4F91-B99F-6FCA28DBB0B1.jpeg\" alt=\"\" class=\"wp-image-57\" srcset=\"https:\/\/seal.transport-manager.net\/johnny\/wp-content\/uploads\/sites\/11\/2021\/07\/ED4F7411-2A65-4F91-B99F-6FCA28DBB0B1.jpeg 699w, https:\/\/seal.transport-manager.net\/johnny\/wp-content\/uploads\/sites\/11\/2021\/07\/ED4F7411-2A65-4F91-B99F-6FCA28DBB0B1-300x152.jpeg 300w\" sizes=\"auto, (max-width: 699px) 100vw, 699px\" \/><figcaption class=\"wp-element-caption\">Ticket d\u00e9couvertes 24h: 5,00\u20ac<\/figcaption><\/figure>\n\n\n\n<figure class=\"wp-block-image size-large\"><img loading=\"lazy\" decoding=\"async\" width=\"768\" height=\"1024\" src=\"https:\/\/seal.transport-manager.net\/johnny\/wp-content\/uploads\/sites\/11\/2021\/09\/EDDB67DC-F3EF-47D1-956C-BCDDE47D8BB8-768x1024.png\" alt=\"\" class=\"wp-image-113\" srcset=\"https:\/\/seal.transport-manager.net\/johnny\/wp-content\/uploads\/sites\/11\/2021\/09\/EDDB67DC-F3EF-47D1-956C-BCDDE47D8BB8-768x1024.png 768w, https:\/\/seal.transport-manager.net\/johnny\/wp-content\/uploads\/sites\/11\/2021\/09\/EDDB67DC-F3EF-47D1-956C-BCDDE47D8BB8-225x300.png 225w, https:\/\/seal.transport-manager.net\/johnny\/wp-content\/uploads\/sites\/11\/2021\/09\/EDDB67DC-F3EF-47D1-956C-BCDDE47D8BB8-1152x1536.png 1152w, https:\/\/seal.transport-manager.net\/johnny\/wp-content\/uploads\/sites\/11\/2021\/09\/EDDB67DC-F3EF-47D1-956C-BCDDE47D8BB8-1536x2048.png 1536w, https:\/\/seal.transport-manager.net\/johnny\/wp-content\/uploads\/sites\/11\/2021\/09\/EDDB67DC-F3EF-47D1-956C-BCDDE47D8BB8.png 1800w\" sizes=\"auto, (max-width: 768px) 100vw, 768px\" \/><figcaption class=\"wp-element-caption\">Ticket unitaire par t\u00e9l\u00e9phone: 2,00\u20ac<\/figcaption><\/figure>\n\n\n\n<p><br><br>Lors de la mont\u00e9e dans le bus, pri\u00e8re de faire l\u2018appoint sauf si vous avez d\u00e9j\u00e0 un ticket 24h de la date du jour. De plus vous devrez montrer ce ticket 24 h au conducteur avant de l\u2018oblit\u00e9rer. Les m\u00eames conditions s\u2018appliquent pour le ticket unitaire par t\u00e9l\u00e9phone.<\/p>\n\n\n\n<p>Abonnement mensuel: 59\u20ac<\/p>\n","protected":false},"excerpt":{"rendered":"<p>Afin d\u2018\u00e9viter la fraude sur le r\u00e9seau vous devez vous procurer un ticket aupr\u00e8s du conducteur puis l\u2019oblit\u00e9rer sur l\u2018oblit\u00e9rateur si pr\u00e9sent. Deux tickets sont actuellement disponibles. Lors de la&hellip;&nbsp;<a href=\"https:\/\/seal.transport-manager.net\/johnny\/billetique\/\" rel=\"bookmark\">Lire la suite &raquo;<span class=\"screen-reader-text\">Billetique<\/span><\/a><\/p>\n","protected":false},"author":11,"featured_media":0,"parent":0,"menu_order":0,"comment_status":"closed","ping_status":"closed","template":"","meta":{"neve_meta_sidebar":"","neve_meta_container":"","neve_meta_enable_content_width":"","neve_meta_content_width":0,"neve_meta_title_alignment":"","neve_meta_author_avatar":"","neve_post_elements_order":"","neve_meta_disable_header":"","neve_meta_disable_footer":"","neve_meta_disable_title":"","footnotes":""},"class_list":["post-14","page","type-page","status-publish","hentry"],"_links":{"self":[{"href":"https:\/\/seal.transport-manager.net\/johnny\/wp-json\/wp\/v2\/pages\/14","targetHints":{"allow":["GET"]}}],"collection":[{"href":"https:\/\/seal.transport-manager.net\/johnny\/wp-json\/wp\/v2\/pages"}],"about":[{"href":"https:\/\/seal.transport-manager.net\/johnny\/wp-json\/wp\/v2\/types\/page"}],"author":[{"embeddable":true,"href":"https:\/\/seal.transport-manager.net\/johnny\/wp-json\/wp\/v2\/users\/11"}],"replies":[{"embeddable":true,"href":"https:\/\/seal.transport-manager.net\/johnny\/wp-json\/wp\/v2\/comments?post=14"}],"version-history":[{"count":6,"href":"https:\/\/seal.transport-manager.net\/johnny\/wp-json\/wp\/v2\/pages\/14\/revisions"}],"predecessor-version":[{"id":357,"href":"https:\/\/seal.transport-manager.net\/johnny\/wp-json\/wp\/v2\/pages\/14\/revisions\/357"}],"wp:attachment":[{"href":"https:\/\/seal.transport-manager.net\/johnny\/wp-json\/wp\/v2\/media?parent=14"}],"curies":[{"name":"wp","href":"https:\/\/api.w.org\/{rel}","templated":true}]}}