{"id":182,"date":"2021-10-27T08:44:58","date_gmt":"2021-10-27T06:44:58","guid":{"rendered":"https:\/\/seal.transport-manager.net\/johnny\/?page_id=182"},"modified":"2021-10-27T08:44:58","modified_gmt":"2021-10-27T06:44:58","slug":"publicite","status":"publish","type":"page","link":"https:\/\/seal.transport-manager.net\/johnny\/publicite\/","title":{"rendered":"Publicit\u00e9"},"content":{"rendered":"\n<p>Vous \u00eates une petite entreprise locale qui souhaite faire conna\u00eetre ses services dans la r\u00e9gion, o\u00f9 une grande nationale\/multinationale; vous pouvez demander \u00e0 la RTC de faire passer des annonces sur nos bus. Il existe deux types d\u2019annonces. Premi\u00e8rement, les panneaux publicitaires, disponibles \u00e0 l\u2018avant sur les c\u00f4t\u00e9s lat\u00e9raux et \u00e0 l\u2018arri\u00e8re des bus. \u00c9conomique, les panneaux publicitaires permettent de vous faire conna\u00eetre rapidement sans trop d\u00e9penser. Deuxi\u00e8mement, les livr\u00e9es, disponibles sur les c\u00f4t\u00e9s lat\u00e9raux et \u00e0 l\u2019arri\u00e8re des bus. Plus ch\u00e8res, les livr\u00e9es permettent de couvrir tout un cot\u00e9 du bus permettent une communication tr\u00e8s forte. De grands groupes ou organismes nous font d\u00e9j\u00e0 confiance comme PaGauth\u00e9mont ou le Minist\u00e8re de la Sant\u00e9.<\/p>\n\n\n\n<p>Ci-dessous vous trouverez un formulaire qui vous permettra de demander des contrats sur nos v\u00e9hicules. Nos commerciaux traiteront votre demande dans les plus brefs d\u00e9lais.<\/p>\n\n\n<div class=\"wpforms-container wpforms-container-full wpforms-block\" id=\"wpforms-186\"><form id=\"wpforms-form-186\" class=\"wpforms-validate wpforms-form wpforms-ajax-form\" data-formid=\"186\" method=\"post\" enctype=\"multipart\/form-data\" action=\"\/johnny\/wp-json\/wp\/v2\/pages\/182\" data-token=\"ac24329c3acfbfa1461d774986e34fe8\" data-token-time=\"1776970475\"><noscript class=\"wpforms-error-noscript\">Veuillez activer JavaScript dans votre navigateur pour remplir ce formulaire.<\/noscript><div class=\"wpforms-field-container\"><div id=\"wpforms-186-field_1-container\" class=\"wpforms-field wpforms-field-name\" data-field-id=\"1\"><label class=\"wpforms-field-label\" for=\"wpforms-186-field_1\">Nom de votre entreprise <span class=\"wpforms-required-label\">*<\/span><\/label><input type=\"text\" id=\"wpforms-186-field_1\" class=\"wpforms-field-medium wpforms-field-required\" name=\"wpforms[fields][1]\" required><\/div><div id=\"wpforms-186-field_2-container\" class=\"wpforms-field wpforms-field-name\" data-field-id=\"2\"><label class=\"wpforms-field-label\" for=\"wpforms-186-field_2\">Raison <span class=\"wpforms-required-label\">*<\/span><\/label><input type=\"text\" id=\"wpforms-186-field_2\" class=\"wpforms-field-medium wpforms-field-required\" name=\"wpforms[fields][2]\" required><\/div><div id=\"wpforms-186-field_3-container\" class=\"wpforms-field wpforms-field-name\" data-field-id=\"3\"><label class=\"wpforms-field-label\" for=\"wpforms-186-field_3\">Dur\u00e9e <span class=\"wpforms-required-label\">*<\/span><\/label><input type=\"text\" id=\"wpforms-186-field_3\" class=\"wpforms-field-medium wpforms-field-required\" name=\"wpforms[fields][3]\" required><\/div><div id=\"wpforms-186-field_4-container\" class=\"wpforms-field wpforms-field-name\" data-field-id=\"4\"><label class=\"wpforms-field-label\" for=\"wpforms-186-field_4\">Date limite d\u2019acceptation <span class=\"wpforms-required-label\">*<\/span><\/label><input type=\"text\" id=\"wpforms-186-field_4\" class=\"wpforms-field-medium wpforms-field-required\" name=\"wpforms[fields][4]\" required><\/div><div id=\"wpforms-186-field_5-container\" class=\"wpforms-field wpforms-field-name\" data-field-id=\"5\"><label class=\"wpforms-field-label\" for=\"wpforms-186-field_5\">Montant <span class=\"wpforms-required-label\">*<\/span><\/label><input type=\"text\" id=\"wpforms-186-field_5\" class=\"wpforms-field-medium wpforms-field-required\" name=\"wpforms[fields][5]\" required><\/div><div id=\"wpforms-186-field_8-container\" class=\"wpforms-field wpforms-field-radio\" data-field-id=\"8\"><label class=\"wpforms-field-label\">Type de publicit\u00e9<\/label><ul id=\"wpforms-186-field_8\"><li class=\"choice-1 depth-1\"><input type=\"radio\" id=\"wpforms-186-field_8_1\" name=\"wpforms[fields][8]\" value=\"Panneau de pub avant\"  ><label class=\"wpforms-field-label-inline\" for=\"wpforms-186-field_8_1\">Panneau de pub avant<\/label><\/li><li class=\"choice-2 depth-1\"><input type=\"radio\" id=\"wpforms-186-field_8_2\" name=\"wpforms[fields][8]\" value=\"Panneaux de pubs lat\u00e9raux\"  ><label class=\"wpforms-field-label-inline\" for=\"wpforms-186-field_8_2\">Panneaux de pubs lat\u00e9raux<\/label><\/li><li class=\"choice-3 depth-1\"><input type=\"radio\" id=\"wpforms-186-field_8_3\" name=\"wpforms[fields][8]\" value=\"Panneau de pub arri\u00e8re\"  ><label class=\"wpforms-field-label-inline\" for=\"wpforms-186-field_8_3\">Panneau de pub arri\u00e8re<\/label><\/li><li class=\"choice-5 depth-1\"><input type=\"radio\" id=\"wpforms-186-field_8_5\" name=\"wpforms[fields][8]\" value=\"Livr\u00e9e lat\u00e9rale\"  ><label class=\"wpforms-field-label-inline\" for=\"wpforms-186-field_8_5\">Livr\u00e9e lat\u00e9rale<\/label><\/li><li class=\"choice-4 depth-1\"><input type=\"radio\" id=\"wpforms-186-field_8_4\" name=\"wpforms[fields][8]\" value=\"Livr\u00e9e arri\u00e8re\"  ><label class=\"wpforms-field-label-inline\" for=\"wpforms-186-field_8_4\">Livr\u00e9e arri\u00e8re<\/label><\/li><\/ul><\/div><div id=\"wpforms-186-field_7-container\" class=\"wpforms-field wpforms-field-number\" data-field-id=\"7\"><label class=\"wpforms-field-label\" for=\"wpforms-186-field_7\">Dur\u00e9e<\/label><input type=\"number\" id=\"wpforms-186-field_7\" class=\"wpforms-field-medium\" name=\"wpforms[fields][7]\" step=\"any\" ><\/div><\/div><!-- .wpforms-field-container --><div class=\"wpforms-recaptcha-container wpforms-is-recaptcha wpforms-is-recaptcha-type-v2\" ><div class=\"g-recaptcha\" data-sitekey=\"lescTvlvJ(WHuumPPeC(Jgx9\"><\/div><input type=\"text\" name=\"g-recaptcha-hidden\" class=\"wpforms-recaptcha-hidden\" style=\"position:absolute!important;clip:rect(0,0,0,0)!important;height:1px!important;width:1px!important;border:0!important;overflow:hidden!important;padding:0!important;margin:0!important;\" data-rule-recaptcha=\"1\"><\/div><div class=\"wpforms-submit-container\" ><input type=\"hidden\" name=\"wpforms[id]\" value=\"186\"><input type=\"hidden\" name=\"page_title\" value=\"\"><input type=\"hidden\" name=\"page_url\" value=\"https:\/\/seal.transport-manager.net\/johnny\/wp-json\/wp\/v2\/pages\/182\"><input type=\"hidden\" name=\"url_referer\" value=\"\"><button type=\"submit\" name=\"wpforms[submit]\" id=\"wpforms-submit-186\" class=\"wpforms-submit\" data-alt-text=\"Envoi...\" data-submit-text=\"Envoyer\" aria-live=\"assertive\" value=\"wpforms-submit\">Envoyer<\/button><img loading=\"lazy\" decoding=\"async\" src=\"https:\/\/seal.transport-manager.net\/johnny\/wp-content\/plugins\/wpforms-lite\/assets\/images\/submit-spin.svg\" class=\"wpforms-submit-spinner\" style=\"display: none;\" width=\"26\" height=\"26\" alt=\"Chargement en cours\"><\/div><\/form><\/div>  <!-- .wpforms-container -->","protected":false},"excerpt":{"rendered":"<p>Vous \u00eates une petite entreprise locale qui souhaite faire conna\u00eetre ses services dans la r\u00e9gion, o\u00f9 une grande nationale\/multinationale; vous pouvez demander \u00e0 la RTC de faire passer des annonces&hellip;&nbsp;<a href=\"https:\/\/seal.transport-manager.net\/johnny\/publicite\/\" rel=\"bookmark\">Lire la suite &raquo;<span class=\"screen-reader-text\">Publicit\u00e9<\/span><\/a><\/p>\n","protected":false},"author":11,"featured_media":0,"parent":0,"menu_order":0,"comment_status":"closed","ping_status":"closed","template":"","meta":{"neve_meta_sidebar":"full-width","neve_meta_container":"","neve_meta_enable_content_width":"on","neve_meta_content_width":100,"neve_meta_title_alignment":"","neve_meta_author_avatar":"","neve_post_elements_order":"","neve_meta_disable_header":"","neve_meta_disable_footer":"","neve_meta_disable_title":"","footnotes":""},"class_list":["post-182","page","type-page","status-publish","hentry"],"_links":{"self":[{"href":"https:\/\/seal.transport-manager.net\/johnny\/wp-json\/wp\/v2\/pages\/182","targetHints":{"allow":["GET"]}}],"collection":[{"href":"https:\/\/seal.transport-manager.net\/johnny\/wp-json\/wp\/v2\/pages"}],"about":[{"href":"https:\/\/seal.transport-manager.net\/johnny\/wp-json\/wp\/v2\/types\/page"}],"author":[{"embeddable":true,"href":"https:\/\/seal.transport-manager.net\/johnny\/wp-json\/wp\/v2\/users\/11"}],"replies":[{"embeddable":true,"href":"https:\/\/seal.transport-manager.net\/johnny\/wp-json\/wp\/v2\/comments?post=182"}],"version-history":[{"count":2,"href":"https:\/\/seal.transport-manager.net\/johnny\/wp-json\/wp\/v2\/pages\/182\/revisions"}],"predecessor-version":[{"id":187,"href":"https:\/\/seal.transport-manager.net\/johnny\/wp-json\/wp\/v2\/pages\/182\/revisions\/187"}],"wp:attachment":[{"href":"https:\/\/seal.transport-manager.net\/johnny\/wp-json\/wp\/v2\/media?parent=182"}],"curies":[{"name":"wp","href":"https:\/\/api.w.org\/{rel}","templated":true}]}}