{"id":34,"date":"2021-07-20T21:11:37","date_gmt":"2021-07-20T19:11:37","guid":{"rendered":"https:\/\/seal.transport-manager.net\/johnny\/?page_id=34"},"modified":"2023-01-03T08:57:24","modified_gmt":"2023-01-03T07:57:24","slug":"accueil","status":"publish","type":"page","link":"https:\/\/seal.transport-manager.net\/johnny\/accueil\/","title":{"rendered":"Accueil"},"content":{"rendered":"\n<a href=\"https:\/\/www.compteurdevisite.com\" title=\"compteur de visite\"><img decoding=\"async\" src=\"https:\/\/counter4.stat.ovh\/private\/compteurdevisite.php?c=nnrg1n1rlqadf58rm71p1uge9rwncxy9\" border=\"0\" title=\"compteur de visite\" alt=\"compteur de visite\"><\/a>\n\n\n\n<figure class=\"wp-block-image size-full is-resized\"><img loading=\"lazy\" decoding=\"async\" src=\"https:\/\/seal.transport-manager.net\/johnny\/wp-content\/uploads\/sites\/11\/2021\/07\/IVECO-urbanway18.jpg\" alt=\"\" class=\"wp-image-65\" width=\"996\" height=\"664\" srcset=\"https:\/\/seal.transport-manager.net\/johnny\/wp-content\/uploads\/sites\/11\/2021\/07\/IVECO-urbanway18.jpg 450w, https:\/\/seal.transport-manager.net\/johnny\/wp-content\/uploads\/sites\/11\/2021\/07\/IVECO-urbanway18-300x200.jpg 300w\" sizes=\"auto, (max-width: 996px) 100vw, 996px\" \/><figcaption class=\"wp-element-caption\">L\u2018excellence \u00e0 votre service!<\/figcaption><\/figure>\n\n\n\n<hr class=\"wp-block-separator has-css-opacity\" \/>\n\n\n\n<div class=\"wp-block-buttons is-layout-flex wp-block-buttons-is-layout-flex\">\n<div class=\"wp-block-button\"><a class=\"wp-block-button__link wp-element-button\" href=\"https:\/\/seal.transport-manager.net\/johnny\/horaires\/\">Les horaires<\/a><\/div>\n\n\n\n<div class=\"wp-block-button\"><a class=\"wp-block-button__link wp-element-button\" href=\"https:\/\/seal.transport-manager.net\/johnny\/\">Les Actualit\u00e9s<\/a><\/div>\n\n\n\n<div class=\"wp-block-button is-style-default\"><a class=\"wp-block-button__link wp-element-button\" href=\"https:\/\/seal.transport-manager.net\/johnny\/info-trafic\/\">L\u2018info trafic sur le r\u00e9seau<\/a><\/div>\n\n\n\n<div class=\"wp-block-button\"><a class=\"wp-block-button__link wp-element-button\" href=\"https:\/\/seal.transport-manager.net\/johnny\/billetique\/\">La billetique<\/a><\/div>\n\n\n\n<div class=\"wp-block-button\"><a class=\"wp-block-button__link wp-element-button\" href=\"https:\/\/seal.transport-manager.net\/johnny\/contact\/\">Contactez nous<\/a><\/div>\n\n\n\n<div class=\"wp-block-button\"><a class=\"wp-block-button__link wp-element-button\">Vos agences<\/a><\/div>\n<\/div>\n\n\n\n<hr class=\"wp-block-separator has-css-opacity\" \/>\n\n\n\n<figure class=\"wp-block-image size-large is-resized\"><img loading=\"lazy\" decoding=\"async\" src=\"https:\/\/seal.transport-manager.net\/johnny\/wp-content\/uploads\/sites\/11\/2021\/07\/cropped-ecca7b06-8d97-4a75-954e-aef8e124a92f_200x200-2-1.png\" alt=\"Logo\" class=\"wp-image-9\" width=\"901\" height=\"901\" srcset=\"https:\/\/seal.transport-manager.net\/johnny\/wp-content\/uploads\/sites\/11\/2021\/07\/cropped-ecca7b06-8d97-4a75-954e-aef8e124a92f_200x200-2-1.png 200w, https:\/\/seal.transport-manager.net\/johnny\/wp-content\/uploads\/sites\/11\/2021\/07\/cropped-ecca7b06-8d97-4a75-954e-aef8e124a92f_200x200-2-1-150x150.png 150w\" sizes=\"auto, (max-width: 901px) 100vw, 901px\" \/><\/figure>\n\n\n\n<h2 class=\"wp-block-heading\" id=\"notre-histoire\">Notre histoire<\/h2>\n\n\n\n<p>La RTC (R\u00e9gie des transports chavillois) est une entreprise de transports en communs qui exploite 7 lignes de bus sur la m\u00e9tropole de Chaville et de ses environs. Elle a \u00e9t\u00e9 cr\u00e9\u00e9e en juin 2020 durant la crise sanitaire de la Covid-19 et \u00e0 r\u00e9ussi \u00e0 s\u2018en sortir. La RTC est une entreprise fictive cr\u00e9\u00e9e dans le cadre du jeu disponible sur navigateur Transport-Manager. Les photos affich\u00e9es sur ce site sont la propri\u00e9t\u00e9 de Transport-Manager ou de la RTC. Elles ne peuvent pas \u00eatre r\u00e9utilis\u00e9es sauf si une photo est sous Creative Commons (voir <a rel=\"noreferrer noopener\" href=\"https:\/\/creativecommons.org\/licenses\/?lang=fr-FR\" target=\"_blank\">https:\/\/creativecommons.org\/licenses\/?lang=fr-FR<\/a>)<\/p>\n\n\n\n<p><\/p>\n","protected":false},"excerpt":{"rendered":"<p>Notre histoire La RTC (R\u00e9gie des transports chavillois) est une entreprise de transports en communs qui exploite 7 lignes de bus sur la m\u00e9tropole de Chaville et de ses environs.&hellip;&nbsp;<a href=\"https:\/\/seal.transport-manager.net\/johnny\/accueil\/\" rel=\"bookmark\">Lire la suite &raquo;<span class=\"screen-reader-text\">Accueil<\/span><\/a><\/p>\n","protected":false},"author":11,"featured_media":0,"parent":0,"menu_order":0,"comment_status":"closed","ping_status":"closed","template":"","meta":{"neve_meta_sidebar":"full-width","neve_meta_container":"","neve_meta_enable_content_width":"on","neve_meta_content_width":100,"neve_meta_title_alignment":"","neve_meta_author_avatar":"","neve_post_elements_order":"","neve_meta_disable_header":"","neve_meta_disable_footer":"","neve_meta_disable_title":"","footnotes":""},"class_list":["post-34","page","type-page","status-publish","hentry"],"_links":{"self":[{"href":"https:\/\/seal.transport-manager.net\/johnny\/wp-json\/wp\/v2\/pages\/34","targetHints":{"allow":["GET"]}}],"collection":[{"href":"https:\/\/seal.transport-manager.net\/johnny\/wp-json\/wp\/v2\/pages"}],"about":[{"href":"https:\/\/seal.transport-manager.net\/johnny\/wp-json\/wp\/v2\/types\/page"}],"author":[{"embeddable":true,"href":"https:\/\/seal.transport-manager.net\/johnny\/wp-json\/wp\/v2\/users\/11"}],"replies":[{"embeddable":true,"href":"https:\/\/seal.transport-manager.net\/johnny\/wp-json\/wp\/v2\/comments?post=34"}],"version-history":[{"count":17,"href":"https:\/\/seal.transport-manager.net\/johnny\/wp-json\/wp\/v2\/pages\/34\/revisions"}],"predecessor-version":[{"id":367,"href":"https:\/\/seal.transport-manager.net\/johnny\/wp-json\/wp\/v2\/pages\/34\/revisions\/367"}],"wp:attachment":[{"href":"https:\/\/seal.transport-manager.net\/johnny\/wp-json\/wp\/v2\/media?parent=34"}],"curies":[{"name":"wp","href":"https:\/\/api.w.org\/{rel}","templated":true}]}}