{"id":1255,"date":"2022-08-31T20:23:55","date_gmt":"2022-08-31T18:23:55","guid":{"rendered":"https:\/\/seal.transport-manager.net\/kraterios\/?page_id=1255"},"modified":"2024-11-09T19:35:36","modified_gmt":"2024-11-09T18:35:36","slug":"nos-lignes-extra-urbaines","status":"publish","type":"page","link":"https:\/\/seal.transport-manager.net\/kraterios\/nos-lignes-extra-urbaines\/","title":{"rendered":"Nos Lignes Extra-Urbaines"},"content":{"rendered":"\n<p>Les lignes de notre r\u00e9seau extra-urbains sont desservies par des autocars ou des autobus LE (low entry) afin de promettre un trajet des plus agr\u00e9able possible, adapt\u00e9 aux distances parcourues ainsi qu&rsquo;au type de voie rencontr\u00e9.<\/p>\n\n\n\n<p>Pour consulter les informations d&rsquo;une ligne, vous pouvez cliquer sur ladite ligne.<\/p>\n\n\n\n<p>Le plan de l&rsquo;ensemble de notre r\u00e9seau est disponible <a rel=\"noreferrer noopener\" href=\"https:\/\/seal.transport-manager.net\/kraterios\/notre-reseau\/\" target=\"_blank\">ici<\/a>.<\/p>\n\n\n\n<div style=\"height:50px\" aria-hidden=\"true\" class=\"wp-block-spacer\"><\/div>\n\n\n\n<p style=\"font-size:25px\"><strong>Lignes P\u00e9ri-urbaines :<\/strong><\/p>\n\n\n\n<div class=\"wp-block-buttons is-horizontal is-content-justification-left is-layout-flex wp-container-core-buttons-is-layout-7e5fce0a wp-block-buttons-is-layout-flex\">\n<div class=\"wp-block-button has-custom-width wp-block-button__width-25 is-style-primary\"><a class=\"wp-block-button__link has-background wp-element-button\" href=\"https:\/\/seal.transport-manager.net\/kraterios\/ligne-101\/\" style=\"border-radius:15px;background-color:#d37478\" rel=\"https:\/\/seal.transport-manager.net\/kraterios\/ligne-1\/\"> <font size=\"4\">  Ligne   <font size=\"6\"><br> <strong>101 <\/strong><\/font><\/font><\/a><\/div>\n\n\n\n<div class=\"wp-block-button has-custom-width wp-block-button__width-25 is-style-primary\"><a class=\"wp-block-button__link has-background wp-element-button\" href=\"https:\/\/seal.transport-manager.net\/kraterios\/ligne-102\/\" style=\"border-radius:15px;background-color:#798e81\" rel=\"https:\/\/seal.transport-manager.net\/kraterios\/ligne-1\/\"><font size=\"4\">  Ligne   <font size=\"6\"><br><strong>102 <\/strong><\/font><\/font><\/a><\/div>\n\n\n\n<div class=\"wp-block-button has-custom-width wp-block-button__width-25 is-style-primary\"><a class=\"wp-block-button__link has-base-3-color has-text-color has-background wp-element-button\" href=\"https:\/\/seal.transport-manager.net\/kraterios\/ligne-103\/\" style=\"border-radius:15px;background-color:#fdf256\" rel=\"https:\/\/seal.transport-manager.net\/kraterios\/ligne-1\/\"><font size=\"4\">  Ligne   <font size=\"6\"><br> <strong>103 <\/strong><\/font><\/font><\/a><\/div>\n\n\n\n<div class=\"wp-block-button has-custom-width wp-block-button__width-25 is-style-primary\"><a class=\"wp-block-button__link has-background wp-element-button\" href=\"https:\/\/seal.transport-manager.net\/kraterios\/ligne-104\" style=\"border-radius:15px;background-color:#aa84c1\" rel=\"https:\/\/seal.transport-manager.net\/kraterios\/ligne-1\/\"><font size=\"4\">  Ligne   <font size=\"6\"><br> <strong>104 <\/strong><\/font><\/font><\/a><\/div>\n\n\n\n<div class=\"wp-block-button has-custom-width wp-block-button__width-25 is-style-primary\"><a class=\"wp-block-button__link has-background wp-element-button\" style=\"border-radius:15px;background-color:#669ea0\">Prochaine<font size=\"4\">  Ligne   <font size=\"6\"><br> 105<strong> <\/strong><\/font><\/font><\/a><\/div>\n\n\n\n<div class=\"wp-block-button has-custom-width wp-block-button__width-25 is-style-primary\"><a class=\"wp-block-button__link has-background wp-element-button\" style=\"border-radius:15px;background-color:#e0b2b8\">Prochaine<font size=\"4\">  Ligne   <font size=\"6\"><br><strong>106 <\/strong><\/font><\/font><\/a><\/div>\n\n\n\n<div class=\"wp-block-button has-custom-width wp-block-button__width-25 is-style-primary\"><a class=\"wp-block-button__link has-nv-light-bg-color has-text-color has-background wp-element-button\" style=\"border-radius:15px;background-color:#4d5fc5\">Prochaine<font size=\"4\">  Ligne   <font size=\"6\"><br> <strong>151 <\/strong><\/font><\/font><\/a><\/div>\n<\/div>\n\n\n\n<div style=\"height:80px\" aria-hidden=\"true\" class=\"wp-block-spacer\"><\/div>\n\n\n\n<div class=\"wp-block-columns is-layout-flex wp-container-core-columns-is-layout-9d6595d7 wp-block-columns-is-layout-flex\">\n<div class=\"wp-block-column is-layout-flow wp-block-column-is-layout-flow\" style=\"flex-basis:100%\">\n<div class=\"wp-block-columns is-layout-flex wp-container-core-columns-is-layout-9d6595d7 wp-block-columns-is-layout-flex\">\n<div class=\"wp-block-column is-layout-flow wp-block-column-is-layout-flow\">\n<hr class=\"wp-block-separator aligncenter has-text-color has-alpha-channel-opacity has-background is-style-default\" style=\"background-color:#b8d9ab;color:#b8d9ab\" \/>\n<\/div>\n\n\n\n<div class=\"wp-block-column is-layout-flow wp-block-column-is-layout-flow\">\n<hr class=\"wp-block-separator aligncenter has-text-color has-alpha-channel-opacity has-background is-style-wide\" style=\"background-color:#9a1733;color:#9a1733\" \/>\n<\/div>\n\n\n\n<div class=\"wp-block-column is-layout-flow wp-block-column-is-layout-flow\">\n<hr class=\"wp-block-separator aligncenter has-text-color has-alpha-channel-opacity has-background is-style-default\" style=\"background-color:#b8d9ab;color:#b8d9ab\" \/>\n<\/div>\n<\/div>\n<\/div>\n<\/div>\n\n\n\n<div style=\"height:25px\" aria-hidden=\"true\" class=\"wp-block-spacer\"><\/div>\n\n\n\n<p style=\"font-size:25px\"><strong>Lignes Interurbaines :<\/strong><\/p>\n\n\n\n<div class=\"wp-block-buttons is-horizontal is-content-justification-left is-layout-flex wp-container-core-buttons-is-layout-7e5fce0a wp-block-buttons-is-layout-flex\">\n<div class=\"wp-block-button has-custom-width wp-block-button__width-25 is-style-primary\"><a class=\"wp-block-button__link has-background wp-element-button\" href=\"https:\/\/seal.transport-manager.net\/kraterios\/ligne-201\/\" style=\"border-radius:15px;background-color:#8b6449\" rel=\"https:\/\/seal.transport-manager.net\/kraterios\/ligne-1\/\"> <font size=\"4\">  Ligne   <font size=\"6\"><br> <strong>201 <\/strong><\/font><\/font><\/a><\/div>\n\n\n\n<div class=\"wp-block-button has-custom-width wp-block-button__width-25 is-style-primary\"><a class=\"wp-block-button__link has-background wp-element-button\" href=\"https:\/\/seal.transport-manager.net\/kraterios\/ligne-202\/\" style=\"border-radius:15px;background-color:#dc241f\" rel=\"https:\/\/seal.transport-manager.net\/kraterios\/ligne-1\/\"> <font size=\"4\">  Ligne   <font size=\"6\"><br> <strong>202 <\/strong><\/font><\/font><\/a><\/div>\n\n\n\n<div class=\"wp-block-button has-custom-width wp-block-button__width-25 is-style-primary\"><a class=\"wp-block-button__link has-background wp-element-button\" href=\"https:\/\/seal.transport-manager.net\/kraterios\/ligne-203\/\" style=\"border-radius:15px;background-color:#258987\" rel=\"https:\/\/seal.transport-manager.net\/kraterios\/ligne-1\/\"> <font size=\"4\">  Ligne   <font size=\"6\"><br> <strong>203 <\/strong><\/font><\/font><\/a><\/div>\n\n\n\n<div class=\"wp-block-button has-custom-width wp-block-button__width-25 is-style-primary\"><a class=\"wp-block-button__link has-background wp-element-button\" style=\"border-radius:15px;background-color:#741e8b\">Prochaine<font size=\"4\">  Ligne   <font size=\"6\"><br> <strong>204 <\/strong><\/font><\/font><\/a><\/div>\n\n\n\n<div class=\"wp-block-button has-custom-width wp-block-button__width-25 is-style-primary\"><a class=\"wp-block-button__link has-background wp-element-button\" style=\"border-radius:15px;background-color:#2a9c53\">Prochaine<font size=\"4\">  Ligne   <font size=\"6\"><br> <strong>205 <\/strong><\/font><\/font><\/a><\/div>\n\n\n\n<div class=\"wp-block-button has-custom-width wp-block-button__width-25 is-style-primary\"><a class=\"wp-block-button__link has-background wp-element-button\" style=\"border-radius:15px;background-color:#0f5eb4\">Prochaine<font size=\"4\">  Ligne   <font size=\"6\"><br> <strong>206 <\/strong><\/font><\/font><\/a><\/div>\n\n\n\n<div class=\"wp-block-button has-custom-width wp-block-button__width-25 is-style-primary\"><a class=\"wp-block-button__link has-background wp-element-button\" style=\"border-radius:15px;background-color:#792845\">Prochaine<font size=\"4\">  Ligne   <font size=\"6\"><br> <strong>251 <\/strong><\/font><\/font><\/a><\/div>\n<\/div>\n\n\n\n<div style=\"height:100px\" aria-hidden=\"true\" class=\"wp-block-spacer\"><\/div>\n","protected":false},"excerpt":{"rendered":"<p>Les lignes de notre r\u00e9seau extra-urbains sont desservies par des autocars ou des autobus LE (low entry) afin de promettre un trajet des plus agr\u00e9able possible, adapt\u00e9 aux distances parcourues &#8230; <a title=\"Nos Lignes Extra-Urbaines\" class=\"read-more\" href=\"https:\/\/seal.transport-manager.net\/kraterios\/nos-lignes-extra-urbaines\/\" aria-label=\"En savoir plus sur Nos Lignes Extra-Urbaines\">Lire la suite<\/a><\/p>\n","protected":false},"author":53,"featured_media":0,"parent":0,"menu_order":0,"comment_status":"closed","ping_status":"closed","template":"","meta":{"footnotes":""},"class_list":["post-1255","page","type-page","status-publish"],"_links":{"self":[{"href":"https:\/\/seal.transport-manager.net\/kraterios\/wp-json\/wp\/v2\/pages\/1255","targetHints":{"allow":["GET"]}}],"collection":[{"href":"https:\/\/seal.transport-manager.net\/kraterios\/wp-json\/wp\/v2\/pages"}],"about":[{"href":"https:\/\/seal.transport-manager.net\/kraterios\/wp-json\/wp\/v2\/types\/page"}],"author":[{"embeddable":true,"href":"https:\/\/seal.transport-manager.net\/kraterios\/wp-json\/wp\/v2\/users\/53"}],"replies":[{"embeddable":true,"href":"https:\/\/seal.transport-manager.net\/kraterios\/wp-json\/wp\/v2\/comments?post=1255"}],"version-history":[{"count":16,"href":"https:\/\/seal.transport-manager.net\/kraterios\/wp-json\/wp\/v2\/pages\/1255\/revisions"}],"predecessor-version":[{"id":2487,"href":"https:\/\/seal.transport-manager.net\/kraterios\/wp-json\/wp\/v2\/pages\/1255\/revisions\/2487"}],"wp:attachment":[{"href":"https:\/\/seal.transport-manager.net\/kraterios\/wp-json\/wp\/v2\/media?parent=1255"}],"curies":[{"name":"wp","href":"https:\/\/api.w.org\/{rel}","templated":true}]}}