{"id":158,"date":"2021-07-23T20:06:09","date_gmt":"2021-07-23T18:06:09","guid":{"rendered":"https:\/\/seal.transport-manager.net\/kraterios\/?page_id=158"},"modified":"2024-10-10T18:33:43","modified_gmt":"2024-10-10T16:33:43","slug":"parc-vehicules","status":"publish","type":"page","link":"https:\/\/seal.transport-manager.net\/kraterios\/parc-vehicules\/","title":{"rendered":"Parc V\u00e9hicules"},"content":{"rendered":"\n<p>Ici, vous pouvez consulter le document qui recense tous notre parc de v\u00e9hicule, ainsi que divers informations les concernant. Puisque ce tableau provient directement d&rsquo;un de nos documents internes \u00e0 l&rsquo;entreprise dont toute modification sera retranscrite ici, la fiabilit\u00e9 des informations et la transparence sont garanties.<\/p>\n\n\n\n<p>Ainsi, le nombre de place maximale d&rsquo;un v\u00e9hicule, son ann\u00e9e de mise en service, ses affectations aux lignes ainsi que son statut (en service, aux ateliers, au CT, en r\u00e9novation\/r\u00e9vision&#8230;) vous seront accessible.<\/p>\n\n\n\n<div style=\"height:60px\" aria-hidden=\"true\" class=\"wp-block-spacer\"><\/div>\n\n\n\n<div class=\"wp-block-columns is-layout-flex wp-container-core-columns-is-layout-9d6595d7 wp-block-columns-is-layout-flex\">\n<div class=\"wp-block-column is-layout-flow wp-block-column-is-layout-flow\" style=\"flex-basis:100%\">\n<div class=\"wp-block-columns is-layout-flex wp-container-core-columns-is-layout-9d6595d7 wp-block-columns-is-layout-flex\">\n<div class=\"wp-block-column is-layout-flow wp-block-column-is-layout-flow\">\n<hr class=\"wp-block-separator aligncenter has-text-color has-alpha-channel-opacity has-background is-style-default\" style=\"background-color:#b8d9ab;color:#b8d9ab\" \/>\n<\/div>\n\n\n\n<div class=\"wp-block-column is-layout-flow wp-block-column-is-layout-flow\">\n<hr class=\"wp-block-separator aligncenter has-text-color has-alpha-channel-opacity has-background is-style-wide\" style=\"background-color:#9a1733;color:#9a1733\" \/>\n<\/div>\n\n\n\n<div class=\"wp-block-column is-layout-flow wp-block-column-is-layout-flow\">\n<hr class=\"wp-block-separator aligncenter has-text-color has-alpha-channel-opacity has-background is-style-default\" style=\"background-color:#b8d9ab;color:#b8d9ab\" \/>\n<\/div>\n<\/div>\n<\/div>\n<\/div>\n\n\n\n<div style=\"height:25px\" aria-hidden=\"true\" class=\"wp-block-spacer\"><\/div>\n\n\n\n<p style=\"font-size:25px\"><span style=\"text-decoration: underline\">Petit rappel de notre parc de v\u00e9hicule en chiffre :<\/span><\/p>\n\n\n\n<p>Aujourd&rsquo;hui, ChryoLine c&rsquo;est 235 v\u00e9hicules propri\u00e9taires allou\u00e9s \u00e0 votre mobilisation, pour une capacit\u00e9 totale de 25 013 passager par trajet.<br>D\u00e9but 2021, nous focalisons nos investissements sur la motorisation GNV (Gaz Naturel de Ville), qui semble r\u00e9pondre plus convenablement \u00e0 nos valeurs environnementales, tout en nous laissant une marge pour d\u00e9velopper au mieux notre r\u00e9seau. \u00c0 partir de 2022, nous sautons un premier pas dans l&rsquo;\u00e9lectrique (plus on\u00e9reux) avec notamment notre Yellow Mobility Project pour atteindre le \u00ab\u00a0Z\u00e9ro \u00c9mission\u00a0\u00bb sur une premi\u00e8re ligne urbaine. Depuis, 9 lignes R\u00e9guli\u00e8res &#8211; dont nos 3 LHNS, lignes les plus emprunt\u00e9es sur la totalit\u00e9 du r\u00e9seau &#8211; sont devenus sans \u00e9mission \u00e0 l&rsquo;usage, ainsi que nos 2 lignes de transport \u00e0 la demande (TAD).<br><br><\/p>\n\n\n\n<div class=\"wp-block-media-text has-media-on-the-right is-stacked-on-mobile has-background\" style=\"background-color:#9deca070;grid-template-columns:auto 26%\"><div class=\"wp-block-media-text__content\">\n<div class=\"wp-block-group is-vertical is-layout-flex wp-container-core-group-is-layout-8cf370e7 wp-block-group-is-layout-flex\">\n<p class=\"has-small-font-size\">Sur ce plan de notre r\u00e9seau urbain, vous pouvez visualiser les <strong>lignes  100% \u00e9lectrique<\/strong> surlign\u00e9e en jaune. Sont \u00e0 ajouter les deux TAD 901 &amp; 902.<\/p>\n\n\n\n<p class=\"has-small-font-size\"><\/p>\n\n\n\n<p class=\"has-small-font-size\">Le Yellow Mobility Project permet de tracer un maillage, prenant racine au centre n\u00e9vralgique de notre m\u00e9tropole, \u00e0 savoir le centre-ville, et progressant le long des axes principaux sous la forme d&rsquo;une pieuvre<\/p>\n\n\n\n<p class=\"has-small-font-size\"><\/p>\n\n\n\n<p class=\"has-small-font-size\">Ce d\u00e9veloppement a pour but de maximiser le nombre de correspondances possibles, afin de favoriser l&rsquo;utilisation de ces lignes \u00e0 tr\u00e8s faible co\u00fbt environnemental. <\/p>\n<\/div>\n<\/div><figure class=\"wp-block-media-text__media\"><img loading=\"lazy\" decoding=\"async\" width=\"1024\" height=\"657\" src=\"https:\/\/seal.transport-manager.net\/kraterios\/wp-content\/uploads\/sites\/53\/2023\/12\/Reseau-urbain-electrifie-1024x657.png\" alt=\"\" class=\"wp-image-1945 size-full\" srcset=\"https:\/\/seal.transport-manager.net\/kraterios\/wp-content\/uploads\/sites\/53\/2023\/12\/Reseau-urbain-electrifie-1024x657.png 1024w, https:\/\/seal.transport-manager.net\/kraterios\/wp-content\/uploads\/sites\/53\/2023\/12\/Reseau-urbain-electrifie-300x192.png 300w, https:\/\/seal.transport-manager.net\/kraterios\/wp-content\/uploads\/sites\/53\/2023\/12\/Reseau-urbain-electrifie-768x492.png 768w, https:\/\/seal.transport-manager.net\/kraterios\/wp-content\/uploads\/sites\/53\/2023\/12\/Reseau-urbain-electrifie-1536x985.png 1536w, https:\/\/seal.transport-manager.net\/kraterios\/wp-content\/uploads\/sites\/53\/2023\/12\/Reseau-urbain-electrifie.png 1608w\" sizes=\"auto, (max-width: 1024px) 100vw, 1024px\" \/><\/figure><\/div>\n\n\n\n<p><br>C&rsquo;est ainsi que l&rsquo;\u00e9lectrique s&rsquo;est impos\u00e9 dans chacun de nos investissement depuis les derni\u00e8res ann\u00e9es, pour atteindre plus d&rsquo;un tier de notre parc. Combin\u00e9 au GNV et aux technologies hybride (diesel &amp; NGT), 92% de notre mobilier roulant s&rsquo;av\u00e8re rouler \u00e0 une \u00e9nergie dite \u00ab\u00a0propre\u00a0\u00bb. Et encore, ce bilan est entach\u00e9 par les autocars (55.6% GNV+Electrique chez nous), dont le march\u00e9 s&rsquo;av\u00e8re plus complexe et timide sur la sc\u00e8ne des \u00e9nergies vertes. <br><\/p>\n\n\n\n<p>Enfin, la cr\u00e9ation d&rsquo;un d\u00e9p\u00f4t visant \u00e0 accueillir exclusivement ces v\u00e9hicules ainsi que la fin des travaux d&rsquo;infrastructures pour notre future ligne de TRAM t\u00e9moignent clairement de notre ambition d&rsquo;investir dans une mobilit\u00e9 sans \u00e9mission au maximum. Evidemment, cela ne comprendra jamais la totalit\u00e9 de nos autobus, mais, comme disent les scientifiques, chaque tonne de CO2eq en moins est importante !<br><br><\/p>\n\n\n\n<div class=\"wp-block-columns is-layout-flex wp-container-core-columns-is-layout-9d6595d7 wp-block-columns-is-layout-flex\">\n<div class=\"wp-block-column is-layout-flow wp-block-column-is-layout-flow\" style=\"flex-basis:100%\">\n<div class=\"wp-block-columns is-layout-flex wp-container-core-columns-is-layout-9d6595d7 wp-block-columns-is-layout-flex\">\n<div class=\"wp-block-column is-vertically-aligned-center is-layout-flow wp-block-column-is-layout-flow\">\n<hr class=\"wp-block-separator aligncenter has-text-color has-alpha-channel-opacity has-background is-style-default\" style=\"background-color:#b8d9ab;color:#b8d9ab\" \/>\n<\/div>\n\n\n\n<div class=\"wp-block-column is-layout-flow wp-block-column-is-layout-flow\"><div class=\"wp-block-image is-resized is-style-default\">\n<figure class=\"alignleft size-large\"><img loading=\"lazy\" decoding=\"async\" width=\"1024\" height=\"287\" src=\"https:\/\/seal.transport-manager.net\/kraterios\/wp-content\/uploads\/sites\/53\/2023\/07\/Volvo7900E-ChryoLineT-1024x287.png\" alt=\"\" class=\"wp-image-1813\" srcset=\"https:\/\/seal.transport-manager.net\/kraterios\/wp-content\/uploads\/sites\/53\/2023\/07\/Volvo7900E-ChryoLineT-1024x287.png 1024w, https:\/\/seal.transport-manager.net\/kraterios\/wp-content\/uploads\/sites\/53\/2023\/07\/Volvo7900E-ChryoLineT-300x84.png 300w, https:\/\/seal.transport-manager.net\/kraterios\/wp-content\/uploads\/sites\/53\/2023\/07\/Volvo7900E-ChryoLineT-768x215.png 768w, https:\/\/seal.transport-manager.net\/kraterios\/wp-content\/uploads\/sites\/53\/2023\/07\/Volvo7900E-ChryoLineT-1536x430.png 1536w, https:\/\/seal.transport-manager.net\/kraterios\/wp-content\/uploads\/sites\/53\/2023\/07\/Volvo7900E-ChryoLineT.png 1565w\" sizes=\"auto, (max-width: 1024px) 100vw, 1024px\" \/><\/figure>\n<\/div><\/div>\n\n\n\n<div class=\"wp-block-column is-vertically-aligned-center is-layout-flow wp-block-column-is-layout-flow\">\n<hr class=\"wp-block-separator aligncenter has-text-color has-alpha-channel-opacity has-background is-style-default\" style=\"background-color:#b8d9ab;color:#b8d9ab\" \/>\n<\/div>\n<\/div>\n<\/div>\n<\/div>\n\n\n\n<div style=\"height:75px\" aria-hidden=\"true\" class=\"wp-block-spacer\"><\/div>\n\n\n\n<div class=\"wp-block-media-text alignwide is-stacked-on-mobile has-nv-light-bg-background-color has-background\" style=\"grid-template-columns:44% auto\"><figure class=\"wp-block-media-text__media\"><img loading=\"lazy\" decoding=\"async\" width=\"779\" height=\"428\" src=\"https:\/\/seal.transport-manager.net\/kraterios\/wp-content\/uploads\/sites\/53\/2024\/10\/Capture-decran-2024-10-10-183255.png\" alt=\"\" class=\"wp-image-2463 size-full\" srcset=\"https:\/\/seal.transport-manager.net\/kraterios\/wp-content\/uploads\/sites\/53\/2024\/10\/Capture-decran-2024-10-10-183255.png 779w, https:\/\/seal.transport-manager.net\/kraterios\/wp-content\/uploads\/sites\/53\/2024\/10\/Capture-decran-2024-10-10-183255-300x165.png 300w, https:\/\/seal.transport-manager.net\/kraterios\/wp-content\/uploads\/sites\/53\/2024\/10\/Capture-decran-2024-10-10-183255-768x422.png 768w\" sizes=\"auto, (max-width: 779px) 100vw, 779px\" \/><\/figure><div class=\"wp-block-media-text__content\">\n<p class=\"has-text-align-right has-small-font-size\">Nous investissons sans cesse pour votre confort, pour la ponctualit\u00e9 des services, ainsi que pour l&rsquo;\u00e9cologie. C&rsquo;est pour cela que plus de la moiti\u00e9 de notre parc, est \u00e2g\u00e9 de moins de trois ans. A titre informatif, en France, la moyenne nationale s&rsquo;\u00e9l\u00e8ve \u00e0 8ans pour les autobus.<\/p>\n\n\n\n<p class=\"has-text-align-center has-small-font-size\">Mais l&rsquo;\u00e9cologie c&rsquo;est aussi faire durer le mat\u00e9riel au maximum, gr\u00e2ce \u00e0 nos 47 ateliers, permettant r\u00e9novation, installation d&rsquo;options, r\u00e9vision et maintenance de nos v\u00e9hicules.<\/p>\n\n\n\n<p class=\"has-text-align-right has-small-font-size\">En 2024, un investissement n\u00e9cessaire de 16 282 300\u20ac a \u00e9t\u00e9 effectu\u00e9 pour l&rsquo;achat de bus \u00e9lectriques flambant neufs, ainsi que les installations n\u00e9cessaires \u00e0 leur bon utilisation.  <\/p>\n\n\n\n<p class=\"has-text-align-left has-neve-text-color-color has-text-color has-small-font-size\">Nous croyons dur comme fer en la n\u00e9cessit\u00e9 d&rsquo;un moyen de d\u00e9placement, sain, plus vertueux de l&rsquo;environnement, c&rsquo;est pourquoi nous t\u00e2cherons de poursuivre le d\u00e9veloppement du r\u00e9seau ChryoLine en conciliant vos besoins de mobilit\u00e9, les possibilit\u00e9s effectives qui s&rsquo;offrent \u00e0 nous, et rendre votre acte citoyen, de privil\u00e9gier les transports en commun, un v\u00e9ritable acte \u00e9coresponsable dont l&rsquo;importance n&rsquo;est plus \u00e0 d\u00e9montrer.<\/p>\n\n\n\n<p class=\"has-text-align-right has-small-font-size\"><\/p>\n<\/div><\/div>\n\n\n\n<div style=\"height:60px\" aria-hidden=\"true\" class=\"wp-block-spacer\"><\/div>\n\n\n\n<div class=\"wp-block-columns is-layout-flex wp-container-core-columns-is-layout-9d6595d7 wp-block-columns-is-layout-flex\">\n<div class=\"wp-block-column is-layout-flow wp-block-column-is-layout-flow\" style=\"flex-basis:100%\">\n<div class=\"wp-block-columns is-layout-flex wp-container-core-columns-is-layout-9d6595d7 wp-block-columns-is-layout-flex\">\n<div class=\"wp-block-column is-layout-flow wp-block-column-is-layout-flow\">\n<hr class=\"wp-block-separator aligncenter has-text-color has-alpha-channel-opacity has-background is-style-default\" style=\"background-color:#b8d9ab;color:#b8d9ab\" \/>\n<\/div>\n\n\n\n<div class=\"wp-block-column is-layout-flow wp-block-column-is-layout-flow\">\n<hr class=\"wp-block-separator aligncenter has-text-color has-alpha-channel-opacity has-background is-style-wide\" style=\"background-color:#9a1733;color:#9a1733\" \/>\n<\/div>\n\n\n\n<div class=\"wp-block-column is-layout-flow wp-block-column-is-layout-flow\">\n<hr class=\"wp-block-separator aligncenter has-text-color has-alpha-channel-opacity has-background is-style-default\" style=\"background-color:#b8d9ab;color:#b8d9ab\" \/>\n<\/div>\n<\/div>\n<\/div>\n<\/div>\n\n\n\n<div style=\"height:25px\" aria-hidden=\"true\" class=\"wp-block-spacer\"><\/div>\n\n\n\n<p style=\"font-size:25px\"><span style=\"text-decoration: underline\">Pour consulter le Parc de Bus :<\/span><\/p>\n\n\n\n<p class=\"has-small-font-size\"><em>Suite \u00e0 une refonte de nos outils, le tableau r\u00e9sumant notre parc de bus pourrait mal s&rsquo;afficher ou avoir une mise en page erron\u00e9e.<\/em><\/p>\n\n\n\n<div style=\"height:50px\" aria-hidden=\"true\" class=\"wp-block-spacer\"><\/div>\n\n\n\n<div class=\"wp-block-buttons is-horizontal is-content-justification-center is-layout-flex wp-container-core-buttons-is-layout-499968f5 wp-block-buttons-is-layout-flex\">\n<div class=\"wp-block-button has-custom-width wp-block-button__width-50 is-style-primary\"><a class=\"wp-block-button__link wp-element-button\" href=\"https:\/\/docs.google.com\/spreadsheets\/d\/e\/2PACX-1vRSKr5-9wQRWTGDMEGmz7CdOEvhEPeYYyZSKxs2e43gXEprqwjJi96OB4QUSKlkC8ebH0s5JuyfM2gI\/pubhtml\" style=\"border-radius:32px\" target=\"_blank\" rel=\"noreferrer noopener\"><font size=\"6\"><strong>Parc de Bus ChryoLine<\/strong><\/font><\/a><\/div>\n<\/div>\n\n\n\n<div style=\"height:50px\" aria-hidden=\"true\" class=\"wp-block-spacer\"><\/div>\n\n\n\n<div style=\"height:50px\" aria-hidden=\"true\" class=\"wp-block-spacer\"><\/div>\n\n\n\n<div style=\"height:50px\" aria-hidden=\"true\" class=\"wp-block-spacer\"><\/div>\n","protected":false},"excerpt":{"rendered":"<p>Ici, vous pouvez consulter le document qui recense tous notre parc de v\u00e9hicule, ainsi que divers informations les concernant. Puisque ce tableau provient directement d&rsquo;un de nos documents internes \u00e0 &#8230; <a title=\"Parc V\u00e9hicules\" class=\"read-more\" href=\"https:\/\/seal.transport-manager.net\/kraterios\/parc-vehicules\/\" aria-label=\"En savoir plus sur Parc V\u00e9hicules\">Lire la suite<\/a><\/p>\n","protected":false},"author":53,"featured_media":0,"parent":0,"menu_order":0,"comment_status":"closed","ping_status":"closed","template":"","meta":{"footnotes":""},"class_list":["post-158","page","type-page","status-publish"],"_links":{"self":[{"href":"https:\/\/seal.transport-manager.net\/kraterios\/wp-json\/wp\/v2\/pages\/158","targetHints":{"allow":["GET"]}}],"collection":[{"href":"https:\/\/seal.transport-manager.net\/kraterios\/wp-json\/wp\/v2\/pages"}],"about":[{"href":"https:\/\/seal.transport-manager.net\/kraterios\/wp-json\/wp\/v2\/types\/page"}],"author":[{"embeddable":true,"href":"https:\/\/seal.transport-manager.net\/kraterios\/wp-json\/wp\/v2\/users\/53"}],"replies":[{"embeddable":true,"href":"https:\/\/seal.transport-manager.net\/kraterios\/wp-json\/wp\/v2\/comments?post=158"}],"version-history":[{"count":55,"href":"https:\/\/seal.transport-manager.net\/kraterios\/wp-json\/wp\/v2\/pages\/158\/revisions"}],"predecessor-version":[{"id":2464,"href":"https:\/\/seal.transport-manager.net\/kraterios\/wp-json\/wp\/v2\/pages\/158\/revisions\/2464"}],"wp:attachment":[{"href":"https:\/\/seal.transport-manager.net\/kraterios\/wp-json\/wp\/v2\/media?parent=158"}],"curies":[{"name":"wp","href":"https:\/\/api.w.org\/{rel}","templated":true}]}}