{"id":163,"date":"2021-07-23T20:23:15","date_gmt":"2021-07-23T18:23:15","guid":{"rendered":"https:\/\/seal.transport-manager.net\/kraterios\/?page_id=163"},"modified":"2024-10-11T23:22:25","modified_gmt":"2024-10-11T21:22:25","slug":"achats-biletterie","status":"publish","type":"page","link":"https:\/\/seal.transport-manager.net\/kraterios\/achats-biletterie\/","title":{"rendered":"Achats\/Biletterie"},"content":{"rendered":"\n<div class=\"wp-block-cover\" style=\"min-height:330px;aspect-ratio:unset;\"><span aria-hidden=\"true\" class=\"wp-block-cover__background has-background-dim-30 has-background-dim\"><\/span><img loading=\"lazy\" decoding=\"async\" width=\"1280\" height=\"820\" class=\"wp-block-cover__image-background wp-image-1494\" alt=\"\" src=\"https:\/\/seal.transport-manager.net\/kraterios\/wp-content\/uploads\/sites\/53\/2022\/09\/Carte-ChryoPass-1.png\" style=\"object-position:51% 15%\" data-object-fit=\"cover\" data-object-position=\"51% 15%\" srcset=\"https:\/\/seal.transport-manager.net\/kraterios\/wp-content\/uploads\/sites\/53\/2022\/09\/Carte-ChryoPass-1.png 1280w, https:\/\/seal.transport-manager.net\/kraterios\/wp-content\/uploads\/sites\/53\/2022\/09\/Carte-ChryoPass-1-300x192.png 300w, https:\/\/seal.transport-manager.net\/kraterios\/wp-content\/uploads\/sites\/53\/2022\/09\/Carte-ChryoPass-1-1024x656.png 1024w, https:\/\/seal.transport-manager.net\/kraterios\/wp-content\/uploads\/sites\/53\/2022\/09\/Carte-ChryoPass-1-768x492.png 768w\" sizes=\"auto, (max-width: 1280px) 100vw, 1280px\" \/><div class=\"wp-block-cover__inner-container is-layout-flow wp-block-cover-is-layout-flow\">\n<p class=\"has-text-align-center has-text-color\" style=\"color:#ffffff;font-size:94px\">Nos Offres<\/p>\n<\/div><\/div>\n\n\n\n<div style=\"height:50px\" aria-hidden=\"true\" class=\"wp-block-spacer\"><\/div>\n\n\n\n<p class=\"has-medium-font-size\">Pour le moment, ChryoLine propose quatre offres diff\u00e9rentes pour voyager en toute tranquillit\u00e9 selon vos besoins et pr\u00e9f\u00e9rences :<\/p>\n\n\n\n<div style=\"height:65px\" aria-hidden=\"true\" class=\"wp-block-spacer\"><\/div>\n\n\n\n<div class=\"wp-block-columns is-layout-flex wp-container-core-columns-is-layout-9d6595d7 wp-block-columns-is-layout-flex\">\n<div class=\"wp-block-column is-layout-flow wp-block-column-is-layout-flow\">\n<figure class=\"wp-block-pullquote has-border-color has-neve-text-color-color has-text-color\" style=\"border-color:#559adb;font-size:16px\"><blockquote><p><font color=\"#559ADB\"><strong><font size=\"7pt\">Chryo&rsquo;Ket<\/font><\/strong><\/font><span style=\"text-decoration: underline\"><br><\/span><font size=\"3\">Tarif : 1\u20ac80 &#8211; Ticket unique<\/font><br><br>Ticket valable sur tout l\u2019ensemble du r\u00e9seau, dans l\u2019heure apr\u00e8s la premi\u00e8re validation.<\/p><\/blockquote><\/figure>\n<\/div>\n\n\n\n<div class=\"wp-block-column is-layout-flow wp-block-column-is-layout-flow\">\n<figure class=\"wp-block-pullquote has-border-color has-neve-text-color-color has-text-color\" style=\"border-color:#754cc3;font-size:16px\"><blockquote><p><font color=\"#754CC3\"><strong><font size=\"7pt\">Chryo&rsquo;Day<\/font><\/strong><\/font><br><font size=\"3\">Tarif : 5\u20ac30 &#8211; Ticket unique<\/font><br><br>Ticket valable sur l\u2019ensemble du r\u00e9seau, pendant une dur\u00e9e de 24h apr\u00e8s la premi\u00e8re validation.<\/p><\/blockquote><\/figure>\n\n\n\n<div class=\"wp-block-columns is-layout-flex wp-container-core-columns-is-layout-9d6595d7 wp-block-columns-is-layout-flex\">\n<div class=\"wp-block-column is-layout-flow wp-block-column-is-layout-flow\"><\/div>\n<\/div>\n<\/div>\n\n\n\n<div class=\"wp-block-column is-layout-flow wp-block-column-is-layout-flow\">\n<figure class=\"wp-block-pullquote has-border-color has-neve-text-color-color has-text-color\" style=\"border-color:#5ff7e2;font-size:16px\"><blockquote><p><font color=\"#5FF7E2\"><strong><font size=\"7pt\">Chryo&rsquo;Pass<\/font><\/strong><\/font><br><font size=\"3\">Tarif : 62\u20ac00 &#8211; Abonnement mensuel<\/font><br><br>Carte d\u2019abonnement valable sur l\u2019ensemble du r\u00e9seau, pendant un mois apr\u00e8s souscription.<\/p><\/blockquote><\/figure>\n<\/div>\n<\/div>\n\n\n\n<div class=\"wp-block-columns is-layout-flex wp-container-core-columns-is-layout-9d6595d7 wp-block-columns-is-layout-flex\">\n<div class=\"wp-block-column is-layout-flow wp-block-column-is-layout-flow\">\n<figure class=\"wp-block-pullquote has-border-color has-neve-text-color-color has-text-color\" style=\"border-color:#9f1309;font-size:16px\"><blockquote><p><span style=\"text-decoration: underline\"><font color=\"#9F1309\"><strong><font size=\"7pt\">Chryo&rsquo;School<\/font><\/strong><\/font><br><\/span><font size=\"3\">Tarif : 37\u20ac00 &#8211; Abonnement scolaire<\/font><br><br>Forfait n\u00e9cessitant une carte d\u2019abonnement, exclusivement r\u00e9serv\u00e9 aux \u00e9coliers, coll\u00e9giens et lyc\u00e9ens desservis par nos lignes scolaires (601, 602, 651&amp; 652).<\/p><\/blockquote><\/figure>\n<\/div>\n<\/div>\n\n\n\n<div style=\"height:50px\" aria-hidden=\"true\" class=\"wp-block-spacer\"><\/div>\n\n\n\n<div class=\"wp-block-columns is-layout-flex wp-container-core-columns-is-layout-9d6595d7 wp-block-columns-is-layout-flex\">\n<div class=\"wp-block-column is-layout-flow wp-block-column-is-layout-flow\">\n<hr class=\"wp-block-separator has-alpha-channel-opacity is-style-default\" \/>\n<\/div>\n\n\n\n<div class=\"wp-block-column is-layout-flow wp-block-column-is-layout-flow\">\n<hr class=\"wp-block-separator has-alpha-channel-opacity is-style-default\" \/>\n<\/div>\n\n\n\n<div class=\"wp-block-column is-layout-flow wp-block-column-is-layout-flow\">\n<hr class=\"wp-block-separator has-alpha-channel-opacity is-style-default\" \/>\n<\/div>\n\n\n\n<div class=\"wp-block-column is-layout-flow wp-block-column-is-layout-flow\">\n<hr class=\"wp-block-separator has-alpha-channel-opacity is-style-default\" \/>\n<\/div>\n\n\n\n<div class=\"wp-block-column is-layout-flow wp-block-column-is-layout-flow\">\n<hr class=\"wp-block-separator has-alpha-channel-opacity is-style-default\" \/>\n<\/div>\n\n\n\n<div class=\"wp-block-column is-layout-flow wp-block-column-is-layout-flow\">\n<hr class=\"wp-block-separator has-alpha-channel-opacity is-style-default\" \/>\n<\/div>\n\n\n\n<div class=\"wp-block-column is-layout-flow wp-block-column-is-layout-flow\">\n<hr class=\"wp-block-separator has-alpha-channel-opacity is-style-default\" \/>\n<\/div>\n\n\n\n<div class=\"wp-block-column is-layout-flow wp-block-column-is-layout-flow\">\n<hr class=\"wp-block-separator has-alpha-channel-opacity is-style-default\" \/>\n<\/div>\n\n\n\n<div class=\"wp-block-column is-layout-flow wp-block-column-is-layout-flow\">\n<hr class=\"wp-block-separator has-alpha-channel-opacity is-style-default\" \/>\n<\/div>\n\n\n\n<div class=\"wp-block-column is-layout-flow wp-block-column-is-layout-flow\">\n<hr class=\"wp-block-separator has-alpha-channel-opacity is-style-default\" \/>\n<\/div>\n\n\n\n<div class=\"wp-block-column is-layout-flow wp-block-column-is-layout-flow\">\n<hr class=\"wp-block-separator has-alpha-channel-opacity is-style-default\" \/>\n<\/div>\n\n\n\n<div class=\"wp-block-column is-layout-flow wp-block-column-is-layout-flow\">\n<hr class=\"wp-block-separator has-alpha-channel-opacity is-style-default\" \/>\n<\/div>\n\n\n\n<div class=\"wp-block-column is-layout-flow wp-block-column-is-layout-flow\">\n<hr class=\"wp-block-separator has-alpha-channel-opacity is-style-default\" \/>\n<\/div>\n\n\n\n<div class=\"wp-block-column is-layout-flow wp-block-column-is-layout-flow\">\n<hr class=\"wp-block-separator has-alpha-channel-opacity is-style-default\" \/>\n<\/div>\n\n\n\n<div class=\"wp-block-column is-layout-flow wp-block-column-is-layout-flow\">\n<hr class=\"wp-block-separator has-alpha-channel-opacity is-style-default\" \/>\n<\/div>\n\n\n\n<div class=\"wp-block-column is-layout-flow wp-block-column-is-layout-flow\">\n<hr class=\"wp-block-separator has-alpha-channel-opacity is-style-default\" \/>\n<\/div>\n\n\n\n<div class=\"wp-block-column is-layout-flow wp-block-column-is-layout-flow\">\n<hr class=\"wp-block-separator has-alpha-channel-opacity is-style-default\" \/>\n<\/div>\n\n\n\n<div class=\"wp-block-column is-layout-flow wp-block-column-is-layout-flow\">\n<hr class=\"wp-block-separator has-alpha-channel-opacity is-style-default\" \/>\n<\/div>\n\n\n\n<div class=\"wp-block-column is-layout-flow wp-block-column-is-layout-flow\">\n<hr class=\"wp-block-separator has-alpha-channel-opacity is-style-default\" \/>\n<\/div>\n\n\n\n<div class=\"wp-block-column is-layout-flow wp-block-column-is-layout-flow\">\n<hr class=\"wp-block-separator has-alpha-channel-opacity is-style-default\" \/>\n<\/div>\n\n\n\n<div class=\"wp-block-column is-layout-flow wp-block-column-is-layout-flow\">\n<hr class=\"wp-block-separator has-alpha-channel-opacity is-style-default\" \/>\n<\/div>\n\n\n\n<div class=\"wp-block-column is-layout-flow wp-block-column-is-layout-flow\">\n<hr class=\"wp-block-separator has-alpha-channel-opacity is-style-default\" \/>\n<\/div>\n<\/div>\n\n\n\n<p class=\"has-text-align-center has-text-color has-background has-medium-font-size\" style=\"color:#ffffff;background-color:#78a2b2\">Nous attirons votre attention sur le fait que des contr\u00f4leurs vadrouillent chaque jour au sein de notre r\u00e9seau afin de s&rsquo;assurer que chacun de nos usagers voyage en toute tranquillit\u00e9, s\u00e9curit\u00e9 et l\u00e9galit\u00e9. C&rsquo;est pourquoi, il est OBLIGATOIRE de valider votre ticket ou carte d&rsquo;abonnement d\u00e8s votre mont\u00e9e dans le v\u00e9hicule, en utilisant les bornes dispos\u00e9es \u00e0 l&rsquo;int\u00e9rieur du bus. En cas de non possession, ou non validation d&rsquo;un titre de transport, votre trajet pourra \u00eatre consid\u00e9r\u00e9 comme une fraude, et ainsi \u00eatre soumis \u00e0 une contravention forfaitaire de 65\u20ac, pouvant augmenter jusqu&rsquo;\u00e0 150\u20ac.<\/p>\n\n\n<div class=\"wp-block-image is-style-default\">\n<figure class=\"aligncenter size-large is-resized\"><img loading=\"lazy\" decoding=\"async\" width=\"1024\" height=\"656\" src=\"https:\/\/seal.transport-manager.net\/kraterios\/wp-content\/uploads\/sites\/53\/2022\/09\/Carte-ChryoPass-1-1024x656.png\" alt=\"\" class=\"wp-image-1494\" style=\"width:571px;height:365px\" srcset=\"https:\/\/seal.transport-manager.net\/kraterios\/wp-content\/uploads\/sites\/53\/2022\/09\/Carte-ChryoPass-1-1024x656.png 1024w, https:\/\/seal.transport-manager.net\/kraterios\/wp-content\/uploads\/sites\/53\/2022\/09\/Carte-ChryoPass-1-300x192.png 300w, https:\/\/seal.transport-manager.net\/kraterios\/wp-content\/uploads\/sites\/53\/2022\/09\/Carte-ChryoPass-1-768x492.png 768w, https:\/\/seal.transport-manager.net\/kraterios\/wp-content\/uploads\/sites\/53\/2022\/09\/Carte-ChryoPass-1.png 1280w\" sizes=\"auto, (max-width: 1024px) 100vw, 1024px\" \/><\/figure>\n<\/div>\n\n\n<div style=\"height:30px\" aria-hidden=\"true\" class=\"wp-block-spacer\"><\/div>\n\n\n\n<div class=\"wp-block-columns is-layout-flex wp-container-core-columns-is-layout-9d6595d7 wp-block-columns-is-layout-flex\">\n<div class=\"wp-block-column is-layout-flow wp-block-column-is-layout-flow\">\n<hr class=\"wp-block-separator has-alpha-channel-opacity is-style-default\" \/>\n<\/div>\n\n\n\n<div class=\"wp-block-column is-layout-flow wp-block-column-is-layout-flow\">\n<hr class=\"wp-block-separator has-alpha-channel-opacity is-style-default\" \/>\n<\/div>\n\n\n\n<div class=\"wp-block-column is-layout-flow wp-block-column-is-layout-flow\">\n<hr class=\"wp-block-separator has-alpha-channel-opacity is-style-default\" \/>\n<\/div>\n\n\n\n<div class=\"wp-block-column is-layout-flow wp-block-column-is-layout-flow\">\n<hr class=\"wp-block-separator has-alpha-channel-opacity is-style-default\" \/>\n<\/div>\n\n\n\n<div class=\"wp-block-column is-layout-flow wp-block-column-is-layout-flow\">\n<hr class=\"wp-block-separator has-alpha-channel-opacity is-style-default\" \/>\n<\/div>\n\n\n\n<div class=\"wp-block-column is-layout-flow wp-block-column-is-layout-flow\">\n<hr class=\"wp-block-separator has-alpha-channel-opacity is-style-default\" \/>\n<\/div>\n\n\n\n<div class=\"wp-block-column is-layout-flow wp-block-column-is-layout-flow\">\n<hr class=\"wp-block-separator has-alpha-channel-opacity is-style-default\" \/>\n<\/div>\n\n\n\n<div class=\"wp-block-column is-layout-flow wp-block-column-is-layout-flow\">\n<hr class=\"wp-block-separator has-alpha-channel-opacity is-style-default\" \/>\n<\/div>\n\n\n\n<div class=\"wp-block-column is-layout-flow wp-block-column-is-layout-flow\">\n<hr class=\"wp-block-separator has-alpha-channel-opacity is-style-default\" \/>\n<\/div>\n\n\n\n<div class=\"wp-block-column is-layout-flow wp-block-column-is-layout-flow\">\n<hr class=\"wp-block-separator has-alpha-channel-opacity is-style-default\" \/>\n<\/div>\n\n\n\n<div class=\"wp-block-column is-layout-flow wp-block-column-is-layout-flow\">\n<hr class=\"wp-block-separator has-alpha-channel-opacity is-style-default\" \/>\n<\/div>\n\n\n\n<div class=\"wp-block-column is-layout-flow wp-block-column-is-layout-flow\">\n<hr class=\"wp-block-separator has-alpha-channel-opacity is-style-default\" \/>\n<\/div>\n\n\n\n<div class=\"wp-block-column is-layout-flow wp-block-column-is-layout-flow\">\n<hr class=\"wp-block-separator has-alpha-channel-opacity is-style-default\" \/>\n<\/div>\n\n\n\n<div class=\"wp-block-column is-layout-flow wp-block-column-is-layout-flow\">\n<hr class=\"wp-block-separator has-alpha-channel-opacity is-style-default\" \/>\n<\/div>\n\n\n\n<div class=\"wp-block-column is-layout-flow wp-block-column-is-layout-flow\">\n<hr class=\"wp-block-separator has-alpha-channel-opacity is-style-default\" \/>\n<\/div>\n\n\n\n<div class=\"wp-block-column is-layout-flow wp-block-column-is-layout-flow\">\n<hr class=\"wp-block-separator has-alpha-channel-opacity is-style-default\" \/>\n<\/div>\n\n\n\n<div class=\"wp-block-column is-layout-flow wp-block-column-is-layout-flow\">\n<hr class=\"wp-block-separator has-alpha-channel-opacity is-style-default\" \/>\n<\/div>\n\n\n\n<div class=\"wp-block-column is-layout-flow wp-block-column-is-layout-flow\">\n<hr class=\"wp-block-separator has-alpha-channel-opacity is-style-default\" \/>\n<\/div>\n\n\n\n<div class=\"wp-block-column is-layout-flow wp-block-column-is-layout-flow\">\n<hr class=\"wp-block-separator has-alpha-channel-opacity is-style-default\" \/>\n<\/div>\n\n\n\n<div class=\"wp-block-column is-layout-flow wp-block-column-is-layout-flow\">\n<hr class=\"wp-block-separator has-alpha-channel-opacity is-style-default\" \/>\n<\/div>\n\n\n\n<div class=\"wp-block-column is-layout-flow wp-block-column-is-layout-flow\">\n<hr class=\"wp-block-separator has-alpha-channel-opacity is-style-default\" \/>\n<\/div>\n\n\n\n<div class=\"wp-block-column is-layout-flow wp-block-column-is-layout-flow\">\n<hr class=\"wp-block-separator has-alpha-channel-opacity is-style-default\" \/>\n<\/div>\n<\/div>\n\n\n\n<div style=\"height:50px\" aria-hidden=\"true\" class=\"wp-block-spacer\"><\/div>\n\n\n\n<p class=\"has-text-align-center\" style=\"font-size:30px\"><strong><em><span style=\"text-decoration: underline\">O\u00f9 Acheter un titre de transport ChryoLine ?<\/span><\/em><\/strong><\/p>\n\n\n\n<div style=\"height:50px\" aria-hidden=\"true\" class=\"wp-block-spacer\"><\/div>\n\n\n\n<p style=\"font-size:22px\"><span style=\"text-decoration: underline\"><strong>Aupr\u00e8s d&rsquo;un chauffeur de bus :<\/strong><\/span><\/p>\n\n\n\n<p><em><strong>&gt; Lignes 1 \u00e0 64 :<\/strong><\/em> \u274c<br>Depuis l&rsquo;installation de bornes d&rsquo;achat automatis\u00e9es sur ces lignes, il n&rsquo;est d\u00e9sormais plus possible d&rsquo;acheter un titre de transport aupr\u00e8s de votre chauffeur de bus. (cf. Aux arr\u00eats urbains).<\/p>\n\n\n\n<p><\/p>\n\n\n\n<p><strong><em>&gt; Lignes Extra-urbaines :<\/em><\/strong> \u274c<br>Avec la g\u00e9n\u00e9ralisation des bornes d&rsquo;achat de titres de transport \u00e0 chaque arr\u00eat du r\u00e9seau, il n&rsquo;est plus possible d&rsquo;acheter un ticket aupr\u00e8s d&rsquo;un chauffeur. <\/p>\n\n\n\n<div style=\"height:75px\" aria-hidden=\"true\" class=\"wp-block-spacer\"><\/div>\n\n\n\n<p style=\"font-size:22px\"><span style=\"text-decoration: underline\"><strong>Aux arr\u00eats urbains :<\/strong><\/span><\/p>\n\n\n\n<p>Des bornes d&rsquo;achat de titre de transport sont dispos\u00e9s \u00e0 chaque arr\u00eat de nos<em> <\/em><strong><em>r\u00e9seau<\/em>x <em>urbain et extra-urbain<\/em><\/strong>. Il est naturellement possible de proc\u00e9der \u00e0 l&rsquo;achat de tickets Chryo&rsquo;Kets et Chryo&rsquo;Day, mais aussi de recharger une carte d&rsquo;abonnement d\u00e9j\u00e0 en votre possession. Pour la cr\u00e9ation d&rsquo;une carte d&rsquo;abonnement, il faudra cependant passer dans une de nos agences, gare routi\u00e8re incluse (<em>bouton ci-dessous<\/em>).<\/p>\n\n\n\n<div style=\"height:75px\" aria-hidden=\"true\" class=\"wp-block-spacer\"><\/div>\n\n\n\n<p style=\"font-size:22px\"><strong><span style=\"text-decoration: underline\">Dans nos agences<\/span> (dont gare routi\u00e8re) :<\/strong><\/p>\n\n\n\n<p>En plus des tickets Chryo&rsquo;Ket et Chryo&rsquo;Day, vous pourrez acheter et renouveler votre abonnement Chryo&rsquo;Pass dans nos agences. De plus, des carnets de 10 tickets Chryo&rsquo;Ket y sont \u00e9galement disponibles au prix pr\u00e9f\u00e9rentiel de 16\u20ac80.<br>Toutefois, nos agences ne servent pas qu&rsquo;\u00e0 acheter un titre de transport, c&rsquo;est \u00e9galement un p\u00f4le d&rsquo;information concernant chaque ligne du r\u00e9seau. Ainsi, des agents sont l\u00e0 pour vous apporter tout renseignement. Vous y trouverez enfin, des fauteuils tout confort, une machine de boissons chaudes, des automates de ventes, des \u00e9crans d&rsquo;informations ainsi que des fiches horaires, plans et documents en libre service. De quoi vous \u00e9viter toute impatience en cas de file d&rsquo;attente.<\/p>\n\n\n\n<div style=\"height:20px\" aria-hidden=\"true\" class=\"wp-block-spacer\"><\/div>\n\n\n\n<div class=\"wp-block-buttons is-horizontal is-content-justification-center is-layout-flex wp-container-core-buttons-is-layout-499968f5 wp-block-buttons-is-layout-flex\">\n<div class=\"wp-block-button has-custom-width wp-block-button__width-50 is-style-primary\"><a class=\"wp-block-button__link wp-element-button\" href=\"https:\/\/seal.transport-manager.net\/kraterios\/nous-trouver\/\" style=\"border-radius:32px\"><font size=\"6\"><strong>Trouver mon agence<\/strong><\/font><\/a><\/div>\n<\/div>\n\n\n\n<div style=\"height:75px\" aria-hidden=\"true\" class=\"wp-block-spacer\"><\/div>\n\n\n\n<p style=\"font-size:22px\"><strong><span style=\"text-decoration: underline\">Sur notre boutique en ligne :<\/span><\/strong><\/p>\n\n\n\n<p>Tous nos tickets sont achetables depuis la boutique en ligne. Les carnets de 10 tickets Chryo&rsquo;Ket sont \u00e9galement disponibles.<br>Le renouvellement d&rsquo;une carte abonnement Chryo&rsquo;Pass est possible mais la cr\u00e9ation d&rsquo;une nouvelle carte se fait uniquement en agence.<\/p>\n\n\n\n<div style=\"height:20px\" aria-hidden=\"true\" class=\"wp-block-spacer\"><\/div>\n\n\n\n<div class=\"wp-block-buttons is-horizontal is-content-justification-center is-layout-flex wp-container-core-buttons-is-layout-499968f5 wp-block-buttons-is-layout-flex\">\n<div class=\"wp-block-button has-custom-width wp-block-button__width-50 is-style-primary\"><a class=\"wp-block-button__link wp-element-button\" href=\"https:\/\/docs.google.com\/forms\/d\/e\/1FAIpQLSfRKATZr7505wbLNf1T0NjocNy1SfZ3KO6rnRcB9ZDHq9v_2Q\/viewform\" style=\"border-radius:32px\"><font size=\"6\"><strong>Boutique en ligne<\/strong><\/font><\/a><\/div>\n<\/div>\n","protected":false},"excerpt":{"rendered":"<p>Pour le moment, ChryoLine propose quatre offres diff\u00e9rentes pour voyager en toute tranquillit\u00e9 selon vos besoins et pr\u00e9f\u00e9rences : Chryo&rsquo;KetTarif : 1\u20ac80 &#8211; Ticket unique Ticket valable sur tout l\u2019ensemble &#8230; <a title=\"Achats\/Biletterie\" class=\"read-more\" href=\"https:\/\/seal.transport-manager.net\/kraterios\/achats-biletterie\/\" aria-label=\"En savoir plus sur Achats\/Biletterie\">Lire la suite<\/a><\/p>\n","protected":false},"author":53,"featured_media":0,"parent":0,"menu_order":0,"comment_status":"closed","ping_status":"closed","template":"","meta":{"footnotes":""},"class_list":["post-163","page","type-page","status-publish"],"_links":{"self":[{"href":"https:\/\/seal.transport-manager.net\/kraterios\/wp-json\/wp\/v2\/pages\/163","targetHints":{"allow":["GET"]}}],"collection":[{"href":"https:\/\/seal.transport-manager.net\/kraterios\/wp-json\/wp\/v2\/pages"}],"about":[{"href":"https:\/\/seal.transport-manager.net\/kraterios\/wp-json\/wp\/v2\/types\/page"}],"author":[{"embeddable":true,"href":"https:\/\/seal.transport-manager.net\/kraterios\/wp-json\/wp\/v2\/users\/53"}],"replies":[{"embeddable":true,"href":"https:\/\/seal.transport-manager.net\/kraterios\/wp-json\/wp\/v2\/comments?post=163"}],"version-history":[{"count":60,"href":"https:\/\/seal.transport-manager.net\/kraterios\/wp-json\/wp\/v2\/pages\/163\/revisions"}],"predecessor-version":[{"id":2468,"href":"https:\/\/seal.transport-manager.net\/kraterios\/wp-json\/wp\/v2\/pages\/163\/revisions\/2468"}],"wp:attachment":[{"href":"https:\/\/seal.transport-manager.net\/kraterios\/wp-json\/wp\/v2\/media?parent=163"}],"curies":[{"name":"wp","href":"https:\/\/api.w.org\/{rel}","templated":true}]}}