{"id":168,"date":"2021-07-23T20:27:24","date_gmt":"2021-07-23T18:27:24","guid":{"rendered":"https:\/\/seal.transport-manager.net\/kraterios\/?page_id=168"},"modified":"2024-08-06T22:35:06","modified_gmt":"2024-08-06T20:35:06","slug":"espace-publicitaire","status":"publish","type":"page","link":"https:\/\/seal.transport-manager.net\/kraterios\/espace-publicitaire\/","title":{"rendered":"Espace Publicitaire"},"content":{"rendered":"\n<div style=\"height:75px\" aria-hidden=\"true\" class=\"wp-block-spacer\"><\/div>\n\n\n\n<p class=\"has-background\" style=\"background-color:#9a1733;font-size:48px\">Espace Publicitaire<\/p>\n\n\n\n<div style=\"height:50px\" aria-hidden=\"true\" class=\"wp-block-spacer\"><\/div>\n\n\n\n<p class=\"has-text-color\" style=\"color:#9a1733;font-size:30px\"><strong><span style=\"text-decoration: underline\">Que propose exactement ce service ?<\/span><\/strong><\/p>\n\n\n\n<p>Ce service permet aux professionnels et entreprises de promouvoir une entit\u00e9 ou un contenu qui sera d\u00e8s lors visible de tous dans la ville. Ces supports publicitaires mobiles, ou fixes, ont de nombreux int\u00e9r\u00eats que ce soit en terme d&rsquo;une visibilit\u00e9 accrue, ou d&rsquo;une simple touche d&rsquo;originalit\u00e9 qui saura vous d\u00e9marquer.<\/p>\n\n\n\n<p>Voici les possibilit\u00e9s d&rsquo;affichages sur nos autobus (les autocars des r\u00e9seaux interurbain et p\u00e9ri-urbain ne sont donc pas concern\u00e9s) :<br><\/p>\n\n\n\n<figure class=\"wp-block-pullquote has-text-color\" style=\"border-width:3px;border-radius:12px;color:#643dae;font-size:10px;font-style:normal;font-weight:700\"><blockquote><p><font size=\"6\">Panneau Publicitaire<\/font><\/p><\/blockquote><\/figure>\n\n\n\n<div class=\"wp-block-columns is-layout-flex wp-container-core-columns-is-layout-9d6595d7 wp-block-columns-is-layout-flex\">\n<div class=\"wp-block-column is-vertically-aligned-center is-layout-flow wp-block-column-is-layout-flow\">\n<figure class=\"wp-block-pullquote has-text-color\" style=\"border-width:3px;border-radius:12px;color:#643dae;font-size:0px;font-style:normal;font-weight:700\"><blockquote><p><font size=\"6\"><strong><em>Avant<\/em><\/strong><\/font><\/p><\/blockquote><\/figure>\n\n\n\n<div style=\"height:32px\" aria-hidden=\"true\" class=\"wp-block-spacer\"><\/div>\n\n\n\n<p class=\"has-text-align-right\">1 seul panneau par v\u00e9hicule d&rsquo;un format rectangulaire tr\u00e8s \u00e9troit mais long.<\/p>\n\n\n\n<p class=\"has-text-align-right\">51 bus concern\u00e9s par ce type d&rsquo;affichage.<\/p>\n\n\n\n<p class=\"has-text-align-right\">Principalement visible par les usagers lors de l&rsquo;approche d&rsquo;un bus \u00e0 un arr\u00eat.<\/p>\n\n\n\n<p class=\"has-text-align-right\" style=\"font-size:10px\"><em>Attention, il est \u00e0 noter que tous nos bus les plus r\u00e9cents (et ceux \u00e0 venir) ne disposent pas de ce type d&rsquo;affichage.<\/em><\/p>\n<\/div>\n\n\n\n<div class=\"wp-block-column is-layout-flow wp-block-column-is-layout-flow\">\n<figure class=\"wp-block-pullquote has-text-color\" style=\"border-width:3px;border-radius:12px;color:#643dae;font-size:0px;font-style:normal;font-weight:700\"><blockquote><p><font size=\"6\"><strong>Lat\u00e9ral<\/strong><\/font><\/p><\/blockquote><\/figure>\n\n\n\n<div style=\"height:32px\" aria-hidden=\"true\" class=\"wp-block-spacer\"><\/div>\n\n\n\n<p class=\"has-text-align-center\">2 panneaux de chaque c\u00f4t\u00e9 du v\u00e9hicule, avec un espace d&rsquo;affichage important pour une publicit\u00e9 proportionn\u00e9e.<\/p>\n\n\n\n<p class=\"has-text-align-center\">Tous les autobus, hors \u00e9lectriques, sont concern\u00e9s.<\/p>\n\n\n\n<p class=\"has-text-align-center\">Visible notamment par les pi\u00e9tons de chaque c\u00f4t\u00e9 de la route, mais aussi les potentiels voitures qui doublent ou croisent le bus. Ce type de panneau conf\u00e8re une exposition tr\u00e8s attrayante.<\/p>\n<\/div>\n\n\n\n<div class=\"wp-block-column is-layout-flow wp-block-column-is-layout-flow\">\n<figure class=\"wp-block-pullquote has-text-color\" style=\"border-width:3px;border-radius:12px;color:#643dae;font-size:0px;font-style:normal;font-weight:700\"><blockquote><p><font size=\"6\"><strong>Arri\u00e8re<\/strong><\/font><\/p><\/blockquote><\/figure>\n\n\n\n<div style=\"height:32px\" aria-hidden=\"true\" class=\"wp-block-spacer\"><\/div>\n\n\n\n<p class=\"has-text-align-left\">1 seul panneau par v\u00e9hicule, d&rsquo;un format interm\u00e9diaire, variant selon le mod\u00e8le de ce dernier.<\/p>\n\n\n\n<p class=\"has-text-align-left\">Quasiment tous les autobus sont \u00e9ligibles, hors \u00e9lectriques.<\/p>\n\n\n\n<p class=\"has-text-align-left\">Visibilit\u00e9 int\u00e9ressante aussi bien pour les pi\u00e9tons que les automobilistes. Un choix \u00e9quilibr\u00e9 qui combine format de bonne taille et couverture \u00e9tendue.<\/p>\n<\/div>\n<\/div>\n\n\n\n<div style=\"height:50px\" aria-hidden=\"true\" class=\"wp-block-spacer\"><\/div>\n\n\n\n<p class=\"has-text-color\" style=\"color:#9a1733;font-size:30px\"><strong><span style=\"text-decoration: underline\">La taille des panneaux est trop restricitve ?<\/span><\/strong><\/p>\n\n\n\n<p>Alors on a une solution pour vous. Il s&rsquo;agit du moyen publicitaire le plus visuel et remarquable, puisque votre publicit\u00e9 sera appos\u00e9e directement sur l&rsquo;enti\u00e8ret\u00e9 de la face du v\u00e9hicule.<\/p>\n\n\n\n<figure class=\"wp-block-pullquote has-border-color has-text-color\" style=\"border-color:#cd6435;border-radius:12px;color:#cd6435;font-size:10px;font-style:normal;font-weight:700\"><blockquote><p><font size=\"6\">Livr\u00e9e Publicitaire<\/font><\/p><\/blockquote><\/figure>\n\n\n\n<div class=\"wp-block-columns is-layout-flex wp-container-core-columns-is-layout-9d6595d7 wp-block-columns-is-layout-flex\">\n<div class=\"wp-block-column is-layout-flow wp-block-column-is-layout-flow\">\n<figure class=\"wp-block-pullquote has-border-color has-text-color\" style=\"border-color:#cd6435;border-radius:12px;color:#cd6435;font-size:0px;font-style:normal;font-weight:700\"><blockquote><p><font size=\"6\"><em><strong>Lat\u00e9rale<\/strong><\/em><\/font><\/p><\/blockquote><\/figure>\n\n\n\n<div style=\"height:32px\" aria-hidden=\"true\" class=\"wp-block-spacer\"><\/div>\n\n\n\n<p class=\"has-text-align-right\">Habillage sur toute la longueur <strong>des deux faces lat\u00e9rales<\/strong> du bus.<\/p>\n\n\n\n<p class=\"has-text-align-right\">Possible pour tous les v\u00e9hicules, autobus comme autocars, standards comme articul\u00e9s.<\/p>\n\n\n\n<p class=\"has-text-align-right\">Visibilit\u00e9 maximale de par la grandeur des livr\u00e9es possibles, des couleurs utilisables et de l&rsquo;effet de surprise que peut avoir un tel habillage, cassant le c\u00f4t\u00e9 routinier de nos belles livr\u00e9es habituelles. L&rsquo;exposition des 2 c\u00f4t\u00e9s permet \u00e9galement une couverture quasiment int\u00e9grale.<\/p>\n<\/div>\n\n\n\n<div class=\"wp-block-column is-layout-flow wp-block-column-is-layout-flow\">\n<figure class=\"wp-block-pullquote has-border-color has-text-color\" style=\"border-color:#cd6435;border-radius:12px;color:#cd6435;font-size:0px;font-style:normal;font-weight:700\"><blockquote><p><font size=\"6\"><em><strong>Arri\u00e8re<\/strong><\/em><\/font><\/p><\/blockquote><\/figure>\n\n\n\n<div style=\"height:32px\" aria-hidden=\"true\" class=\"wp-block-spacer\"><\/div>\n\n\n\n<p class=\"has-text-align-left\">Habillage recouvrant la <strong>totalit\u00e9 de la face arri\u00e8re<\/strong> du bus.<\/p>\n\n\n\n<p class=\"has-text-align-left\">Possible sur tous les v\u00e9hicules, autobus comme autocars, standards comme articul\u00e9s.<\/p>\n\n\n\n<p class=\"has-text-align-left\">Visibilit\u00e9 plus importante qu&rsquo;un panneau d&rsquo;affichage, de part la taille de l&rsquo;habillage possible, des couleurs utilisables, et d&rsquo;une bonne couverture en terme d&rsquo;automobiliste et pi\u00e9tons. Les usagers du bus auront toutefois moins de chance de voir la livr\u00e9e arri\u00e8re, contrairement aux lat\u00e9rales.<\/p>\n<\/div>\n<\/div>\n\n\n\n<p>Evidement, chaque livr\u00e9e est exclusive sur sa surface, en d&rsquo;autre terme, une publicit\u00e9 lat\u00e9rale ne sera jamais mise sur un bus qui poss\u00e8de une livr\u00e9e lat\u00e9rale, de m\u00eame pour l&rsquo;arri\u00e8re. Cependant, un bus poss\u00e9dant une livr\u00e9e lat\u00e9rale restera \u00e9ligible, mais non prioritaire, \u00e0 une publicit\u00e9 arri\u00e8re, si cette derni\u00e8re n&rsquo;est pas r\u00e9serv\u00e9e.<\/p>\n\n\n\n<div style=\"height:50px\" aria-hidden=\"true\" class=\"wp-block-spacer\"><\/div>\n\n\n\n<p class=\"has-text-color\" style=\"color:#9a1733;font-size:30px\"><strong><span style=\"text-decoration: underline\">Vous voyez les choses en encore plus grand ?<\/span><\/strong><\/p>\n\n\n\n<p>Oui, oui, c&rsquo;est possible, du moins en quelques sorte, car il ne s&rsquo;agit pas d&rsquo;une affiche plus grande qu&rsquo;un bus articul\u00e9, mais d&rsquo;une alternative bien diff\u00e9rente :<\/p>\n\n\n\n<figure class=\"wp-block-pullquote has-text-color\" style=\"border-width:3px;border-radius:12px;color:#a4c546;font-size:10px;font-style:normal;font-weight:700\"><blockquote><p><font size=\"6\">Publicit\u00e9s sur nos <br><font size=\"6\">infrastructures<\/font><\/font><\/p><\/blockquote><\/figure>\n\n\n\n<div class=\"wp-block-columns is-layout-flex wp-container-core-columns-is-layout-9d6595d7 wp-block-columns-is-layout-flex\">\n<div class=\"wp-block-column is-layout-flow wp-block-column-is-layout-flow\">\n<figure class=\"wp-block-pullquote has-text-color\" style=\"border-width:3px;border-radius:12px;color:#a4c546;font-size:0px;font-style:normal;font-weight:700\"><blockquote><p><font size=\"6\"><strong>Panneau d&rsquo;Abribus<\/strong><\/font><\/p><\/blockquote><\/figure>\n\n\n\n<div style=\"height:32px\" aria-hidden=\"true\" class=\"wp-block-spacer\"><\/div>\n\n\n\n<p class=\"has-text-align-right\">864 abribus disposent d&rsquo;un bardage publicitaire auto-\u00e9clair\u00e9 par panneau solaire, allum\u00e9 entre six heures (06h00) et minuit (00h00), permettant de limiter la pollution lumineuse, et la perturbation de la biodiversit\u00e9 nocturne.<\/p>\n\n\n\n<p class=\"has-text-align-right\">Il est ainsi possible, une fois les premiers renseignements donn\u00e9s, de privil\u00e9gier une ligne et par cons\u00e9quent, de cibler le public vis\u00e9. Par exemple, un \u00e9tablissement d&rsquo;art, \u00e0 deux pas d&rsquo;un arr\u00eat desservi par les lignes 12 et 63, pourra en priorit\u00e9 afficher ses publicit\u00e9s aux arr\u00eats de ces deux trac\u00e9s.<\/p>\n\n\n\n<p class=\"has-text-align-right\">Tr\u00e8s bonne visibilit\u00e9 lors des attentes d&rsquo;un autobus\/autocar, avec notamment une possibilit\u00e9 d&rsquo;interaction de type QR code \u00e0 scanner pour renvoyer vers votre site ou promotion. D&rsquo;autant plus qu&rsquo;un r\u00e9seau wifi gratuit est d\u00e9ploy\u00e9 sur chacun de nos arr\u00eats urbains, permettant \u00e0 nos usagers de profiter d&rsquo;une connexion haut d\u00e9bit en illimit\u00e9.<\/p>\n<\/div>\n\n\n\n<div class=\"wp-block-column is-layout-flow wp-block-column-is-layout-flow\">\n<figure class=\"wp-block-pullquote has-text-color\" style=\"border-width:3px;border-radius:12px;color:#a4c546;font-size:0px;font-style:normal;font-weight:700\"><blockquote><p><font size=\"6\"><strong>Ecran TFT dans les v\u00e9hicules<\/strong><\/font><\/p><\/blockquote><\/figure>\n\n\n\n<div style=\"height:32px\" aria-hidden=\"true\" class=\"wp-block-spacer\"><\/div>\n\n\n\n<p class=\"has-text-align-left\">Publicit\u00e9 qui s&rsquo;affiche sur un \u00e9cran TFT de belle qualit\u00e9 au sein m\u00eame d&rsquo;un autobus ou autocar. Une rotation est faite entre information de ligne, \u00e9v\u00e8nements important\/info trafic, et une \u00e9ventuelle publicit\u00e9.<\/p>\n\n\n\n<p class=\"has-text-align-left\">Ce type d&rsquo;affichage est possible seulement sur les mod\u00e8les de v\u00e9hicules les plus r\u00e9cents, notamment \u00e9lectrique et BHNS, ce qui repr\u00e9sente une tr\u00e8s importante partie de notre flotte de v\u00e9hicule suite \u00e0 nos investissements r\u00e9guliers.<\/p>\n\n\n\n<p class=\"has-text-align-left\">Tr\u00e8s visible par les passagers, notamment avec la rotation des informations. De plus les \u00e9crans lumineux d\u00e9filants ont tendance \u00e0 attirer le regard, de quoi augmenter votre couverture de diffusion d&rsquo;information.<\/p>\n\n\n\n<p><\/p>\n<\/div>\n<\/div>\n\n\n\n<div style=\"height:50px\" aria-hidden=\"true\" class=\"wp-block-spacer\"><\/div>\n\n\n\n<div class=\"wp-block-columns is-layout-flex wp-container-core-columns-is-layout-9d6595d7 wp-block-columns-is-layout-flex\">\n<div class=\"wp-block-column is-layout-flow wp-block-column-is-layout-flow\">\n<hr class=\"wp-block-separator has-alpha-channel-opacity is-style-default\" \/>\n<\/div>\n\n\n\n<div class=\"wp-block-column is-layout-flow wp-block-column-is-layout-flow\">\n<hr class=\"wp-block-separator has-alpha-channel-opacity is-style-default\" \/>\n<\/div>\n\n\n\n<div class=\"wp-block-column is-layout-flow wp-block-column-is-layout-flow\">\n<hr class=\"wp-block-separator has-alpha-channel-opacity is-style-default\" \/>\n<\/div>\n\n\n\n<div class=\"wp-block-column is-layout-flow wp-block-column-is-layout-flow\">\n<hr class=\"wp-block-separator has-alpha-channel-opacity is-style-default\" \/>\n<\/div>\n\n\n\n<div class=\"wp-block-column is-layout-flow wp-block-column-is-layout-flow\">\n<hr class=\"wp-block-separator has-alpha-channel-opacity is-style-default\" \/>\n<\/div>\n\n\n\n<div class=\"wp-block-column is-layout-flow wp-block-column-is-layout-flow\">\n<hr class=\"wp-block-separator has-alpha-channel-opacity is-style-default\" \/>\n<\/div>\n\n\n\n<div class=\"wp-block-column is-layout-flow wp-block-column-is-layout-flow\">\n<hr class=\"wp-block-separator has-alpha-channel-opacity is-style-default\" \/>\n<\/div>\n\n\n\n<div class=\"wp-block-column is-layout-flow wp-block-column-is-layout-flow\">\n<hr class=\"wp-block-separator has-alpha-channel-opacity is-style-default\" \/>\n<\/div>\n\n\n\n<div class=\"wp-block-column is-layout-flow wp-block-column-is-layout-flow\">\n<hr class=\"wp-block-separator has-alpha-channel-opacity is-style-default\" \/>\n<\/div>\n\n\n\n<div class=\"wp-block-column is-layout-flow wp-block-column-is-layout-flow\">\n<hr class=\"wp-block-separator has-alpha-channel-opacity is-style-default\" \/>\n<\/div>\n\n\n\n<div class=\"wp-block-column is-layout-flow wp-block-column-is-layout-flow\">\n<hr class=\"wp-block-separator has-alpha-channel-opacity is-style-default\" \/>\n<\/div>\n\n\n\n<div class=\"wp-block-column is-layout-flow wp-block-column-is-layout-flow\">\n<hr class=\"wp-block-separator has-alpha-channel-opacity is-style-default\" \/>\n<\/div>\n\n\n\n<div class=\"wp-block-column is-layout-flow wp-block-column-is-layout-flow\">\n<hr class=\"wp-block-separator has-alpha-channel-opacity is-style-default\" \/>\n<\/div>\n\n\n\n<div class=\"wp-block-column is-layout-flow wp-block-column-is-layout-flow\">\n<hr class=\"wp-block-separator has-alpha-channel-opacity is-style-default\" \/>\n<\/div>\n\n\n\n<div class=\"wp-block-column is-layout-flow wp-block-column-is-layout-flow\">\n<hr class=\"wp-block-separator has-alpha-channel-opacity is-style-default\" \/>\n<\/div>\n\n\n\n<div class=\"wp-block-column is-layout-flow wp-block-column-is-layout-flow\">\n<hr class=\"wp-block-separator has-alpha-channel-opacity is-style-default\" \/>\n<\/div>\n\n\n\n<div class=\"wp-block-column is-layout-flow wp-block-column-is-layout-flow\">\n<hr class=\"wp-block-separator has-alpha-channel-opacity is-style-default\" \/>\n<\/div>\n\n\n\n<div class=\"wp-block-column is-layout-flow wp-block-column-is-layout-flow\">\n<hr class=\"wp-block-separator has-alpha-channel-opacity is-style-default\" \/>\n<\/div>\n\n\n\n<div class=\"wp-block-column is-layout-flow wp-block-column-is-layout-flow\">\n<hr class=\"wp-block-separator has-alpha-channel-opacity is-style-default\" \/>\n<\/div>\n\n\n\n<div class=\"wp-block-column is-layout-flow wp-block-column-is-layout-flow\">\n<hr class=\"wp-block-separator has-alpha-channel-opacity is-style-default\" \/>\n<\/div>\n\n\n\n<div class=\"wp-block-column is-layout-flow wp-block-column-is-layout-flow\">\n<hr class=\"wp-block-separator has-alpha-channel-opacity is-style-default\" \/>\n<\/div>\n\n\n\n<div class=\"wp-block-column is-layout-flow wp-block-column-is-layout-flow\">\n<hr class=\"wp-block-separator has-alpha-channel-opacity is-style-default\" \/>\n<\/div>\n<\/div>\n\n\n\n<div style=\"height:50px\" aria-hidden=\"true\" class=\"wp-block-spacer\"><\/div>\n\n\n\n<p class=\"has-background\" style=\"background-color:#9a1733;font-size:28px\">Formulaire de Contact<\/p>\n\n\n\n<p>Toutes les caract\u00e9ristiques techniques vous seront communiqu\u00e9es lors de vos \u00e9changes avec nos commerciaux. M<\/p>\n\n\n\n<p>A cet effet, merci de bien vouloir remplir le formulaire ci-dessous.<\/p>\n\n\n\n<div style=\"height:0px\" aria-hidden=\"true\" class=\"wp-block-spacer\"><\/div>\n\n\n\n<p><\/p>\n\n\n<div class=\"wpforms-container wpforms-container-full wpforms-block wpforms-block-7869058b-8c66-4e54-90ea-ee6bd8e6a87b\" id=\"wpforms-532\"><form id=\"wpforms-form-532\" class=\"wpforms-validate wpforms-form wpforms-ajax-form\" data-formid=\"532\" method=\"post\" enctype=\"multipart\/form-data\" action=\"\/kraterios\/wp-json\/wp\/v2\/pages\/168\" data-token=\"7e9b504f2a4f1676264d4d9fe4ccb886\" data-token-time=\"1776971056\"><noscript class=\"wpforms-error-noscript\">Veuillez activer JavaScript dans votre navigateur pour remplir ce formulaire.<\/noscript><div class=\"wpforms-field-container\"><div id=\"wpforms-532-field_0-container\" class=\"wpforms-field wpforms-field-name\" data-field-id=\"0\"><label class=\"wpforms-field-label\">Pr\u00e9nom et Nom <span class=\"wpforms-required-label\">*<\/span><\/label><div class=\"wpforms-field-row wpforms-field-medium\"><div class=\"wpforms-field-row-block wpforms-first wpforms-one-half\"><input type=\"text\" id=\"wpforms-532-field_0\" class=\"wpforms-field-name-first wpforms-field-required\" name=\"wpforms[fields][0][first]\" required><label for=\"wpforms-532-field_0\" class=\"wpforms-field-sublabel after\">Pr\u00e9nom<\/label><\/div><div class=\"wpforms-field-row-block wpforms-one-half\"><input type=\"text\" id=\"wpforms-532-field_0-last\" class=\"wpforms-field-name-last wpforms-field-required\" name=\"wpforms[fields][0][last]\" required><label for=\"wpforms-532-field_0-last\" class=\"wpforms-field-sublabel after\">Nom<\/label><\/div><\/div><\/div><div id=\"wpforms-532-field_1-container\" class=\"wpforms-field wpforms-field-email\" data-field-id=\"1\"><label class=\"wpforms-field-label\" for=\"wpforms-532-field_1\">Email <span class=\"wpforms-required-label\">*<\/span><\/label><input type=\"email\" id=\"wpforms-532-field_1\" class=\"wpforms-field-medium wpforms-field-required\" name=\"wpforms[fields][1]\" spellcheck=\"false\" required><\/div><div id=\"wpforms-532-field_3-container\" class=\"wpforms-field wpforms-field-text\" data-field-id=\"3\"><label class=\"wpforms-field-label\" for=\"wpforms-532-field_3\">Nom de l&#039;entreprise <span class=\"wpforms-required-label\">*<\/span><\/label><input type=\"text\" id=\"wpforms-532-field_3\" class=\"wpforms-field-medium wpforms-field-required\" name=\"wpforms[fields][3]\" required><\/div><div id=\"wpforms-532-field_4-container\" class=\"wpforms-field wpforms-field-select wpforms-field-select-style-classic\" data-field-id=\"4\"><label class=\"wpforms-field-label\" for=\"wpforms-532-field_4\">Support souhait\u00e9 <span class=\"wpforms-required-label\">*<\/span><\/label><select id=\"wpforms-532-field_4\" class=\"wpforms-field-medium wpforms-field-required\" name=\"wpforms[fields][4]\" required=\"required\"><option value=\"Panneaux Avant\"  class=\"choice-1 depth-1\"  >Panneaux Avant<\/option><option value=\"Panneaux Lat\u00e9raux\"  class=\"choice-2 depth-1\"  >Panneaux Lat\u00e9raux<\/option><option value=\"Panneaux Arri\u00e8res\"  class=\"choice-3 depth-1\"  >Panneaux Arri\u00e8res<\/option><option value=\"Panneaux Lat\u00e9raux et Arri\u00e8res\"  class=\"choice-8 depth-1\"  >Panneaux Lat\u00e9raux et Arri\u00e8res<\/option><option value=\"Livr\u00e9es Lat\u00e9rales\"  class=\"choice-4 depth-1\"  >Livr\u00e9es Lat\u00e9rales<\/option><option value=\"Livr\u00e9es Arri\u00e8res\"  class=\"choice-5 depth-1\"  >Livr\u00e9es Arri\u00e8res<\/option><option value=\"Livr\u00e9es Double\"  class=\"choice-7 depth-1\"  >Livr\u00e9es Double<\/option><option value=\"Abribus\"  class=\"choice-6 depth-1\"  >Abribus<\/option><option value=\"Ecrans TFT BUS\"  class=\"choice-9 depth-1\"  >Ecrans TFT BUS<\/option><\/select><div class=\"wpforms-field-description\">Non d\u00e9finitif. Permet \u00e0 nos commerciaux de mieux cerner vos attentes.<\/div><\/div><div id=\"wpforms-532-field_6-container\" class=\"wpforms-field wpforms-field-number\" data-field-id=\"6\"><label class=\"wpforms-field-label\" for=\"wpforms-532-field_6\">Nombre de supports envisag\u00e9s : <span class=\"wpforms-required-label\">*<\/span><\/label><input type=\"number\" id=\"wpforms-532-field_6\" class=\"wpforms-field-medium wpforms-field-required\" name=\"wpforms[fields][6]\" step=\"any\" required><div class=\"wpforms-field-description\">Non d\u00e9finitif. Permet \u00e0 nos commerciaux de se faire une id\u00e9e de vos besoins en terme de couverture.<\/div><\/div><div id=\"wpforms-532-field_8-container\" class=\"wpforms-field wpforms-field-number\" data-field-id=\"8\"><label class=\"wpforms-field-label\" for=\"wpforms-532-field_8\">Nombre de jour pour cette campagne publicitaire <span class=\"wpforms-required-label\">*<\/span><\/label><input type=\"number\" id=\"wpforms-532-field_8\" class=\"wpforms-field-medium wpforms-field-required\" name=\"wpforms[fields][8]\" step=\"any\" required><div class=\"wpforms-field-description\">Les livr\u00e9es n\u00e9cessitent une dur\u00e9e d&rsquo;au minimum 10 jours afin d&rsquo;\u00eatre \u00e9ligible \u00e0 nos services.<\/div><\/div><div id=\"wpforms-532-field_2-container\" class=\"wpforms-field wpforms-field-textarea\" data-field-id=\"2\"><label class=\"wpforms-field-label\" for=\"wpforms-532-field_2\">Commentaire et Pr\u00e9cisions<\/label><textarea id=\"wpforms-532-field_2\" class=\"wpforms-field-medium\" name=\"wpforms[fields][2]\" ><\/textarea><\/div><\/div><!-- .wpforms-field-container --><div class=\"wpforms-submit-container\" ><input type=\"hidden\" name=\"wpforms[id]\" value=\"532\"><input type=\"hidden\" name=\"page_title\" value=\"\"><input type=\"hidden\" name=\"page_url\" value=\"https:\/\/seal.transport-manager.net\/kraterios\/wp-json\/wp\/v2\/pages\/168\"><input type=\"hidden\" name=\"url_referer\" value=\"\"><button type=\"submit\" name=\"wpforms[submit]\" id=\"wpforms-submit-532\" class=\"wpforms-submit\" data-alt-text=\"Envoi du formulaire\" data-submit-text=\"Envoyer\" aria-live=\"assertive\" value=\"wpforms-submit\">Envoyer<\/button><img loading=\"lazy\" decoding=\"async\" src=\"https:\/\/seal.transport-manager.net\/kraterios\/wp-content\/plugins\/wpforms-lite\/assets\/images\/submit-spin.svg\" class=\"wpforms-submit-spinner\" style=\"display: none;\" width=\"26\" height=\"26\" alt=\"Chargement en cours\"><\/div><\/form><\/div>  <!-- .wpforms-container -->\n\n\n<div style=\"height:110px\" aria-hidden=\"true\" class=\"wp-block-spacer\"><\/div>\n","protected":false},"excerpt":{"rendered":"<p>Espace Publicitaire Que propose exactement ce service ? Ce service permet aux professionnels et entreprises de promouvoir une entit\u00e9 ou un contenu qui sera d\u00e8s lors visible de tous dans &#8230; <a title=\"Espace Publicitaire\" class=\"read-more\" href=\"https:\/\/seal.transport-manager.net\/kraterios\/espace-publicitaire\/\" aria-label=\"En savoir plus sur Espace Publicitaire\">Lire la suite<\/a><\/p>\n","protected":false},"author":53,"featured_media":0,"parent":0,"menu_order":0,"comment_status":"closed","ping_status":"closed","template":"","meta":{"footnotes":""},"class_list":["post-168","page","type-page","status-publish"],"_links":{"self":[{"href":"https:\/\/seal.transport-manager.net\/kraterios\/wp-json\/wp\/v2\/pages\/168","targetHints":{"allow":["GET"]}}],"collection":[{"href":"https:\/\/seal.transport-manager.net\/kraterios\/wp-json\/wp\/v2\/pages"}],"about":[{"href":"https:\/\/seal.transport-manager.net\/kraterios\/wp-json\/wp\/v2\/types\/page"}],"author":[{"embeddable":true,"href":"https:\/\/seal.transport-manager.net\/kraterios\/wp-json\/wp\/v2\/users\/53"}],"replies":[{"embeddable":true,"href":"https:\/\/seal.transport-manager.net\/kraterios\/wp-json\/wp\/v2\/comments?post=168"}],"version-history":[{"count":52,"href":"https:\/\/seal.transport-manager.net\/kraterios\/wp-json\/wp\/v2\/pages\/168\/revisions"}],"predecessor-version":[{"id":2102,"href":"https:\/\/seal.transport-manager.net\/kraterios\/wp-json\/wp\/v2\/pages\/168\/revisions\/2102"}],"wp:attachment":[{"href":"https:\/\/seal.transport-manager.net\/kraterios\/wp-json\/wp\/v2\/media?parent=168"}],"curies":[{"name":"wp","href":"https:\/\/api.w.org\/{rel}","templated":true}]}}