{"id":171,"date":"2021-07-23T20:30:42","date_gmt":"2021-07-23T18:30:42","guid":{"rendered":"https:\/\/seal.transport-manager.net\/kraterios\/?page_id=171"},"modified":"2022-10-26T02:12:55","modified_gmt":"2022-10-26T00:12:55","slug":"nos-agences","status":"publish","type":"page","link":"https:\/\/seal.transport-manager.net\/kraterios\/nos-agences\/","title":{"rendered":"Nos Agences"},"content":{"rendered":"\n<div class=\"wp-block-cover is-light\" style=\"min-height:300px;aspect-ratio:unset;\"><span aria-hidden=\"true\" class=\"has-nv-dark-bg-background-color has-background-dim-30 wp-block-cover__gradient-background has-background-dim\"><\/span><img loading=\"lazy\" decoding=\"async\" width=\"344\" height=\"354\" class=\"wp-block-cover__image-background wp-image-456\" alt=\"\" src=\"https:\/\/seal.transport-manager.net\/kraterios\/wp-content\/uploads\/sites\/53\/2021\/07\/image_2021-07-24_215904.png\" style=\"object-position:38% 42%\" data-object-fit=\"cover\" data-object-position=\"38% 42%\" srcset=\"https:\/\/seal.transport-manager.net\/kraterios\/wp-content\/uploads\/sites\/53\/2021\/07\/image_2021-07-24_215904.png 344w, https:\/\/seal.transport-manager.net\/kraterios\/wp-content\/uploads\/sites\/53\/2021\/07\/image_2021-07-24_215904-292x300.png 292w\" sizes=\"auto, (max-width: 344px) 100vw, 344px\" \/><div class=\"wp-block-cover__inner-container is-layout-flow wp-block-cover-is-layout-flow\">\n<p class=\"has-text-align-center has-text-color\" style=\"color:#ffffff;font-size:94px\">Nos Agences<\/p>\n<\/div><\/div>\n\n\n\n<div style=\"height:50px\" aria-hidden=\"true\" class=\"wp-block-spacer\"><\/div>\n\n\n\n<p>Vous avez des questions, besoin d&rsquo;un renseignement ? Vous devez acheter des tickets ou souscrire\/renouveler votre abonnement ? Nos huit agences sont l\u00e0 pour r\u00e9pondre \u00e0 tous ces besoins avec notamment des collaborateurs accueillants, et une zone de libre service pour r\u00e9cup\u00e9rer les horaires d&rsquo;une ligne ainsi que divers documents du r\u00e9seau.<\/p>\n\n\n\n<p>Pour le moment, toutes nos agences disposent de la m\u00eame prestation, \u00e0 savoir un p\u00f4le d&rsquo;information &amp; conseil, une zone de vente, et un espace abonnements. Elles ont volontairement \u00e9t\u00e9 install\u00e9es de mani\u00e8re dispers\u00e9e et sur des zones de haut int\u00e9r\u00eat dans la ville, et en p\u00e9riph\u00e9rie, afin que chacun de nos usagers puissent disposer de son agence \u00e0 proximit\u00e9 de chez lui. Par ailleurs, nous avons \u00e9videmment veill\u00e9s \u00e0 ce que plusieurs lignes puissent desservir les points d&rsquo;information et de vente pour des raisons de praticit\u00e9.<\/p>\n\n\n\n<p>Gros plus, toutes nos agences sont \u00e9quip\u00e9es de fauteuils rembourr\u00e9s, afin que votre attente ne vous fasse pas mal au derri\u00e8re, de machine \u00e0 caf\u00e9 &amp; autres boissons chaudes pour vous procurer un petit instant d&rsquo;apaisement, d&rsquo;automates pour qu&rsquo;il vous soit plus simple de prendre ou renouveler vos titres de transport, et enfin, d&rsquo;un total acc\u00e8s aux personnes \u00e0 mobilit\u00e9 r\u00e9duite.<\/p>\n\n\n\n<p>Enfin, nous disposons de deux agences localis\u00e9e \u00e0 l&rsquo;ext\u00e9rieur de la ville, accessible par notre r\u00e9seau p\u00e9ri-urbain et interurbain, <a href=\"https:\/\/seal.transport-manager.net\/kraterios\/nos-agences-extra-urbaines\/\">trouvable ici<\/a>.<\/p>\n\n\n\n<div style=\"height:50px\" aria-hidden=\"true\" class=\"wp-block-spacer\"><\/div>\n\n\n\n<p class=\"has-background\" style=\"background-color:#559adb;font-size:30px\">Agence de la Gare Centrale<\/p>\n\n\n\n<div class=\"wp-block-columns is-layout-flex wp-container-core-columns-is-layout-9d6595d7 wp-block-columns-is-layout-flex\">\n<div class=\"wp-block-column is-layout-flow wp-block-column-is-layout-flow\">\n<figure class=\"wp-block-pullquote has-border-color\" style=\"border-color:#559adb\"><blockquote><p><font size=\"3\"><font color=\"#559adb\">Du lundi au vendredi :<\/font><br><font size=\"5\">8h30-12h30\/13h30-18h30<\/font><\/font><\/p><p><font size=\"3\"><font color=\"#559adb\">Le samedi &amp; dimanche :<\/font><br><font size=\"5\">9h30-15h30<\/font><\/font><\/p><\/blockquote><\/figure>\n<\/div>\n\n\n\n<div class=\"wp-block-column is-layout-flow wp-block-column-is-layout-flow\">\n<figure class=\"wp-block-pullquote has-border-color\" style=\"border-color:#559adb\"><blockquote><p>Services Propos\u00e9s :<\/p><p><font size=\"3\"><font color=\"#559adb\">&gt;<\/font><\/font><font color=\"#559adb\" style=\"font-size: medium\"> Documents en libre service<br>&gt; Vente de titres de transport<\/font><br><font color=\"#559adb\" style=\"font-size: medium\">&gt; Espace abonnements<\/font><\/p><\/blockquote><\/figure>\n<\/div>\n\n\n\n<div class=\"wp-block-column is-layout-flow wp-block-column-is-layout-flow\">\n<figure class=\"wp-block-pullquote has-border-color\" style=\"border-color:#559adb\"><blockquote><p>Gare Centrale &#8211; Local 18<br><font size=\"3\"><font color=\"#559adb\">(Proche Entr\u00e9e Nord, \u00e0 l&rsquo;int\u00e9rieur de la gare)<\/font><\/font><br><font size=\"3\"><font color=\"#559adb\">Desservie par : <font color=\"#dc241f\">1<\/font> , <font color=\"#9364cc\">2<\/font> , <font color=\"#f1ab00\">3<\/font> , <font color=\"#00afab\">4<\/font><\/font><font size=\"3\"><font color=\"#559adb\">,<\/font><\/font> 12<\/font><\/p><p>04 46 68 52 34<\/p><\/blockquote><\/figure>\n<\/div>\n<\/div>\n\n\n\n<div style=\"height:50px\" aria-hidden=\"true\" class=\"wp-block-spacer\"><\/div>\n\n\n\n<hr class=\"wp-block-separator has-text-color has-background is-style-dots\" style=\"background-color:#ffffff;color:#ffffff\" \/>\n\n\n\n<div style=\"height:50px\" aria-hidden=\"true\" class=\"wp-block-spacer\"><\/div>\n\n\n\n<p class=\"has-background\" style=\"background-color:#754cc3;font-size:30px\">Agence de la Gare de l&rsquo;Ouest<\/p>\n\n\n\n<div class=\"wp-block-columns is-layout-flex wp-container-core-columns-is-layout-9d6595d7 wp-block-columns-is-layout-flex\">\n<div class=\"wp-block-column is-layout-flow wp-block-column-is-layout-flow\">\n<figure class=\"wp-block-pullquote has-border-color\" style=\"border-color:#754cc3\"><blockquote><p><font size=\"3\"><font color=\"#754cc3\">Du lundi au vendredi :<\/font><br><font size=\"5\">8h30-12h00\/14h00-18h00<\/font><\/font><\/p><p><font size=\"3\"><font color=\"#754cc3\">Le samedi &amp; dimanche :<\/font><br><font size=\"5\">9h30-15h30<\/font><\/font><\/p><\/blockquote><\/figure>\n<\/div>\n\n\n\n<div class=\"wp-block-column is-layout-flow wp-block-column-is-layout-flow\">\n<figure class=\"wp-block-pullquote has-border-color\" style=\"border-color:#754cc3\"><blockquote><p>Services Propos\u00e9s :<\/p><p><font size=\"3\"><font color=\"#754cc3\">&gt;<\/font><\/font><font color=\"#754cc3\" style=\"font-size: medium\"> Documents en libre service<br>&gt; Vente de titres de transport<\/font><br><font color=\"#754cc3\" style=\"font-size: medium\">&gt; Espace abonnements<\/font><\/p><\/blockquote><\/figure>\n<\/div>\n\n\n\n<div class=\"wp-block-column is-layout-flow wp-block-column-is-layout-flow\">\n<figure class=\"wp-block-pullquote has-border-color\" style=\"border-color:#754cc3\"><blockquote><p>13 av. des pins<br><font size=\"3\"><font color=\"#754cc3\">(\u00e0 200m de l&rsquo;arr\u00eat \u00ab\u00a0Gare de l&rsquo;Ouest\u00a0\u00bb dir. ouest)<\/font><\/font><br><font size=\"3\"><font color=\"#754cc3\">Desservie par : <font color=\"#e86a10\">5<\/font> ,<font color=\"#007229\"> 7<\/font> ,<font color=\"#0019a8\"> 61<\/font><\/font><\/font><\/p><p>04 46 68 47 85<\/p><\/blockquote><\/figure>\n<\/div>\n<\/div>\n\n\n\n<div style=\"height:50px\" aria-hidden=\"true\" class=\"wp-block-spacer\"><\/div>\n\n\n\n<hr class=\"wp-block-separator has-text-color has-background is-style-dots\" style=\"background-color:#ffffff;color:#ffffff\" \/>\n\n\n\n<div style=\"height:50px\" aria-hidden=\"true\" class=\"wp-block-spacer\"><\/div>\n\n\n\n<p class=\"has-background\" style=\"background-color:#5ff7e2;font-size:30px\">Agence de l&rsquo;A\u00e9roport<\/p>\n\n\n\n<div class=\"wp-block-columns is-layout-flex wp-container-core-columns-is-layout-9d6595d7 wp-block-columns-is-layout-flex\">\n<div class=\"wp-block-column is-layout-flow wp-block-column-is-layout-flow\">\n<figure class=\"wp-block-pullquote has-border-color\" style=\"border-color:#5ff7e2\"><blockquote><p><font size=\"3\"><font color=\"#5ff7e2\">Du lundi au vendredi :<\/font><br><font size=\"5\">9h30-12h00\/14h00-18h00<\/font><\/font><\/p><p><font size=\"3\"><font color=\"#5ff7e2\">Le samedi &amp; dimanche :<\/font><br><font size=\"5\">Ferm\u00e9e<\/font><\/font><\/p><\/blockquote><\/figure>\n<\/div>\n\n\n\n<div class=\"wp-block-column is-layout-flow wp-block-column-is-layout-flow\">\n<figure class=\"wp-block-pullquote has-border-color\" style=\"border-color:#5ff7e2\"><blockquote><p>Services Propos\u00e9s :<\/p><p><font size=\"3\"><font color=\"#5ff7e2\">&gt;<\/font><\/font><font color=\"#5ff7e2\" style=\"font-size: medium\"> Documents en libre service<br>&gt; Vente de titres de transport<\/font><br><font color=\"#5ff7e2\" style=\"font-size: medium\">&gt; Espace abonnements<\/font><\/p><\/blockquote><\/figure>\n<\/div>\n\n\n\n<div class=\"wp-block-column is-layout-flow wp-block-column-is-layout-flow\">\n<figure class=\"wp-block-pullquote has-border-color\" style=\"border-color:#5ff7e2\"><blockquote><p>A\u00e9roport &#8211; Local B616<br><font size=\"3\"><font color=\"#5ff7e2\">(proche de la zone d&#8217;embarquement B)<\/font><\/font><br><font size=\"3\"><font color=\"#5ff7e2\">Desservie par : <font color=\"#9364cc\">2<\/font><\/font>, 13<\/font><\/p><p>04 46 68 22 71<\/p><\/blockquote><\/figure>\n<\/div>\n<\/div>\n\n\n\n<div style=\"height:50px\" aria-hidden=\"true\" class=\"wp-block-spacer\"><\/div>\n\n\n\n<hr class=\"wp-block-separator has-text-color has-background is-style-dots\" style=\"background-color:#ffffff;color:#ffffff\" \/>\n\n\n\n<div style=\"height:50px\" aria-hidden=\"true\" class=\"wp-block-spacer\"><\/div>\n\n\n\n<p class=\"has-background\" style=\"background-color:#68b3d1;font-size:30px\">Agence du Campus Alan Turing<\/p>\n\n\n\n<div class=\"wp-block-columns is-layout-flex wp-container-core-columns-is-layout-9d6595d7 wp-block-columns-is-layout-flex\">\n<div class=\"wp-block-column is-layout-flow wp-block-column-is-layout-flow\">\n<figure class=\"wp-block-pullquote has-border-color\" style=\"border-color:#68b3d1\"><blockquote><p><font size=\"3\"><font color=\"#68b3d1\">Du lundi au vendredi :<\/font><br><font size=\"5\">8h30-12h00\/14h00-18h00<\/font><\/font><\/p><p><font size=\"3\"><font color=\"#68b3d1\">Le samedi :<\/font><br><font size=\"5\">9h30-17h00<\/font><\/font><\/p><\/blockquote><\/figure>\n<\/div>\n\n\n\n<div class=\"wp-block-column is-layout-flow wp-block-column-is-layout-flow\">\n<figure class=\"wp-block-pullquote has-border-color has-text-color\" style=\"border-color:#68b3d1;color:#68b3d1\"><blockquote><p><font color=\"#ffffff\">Services Propos\u00e9s :<\/font><\/p><p><font size=\"3\"><font color=\"#68b3d1\">&gt;<\/font><\/font><font color=\"#68b3d1\" style=\"font-size: medium\"> Documents en libre service<br>&gt; Vente de titres de transport<\/font><br><font color=\"#68b3d1\" style=\"font-size: medium\">&gt; Espace abonnements<\/font><\/p><\/blockquote><\/figure>\n\n\n\n<p><\/p>\n<\/div>\n\n\n\n<div class=\"wp-block-column is-layout-flow wp-block-column-is-layout-flow\">\n<figure class=\"wp-block-pullquote has-border-color\" style=\"border-color:#68b3d1\"><blockquote><p>570 rue de la Chimie<br><font size=\"3\"><font color=\"#68b3d1\">(juste en face de l&rsquo;arr\u00eat, c\u00f4t\u00e9 terminus)<\/font><\/font><br><font size=\"3\"><font color=\"#68b3d1\">Desservie par : <font color=\"#dc241f\">1<\/font> ,<font color=\"#0019a8\"> 9<\/font> ,<font color=\"#ffce00\"> 10<\/font><\/font><\/font><\/p><p>04 46 68 16 59<\/p><\/blockquote><\/figure>\n<\/div>\n<\/div>\n\n\n\n<div style=\"height:50px\" aria-hidden=\"true\" class=\"wp-block-spacer\"><\/div>\n\n\n\n<hr class=\"wp-block-separator has-text-color has-background is-style-dots\" style=\"background-color:#ffffff;color:#ffffff\" \/>\n\n\n\n<div style=\"height:50px\" aria-hidden=\"true\" class=\"wp-block-spacer\"><\/div>\n\n\n\n<p class=\"has-background\" style=\"background-color:#d05ec2;font-size:30px\">Agence du Campus Marthe Gautier<\/p>\n\n\n\n<div class=\"wp-block-columns is-layout-flex wp-container-core-columns-is-layout-9d6595d7 wp-block-columns-is-layout-flex\">\n<div class=\"wp-block-column is-layout-flow wp-block-column-is-layout-flow\">\n<figure class=\"wp-block-pullquote has-border-color\" style=\"border-color:#d05ec2\"><blockquote><p><font size=\"3\"><font color=\"#D05EC2\">Du lundi au vendredi :<\/font><br><font size=\"5\">8h30-12h00\/14h00-18h00<\/font><\/font><\/p><p><font size=\"3\"><font color=\"#D05EC2\">Le samedi :<\/font><br><font size=\"5\">9h30-17h00<\/font><\/font><\/p><\/blockquote><\/figure>\n<\/div>\n\n\n\n<div class=\"wp-block-column is-layout-flow wp-block-column-is-layout-flow\">\n<figure class=\"wp-block-pullquote has-border-color\" style=\"border-color:#d05ec2\"><blockquote><p>Services Propos\u00e9s :<\/p><p><font size=\"3\"><font color=\"#D05EC2\">&gt;<\/font><\/font><font color=\"#D05EC2\" style=\"font-size: medium\"> Documents en libre service<br>&gt; Vente de titres de transport<\/font><br><font color=\"#D05EC2\" style=\"font-size: medium\">&gt; Espace abonnements<\/font><\/p><\/blockquote><\/figure>\n<\/div>\n\n\n\n<div class=\"wp-block-column is-layout-flow wp-block-column-is-layout-flow\">\n<figure class=\"wp-block-pullquote has-border-color\" style=\"border-color:#d05ec2\"><blockquote><p>20 rue des R\u00e9sidences<br><font size=\"3\"><font color=\"#D05EC2\">(juste en face de l&rsquo;arr\u00eat, c\u00f4t\u00e9 terminus)<\/font><\/font><br><font size=\"3\"><font color=\"#D05EC2\">Desservie par : <font color=\"#f1ab00\">3<\/font> ,<font color=\"#d799af\"> 8<\/font> ,<font color=\"#751056\"> 11<\/font><\/font><\/font><\/p><p>04 46 68 41 05<\/p><\/blockquote><\/figure>\n<\/div>\n<\/div>\n\n\n\n<div style=\"height:50px\" aria-hidden=\"true\" class=\"wp-block-spacer\"><\/div>\n\n\n\n<hr class=\"wp-block-separator has-text-color has-background is-style-dots\" style=\"background-color:#ffffff;color:#ffffff\" \/>\n\n\n\n<div style=\"height:50px\" aria-hidden=\"true\" class=\"wp-block-spacer\"><\/div>\n\n\n\n<p class=\"has-background\" style=\"background-color:#68b3d1;font-size:30px\">Agence de la Place de l&rsquo;Europe<\/p>\n\n\n\n<div class=\"wp-block-columns is-layout-flex wp-container-core-columns-is-layout-9d6595d7 wp-block-columns-is-layout-flex\">\n<div class=\"wp-block-column is-layout-flow wp-block-column-is-layout-flow\">\n<figure class=\"wp-block-pullquote has-border-color\" style=\"border-color:#68b3d1\"><blockquote><p><font size=\"3\"><font color=\"#68b3d1\">Du lundi au vendredi :<\/font><br><font size=\"5\">8h30-12h00\/14h00-18h00<\/font><\/font><\/p><p><font size=\"3\"><font color=\"#68b3d1\">Le samedi &amp; dimanche :<\/font><br><font size=\"5\">Ferm\u00e9e<\/font><\/font><\/p><\/blockquote><\/figure>\n<\/div>\n\n\n\n<div class=\"wp-block-column is-layout-flow wp-block-column-is-layout-flow\">\n<figure class=\"wp-block-pullquote has-border-color has-text-color\" style=\"border-color:#68b3d1;color:#68b3d1\"><blockquote><p><font color=\"#ffffff\">Services Propos\u00e9s :<\/font><\/p><p><font size=\"3\"><font color=\"#68b3d1\">&gt;<\/font><\/font><font color=\"#68b3d1\" style=\"font-size: medium\"> Documents en libre service<br>&gt; Vente de titres de transport<\/font><br><font color=\"#68b3d1\" style=\"font-size: medium\">&gt; Espace abonnements<\/font><\/p><\/blockquote><\/figure>\n\n\n\n<p><\/p>\n<\/div>\n\n\n\n<div class=\"wp-block-column is-layout-flow wp-block-column-is-layout-flow\">\n<figure class=\"wp-block-pullquote has-border-color\" style=\"border-color:#68b3d1\"><blockquote><p>25 Place de l&rsquo;Europe<br><font size=\"3\"><font color=\"#68b3d1\">(juste en face de la fontaine de l&rsquo;Esp\u00e9rance)<\/font><\/font><br><font><font><font color=\"#68b3d1\" size=\"3\">Desservie par : <\/font><font><font><font><font color=\"#9364cc\" style=\"font-size: medium\">2<\/font><\/font><\/font><\/font><\/font><\/font><font size=\"3\"><font size=\"3\"><font color=\"#68b3d1\">,<\/font><\/font><font color=\"#68b3d1\"> <font size=\"3\"><font color=\"#D05EC2\"><font color=\"#d799af\">8<\/font><\/font><\/font>,<font color=\"#0019a8\"> <font size=\"3\"><font color=\"#754cc3\"><font color=\"#0019a8\">61<\/font><\/font><font color=\"#68b3d1\">,<\/font><\/font><\/font><\/font><\/font> <font size=\"3\"><font color=\"#68b3d1\"><font color=\"#0019a8\">63<\/font> ,<font color=\"#ffce00\"> 64<\/font><\/font><\/font><\/p><p>04 46 68 38 62<\/p><\/blockquote><\/figure>\n<\/div>\n<\/div>\n\n\n\n<div style=\"height:100px\" aria-hidden=\"true\" class=\"wp-block-spacer\"><\/div>\n\n\n\n<p><\/p>\n\n\n\n<p><\/p>\n","protected":false},"excerpt":{"rendered":"<p>Vous avez des questions, besoin d&rsquo;un renseignement ? Vous devez acheter des tickets ou souscrire\/renouveler votre abonnement ? Nos huit agences sont l\u00e0 pour r\u00e9pondre \u00e0 tous ces besoins avec &#8230; <a title=\"Nos Agences\" class=\"read-more\" href=\"https:\/\/seal.transport-manager.net\/kraterios\/nos-agences\/\" aria-label=\"En savoir plus sur Nos Agences\">Lire la suite<\/a><\/p>\n","protected":false},"author":53,"featured_media":0,"parent":0,"menu_order":0,"comment_status":"closed","ping_status":"closed","template":"","meta":{"footnotes":""},"class_list":["post-171","page","type-page","status-publish"],"_links":{"self":[{"href":"https:\/\/seal.transport-manager.net\/kraterios\/wp-json\/wp\/v2\/pages\/171","targetHints":{"allow":["GET"]}}],"collection":[{"href":"https:\/\/seal.transport-manager.net\/kraterios\/wp-json\/wp\/v2\/pages"}],"about":[{"href":"https:\/\/seal.transport-manager.net\/kraterios\/wp-json\/wp\/v2\/types\/page"}],"author":[{"embeddable":true,"href":"https:\/\/seal.transport-manager.net\/kraterios\/wp-json\/wp\/v2\/users\/53"}],"replies":[{"embeddable":true,"href":"https:\/\/seal.transport-manager.net\/kraterios\/wp-json\/wp\/v2\/comments?post=171"}],"version-history":[{"count":13,"href":"https:\/\/seal.transport-manager.net\/kraterios\/wp-json\/wp\/v2\/pages\/171\/revisions"}],"predecessor-version":[{"id":1565,"href":"https:\/\/seal.transport-manager.net\/kraterios\/wp-json\/wp\/v2\/pages\/171\/revisions\/1565"}],"wp:attachment":[{"href":"https:\/\/seal.transport-manager.net\/kraterios\/wp-json\/wp\/v2\/media?parent=171"}],"curies":[{"name":"wp","href":"https:\/\/api.w.org\/{rel}","templated":true}]}}