{"id":173,"date":"2021-07-23T20:32:23","date_gmt":"2021-07-23T18:32:23","guid":{"rendered":"https:\/\/seal.transport-manager.net\/kraterios\/?page_id=173"},"modified":"2022-09-05T23:42:37","modified_gmt":"2022-09-05T21:42:37","slug":"objets-perdus","status":"publish","type":"page","link":"https:\/\/seal.transport-manager.net\/kraterios\/objets-perdus\/","title":{"rendered":"Objets Perdus"},"content":{"rendered":"\n<p class=\"has-background\" style=\"background-color:#9a1733;font-size:28px;font-style:normal;font-weight:300\">D\u00e9clarer un objet perdu<\/p>\n\n\n\n<p>Vous avez perdu ou oublier un bien dans un de nos v\u00e9hicules ? Bien que mince, il reste une petite chance que votre perte soit retrouv\u00e9 par un chauffeur, ou rapport\u00e9 \u00e0 ce dernier par un usager respectable et bienveillant. C&rsquo;est pourquoi nous vous invitons \u00e0 remplir ce formulaire en ajoutant un maximum de d\u00e9tail.<br><\/p>\n\n\n<div class=\"wpforms-container wpforms-container-full wpforms-block\" id=\"wpforms-544\"><form id=\"wpforms-form-544\" class=\"wpforms-validate wpforms-form wpforms-ajax-form\" data-formid=\"544\" method=\"post\" enctype=\"multipart\/form-data\" action=\"\/kraterios\/wp-json\/wp\/v2\/pages\/173\" data-token=\"19c415e4e076f79e409484cf88158f5a\" data-token-time=\"1776970569\"><noscript class=\"wpforms-error-noscript\">Veuillez activer JavaScript dans votre navigateur pour remplir ce formulaire.<\/noscript><div class=\"wpforms-field-container\"><div id=\"wpforms-544-field_9-container\" class=\"wpforms-field wpforms-field-select wpforms-field-select-style-classic\" data-field-id=\"9\"><label class=\"wpforms-field-label\" for=\"wpforms-544-field_9\">Civilit\u00e9<\/label><select id=\"wpforms-544-field_9\" class=\"wpforms-field-medium\" name=\"wpforms[fields][9]\"><option value=\"Madame\"  selected='selected' class=\"choice-1 depth-1\"  >Madame<\/option><option value=\"Monsieur\"  class=\"choice-2 depth-1\"  >Monsieur<\/option><option value=\"Autre\"  class=\"choice-3 depth-1\"  >Autre<\/option><\/select><\/div><div id=\"wpforms-544-field_1-container\" class=\"wpforms-field wpforms-field-name\" data-field-id=\"1\"><label class=\"wpforms-field-label\">Pr\u00e9nom et Nom <span class=\"wpforms-required-label\">*<\/span><\/label><div class=\"wpforms-field-row wpforms-field-medium\"><div class=\"wpforms-field-row-block wpforms-first wpforms-one-half\"><input type=\"text\" id=\"wpforms-544-field_1\" class=\"wpforms-field-name-first wpforms-field-required\" name=\"wpforms[fields][1][first]\" required><label for=\"wpforms-544-field_1\" class=\"wpforms-field-sublabel after\">Pr\u00e9nom<\/label><\/div><div class=\"wpforms-field-row-block wpforms-one-half\"><input type=\"text\" id=\"wpforms-544-field_1-last\" class=\"wpforms-field-name-last wpforms-field-required\" name=\"wpforms[fields][1][last]\" required><label for=\"wpforms-544-field_1-last\" class=\"wpforms-field-sublabel after\">Nom<\/label><\/div><\/div><\/div><div id=\"wpforms-544-field_2-container\" class=\"wpforms-field wpforms-field-email\" data-field-id=\"2\"><label class=\"wpforms-field-label\" for=\"wpforms-544-field_2\">Email <span class=\"wpforms-required-label\">*<\/span><\/label><input type=\"email\" id=\"wpforms-544-field_2\" class=\"wpforms-field-medium wpforms-field-required\" name=\"wpforms[fields][2]\" spellcheck=\"false\" required><\/div><div id=\"wpforms-544-field_3-container\" class=\"wpforms-field wpforms-field-text\" data-field-id=\"3\"><label class=\"wpforms-field-label\" for=\"wpforms-544-field_3\">T\u00e9l\u00e9phone <span class=\"wpforms-required-label\">*<\/span><\/label><input type=\"text\" id=\"wpforms-544-field_3\" class=\"wpforms-field-medium wpforms-field-required\" name=\"wpforms[fields][3]\" required><\/div><div id=\"wpforms-544-field_15-container\" class=\"wpforms-field wpforms-field-select wpforms-field-select-style-modern\" data-field-id=\"15\"><label class=\"wpforms-field-label\" for=\"wpforms-544-field_15\">Ligne sur laquelle l&#039;incident s&#039;est produit <span class=\"wpforms-required-label\">*<\/span><\/label><select id=\"wpforms-544-field_15\" class=\"wpforms-field-medium wpforms-field-required choicesjs-select\" data-size-class=\"wpforms-field-row wpforms-field-medium\" data-search-enabled=\"1\" name=\"wpforms[fields][15]\" required=\"required\"><option value=\"\" class=\"placeholder\" disabled ><\/option><option value=\"Ligne 1\"  selected='selected' class=\"choice-12 depth-1\"  >Ligne 1<\/option><option value=\"Ligne 2\"  class=\"choice-11 depth-1\"  >Ligne 2<\/option><option value=\"Ligne 3\"  class=\"choice-10 depth-1\"  >Ligne 3<\/option><option value=\"Ligne 4\"  class=\"choice-9 depth-1\"  >Ligne 4<\/option><option value=\"Ligne 5\"  class=\"choice-8 depth-1\"  >Ligne 5<\/option><option value=\"Ligne 6\"  class=\"choice-7 depth-1\"  >Ligne 6<\/option><option value=\"Ligne 7\"  class=\"choice-6 depth-1\"  >Ligne 7<\/option><option value=\"Ligne 8\"  class=\"choice-5 depth-1\"  >Ligne 8<\/option><option value=\"Ligne 9\"  class=\"choice-4 depth-1\"  >Ligne 9<\/option><option value=\"Ligne 10\"  class=\"choice-3 depth-1\"  >Ligne 10<\/option><option value=\"Ligne 11\"  class=\"choice-14 depth-1\"  >Ligne 11<\/option><option value=\"Ligne 12\"  class=\"choice-18 depth-1\"  >Ligne 12<\/option><option value=\"Ligne 13\"  class=\"choice-17 depth-1\"  >Ligne 13<\/option><option value=\"Ligne 60\"  class=\"choice-13 depth-1\"  >Ligne 60<\/option><option value=\"Ligne 61\"  class=\"choice-15 depth-1\"  >Ligne 61<\/option><option value=\"Ligne 62\"  class=\"choice-19 depth-1\"  >Ligne 62<\/option><option value=\"Ligne 63\"  class=\"choice-20 depth-1\"  >Ligne 63<\/option><option value=\"Ligne 64\"  class=\"choice-21 depth-1\"  >Ligne 64<\/option><option value=\"Ligne 101\"  class=\"choice-22 depth-1\"  >Ligne 101<\/option><option value=\"Ligne 102\"  class=\"choice-23 depth-1\"  >Ligne 102<\/option><option value=\"Ligne 103\"  class=\"choice-24 depth-1\"  >Ligne 103<\/option><option value=\"Ligne 104\"  class=\"choice-25 depth-1\"  >Ligne 104<\/option><option value=\"Ligne 201\"  class=\"choice-26 depth-1\"  >Ligne 201<\/option><option value=\"Ligne 202\"  class=\"choice-27 depth-1\"  >Ligne 202<\/option><option value=\"Ligne 203\"  class=\"choice-28 depth-1\"  >Ligne 203<\/option><option value=\"Ligne 601\"  class=\"choice-29 depth-1\"  >Ligne 601<\/option><option value=\"Ligne 602\"  class=\"choice-30 depth-1\"  >Ligne 602<\/option><option value=\"Ligne 651\"  class=\"choice-31 depth-1\"  >Ligne 651<\/option><option value=\"Ligne 652\"  class=\"choice-32 depth-1\"  >Ligne 652<\/option><option value=\"Ligne 901\"  class=\"choice-1 depth-1\"  >Ligne 901<\/option><option value=\"Ligne 902\"  class=\"choice-2 depth-1\"  >Ligne 902<\/option><option value=\"Autre Ligne (merci de pr\u00e9ciser dans les commentaire)\"  class=\"choice-33 depth-1\"  >Autre Ligne (merci de pr\u00e9ciser dans les commentaire)<\/option><\/select><div class=\"wpforms-field-description\">Pour une ligne sp\u00e9ciale, veuillez l&rsquo;indiquer dans la section \u00ab\u00a0Commentaire\u00a0\u00bb avec le reste des informations requises.<\/div><\/div><div id=\"wpforms-544-field_29-container\" class=\"wpforms-field wpforms-field-name\" data-field-id=\"29\"><label class=\"wpforms-field-label\" for=\"wpforms-544-field_29\">Date et heure de l&#039;incident <span class=\"wpforms-required-label\">*<\/span><\/label><div class=\"wpforms-field-row wpforms-field-medium\"><div class=\"wpforms-field-row-block wpforms-first wpforms-one-half\"><input type=\"text\" id=\"wpforms-544-field_29\" class=\"wpforms-field-name-first wpforms-field-required\" name=\"wpforms[fields][29][first]\" placeholder=\"Date\" required><label for=\"wpforms-544-field_29\" class=\"wpforms-field-sublabel after wpforms-sublabel-hide\">Pr\u00e9nom<\/label><\/div><div class=\"wpforms-field-row-block wpforms-one-half\"><input type=\"text\" id=\"wpforms-544-field_29-last\" class=\"wpforms-field-name-last wpforms-field-required\" name=\"wpforms[fields][29][last]\" placeholder=\"Heure\" required><label for=\"wpforms-544-field_29-last\" class=\"wpforms-field-sublabel after wpforms-sublabel-hide\">Nom<\/label><\/div><\/div><\/div><div id=\"wpforms-544-field_6-container\" class=\"wpforms-field wpforms-field-textarea\" data-field-id=\"6\"><label class=\"wpforms-field-label\" for=\"wpforms-544-field_6\">Commentaire et pr\u00e9cisions concernant l&#039;incident<\/label><textarea id=\"wpforms-544-field_6\" class=\"wpforms-field-medium\" name=\"wpforms[fields][6]\" ><\/textarea><div class=\"wpforms-field-description\">Merci de bien vouloir d\u00e9crire l&rsquo;objet perdu, et de d\u00e9tailler le mieux possible la situation.<\/div><\/div><\/div><!-- .wpforms-field-container --><div class=\"wpforms-submit-container\" ><input type=\"hidden\" name=\"wpforms[id]\" value=\"544\"><input type=\"hidden\" name=\"page_title\" value=\"\"><input type=\"hidden\" name=\"page_url\" value=\"https:\/\/seal.transport-manager.net\/kraterios\/wp-json\/wp\/v2\/pages\/173\"><input type=\"hidden\" name=\"url_referer\" value=\"\"><button type=\"submit\" name=\"wpforms[submit]\" id=\"wpforms-submit-544\" class=\"wpforms-submit\" data-alt-text=\"R\u00e9servation en cours\" data-submit-text=\"Envoyer\" aria-live=\"assertive\" value=\"wpforms-submit\">Envoyer<\/button><img loading=\"lazy\" decoding=\"async\" src=\"https:\/\/seal.transport-manager.net\/kraterios\/wp-content\/plugins\/wpforms-lite\/assets\/images\/submit-spin.svg\" class=\"wpforms-submit-spinner\" style=\"display: none;\" width=\"26\" height=\"26\" alt=\"Chargement en cours\"><\/div><\/form><\/div>  <!-- .wpforms-container -->\n\n\n<div style=\"height:100px\" aria-hidden=\"true\" class=\"wp-block-spacer\"><\/div>\n","protected":false},"excerpt":{"rendered":"<p>D\u00e9clarer un objet perdu Vous avez perdu ou oublier un bien dans un de nos v\u00e9hicules ? Bien que mince, il reste une petite chance que votre perte soit retrouv\u00e9 &#8230; <a title=\"Objets Perdus\" class=\"read-more\" href=\"https:\/\/seal.transport-manager.net\/kraterios\/objets-perdus\/\" aria-label=\"En savoir plus sur Objets Perdus\">Lire la suite<\/a><\/p>\n","protected":false},"author":53,"featured_media":0,"parent":0,"menu_order":0,"comment_status":"closed","ping_status":"closed","template":"","meta":{"footnotes":""},"class_list":["post-173","page","type-page","status-publish"],"_links":{"self":[{"href":"https:\/\/seal.transport-manager.net\/kraterios\/wp-json\/wp\/v2\/pages\/173","targetHints":{"allow":["GET"]}}],"collection":[{"href":"https:\/\/seal.transport-manager.net\/kraterios\/wp-json\/wp\/v2\/pages"}],"about":[{"href":"https:\/\/seal.transport-manager.net\/kraterios\/wp-json\/wp\/v2\/types\/page"}],"author":[{"embeddable":true,"href":"https:\/\/seal.transport-manager.net\/kraterios\/wp-json\/wp\/v2\/users\/53"}],"replies":[{"embeddable":true,"href":"https:\/\/seal.transport-manager.net\/kraterios\/wp-json\/wp\/v2\/comments?post=173"}],"version-history":[{"count":4,"href":"https:\/\/seal.transport-manager.net\/kraterios\/wp-json\/wp\/v2\/pages\/173\/revisions"}],"predecessor-version":[{"id":1440,"href":"https:\/\/seal.transport-manager.net\/kraterios\/wp-json\/wp\/v2\/pages\/173\/revisions\/1440"}],"wp:attachment":[{"href":"https:\/\/seal.transport-manager.net\/kraterios\/wp-json\/wp\/v2\/media?parent=173"}],"curies":[{"name":"wp","href":"https:\/\/api.w.org\/{rel}","templated":true}]}}