{"id":2304,"date":"2024-10-06T20:06:52","date_gmt":"2024-10-06T18:06:52","guid":{"rendered":"https:\/\/seal.transport-manager.net\/kraterios\/?page_id=2304"},"modified":"2024-10-06T23:35:24","modified_gmt":"2024-10-06T21:35:24","slug":"ligne-14","status":"publish","type":"page","link":"https:\/\/seal.transport-manager.net\/kraterios\/ligne-14\/","title":{"rendered":"Ligne 14"},"content":{"rendered":"\n<p class=\"has-background has-huge-font-size\" style=\"background-color:#b22222\">Trinit\u00e9 \u2194 H\u00f4tel de R\u00e9gion<\/p>\n\n\n\n<p class=\"has-medium-font-size\"><strong><span style=\"text-decoration: underline\">Correspondances :<\/span><\/strong><\/p>\n\n\n\n<figure class=\"wp-block-gallery aligncenter has-nested-images columns-8 is-cropped wp-block-gallery-1 is-layout-flex wp-block-gallery-is-layout-flex\">\n<figure class=\"wp-block-image size-large is-style-default\"><a href=\"https:\/\/seal.transport-manager.net\/kraterios\/ligne-2\"><img loading=\"lazy\" decoding=\"async\" width=\"97\" height=\"97\" data-id=\"228\" src=\"https:\/\/seal.transport-manager.net\/kraterios\/wp-content\/uploads\/sites\/53\/2021\/07\/L2-1.png\" alt=\"\" class=\"wp-image-228\" \/><\/a><\/figure>\n\n\n\n<figure class=\"wp-block-image size-full is-style-default\"><img loading=\"lazy\" decoding=\"async\" width=\"97\" height=\"97\" data-id=\"231\" src=\"https:\/\/seal.transport-manager.net\/kraterios\/wp-content\/uploads\/sites\/53\/2021\/07\/L5-1.png\" alt=\"\" class=\"wp-image-231\" \/><\/figure>\n\n\n\n<figure class=\"wp-block-image size-large is-style-default\"><a href=\"https:\/\/seal.transport-manager.net\/kraterios\/ligne-9\"><img decoding=\"async\" src=\"https:\/\/transport-manager.net\/assets\/img\/lignes\/L17.png\" alt=\"\" \/><\/a><\/figure>\n\n\n\n<figure class=\"wp-block-image size-large is-style-default\"><img decoding=\"async\" src=\"https:\/\/transport-manager.net\/assets\/img\/lignes\/L18.png\" alt=\"\" \/><\/figure>\n\n\n\n<figure class=\"wp-block-image size-large is-style-default\"><img decoding=\"async\" src=\"https:\/\/transport-manager.net\/assets\/img\/lignes\/L60.png\" alt=\"\" \/><\/figure>\n\n\n\n<figure class=\"wp-block-image size-large is-style-default\"><img decoding=\"async\" src=\"https:\/\/transport-manager.net\/assets\/img\/lignes\/L64.png\" alt=\"\" \/><\/figure>\n\n\n\n<figure class=\"wp-block-image size-large is-style-default\"><img decoding=\"async\" src=\"https:\/\/transport-manager.net\/assets\/img\/lignes\/L101.png\" alt=\"\" \/><\/figure>\n\n\n\n<figure class=\"wp-block-image size-large is-style-default\"><a href=\"https:\/\/seal.transport-manager.net\/kraterios\/ligne-901\"><img decoding=\"async\" src=\"https:\/\/transport-manager.net\/assets\/img\/lignes\/L104.png\" alt=\"\" \/><\/a><\/figure>\n<\/figure>\n\n\n\n<div style=\"height:50px\" aria-hidden=\"true\" class=\"wp-block-spacer\"><\/div>\n\n\n\n<p class=\"has-medium-font-size\"><strong><span style=\"text-decoration: underline\">Informations :<\/span><\/strong><\/p>\n\n\n\n<figure class=\"wp-block-gallery has-nested-images columns-8 is-cropped wp-block-gallery-2 is-layout-flex wp-block-gallery-is-layout-flex\">\n<figure class=\"wp-block-image size-full is-style-default\"><img loading=\"lazy\" decoding=\"async\" width=\"175\" height=\"175\" data-id=\"1171\" src=\"https:\/\/seal.transport-manager.net\/kraterios\/wp-content\/uploads\/sites\/53\/2022\/08\/Logo-PMR-handicap.png\" alt=\"\" class=\"wp-image-1171\" srcset=\"https:\/\/seal.transport-manager.net\/kraterios\/wp-content\/uploads\/sites\/53\/2022\/08\/Logo-PMR-handicap.png 175w, https:\/\/seal.transport-manager.net\/kraterios\/wp-content\/uploads\/sites\/53\/2022\/08\/Logo-PMR-handicap-150x150.png 150w\" sizes=\"auto, (max-width: 175px) 100vw, 175px\" \/><\/figure>\n\n\n\n<figure class=\"wp-block-image size-full is-style-default\"><img loading=\"lazy\" decoding=\"async\" width=\"175\" height=\"175\" data-id=\"1190\" src=\"https:\/\/seal.transport-manager.net\/kraterios\/wp-content\/uploads\/sites\/53\/2022\/08\/Logo-Distributeur-Tickets.png\" alt=\"\" class=\"wp-image-1190\" srcset=\"https:\/\/seal.transport-manager.net\/kraterios\/wp-content\/uploads\/sites\/53\/2022\/08\/Logo-Distributeur-Tickets.png 175w, https:\/\/seal.transport-manager.net\/kraterios\/wp-content\/uploads\/sites\/53\/2022\/08\/Logo-Distributeur-Tickets-150x150.png 150w\" sizes=\"auto, (max-width: 175px) 100vw, 175px\" \/><\/figure>\n\n\n\n<figure class=\"wp-block-image size-full is-style-default\"><img loading=\"lazy\" decoding=\"async\" width=\"175\" height=\"175\" data-id=\"1194\" src=\"https:\/\/seal.transport-manager.net\/kraterios\/wp-content\/uploads\/sites\/53\/2022\/08\/Logo-FREE-WIFI-WIFI.png\" alt=\"\" class=\"wp-image-1194\" srcset=\"https:\/\/seal.transport-manager.net\/kraterios\/wp-content\/uploads\/sites\/53\/2022\/08\/Logo-FREE-WIFI-WIFI.png 175w, https:\/\/seal.transport-manager.net\/kraterios\/wp-content\/uploads\/sites\/53\/2022\/08\/Logo-FREE-WIFI-WIFI-150x150.png 150w\" sizes=\"auto, (max-width: 175px) 100vw, 175px\" \/><\/figure>\n\n\n\n<figure class=\"wp-block-image size-full is-style-default\"><img loading=\"lazy\" decoding=\"async\" width=\"97\" height=\"97\" data-id=\"251\" src=\"https:\/\/seal.transport-manager.net\/kraterios\/wp-content\/uploads\/sites\/53\/2021\/07\/VIDE-1.png\" alt=\"\" class=\"wp-image-251\" \/><\/figure>\n\n\n\n<figure class=\"wp-block-image size-full is-style-default\"><img loading=\"lazy\" decoding=\"async\" width=\"97\" height=\"97\" data-id=\"253\" src=\"https:\/\/seal.transport-manager.net\/kraterios\/wp-content\/uploads\/sites\/53\/2021\/07\/VIDE-3.png\" alt=\"\" class=\"wp-image-253\" \/><\/figure>\n\n\n\n<figure class=\"wp-block-image size-large is-style-default\"><img loading=\"lazy\" decoding=\"async\" width=\"97\" height=\"97\" data-id=\"252\" src=\"https:\/\/seal.transport-manager.net\/kraterios\/wp-content\/uploads\/sites\/53\/2021\/07\/VIDE-2.png\" alt=\"\" class=\"wp-image-252\" \/><\/figure>\n\n\n\n<figure class=\"wp-block-image size-large is-style-default\"><img loading=\"lazy\" decoding=\"async\" width=\"97\" height=\"97\" data-id=\"253\" src=\"https:\/\/seal.transport-manager.net\/kraterios\/wp-content\/uploads\/sites\/53\/2021\/07\/VIDE-3.png\" alt=\"\" class=\"wp-image-253\" \/><\/figure>\n\n\n\n<figure class=\"wp-block-image size-large is-style-default\"><img loading=\"lazy\" decoding=\"async\" width=\"97\" height=\"97\" data-id=\"255\" src=\"https:\/\/seal.transport-manager.net\/kraterios\/wp-content\/uploads\/sites\/53\/2021\/07\/VIDE-4.png\" alt=\"\" class=\"wp-image-255\" \/><\/figure>\n<\/figure>\n\n\n\n<div class=\"wp-block-columns is-layout-flex wp-container-core-columns-is-layout-9d6595d7 wp-block-columns-is-layout-flex\">\n<div class=\"wp-block-column is-layout-flow wp-block-column-is-layout-flow\" style=\"flex-basis:100%\">\n<div style=\"height:60px\" aria-hidden=\"true\" class=\"wp-block-spacer\"><\/div>\n<\/div>\n<\/div>\n\n\n\n<div class=\"wp-block-columns is-layout-flex wp-container-core-columns-is-layout-9d6595d7 wp-block-columns-is-layout-flex\">\n<div class=\"wp-block-column is-layout-flow wp-block-column-is-layout-flow\">\n<hr class=\"wp-block-separator has-text-color has-alpha-channel-opacity has-background is-style-default\" style=\"background-color:#fefefe;color:#fefefe\" \/>\n<\/div>\n\n\n\n<div class=\"wp-block-column is-layout-flow wp-block-column-is-layout-flow\">\n<hr class=\"wp-block-separator has-text-color has-alpha-channel-opacity has-background is-style-default\" style=\"background-color:#fefefe;color:#fefefe\" \/>\n<\/div>\n\n\n\n<div class=\"wp-block-column is-layout-flow wp-block-column-is-layout-flow\">\n<hr class=\"wp-block-separator has-text-color has-alpha-channel-opacity has-background is-style-default\" style=\"background-color:#fefefe;color:#fefefe\" \/>\n<\/div>\n\n\n\n<div class=\"wp-block-column is-layout-flow wp-block-column-is-layout-flow\">\n<hr class=\"wp-block-separator has-text-color has-alpha-channel-opacity has-background is-style-default\" style=\"background-color:#fefefe;color:#fefefe\" \/>\n<\/div>\n\n\n\n<div class=\"wp-block-column is-layout-flow wp-block-column-is-layout-flow\">\n<hr class=\"wp-block-separator has-text-color has-alpha-channel-opacity has-background is-style-default\" style=\"background-color:#fefefe;color:#fefefe\" \/>\n<\/div>\n\n\n\n<div class=\"wp-block-column is-layout-flow wp-block-column-is-layout-flow\">\n<hr class=\"wp-block-separator has-text-color has-alpha-channel-opacity has-background is-style-default\" style=\"background-color:#fefefe;color:#fefefe\" \/>\n<\/div>\n\n\n\n<div class=\"wp-block-column is-layout-flow wp-block-column-is-layout-flow\">\n<hr class=\"wp-block-separator has-text-color has-alpha-channel-opacity has-background is-style-default\" style=\"background-color:#fefefe;color:#fefefe\" \/>\n<\/div>\n\n\n\n<div class=\"wp-block-column is-layout-flow wp-block-column-is-layout-flow\">\n<hr class=\"wp-block-separator has-text-color has-alpha-channel-opacity has-background is-style-default\" style=\"background-color:#fefefe;color:#fefefe\" \/>\n<\/div>\n\n\n\n<div class=\"wp-block-column is-layout-flow wp-block-column-is-layout-flow\">\n<hr class=\"wp-block-separator has-text-color has-alpha-channel-opacity has-background is-style-default\" style=\"background-color:#fefefe;color:#fefefe\" \/>\n<\/div>\n\n\n\n<div class=\"wp-block-column has-base-color has-text-color has-link-color wp-elements-667133f63cec22a474a7909c08f6f180 is-layout-flow wp-block-column-is-layout-flow\">\n<hr class=\"wp-block-separator has-text-color has-alpha-channel-opacity has-background is-style-default\" style=\"background-color:#fefefe;color:#fefefe\" \/>\n<\/div>\n\n\n\n<div class=\"wp-block-column has-base-color has-text-color has-link-color wp-elements-667133f63cec22a474a7909c08f6f180 is-layout-flow wp-block-column-is-layout-flow\">\n<hr class=\"wp-block-separator has-text-color has-alpha-channel-opacity has-background is-style-default\" style=\"background-color:#fefefe;color:#fefefe\" \/>\n<\/div>\n\n\n\n<div class=\"wp-block-column has-base-color has-text-color has-link-color wp-elements-667133f63cec22a474a7909c08f6f180 is-layout-flow wp-block-column-is-layout-flow\">\n<hr class=\"wp-block-separator has-text-color has-alpha-channel-opacity has-background is-style-default\" style=\"background-color:#fefefe;color:#fefefe\" \/>\n<\/div>\n\n\n\n<div class=\"wp-block-column is-layout-flow wp-block-column-is-layout-flow\">\n<hr class=\"wp-block-separator has-text-color has-alpha-channel-opacity has-background is-style-default\" style=\"background-color:#fefefe;color:#fefefe\" \/>\n<\/div>\n\n\n\n<div class=\"wp-block-column is-layout-flow wp-block-column-is-layout-flow\">\n<hr class=\"wp-block-separator has-text-color has-alpha-channel-opacity has-background is-style-default\" style=\"background-color:#fefefe;color:#fefefe\" \/>\n<\/div>\n\n\n\n<div class=\"wp-block-column is-layout-flow wp-block-column-is-layout-flow\">\n<hr class=\"wp-block-separator has-text-color has-alpha-channel-opacity has-background is-style-default\" style=\"background-color:#fefefe;color:#fefefe\" \/>\n<\/div>\n\n\n\n<div class=\"wp-block-column is-layout-flow wp-block-column-is-layout-flow\">\n<hr class=\"wp-block-separator has-text-color has-alpha-channel-opacity has-background is-style-default\" style=\"background-color:#fefefe;color:#fefefe\" \/>\n<\/div>\n\n\n\n<div class=\"wp-block-column is-layout-flow wp-block-column-is-layout-flow\">\n<hr class=\"wp-block-separator has-text-color has-alpha-channel-opacity has-background is-style-default\" style=\"background-color:#fefefe;color:#fefefe\" \/>\n<\/div>\n\n\n\n<div class=\"wp-block-column is-layout-flow wp-block-column-is-layout-flow\">\n<hr class=\"wp-block-separator has-text-color has-alpha-channel-opacity has-background is-style-default\" style=\"background-color:#fefefe;color:#fefefe\" \/>\n<\/div>\n\n\n\n<div class=\"wp-block-column is-layout-flow wp-block-column-is-layout-flow\">\n<hr class=\"wp-block-separator has-text-color has-alpha-channel-opacity has-background is-style-default\" style=\"background-color:#fefefe;color:#fefefe\" \/>\n<\/div>\n\n\n\n<div class=\"wp-block-column is-layout-flow wp-block-column-is-layout-flow\">\n<hr class=\"wp-block-separator has-text-color has-alpha-channel-opacity has-background is-style-default\" style=\"background-color:#fefefe;color:#fefefe\" \/>\n<\/div>\n\n\n\n<div class=\"wp-block-column is-layout-flow wp-block-column-is-layout-flow\">\n<hr class=\"wp-block-separator has-text-color has-alpha-channel-opacity has-background is-style-default\" style=\"background-color:#fefefe;color:#fefefe\" \/>\n<\/div>\n\n\n\n<div class=\"wp-block-column is-layout-flow wp-block-column-is-layout-flow\">\n<hr class=\"wp-block-separator has-text-color has-alpha-channel-opacity has-background is-style-default\" style=\"background-color:#fefefe;color:#fefefe\" \/>\n<\/div>\n<\/div>\n\n\n\n<p><br><\/p>\n\n\n\n<div style=\"height:1px\" aria-hidden=\"true\" class=\"wp-block-spacer\"><\/div>\n\n\n\n<p style=\"font-size:25px\"><strong>Fr\u00e9quentation du <mark style=\"background-color:#b22222\" class=\"has-inline-color\">Lundi au Vendredi<\/mark><\/strong> :<\/p>\n\n\n\n<figure class=\"wp-block-table is-style-regular\"><table><tbody><tr><td class=\"has-text-align-left\" data-align=\"left\"><\/td><td class=\"has-text-align-center\" data-align=\"center\">05h00 \u00e0<br>07h30<\/td><td class=\"has-text-align-center\" data-align=\"center\">07h30 \u00e0<br>09h30<\/td><td class=\"has-text-align-center\" data-align=\"center\">09h30 \u00e0<br>11h30<\/td><td class=\"has-text-align-center\" data-align=\"center\">11h30 \u00e0<br>13h30<\/td><td class=\"has-text-align-center\" data-align=\"center\">13h30 \u00e0<br>16h00<\/td><td class=\"has-text-align-center\" data-align=\"center\">16h00 \u00e0<br>18h00<\/td><td class=\"has-text-align-center\" data-align=\"center\">18h00 \u00e0<br>20h00<\/td><td class=\"has-text-align-center\" data-align=\"center\">20h00 \u00e0<br>00h00<\/td><\/tr><tr><td class=\"has-text-align-left\" data-align=\"left\">Fr\u00e9quences<\/td><td class=\"has-text-align-center\" data-align=\"center\">16 min.<\/td><td class=\"has-text-align-center\" data-align=\"center\">12 min.<\/td><td class=\"has-text-align-center\" data-align=\"center\">16 min.<\/td><td class=\"has-text-align-center\" data-align=\"center\">12min.<\/td><td class=\"has-text-align-center\" data-align=\"center\">16 min.<\/td><td class=\"has-text-align-center\" data-align=\"center\">12 min.<\/td><td class=\"has-text-align-center\" data-align=\"center\">16 min.<\/td><td class=\"has-text-align-center\" data-align=\"center\">24 min.<\/td><\/tr><\/tbody><\/table><\/figure>\n\n\n\n<div style=\"height:100px\" aria-hidden=\"true\" class=\"wp-block-spacer\"><\/div>\n\n\n\n<p style=\"font-size:25px\"><strong>Fr\u00e9quentation du <mark style=\"background-color:#b22222\" class=\"has-inline-color\">Samedi<\/mark><\/strong> :<\/p>\n\n\n\n<figure class=\"wp-block-table is-style-regular\"><table><tbody><tr><td class=\"has-text-align-left\" data-align=\"left\"><\/td><td class=\"has-text-align-center\" data-align=\"center\">05h00 \u00e0<br>07h00<\/td><td class=\"has-text-align-center\" data-align=\"center\">07h30 \u00e0<br>10h30<\/td><td class=\"has-text-align-center\" data-align=\"center\">10h30 \u00e0<br>11h30<\/td><td class=\"has-text-align-center\" data-align=\"center\">11h30 \u00e0<br>14h00<\/td><td class=\"has-text-align-center\" data-align=\"center\">14h00 \u00e0<br>17h00<\/td><td class=\"has-text-align-center\" data-align=\"center\">17h00 \u00e0<br>20h00<\/td><td class=\"has-text-align-center\" data-align=\"center\">20h00 \u00e0<br>00h00<\/td><\/tr><tr><td class=\"has-text-align-left\" data-align=\"left\">Fr\u00e9quences<\/td><td class=\"has-text-align-center\" data-align=\"center\">24 min.<\/td><td class=\"has-text-align-center\" data-align=\"center\">16 min.<\/td><td class=\"has-text-align-center\" data-align=\"center\">24 min.<\/td><td class=\"has-text-align-center\" data-align=\"center\">16 min.<\/td><td class=\"has-text-align-center\" data-align=\"center\">24 min.<\/td><td class=\"has-text-align-center\" data-align=\"center\">16 min.<\/td><td class=\"has-text-align-center\" data-align=\"center\">24 min.<\/td><\/tr><\/tbody><\/table><\/figure>\n\n\n\n<div style=\"height:100px\" aria-hidden=\"true\" class=\"wp-block-spacer\"><\/div>\n\n\n\n<p style=\"font-size:25px\"><strong>Fr\u00e9quentation du <mark style=\"background-color:#b22222\" class=\"has-inline-color\">Dimanche &amp; Jours F\u00e9ri\u00e9s<\/mark> :<\/strong><\/p>\n\n\n\n<figure class=\"wp-block-table is-style-regular\"><table><tbody><tr><td class=\"has-text-align-left\" data-align=\"left\"><\/td><td class=\"has-text-align-center\" data-align=\"center\">05h30 \u00e0<br>09h00<\/td><td class=\"has-text-align-center\" data-align=\"center\">09h00 \u00e0<br>14h00<\/td><td class=\"has-text-align-center\" data-align=\"center\">14h00 \u00e0<br>16h30<\/td><td class=\"has-text-align-center\" data-align=\"center\">16h30 \u00e0<br>19h30<\/td><td class=\"has-text-align-center\" data-align=\"center\">19h30 \u00e0<br>22h30<\/td><\/tr><tr><td class=\"has-text-align-left\" data-align=\"left\">Fr\u00e9quences<\/td><td class=\"has-text-align-center\" data-align=\"center\">24 min.<\/td><td class=\"has-text-align-center\" data-align=\"center\">24 min.<\/td><td class=\"has-text-align-center\" data-align=\"center\">24 min.<\/td><td class=\"has-text-align-center\" data-align=\"center\">24 min.<\/td><td class=\"has-text-align-center\" data-align=\"center\">24 min.<\/td><\/tr><\/tbody><\/table><\/figure>\n\n\n\n<div class=\"wp-block-columns is-layout-flex wp-container-core-columns-is-layout-9d6595d7 wp-block-columns-is-layout-flex\">\n<div class=\"wp-block-column is-layout-flow wp-block-column-is-layout-flow\">\n<hr class=\"wp-block-separator has-text-color has-alpha-channel-opacity has-background is-style-default\" style=\"background-color:#fefefe;color:#fefefe\" \/>\n<\/div>\n\n\n\n<div class=\"wp-block-column is-layout-flow wp-block-column-is-layout-flow\">\n<hr class=\"wp-block-separator has-text-color has-alpha-channel-opacity has-background is-style-default\" style=\"background-color:#fefefe;color:#fefefe\" \/>\n<\/div>\n\n\n\n<div class=\"wp-block-column is-layout-flow wp-block-column-is-layout-flow\">\n<hr class=\"wp-block-separator has-text-color has-alpha-channel-opacity has-background is-style-default\" style=\"background-color:#fefefe;color:#fefefe\" \/>\n<\/div>\n\n\n\n<div class=\"wp-block-column is-layout-flow wp-block-column-is-layout-flow\">\n<hr class=\"wp-block-separator has-text-color has-alpha-channel-opacity has-background is-style-default\" style=\"background-color:#fefefe;color:#fefefe\" \/>\n<\/div>\n\n\n\n<div class=\"wp-block-column is-layout-flow wp-block-column-is-layout-flow\">\n<hr class=\"wp-block-separator has-text-color has-alpha-channel-opacity has-background is-style-default\" style=\"background-color:#fefefe;color:#fefefe\" \/>\n<\/div>\n\n\n\n<div class=\"wp-block-column is-layout-flow wp-block-column-is-layout-flow\">\n<hr class=\"wp-block-separator has-text-color has-alpha-channel-opacity has-background is-style-default\" style=\"background-color:#fefefe;color:#fefefe\" \/>\n<\/div>\n\n\n\n<div class=\"wp-block-column is-layout-flow wp-block-column-is-layout-flow\">\n<hr class=\"wp-block-separator has-text-color has-alpha-channel-opacity has-background is-style-default\" style=\"background-color:#fefefe;color:#fefefe\" \/>\n<\/div>\n\n\n\n<div class=\"wp-block-column is-layout-flow wp-block-column-is-layout-flow\">\n<hr class=\"wp-block-separator has-text-color has-alpha-channel-opacity has-background is-style-default\" style=\"background-color:#fefefe;color:#fefefe\" \/>\n<\/div>\n\n\n\n<div class=\"wp-block-column is-layout-flow wp-block-column-is-layout-flow\">\n<hr class=\"wp-block-separator has-text-color has-alpha-channel-opacity has-background is-style-default\" style=\"background-color:#fefefe;color:#fefefe\" \/>\n<\/div>\n\n\n\n<div class=\"wp-block-column has-base-color has-text-color has-link-color wp-elements-667133f63cec22a474a7909c08f6f180 is-layout-flow wp-block-column-is-layout-flow\">\n<hr class=\"wp-block-separator has-text-color has-alpha-channel-opacity has-background is-style-default\" style=\"background-color:#fefefe;color:#fefefe\" \/>\n<\/div>\n\n\n\n<div class=\"wp-block-column has-base-color has-text-color has-link-color wp-elements-667133f63cec22a474a7909c08f6f180 is-layout-flow wp-block-column-is-layout-flow\">\n<hr class=\"wp-block-separator has-text-color has-alpha-channel-opacity has-background is-style-default\" style=\"background-color:#fefefe;color:#fefefe\" \/>\n<\/div>\n\n\n\n<div class=\"wp-block-column has-base-color has-text-color has-link-color wp-elements-667133f63cec22a474a7909c08f6f180 is-layout-flow wp-block-column-is-layout-flow\">\n<hr class=\"wp-block-separator has-text-color has-alpha-channel-opacity has-background is-style-default\" style=\"background-color:#fefefe;color:#fefefe\" \/>\n<\/div>\n\n\n\n<div class=\"wp-block-column is-layout-flow wp-block-column-is-layout-flow\">\n<hr class=\"wp-block-separator has-text-color has-alpha-channel-opacity has-background is-style-default\" style=\"background-color:#fefefe;color:#fefefe\" \/>\n<\/div>\n\n\n\n<div class=\"wp-block-column is-layout-flow wp-block-column-is-layout-flow\">\n<hr class=\"wp-block-separator has-text-color has-alpha-channel-opacity has-background is-style-default\" style=\"background-color:#fefefe;color:#fefefe\" \/>\n<\/div>\n\n\n\n<div class=\"wp-block-column is-layout-flow wp-block-column-is-layout-flow\">\n<hr class=\"wp-block-separator has-text-color has-alpha-channel-opacity has-background is-style-default\" style=\"background-color:#fefefe;color:#fefefe\" \/>\n<\/div>\n\n\n\n<div class=\"wp-block-column is-layout-flow wp-block-column-is-layout-flow\">\n<hr class=\"wp-block-separator has-text-color has-alpha-channel-opacity has-background is-style-default\" style=\"background-color:#fefefe;color:#fefefe\" \/>\n<\/div>\n\n\n\n<div class=\"wp-block-column is-layout-flow wp-block-column-is-layout-flow\">\n<hr class=\"wp-block-separator has-text-color has-alpha-channel-opacity has-background is-style-default\" style=\"background-color:#fefefe;color:#fefefe\" \/>\n<\/div>\n\n\n\n<div class=\"wp-block-column is-layout-flow wp-block-column-is-layout-flow\">\n<hr class=\"wp-block-separator has-text-color has-alpha-channel-opacity has-background is-style-default\" style=\"background-color:#fefefe;color:#fefefe\" \/>\n<\/div>\n\n\n\n<div class=\"wp-block-column is-layout-flow wp-block-column-is-layout-flow\">\n<hr class=\"wp-block-separator has-text-color has-alpha-channel-opacity has-background is-style-default\" style=\"background-color:#fefefe;color:#fefefe\" \/>\n<\/div>\n\n\n\n<div class=\"wp-block-column is-layout-flow wp-block-column-is-layout-flow\">\n<hr class=\"wp-block-separator has-text-color has-alpha-channel-opacity has-background is-style-default\" style=\"background-color:#fefefe;color:#fefefe\" \/>\n<\/div>\n\n\n\n<div class=\"wp-block-column is-layout-flow wp-block-column-is-layout-flow\">\n<hr class=\"wp-block-separator has-text-color has-alpha-channel-opacity has-background is-style-default\" style=\"background-color:#fefefe;color:#fefefe\" \/>\n<\/div>\n\n\n\n<div class=\"wp-block-column is-layout-flow wp-block-column-is-layout-flow\">\n<hr class=\"wp-block-separator has-text-color has-alpha-channel-opacity has-background is-style-default\" style=\"background-color:#fefefe;color:#fefefe\" \/>\n<\/div>\n<\/div>\n\n\n\n<p><\/p>\n\n\n\n<figure class=\"wp-block-gallery has-nested-images columns-default is-cropped wp-block-gallery-3 is-layout-flex wp-block-gallery-is-layout-flex\">\n<figure class=\"wp-block-image size-large is-style-default\"><img decoding=\"async\" src=\"https:\/\/transport-manager.net\/assets\/img\/lignes\/N5_L14_trans1.png\" alt=\"\" \/><\/figure>\n<\/figure>\n","protected":false},"excerpt":{"rendered":"<p>Trinit\u00e9 \u2194 H\u00f4tel de R\u00e9gion Correspondances : Informations : Fr\u00e9quentation du Lundi au Vendredi : 05h00 \u00e007h30 07h30 \u00e009h30 09h30 \u00e011h30 11h30 \u00e013h30 13h30 \u00e016h00 16h00 \u00e018h00 18h00 \u00e020h00 20h00 &#8230; <a title=\"Ligne 14\" class=\"read-more\" href=\"https:\/\/seal.transport-manager.net\/kraterios\/ligne-14\/\" aria-label=\"En savoir plus sur Ligne 14\">Lire la suite<\/a><\/p>\n","protected":false},"author":53,"featured_media":0,"parent":0,"menu_order":0,"comment_status":"closed","ping_status":"closed","template":"","meta":{"footnotes":""},"class_list":["post-2304","page","type-page","status-publish"],"_links":{"self":[{"href":"https:\/\/seal.transport-manager.net\/kraterios\/wp-json\/wp\/v2\/pages\/2304","targetHints":{"allow":["GET"]}}],"collection":[{"href":"https:\/\/seal.transport-manager.net\/kraterios\/wp-json\/wp\/v2\/pages"}],"about":[{"href":"https:\/\/seal.transport-manager.net\/kraterios\/wp-json\/wp\/v2\/types\/page"}],"author":[{"embeddable":true,"href":"https:\/\/seal.transport-manager.net\/kraterios\/wp-json\/wp\/v2\/users\/53"}],"replies":[{"embeddable":true,"href":"https:\/\/seal.transport-manager.net\/kraterios\/wp-json\/wp\/v2\/comments?post=2304"}],"version-history":[{"count":4,"href":"https:\/\/seal.transport-manager.net\/kraterios\/wp-json\/wp\/v2\/pages\/2304\/revisions"}],"predecessor-version":[{"id":2340,"href":"https:\/\/seal.transport-manager.net\/kraterios\/wp-json\/wp\/v2\/pages\/2304\/revisions\/2340"}],"wp:attachment":[{"href":"https:\/\/seal.transport-manager.net\/kraterios\/wp-json\/wp\/v2\/media?parent=2304"}],"curies":[{"name":"wp","href":"https:\/\/api.w.org\/{rel}","templated":true}]}}