{"id":36,"date":"2021-07-21T17:10:49","date_gmt":"2021-07-21T15:10:49","guid":{"rendered":"https:\/\/seal.transport-manager.net\/kraterios\/?page_id=36"},"modified":"2024-10-06T23:31:46","modified_gmt":"2024-10-06T21:31:46","slug":"notre-reseau","status":"publish","type":"page","link":"https:\/\/seal.transport-manager.net\/kraterios\/notre-reseau\/","title":{"rendered":"Notre R\u00e9seau"},"content":{"rendered":"\n<p>Depuis sa cr\u00e9ation, ChryoLine s&rsquo;efforce \u00e0 r\u00e9pondre aux besoins de mobilit\u00e9 de tous les habitants, \u00e0 travers des enqu\u00eates d&rsquo;int\u00e9r\u00eat et des \u00e9tudes de la demande. Ainsi est n\u00e9 un r\u00e9seau urbain comprenant 13 lignes principales (dont 3 LHNS), ainsi que 5 lignes secondaires. De plus, notre service de transport \u00e0 la demande couvre deux parcours suppl\u00e9mentaires. Enfin, des lignes sp\u00e9ciales et provisoires sont trac\u00e9es afin de r\u00e9pondre \u00e0 un besoin ponctuel ou saisonnier.<\/p>\n\n\n\n<p>Puis ChryoLine a ouvert son r\u00e9seau \u00e0 l&rsquo;extra-urbain, permettant \u00e0 chaque usagers en p\u00e9riph\u00e9rie de ville, ou m\u00eame dans les communes voisines, de r\u00e9aliser ses trajets de mani\u00e8re \u00e9coresponsable, \u00e0 travers les transports en commun.<\/p>\n\n\n\n<p>Aujourd&rsquo;hui, nous sommes fiers de ce r\u00e9seau con\u00e7u ensemble, car il s&rsquo;agit bien l\u00e0 d&rsquo;une vaste collaboration pour en arriver \u00e0 ce r\u00e9sultat. Et le plus beau dans cette histoire, c&rsquo;est que ce n&rsquo;est encore que le d\u00e9but ! <\/p>\n\n\n\n<p><\/p>\n\n\n\n<p class=\"has-background\" style=\"background-color:#9a1733;font-size:28px;font-style:normal;font-weight:300\">R\u00e9seau Urbain <\/p>\n\n\n\n<figure class=\"wp-block-image size-large\"><img decoding=\"async\" src=\"https:\/\/transport-manager.net\/assets\/img\/lignes\/Plan_N5.png\" alt=\"\" \/><figcaption class=\"wp-element-caption\"><em><sub>\u00a9Transport Manager<\/sub><\/em><\/figcaption><\/figure>\n\n\n\n<div style=\"height:15px\" aria-hidden=\"true\" class=\"wp-block-spacer\"><\/div>\n\n\n\n<hr class=\"wp-block-separator has-text-color has-css-opacity has-background is-style-dots\" style=\"background-color:#ffffff;color:#ffffff\" \/>\n\n\n\n<div style=\"height:15px\" aria-hidden=\"true\" class=\"wp-block-spacer\"><\/div>\n\n\n\n<p class=\"has-background\" style=\"background-color:#cd6435;font-size:28px;font-style:normal;font-weight:300\">R\u00e9seau P\u00e9ri-urbain<\/p>\n\n\n\n<figure class=\"wp-block-image size-large is-style-default\"><img decoding=\"async\" src=\"https:\/\/transport-manager.net\/assets\/img\/lignes\/Plan_N5_suburbain.png\" alt=\"\" \/><figcaption class=\"wp-element-caption\"><em><sub>\u00a9Transport Manager<\/sub><\/em><\/figcaption><\/figure>\n\n\n\n<div style=\"height:15px\" aria-hidden=\"true\" class=\"wp-block-spacer\"><\/div>\n\n\n\n<hr class=\"wp-block-separator has-text-color has-css-opacity has-background is-style-dots\" style=\"background-color:#ffffff;color:#ffffff\" \/>\n\n\n\n<div style=\"height:15px\" aria-hidden=\"true\" class=\"wp-block-spacer\"><\/div>\n\n\n\n<p class=\"has-background\" style=\"background-color:#a4c546;font-size:28px;font-style:normal;font-weight:300\">R\u00e9seau Interurbain<\/p>\n\n\n\n<figure class=\"wp-block-image size-large is-style-default\"><img decoding=\"async\" src=\"https:\/\/transport-manager.net\/assets\/img\/lignes\/Plan_N5_interurbain.png\" alt=\"\" \/><figcaption class=\"wp-element-caption\"><em><sub>\u00a9Transport Manager<\/sub><\/em><\/figcaption><\/figure>\n","protected":false},"excerpt":{"rendered":"<p>Depuis sa cr\u00e9ation, ChryoLine s&rsquo;efforce \u00e0 r\u00e9pondre aux besoins de mobilit\u00e9 de tous les habitants, \u00e0 travers des enqu\u00eates d&rsquo;int\u00e9r\u00eat et des \u00e9tudes de la demande. Ainsi est n\u00e9 un &#8230; <a title=\"Notre R\u00e9seau\" class=\"read-more\" href=\"https:\/\/seal.transport-manager.net\/kraterios\/notre-reseau\/\" aria-label=\"En savoir plus sur Notre R\u00e9seau\">Lire la suite<\/a><\/p>\n","protected":false},"author":53,"featured_media":0,"parent":0,"menu_order":0,"comment_status":"closed","ping_status":"closed","template":"","meta":{"footnotes":""},"class_list":["post-36","page","type-page","status-publish"],"_links":{"self":[{"href":"https:\/\/seal.transport-manager.net\/kraterios\/wp-json\/wp\/v2\/pages\/36","targetHints":{"allow":["GET"]}}],"collection":[{"href":"https:\/\/seal.transport-manager.net\/kraterios\/wp-json\/wp\/v2\/pages"}],"about":[{"href":"https:\/\/seal.transport-manager.net\/kraterios\/wp-json\/wp\/v2\/types\/page"}],"author":[{"embeddable":true,"href":"https:\/\/seal.transport-manager.net\/kraterios\/wp-json\/wp\/v2\/users\/53"}],"replies":[{"embeddable":true,"href":"https:\/\/seal.transport-manager.net\/kraterios\/wp-json\/wp\/v2\/comments?post=36"}],"version-history":[{"count":8,"href":"https:\/\/seal.transport-manager.net\/kraterios\/wp-json\/wp\/v2\/pages\/36\/revisions"}],"predecessor-version":[{"id":2331,"href":"https:\/\/seal.transport-manager.net\/kraterios\/wp-json\/wp\/v2\/pages\/36\/revisions\/2331"}],"wp:attachment":[{"href":"https:\/\/seal.transport-manager.net\/kraterios\/wp-json\/wp\/v2\/media?parent=36"}],"curies":[{"name":"wp","href":"https:\/\/api.w.org\/{rel}","templated":true}]}}