{"id":40,"date":"2021-07-21T17:18:09","date_gmt":"2021-07-21T15:18:09","guid":{"rendered":"https:\/\/seal.transport-manager.net\/kraterios\/?page_id=40"},"modified":"2024-11-06T18:31:14","modified_gmt":"2024-11-06T17:31:14","slug":"accueil","status":"publish","type":"page","link":"https:\/\/seal.transport-manager.net\/kraterios\/","title":{"rendered":"Accueil"},"content":{"rendered":"<div class=\"wp-block-image is-style-default\">\n<figure class=\"aligncenter size-large is-resized\"><img loading=\"lazy\" decoding=\"async\" width=\"1024\" height=\"427\" src=\"https:\/\/seal.transport-manager.net\/kraterios\/wp-content\/uploads\/sites\/53\/2022\/10\/Banniere-provisoire-aux-nouvelles-couleurs-1-1024x427.png\" alt=\"\" class=\"wp-image-1536\" style=\"width:1342px;height:559px\" srcset=\"https:\/\/seal.transport-manager.net\/kraterios\/wp-content\/uploads\/sites\/53\/2022\/10\/Banniere-provisoire-aux-nouvelles-couleurs-1-1024x427.png 1024w, https:\/\/seal.transport-manager.net\/kraterios\/wp-content\/uploads\/sites\/53\/2022\/10\/Banniere-provisoire-aux-nouvelles-couleurs-1-300x125.png 300w, https:\/\/seal.transport-manager.net\/kraterios\/wp-content\/uploads\/sites\/53\/2022\/10\/Banniere-provisoire-aux-nouvelles-couleurs-1-768x320.png 768w, https:\/\/seal.transport-manager.net\/kraterios\/wp-content\/uploads\/sites\/53\/2022\/10\/Banniere-provisoire-aux-nouvelles-couleurs-1.png 1200w\" sizes=\"auto, (max-width: 1024px) 100vw, 1024px\" \/><\/figure>\n<\/div>\n\n\n<div style=\"height:25px\" aria-hidden=\"true\" class=\"wp-block-spacer\"><\/div>\n\n\n\n<div class=\"wp-block-columns is-layout-flex wp-container-core-columns-is-layout-9d6595d7 wp-block-columns-is-layout-flex\">\n<div class=\"wp-block-column is-layout-flow wp-block-column-is-layout-flow\" style=\"flex-basis:30%\">\n<p class=\"has-text-color\" style=\"color:#9a1733;font-size:35px\"><strong>Notre Actu &#8211;<\/strong><\/p>\n\n\n<ul class=\"wp-block-latest-posts__list has-dates alignleft wp-block-latest-posts\"><li><a class=\"wp-block-latest-posts__post-title\" href=\"https:\/\/seal.transport-manager.net\/kraterios\/2024\/10\/08\/quelque-chose-de-colossal-se-tram-sur-notre-reseau\/\">Quelque chose de colossal se TRAM sur notre r\u00e9seau !<\/a><time datetime=\"2024-10-08T23:00:01+02:00\" class=\"wp-block-latest-posts__post-date\">8 octobre 2024<\/time><\/li>\n<li><a class=\"wp-block-latest-posts__post-title\" href=\"https:\/\/seal.transport-manager.net\/kraterios\/2024\/07\/15\/plus-de-500-collaborateurs-et-des-investissements-consequents\/\">Plus de 500 collaborateurs et des investissements cons\u00e9quents<\/a><time datetime=\"2024-07-15T22:34:39+02:00\" class=\"wp-block-latest-posts__post-date\">15 juillet 2024<\/time><\/li>\n<li><a class=\"wp-block-latest-posts__post-title\" href=\"https:\/\/seal.transport-manager.net\/kraterios\/2023\/12\/06\/et-si-on-terminait-lannee-en-electrique\/\">Et si on terminait l&rsquo;ann\u00e9e en \u00e9lectrique ?<\/a><time datetime=\"2023-12-06T17:32:47+01:00\" class=\"wp-block-latest-posts__post-date\">6 d\u00e9cembre 2023<\/time><\/li>\n<\/ul><\/div>\n\n\n\n<div class=\"wp-block-column is-vertically-aligned-center is-layout-flow wp-block-column-is-layout-flow\" style=\"flex-basis:8px\"><\/div>\n\n\n\n<div class=\"wp-block-column is-layout-flow wp-block-column-is-layout-flow\" style=\"flex-basis:60%\">\n<p class=\"has-text-color\" style=\"color:#9a1733;font-size:35px\"><strong>Point sur l&rsquo;Info Trafic<\/strong><\/p>\n<p align=\"lft\">\n\n\n\n<figure class=\"wp-block-gallery has-nested-images columns-default is-cropped wp-block-gallery-1 is-layout-flex wp-block-gallery-is-layout-flex\">\n<figure class=\"wp-block-image size-large is-style-rounded\"><a href=\"https:\/\/seal.transport-manager.net\/kraterios\/2021\/07\/23\/info-traffic\/\"><img loading=\"lazy\" decoding=\"async\" width=\"1024\" height=\"149\" data-id=\"2212\" src=\"https:\/\/seal.transport-manager.net\/kraterios\/wp-content\/uploads\/sites\/53\/2024\/08\/Capture-decran-2024-08-25-185505-1024x149.png\" alt=\"\" class=\"wp-image-2212\" srcset=\"https:\/\/seal.transport-manager.net\/kraterios\/wp-content\/uploads\/sites\/53\/2024\/08\/Capture-decran-2024-08-25-185505-1024x149.png 1024w, https:\/\/seal.transport-manager.net\/kraterios\/wp-content\/uploads\/sites\/53\/2024\/08\/Capture-decran-2024-08-25-185505-300x44.png 300w, https:\/\/seal.transport-manager.net\/kraterios\/wp-content\/uploads\/sites\/53\/2024\/08\/Capture-decran-2024-08-25-185505-768x112.png 768w, https:\/\/seal.transport-manager.net\/kraterios\/wp-content\/uploads\/sites\/53\/2024\/08\/Capture-decran-2024-08-25-185505.png 1432w\" sizes=\"auto, (max-width: 1024px) 100vw, 1024px\" \/><\/a><\/figure>\n<\/figure>\n\n\n\n<br>\nAucune perturbation majeure n&rsquo;impacte le r\u00e9seau<\/br>\n<br>\n<font color=\"#f1ab00\">Ligne 3: deux arr\u00eats provisoirement relocalis\u00e9s.<\/font><\/br>\n<font color=\"#ffce00\">Ligne 12: accident d&rsquo;un bus, une attente suppl\u00e9mentaire de 3minutes maximum.<\/font><\/br>\n<br>\n\nPour de plus amples informations, merci de consulter les pages : <a href=\"https:\/\/seal.transport-manager.net\/kraterios\/2021\/07\/23\/info-traffic\/\">Info Trafic<\/a>, ou <a href=\"https:\/\/seal.transport-manager.net\/kraterios\/actualites\/\">Actualit\u00e9s<\/a>.\n<\/div>\n<\/div>\n\n\n\n<div style=\"height:60px\" aria-hidden=\"true\" class=\"wp-block-spacer\"><\/div>\n\n\n\n<div class=\"wp-block-columns is-layout-flex wp-container-core-columns-is-layout-9d6595d7 wp-block-columns-is-layout-flex\">\n<div class=\"wp-block-column is-layout-flow wp-block-column-is-layout-flow\" style=\"flex-basis:100%\">\n<div class=\"wp-block-columns is-layout-flex wp-container-core-columns-is-layout-9d6595d7 wp-block-columns-is-layout-flex\">\n<div class=\"wp-block-column is-layout-flow wp-block-column-is-layout-flow\">\n<hr class=\"wp-block-separator aligncenter has-text-color has-alpha-channel-opacity has-background is-style-default\" style=\"background-color:#b8d9ab;color:#b8d9ab\" \/>\n\n\n\n<div style=\"height:20px\" aria-hidden=\"true\" class=\"wp-block-spacer\"><\/div>\n\n\n\n<div class=\"wp-block-buttons is-layout-flex wp-block-buttons-is-layout-flex\">\n<div class=\"wp-block-button has-custom-width wp-block-button__width-100 has-custom-font-size is-style-secondary is-style-outline has-small-font-size is-style-outline--2\" style=\"font-style:italic;font-weight:600;letter-spacing:8px\"><a class=\"wp-block-button__link has-contrast-background-color has-text-color has-background wp-element-button\" href=\"https:\/\/seal.transport-manager.net\/kraterios\/nos-lignes\/\" style=\"border-radius:8px;color:#b8d9ab\">LIGNES<br><font size=\"6pt\">URBAINES<\/font><\/a><\/div>\n<\/div>\n\n\n\n<div style=\"height:20px\" aria-hidden=\"true\" class=\"wp-block-spacer\"><\/div>\n\n\n\n<hr class=\"wp-block-separator aligncenter has-text-color has-alpha-channel-opacity has-background is-style-default\" style=\"background-color:#b8d9ab;color:#b8d9ab\" \/>\n<\/div>\n\n\n\n<div class=\"wp-block-column is-layout-flow wp-block-column-is-layout-flow\">\n<hr class=\"wp-block-separator aligncenter has-text-color has-alpha-channel-opacity has-background is-style-default\" style=\"background-color:#9a1733;color:#9a1733\" \/>\n\n\n\n<div style=\"height:20px\" aria-hidden=\"true\" class=\"wp-block-spacer\"><\/div>\n\n\n\n<div class=\"wp-block-buttons is-layout-flex wp-block-buttons-is-layout-flex\">\n<div class=\"wp-block-button has-custom-width wp-block-button__width-100 has-custom-font-size is-style-secondary is-style-outline has-small-font-size is-style-outline--3\" style=\"font-style:italic;font-weight:600;letter-spacing:8px\"><a class=\"wp-block-button__link has-contrast-background-color has-text-color has-background wp-element-button\" href=\"https:\/\/seal.transport-manager.net\/kraterios\/nos-lignes-extra-urbaines\/\" style=\"border-radius:8px;color:#9a1733\">LIGNES<br><font size=\"6pt\">EXTRA-URBAINES<\/font><\/a><\/div>\n<\/div>\n\n\n\n<div style=\"height:20px\" aria-hidden=\"true\" class=\"wp-block-spacer\"><\/div>\n\n\n\n<hr class=\"wp-block-separator aligncenter has-text-color has-alpha-channel-opacity has-background is-style-default\" style=\"background-color:#9a1733;color:#9a1733\" \/>\n<\/div>\n\n\n\n<div class=\"wp-block-column is-layout-flow wp-block-column-is-layout-flow\">\n<hr class=\"wp-block-separator aligncenter has-text-color has-alpha-channel-opacity has-background is-style-default\" style=\"background-color:#b8d9ab;color:#b8d9ab\" \/>\n\n\n\n<div style=\"height:20px\" aria-hidden=\"true\" class=\"wp-block-spacer\"><\/div>\n\n\n\n<div class=\"wp-block-buttons is-layout-flex wp-block-buttons-is-layout-flex\">\n<div class=\"wp-block-button has-custom-width wp-block-button__width-100 has-custom-font-size is-style-secondary is-style-outline has-small-font-size is-style-outline--4\" style=\"font-style:italic;font-weight:600;letter-spacing:8px\"><a class=\"wp-block-button__link has-contrast-background-color has-text-color has-background wp-element-button\" href=\"https:\/\/seal.transport-manager.net\/kraterios\/nous-trouver\/#Agences\" style=\"border-radius:8px;color:#b8d9ab\">NOS<br><font size=\"6pt\">AGENCES<\/font><\/a><\/div>\n<\/div>\n\n\n\n<div style=\"height:20px\" aria-hidden=\"true\" class=\"wp-block-spacer\"><\/div>\n\n\n\n<hr class=\"wp-block-separator aligncenter has-text-color has-alpha-channel-opacity has-background is-style-default\" style=\"background-color:#b8d9ab;color:#b8d9ab\" \/>\n<\/div>\n<\/div>\n<\/div>\n<\/div>\n\n\n\n<div style=\"height:25px\" aria-hidden=\"true\" class=\"wp-block-spacer\"><\/div>\n\n\n\n<p class=\"has-text-color\" style=\"color:#9a1733;font-size:35px\"><strong>Le r\u00e9seau se m\u00e9tamorphose, et de nouvelles infrastructures voient le jour. <\/strong><\/p>\n\n\n\n<p class=\"has-text-color has-small-font-size\" style=\"color:#b7b7b7\"><em>08 octobre 2024<\/em><\/p>\n\n\n\n<p>Voil\u00e0, c&rsquo;est fait, le r\u00e9seau ChryoLine V2.0 est lanc\u00e9. <\/p>\n\n\n\n<p>Au programme un r\u00e9seau repens\u00e9 dans son ensemble avec l&rsquo;arriv\u00e9e d&rsquo;une ligne de TRAM,  et de l&rsquo;ouverture prochaine de 7 lignes urbaines, 3 lignes suburbaines, 4 lignes interurbaines et 2 lignes scolaires.<\/p>\n\n\n\n<p>S&rsquo;ajoute \u00e0 cela de nouvelles infrastructure, puisque l&rsquo;agence Gare de l&rsquo;Ouest \u00e9tend ses capacit\u00e9s en devenant \u00e9galement une gare routi\u00e8re, une nouvelle agence interurbaines voit le jour, et trois parking relais sont en construction dans la ville.<\/p>\n\n\n\n<p>Jamais le r\u00e9seau n&rsquo;aura autant \u00e9t\u00e9 bouleverser, mais ce renouveau nous permettra d&rsquo;aller encore plus loin.<\/p>\n\n\n\n<p>Pour lire l&rsquo;article d\u00e9taill\u00e9, \u00e7a se <a href=\"https:\/\/seal.transport-manager.net\/kraterios\/2024\/10\/08\/quelque-chose-de-colossal-se-tram-sur-notre-reseau\/\">passe ici<\/a>, ou dans la cat\u00e9gorie \u00ab\u00a0<a href=\"https:\/\/seal.transport-manager.net\/kraterios\/nous-trouver\/\">Nous Trouver<\/a> \u00ab\u00a0.<\/p>\n\n\n\n<div style=\"height:60px\" aria-hidden=\"true\" class=\"wp-block-spacer\"><\/div>\n\n\n\n<div class=\"wp-block-columns is-layout-flex wp-container-core-columns-is-layout-9d6595d7 wp-block-columns-is-layout-flex\">\n<div class=\"wp-block-column is-layout-flow wp-block-column-is-layout-flow\" style=\"flex-basis:100%\">\n<div class=\"wp-block-columns is-layout-flex wp-container-core-columns-is-layout-9d6595d7 wp-block-columns-is-layout-flex\">\n<div class=\"wp-block-column is-layout-flow wp-block-column-is-layout-flow\">\n<hr class=\"wp-block-separator aligncenter has-text-color has-alpha-channel-opacity has-background is-style-default\" style=\"background-color:#b8d9ab;color:#b8d9ab\" \/>\n<\/div>\n\n\n\n<div class=\"wp-block-column is-layout-flow wp-block-column-is-layout-flow\">\n<hr class=\"wp-block-separator aligncenter has-text-color has-alpha-channel-opacity has-background is-style-wide\" style=\"background-color:#9a1733;color:#9a1733\" \/>\n<\/div>\n\n\n\n<div class=\"wp-block-column is-layout-flow wp-block-column-is-layout-flow\">\n<hr class=\"wp-block-separator aligncenter has-text-color has-alpha-channel-opacity has-background is-style-default\" style=\"background-color:#b8d9ab;color:#b8d9ab\" \/>\n<\/div>\n<\/div>\n<\/div>\n<\/div>\n\n\n\n<div style=\"height:25px\" aria-hidden=\"true\" class=\"wp-block-spacer\"><\/div>\n\n\n\n<p class=\"has-text-color\" style=\"color:#9a1733;font-size:35px\"><strong>Qui sommes-nous ?<\/strong><\/p>\n\n\n\n<p class=\"has-normal-font-size\"><em>ChryoLine est le r\u00e9seau de transport en commun de l&rsquo;agglom\u00e9ration Porte de l&rsquo;Ambravier, lanc\u00e9 le 20 d\u00e9cembre 2019 afin de pallier \u00e0 une forte demande de mobilit\u00e9 : LA V\u00d4TRE !<br>Nous \u0153uvrons chaque jour \u00e0 vous proposer un service de qualit\u00e9, notamment dans le choix de nos bus en circulation, et de la desserte de nos lignes. Parce que votre s\u00e9curit\u00e9 est bien \u00e9videmment notre priorit\u00e9, chaque bus est minutieusement inspect\u00e9 et suivi par nos m\u00e9caniciens. Mais se contenter juste de cela serait pour nous une grossi\u00e8re erreur, c&rsquo;est pourquoi nous veillons \u00e0 ce que vos trajets, m\u00eame les plus routiniers, se passent en toute tranquillit\u00e9, dans un confort optimal.<\/em><\/p>\n\n\n\n<p><em>Enfin, notre but est de concilier le d\u00e9veloppement de notre r\u00e9seau avec un engagement qui nous tient particuli\u00e8rement \u00e0 c\u0153ur, celui de l&rsquo;environnement. En effet, bien que le simple fait de privil\u00e9gier les transports en commun r\u00e9duit drastiquement votre empreinte carbone de d\u00e9placement, il est pour nous imp\u00e9ratif de faire notre part en misant au maximum sur des motorisations plus \u00ab\u00a0vertes\u00a0\u00bb.<\/em><br><\/p>\n\n\n\n<div style=\"height:60px\" aria-hidden=\"true\" class=\"wp-block-spacer\"><\/div>\n\n\n\n<div class=\"wp-block-columns is-layout-flex wp-container-core-columns-is-layout-9d6595d7 wp-block-columns-is-layout-flex\">\n<div class=\"wp-block-column is-layout-flow wp-block-column-is-layout-flow\" style=\"flex-basis:100%\">\n<div class=\"wp-block-columns is-layout-flex wp-container-core-columns-is-layout-9d6595d7 wp-block-columns-is-layout-flex\">\n<div class=\"wp-block-column is-layout-flow wp-block-column-is-layout-flow\">\n<hr class=\"wp-block-separator aligncenter has-text-color has-alpha-channel-opacity has-background is-style-default\" style=\"background-color:#b8d9ab;color:#b8d9ab\" \/>\n<\/div>\n\n\n\n<div class=\"wp-block-column is-layout-flow wp-block-column-is-layout-flow\">\n<hr class=\"wp-block-separator aligncenter has-text-color has-alpha-channel-opacity has-background is-style-wide\" style=\"background-color:#9a1733;color:#9a1733\" \/>\n<\/div>\n\n\n\n<div class=\"wp-block-column is-layout-flow wp-block-column-is-layout-flow\">\n<hr class=\"wp-block-separator aligncenter has-text-color has-alpha-channel-opacity has-background is-style-default\" style=\"background-color:#b8d9ab;color:#b8d9ab\" \/>\n<\/div>\n<\/div>\n<\/div>\n<\/div>\n\n\n\n<div style=\"height:25px\" aria-hidden=\"true\" class=\"wp-block-spacer\"><\/div>\n\n\n\n<p class=\"has-text-color\" style=\"color:#9a1733;font-size:35px\"><strong>ChryoLine en chiffre :<\/strong><\/p>\n\n\n\n<figure class=\"wp-block-image size-large is-resized is-style-default\"><img loading=\"lazy\" decoding=\"async\" width=\"1024\" height=\"697\" src=\"https:\/\/seal.transport-manager.net\/kraterios\/wp-content\/uploads\/sites\/53\/2022\/11\/Graph-resume-dec22-1024x697.png\" alt=\"\" class=\"wp-image-1569\" style=\"width:1340px;height:913px\" srcset=\"https:\/\/seal.transport-manager.net\/kraterios\/wp-content\/uploads\/sites\/53\/2022\/11\/Graph-resume-dec22-1024x697.png 1024w, https:\/\/seal.transport-manager.net\/kraterios\/wp-content\/uploads\/sites\/53\/2022\/11\/Graph-resume-dec22-300x204.png 300w, https:\/\/seal.transport-manager.net\/kraterios\/wp-content\/uploads\/sites\/53\/2022\/11\/Graph-resume-dec22-768x523.png 768w, https:\/\/seal.transport-manager.net\/kraterios\/wp-content\/uploads\/sites\/53\/2022\/11\/Graph-resume-dec22.png 1330w\" sizes=\"auto, (max-width: 1024px) 100vw, 1024px\" \/><\/figure>\n\n\n\n<p class=\"has-text-align-center\" style=\"font-size:8px\">Chiffres Janvier 2024<\/p>\n","protected":false},"excerpt":{"rendered":"<p>Notre Actu &#8211; Point sur l&rsquo;Info Trafic Aucune perturbation majeure n&rsquo;impacte le r\u00e9seau Ligne 3: deux arr\u00eats provisoirement relocalis\u00e9s. Ligne 12: accident d&rsquo;un bus, une attente suppl\u00e9mentaire de 3minutes maximum. &#8230; <a title=\"Accueil\" class=\"read-more\" href=\"https:\/\/seal.transport-manager.net\/kraterios\/\" aria-label=\"En savoir plus sur Accueil\">Lire la suite<\/a><\/p>\n","protected":false},"author":53,"featured_media":0,"parent":0,"menu_order":0,"comment_status":"closed","ping_status":"closed","template":"","meta":{"footnotes":""},"class_list":["post-40","page","type-page","status-publish"],"_links":{"self":[{"href":"https:\/\/seal.transport-manager.net\/kraterios\/wp-json\/wp\/v2\/pages\/40","targetHints":{"allow":["GET"]}}],"collection":[{"href":"https:\/\/seal.transport-manager.net\/kraterios\/wp-json\/wp\/v2\/pages"}],"about":[{"href":"https:\/\/seal.transport-manager.net\/kraterios\/wp-json\/wp\/v2\/types\/page"}],"author":[{"embeddable":true,"href":"https:\/\/seal.transport-manager.net\/kraterios\/wp-json\/wp\/v2\/users\/53"}],"replies":[{"embeddable":true,"href":"https:\/\/seal.transport-manager.net\/kraterios\/wp-json\/wp\/v2\/comments?post=40"}],"version-history":[{"count":214,"href":"https:\/\/seal.transport-manager.net\/kraterios\/wp-json\/wp\/v2\/pages\/40\/revisions"}],"predecessor-version":[{"id":2475,"href":"https:\/\/seal.transport-manager.net\/kraterios\/wp-json\/wp\/v2\/pages\/40\/revisions\/2475"}],"wp:attachment":[{"href":"https:\/\/seal.transport-manager.net\/kraterios\/wp-json\/wp\/v2\/media?parent=40"}],"curies":[{"name":"wp","href":"https:\/\/api.w.org\/{rel}","templated":true}]}}