{"id":461,"date":"2021-07-24T23:20:31","date_gmt":"2021-07-24T21:20:31","guid":{"rendered":"https:\/\/seal.transport-manager.net\/kraterios\/?page_id=461"},"modified":"2024-10-06T23:40:34","modified_gmt":"2024-10-06T21:40:34","slug":"ligne-902","status":"publish","type":"page","link":"https:\/\/seal.transport-manager.net\/kraterios\/ligne-902\/","title":{"rendered":"Ligne 902"},"content":{"rendered":"\n<div class=\"wp-block-columns is-layout-flex wp-container-core-columns-is-layout-9d6595d7 wp-block-columns-is-layout-flex\">\n<div class=\"wp-block-column is-layout-flow wp-block-column-is-layout-flow\" style=\"flex-basis:80%\">\n<p class=\"has-background has-huge-font-size\" style=\"background-color:#868f98\">Parc de l&rsquo;\u00c9tang \u2194 Observatoire [TAD]<\/p>\n<\/div>\n\n\n\n<div class=\"wp-block-column is-layout-flow wp-block-column-is-layout-flow\" style=\"flex-basis:20%\"><div class=\"wp-block-image is-style-default\">\n<figure class=\"aligncenter size-full\"><img loading=\"lazy\" decoding=\"async\" width=\"174\" height=\"174\" src=\"https:\/\/seal.transport-manager.net\/kraterios\/wp-content\/uploads\/sites\/53\/2022\/05\/electrique-e1651782067953.png\" alt=\"\" class=\"wp-image-978\" \/><figcaption class=\"wp-element-caption\">Assur\u00e9e par des minibus \u00e9lectriques jusqu&rsquo;\u00e0 16 places.<\/figcaption><\/figure>\n<\/div><\/div>\n<\/div>\n\n\n\n<p class=\"has-medium-font-size\"><strong><span style=\"text-decoration: underline\">Correspondances :<\/span><\/strong><\/p>\n\n\n\n<figure class=\"wp-block-gallery aligncenter has-nested-images columns-8 is-cropped wp-block-gallery-1 is-layout-flex wp-block-gallery-is-layout-flex\">\n<figure class=\"wp-block-image size-large is-style-default\"><a href=\"https:\/\/seal.transport-manager.net\/kraterios\/ligne-10\"><img loading=\"lazy\" decoding=\"async\" width=\"97\" height=\"97\" data-id=\"236\" src=\"https:\/\/seal.transport-manager.net\/kraterios\/wp-content\/uploads\/sites\/53\/2021\/07\/L10-1.png\" alt=\"\" class=\"wp-image-236\" \/><\/a><\/figure>\n\n\n\n<figure class=\"wp-block-image size-large is-style-default\"><img loading=\"lazy\" decoding=\"async\" width=\"97\" height=\"97\" data-id=\"464\" src=\"https:\/\/seal.transport-manager.net\/kraterios\/wp-content\/uploads\/sites\/53\/2021\/07\/VIDE-7.png\" alt=\"\" class=\"wp-image-464\" \/><\/figure>\n\n\n\n<figure class=\"wp-block-image size-large is-style-default\"><img loading=\"lazy\" decoding=\"async\" width=\"97\" height=\"97\" data-id=\"331\" src=\"https:\/\/seal.transport-manager.net\/kraterios\/wp-content\/uploads\/sites\/53\/2021\/07\/VIDE-6.png\" alt=\"\" class=\"wp-image-331\" \/><\/figure>\n\n\n\n<figure class=\"wp-block-image size-large is-style-default\"><img loading=\"lazy\" decoding=\"async\" width=\"97\" height=\"97\" data-id=\"330\" src=\"https:\/\/seal.transport-manager.net\/kraterios\/wp-content\/uploads\/sites\/53\/2021\/07\/VIDE-5.png\" alt=\"\" class=\"wp-image-330\" \/><\/figure>\n\n\n\n<figure class=\"wp-block-image size-large is-style-default\"><img loading=\"lazy\" decoding=\"async\" width=\"97\" height=\"97\" data-id=\"253\" src=\"https:\/\/seal.transport-manager.net\/kraterios\/wp-content\/uploads\/sites\/53\/2021\/07\/VIDE-3.png\" alt=\"\" class=\"wp-image-253\" \/><\/figure>\n\n\n\n<figure class=\"wp-block-image size-large is-style-default\"><img loading=\"lazy\" decoding=\"async\" width=\"97\" height=\"97\" data-id=\"252\" src=\"https:\/\/seal.transport-manager.net\/kraterios\/wp-content\/uploads\/sites\/53\/2021\/07\/VIDE-2.png\" alt=\"\" class=\"wp-image-252\" \/><\/figure>\n\n\n\n<figure class=\"wp-block-image size-large is-style-default\"><img loading=\"lazy\" decoding=\"async\" width=\"97\" height=\"97\" data-id=\"251\" src=\"https:\/\/seal.transport-manager.net\/kraterios\/wp-content\/uploads\/sites\/53\/2021\/07\/VIDE-1.png\" alt=\"\" class=\"wp-image-251\" \/><\/figure>\n\n\n\n<figure class=\"wp-block-image size-large is-style-default\"><img loading=\"lazy\" decoding=\"async\" width=\"97\" height=\"97\" data-id=\"255\" src=\"https:\/\/seal.transport-manager.net\/kraterios\/wp-content\/uploads\/sites\/53\/2021\/07\/VIDE-4.png\" alt=\"\" class=\"wp-image-255\" \/><\/figure>\n<\/figure>\n\n\n\n<div style=\"height:60px\" aria-hidden=\"true\" class=\"wp-block-spacer\"><\/div>\n\n\n\n<div class=\"wp-block-columns is-layout-flex wp-container-core-columns-is-layout-9d6595d7 wp-block-columns-is-layout-flex\">\n<div class=\"wp-block-column is-layout-flow wp-block-column-is-layout-flow\">\n<hr class=\"wp-block-separator has-text-color has-alpha-channel-opacity has-background is-style-default\" style=\"background-color:#fefefe;color:#fefefe\" \/>\n<\/div>\n\n\n\n<div class=\"wp-block-column is-layout-flow wp-block-column-is-layout-flow\">\n<hr class=\"wp-block-separator has-text-color has-alpha-channel-opacity has-background is-style-default\" style=\"background-color:#fefefe;color:#fefefe\" \/>\n<\/div>\n\n\n\n<div class=\"wp-block-column is-layout-flow wp-block-column-is-layout-flow\">\n<hr class=\"wp-block-separator has-text-color has-alpha-channel-opacity has-background is-style-default\" style=\"background-color:#fefefe;color:#fefefe\" \/>\n<\/div>\n\n\n\n<div class=\"wp-block-column is-layout-flow wp-block-column-is-layout-flow\">\n<hr class=\"wp-block-separator has-text-color has-alpha-channel-opacity has-background is-style-default\" style=\"background-color:#fefefe;color:#fefefe\" \/>\n<\/div>\n\n\n\n<div class=\"wp-block-column is-layout-flow wp-block-column-is-layout-flow\">\n<hr class=\"wp-block-separator has-text-color has-alpha-channel-opacity has-background is-style-default\" style=\"background-color:#fefefe;color:#fefefe\" \/>\n<\/div>\n\n\n\n<div class=\"wp-block-column is-layout-flow wp-block-column-is-layout-flow\">\n<hr class=\"wp-block-separator has-text-color has-alpha-channel-opacity has-background is-style-default\" style=\"background-color:#fefefe;color:#fefefe\" \/>\n<\/div>\n\n\n\n<div class=\"wp-block-column is-layout-flow wp-block-column-is-layout-flow\">\n<hr class=\"wp-block-separator has-text-color has-alpha-channel-opacity has-background is-style-default\" style=\"background-color:#fefefe;color:#fefefe\" \/>\n<\/div>\n\n\n\n<div class=\"wp-block-column is-layout-flow wp-block-column-is-layout-flow\">\n<hr class=\"wp-block-separator has-text-color has-alpha-channel-opacity has-background is-style-default\" style=\"background-color:#fefefe;color:#fefefe\" \/>\n<\/div>\n\n\n\n<div class=\"wp-block-column is-layout-flow wp-block-column-is-layout-flow\">\n<hr class=\"wp-block-separator has-text-color has-alpha-channel-opacity has-background is-style-default\" style=\"background-color:#fefefe;color:#fefefe\" \/>\n<\/div>\n\n\n\n<div class=\"wp-block-column has-base-color has-text-color has-link-color wp-elements-667133f63cec22a474a7909c08f6f180 is-layout-flow wp-block-column-is-layout-flow\">\n<hr class=\"wp-block-separator has-text-color has-alpha-channel-opacity has-background is-style-default\" style=\"background-color:#fefefe;color:#fefefe\" \/>\n<\/div>\n\n\n\n<div class=\"wp-block-column has-base-color has-text-color has-link-color wp-elements-667133f63cec22a474a7909c08f6f180 is-layout-flow wp-block-column-is-layout-flow\">\n<hr class=\"wp-block-separator has-text-color has-alpha-channel-opacity has-background is-style-default\" style=\"background-color:#fefefe;color:#fefefe\" \/>\n<\/div>\n\n\n\n<div class=\"wp-block-column has-base-color has-text-color has-link-color wp-elements-667133f63cec22a474a7909c08f6f180 is-layout-flow wp-block-column-is-layout-flow\">\n<hr class=\"wp-block-separator has-text-color has-alpha-channel-opacity has-background is-style-default\" style=\"background-color:#fefefe;color:#fefefe\" \/>\n<\/div>\n\n\n\n<div class=\"wp-block-column is-layout-flow wp-block-column-is-layout-flow\">\n<hr class=\"wp-block-separator has-text-color has-alpha-channel-opacity has-background is-style-default\" style=\"background-color:#fefefe;color:#fefefe\" \/>\n<\/div>\n\n\n\n<div class=\"wp-block-column is-layout-flow wp-block-column-is-layout-flow\">\n<hr class=\"wp-block-separator has-text-color has-alpha-channel-opacity has-background is-style-default\" style=\"background-color:#fefefe;color:#fefefe\" \/>\n<\/div>\n\n\n\n<div class=\"wp-block-column is-layout-flow wp-block-column-is-layout-flow\">\n<hr class=\"wp-block-separator has-text-color has-alpha-channel-opacity has-background is-style-default\" style=\"background-color:#fefefe;color:#fefefe\" \/>\n<\/div>\n\n\n\n<div class=\"wp-block-column is-layout-flow wp-block-column-is-layout-flow\">\n<hr class=\"wp-block-separator has-text-color has-alpha-channel-opacity has-background is-style-default\" style=\"background-color:#fefefe;color:#fefefe\" \/>\n<\/div>\n\n\n\n<div class=\"wp-block-column is-layout-flow wp-block-column-is-layout-flow\">\n<hr class=\"wp-block-separator has-text-color has-alpha-channel-opacity has-background is-style-default\" style=\"background-color:#fefefe;color:#fefefe\" \/>\n<\/div>\n\n\n\n<div class=\"wp-block-column is-layout-flow wp-block-column-is-layout-flow\">\n<hr class=\"wp-block-separator has-text-color has-alpha-channel-opacity has-background is-style-default\" style=\"background-color:#fefefe;color:#fefefe\" \/>\n<\/div>\n\n\n\n<div class=\"wp-block-column is-layout-flow wp-block-column-is-layout-flow\">\n<hr class=\"wp-block-separator has-text-color has-alpha-channel-opacity has-background is-style-default\" style=\"background-color:#fefefe;color:#fefefe\" \/>\n<\/div>\n\n\n\n<div class=\"wp-block-column is-layout-flow wp-block-column-is-layout-flow\">\n<hr class=\"wp-block-separator has-text-color has-alpha-channel-opacity has-background is-style-default\" style=\"background-color:#fefefe;color:#fefefe\" \/>\n<\/div>\n\n\n\n<div class=\"wp-block-column is-layout-flow wp-block-column-is-layout-flow\">\n<hr class=\"wp-block-separator has-text-color has-alpha-channel-opacity has-background is-style-default\" style=\"background-color:#fefefe;color:#fefefe\" \/>\n<\/div>\n\n\n\n<div class=\"wp-block-column is-layout-flow wp-block-column-is-layout-flow\">\n<hr class=\"wp-block-separator has-text-color has-alpha-channel-opacity has-background is-style-default\" style=\"background-color:#fefefe;color:#fefefe\" \/>\n<\/div>\n<\/div>\n\n\n\n<div style=\"height:25px\" aria-hidden=\"true\" class=\"wp-block-spacer\"><\/div>\n\n\n\n<p style=\"font-size:25px\"><strong>Disponibilit\u00e9 pour r\u00e9servation<\/strong> :<\/p>\n\n\n\n<p>Ce trac\u00e9 est une ligne de Transport \u00e0 la Demande (TAD), vous devez donc r\u00e9server votre cr\u00e9neau aupr\u00e8s de nos \u00e9quipes. Le nombre de trajet, les horaires souhait\u00e9s parmi le cr\u00e9neau ci dessous, ainsi que le nombre de passagers vous seront alors demand\u00e9s lors de votre r\u00e9servation en ligne.<\/p>\n\n\n\n<p><\/p>\n\n\n\n<p><strong>Horaires de r\u00e9servation<\/strong>&nbsp;:<\/p>\n\n\n\n<figure class=\"wp-block-table\"><table><tbody><tr><td><\/td><td>Lundi au<br>Vendredi<\/td><td>Samedi<\/td><\/tr><tr><td>Fr\u00e9quences<\/td><td>05h00-23h59<\/td><td>07h30-10h30<br>11h30-14h00<br>17h00-23h59<\/td><\/tr><\/tbody><\/table><\/figure>\n\n\n\n<div style=\"height:50px\" aria-hidden=\"true\" class=\"wp-block-spacer\"><\/div>\n\n\n\n<div class=\"wp-block-buttons is-horizontal is-content-justification-center is-layout-flex wp-container-core-buttons-is-layout-499968f5 wp-block-buttons-is-layout-flex\">\n<div class=\"wp-block-button has-custom-width wp-block-button__width-50 is-style-primary\"><a class=\"wp-block-button__link wp-element-button\" href=\"https:\/\/seal.transport-manager.net\/kraterios\/transport-a-la-demande\/#r\u00e9servation-tad\" style=\"border-radius:32px\"><font size=\"6\"><strong>Soumettre ma r\u00e9servation<\/strong><\/font><\/a><\/div>\n<\/div>\n\n\n\n<div style=\"height:50px\" aria-hidden=\"true\" class=\"wp-block-spacer\"><\/div>\n\n\n\n<div class=\"wp-block-columns is-layout-flex wp-container-core-columns-is-layout-9d6595d7 wp-block-columns-is-layout-flex\">\n<div class=\"wp-block-column is-layout-flow wp-block-column-is-layout-flow\">\n<hr class=\"wp-block-separator has-text-color has-alpha-channel-opacity has-background is-style-default\" style=\"background-color:#fefefe;color:#fefefe\" \/>\n<\/div>\n\n\n\n<div class=\"wp-block-column is-layout-flow wp-block-column-is-layout-flow\">\n<hr class=\"wp-block-separator has-text-color has-alpha-channel-opacity has-background is-style-default\" style=\"background-color:#fefefe;color:#fefefe\" \/>\n<\/div>\n\n\n\n<div class=\"wp-block-column is-layout-flow wp-block-column-is-layout-flow\">\n<hr class=\"wp-block-separator has-text-color has-alpha-channel-opacity has-background is-style-default\" style=\"background-color:#fefefe;color:#fefefe\" \/>\n<\/div>\n\n\n\n<div class=\"wp-block-column is-layout-flow wp-block-column-is-layout-flow\">\n<hr class=\"wp-block-separator has-text-color has-alpha-channel-opacity has-background is-style-default\" style=\"background-color:#fefefe;color:#fefefe\" \/>\n<\/div>\n\n\n\n<div class=\"wp-block-column is-layout-flow wp-block-column-is-layout-flow\">\n<hr class=\"wp-block-separator has-text-color has-alpha-channel-opacity has-background is-style-default\" style=\"background-color:#fefefe;color:#fefefe\" \/>\n<\/div>\n\n\n\n<div class=\"wp-block-column is-layout-flow wp-block-column-is-layout-flow\">\n<hr class=\"wp-block-separator has-text-color has-alpha-channel-opacity has-background is-style-default\" style=\"background-color:#fefefe;color:#fefefe\" \/>\n<\/div>\n\n\n\n<div class=\"wp-block-column is-layout-flow wp-block-column-is-layout-flow\">\n<hr class=\"wp-block-separator has-text-color has-alpha-channel-opacity has-background is-style-default\" style=\"background-color:#fefefe;color:#fefefe\" \/>\n<\/div>\n\n\n\n<div class=\"wp-block-column is-layout-flow wp-block-column-is-layout-flow\">\n<hr class=\"wp-block-separator has-text-color has-alpha-channel-opacity has-background is-style-default\" style=\"background-color:#fefefe;color:#fefefe\" \/>\n<\/div>\n\n\n\n<div class=\"wp-block-column is-layout-flow wp-block-column-is-layout-flow\">\n<hr class=\"wp-block-separator has-text-color has-alpha-channel-opacity has-background is-style-default\" style=\"background-color:#fefefe;color:#fefefe\" \/>\n<\/div>\n\n\n\n<div class=\"wp-block-column has-base-color has-text-color has-link-color wp-elements-667133f63cec22a474a7909c08f6f180 is-layout-flow wp-block-column-is-layout-flow\">\n<hr class=\"wp-block-separator has-text-color has-alpha-channel-opacity has-background is-style-default\" style=\"background-color:#fefefe;color:#fefefe\" \/>\n<\/div>\n\n\n\n<div class=\"wp-block-column has-base-color has-text-color has-link-color wp-elements-667133f63cec22a474a7909c08f6f180 is-layout-flow wp-block-column-is-layout-flow\">\n<hr class=\"wp-block-separator has-text-color has-alpha-channel-opacity has-background is-style-default\" style=\"background-color:#fefefe;color:#fefefe\" \/>\n<\/div>\n\n\n\n<div class=\"wp-block-column has-base-color has-text-color has-link-color wp-elements-667133f63cec22a474a7909c08f6f180 is-layout-flow wp-block-column-is-layout-flow\">\n<hr class=\"wp-block-separator has-text-color has-alpha-channel-opacity has-background is-style-default\" style=\"background-color:#fefefe;color:#fefefe\" \/>\n<\/div>\n\n\n\n<div class=\"wp-block-column is-layout-flow wp-block-column-is-layout-flow\">\n<hr class=\"wp-block-separator has-text-color has-alpha-channel-opacity has-background is-style-default\" style=\"background-color:#fefefe;color:#fefefe\" \/>\n<\/div>\n\n\n\n<div class=\"wp-block-column is-layout-flow wp-block-column-is-layout-flow\">\n<hr class=\"wp-block-separator has-text-color has-alpha-channel-opacity has-background is-style-default\" style=\"background-color:#fefefe;color:#fefefe\" \/>\n<\/div>\n\n\n\n<div class=\"wp-block-column is-layout-flow wp-block-column-is-layout-flow\">\n<hr class=\"wp-block-separator has-text-color has-alpha-channel-opacity has-background is-style-default\" style=\"background-color:#fefefe;color:#fefefe\" \/>\n<\/div>\n\n\n\n<div class=\"wp-block-column is-layout-flow wp-block-column-is-layout-flow\">\n<hr class=\"wp-block-separator has-text-color has-alpha-channel-opacity has-background is-style-default\" style=\"background-color:#fefefe;color:#fefefe\" \/>\n<\/div>\n\n\n\n<div class=\"wp-block-column is-layout-flow wp-block-column-is-layout-flow\">\n<hr class=\"wp-block-separator has-text-color has-alpha-channel-opacity has-background is-style-default\" style=\"background-color:#fefefe;color:#fefefe\" \/>\n<\/div>\n\n\n\n<div class=\"wp-block-column is-layout-flow wp-block-column-is-layout-flow\">\n<hr class=\"wp-block-separator has-text-color has-alpha-channel-opacity has-background is-style-default\" style=\"background-color:#fefefe;color:#fefefe\" \/>\n<\/div>\n\n\n\n<div class=\"wp-block-column is-layout-flow wp-block-column-is-layout-flow\">\n<hr class=\"wp-block-separator has-text-color has-alpha-channel-opacity has-background is-style-default\" style=\"background-color:#fefefe;color:#fefefe\" \/>\n<\/div>\n\n\n\n<div class=\"wp-block-column is-layout-flow wp-block-column-is-layout-flow\">\n<hr class=\"wp-block-separator has-text-color has-alpha-channel-opacity has-background is-style-default\" style=\"background-color:#fefefe;color:#fefefe\" \/>\n<\/div>\n\n\n\n<div class=\"wp-block-column is-layout-flow wp-block-column-is-layout-flow\">\n<hr class=\"wp-block-separator has-text-color has-alpha-channel-opacity has-background is-style-default\" style=\"background-color:#fefefe;color:#fefefe\" \/>\n<\/div>\n\n\n\n<div class=\"wp-block-column is-layout-flow wp-block-column-is-layout-flow\">\n<hr class=\"wp-block-separator has-text-color has-alpha-channel-opacity has-background is-style-default\" style=\"background-color:#fefefe;color:#fefefe\" \/>\n<\/div>\n<\/div>\n\n\n\n<p><\/p>\n\n\n\n<figure class=\"wp-block-gallery has-nested-images columns-default is-cropped wp-block-gallery-2 is-layout-flex wp-block-gallery-is-layout-flex\">\n<figure class=\"wp-block-image size-full is-style-default\"><img loading=\"lazy\" decoding=\"async\" width=\"1981\" height=\"586\" data-id=\"310\" src=\"https:\/\/seal.transport-manager.net\/kraterios\/wp-content\/uploads\/sites\/53\/2021\/07\/L902-TAD-m.png\" alt=\"\" class=\"wp-image-310\" srcset=\"https:\/\/seal.transport-manager.net\/kraterios\/wp-content\/uploads\/sites\/53\/2021\/07\/L902-TAD-m.png 1981w, https:\/\/seal.transport-manager.net\/kraterios\/wp-content\/uploads\/sites\/53\/2021\/07\/L902-TAD-m-300x89.png 300w, https:\/\/seal.transport-manager.net\/kraterios\/wp-content\/uploads\/sites\/53\/2021\/07\/L902-TAD-m-1024x303.png 1024w, https:\/\/seal.transport-manager.net\/kraterios\/wp-content\/uploads\/sites\/53\/2021\/07\/L902-TAD-m-768x227.png 768w, https:\/\/seal.transport-manager.net\/kraterios\/wp-content\/uploads\/sites\/53\/2021\/07\/L902-TAD-m-1536x454.png 1536w\" sizes=\"auto, (max-width: 1981px) 100vw, 1981px\" \/><\/figure>\n<\/figure>\n","protected":false},"excerpt":{"rendered":"<p>Parc de l&rsquo;\u00c9tang \u2194 Observatoire [TAD] Correspondances : Disponibilit\u00e9 pour r\u00e9servation : Ce trac\u00e9 est une ligne de Transport \u00e0 la Demande (TAD), vous devez donc r\u00e9server votre cr\u00e9neau aupr\u00e8s &#8230; <a title=\"Ligne 902\" class=\"read-more\" href=\"https:\/\/seal.transport-manager.net\/kraterios\/ligne-902\/\" aria-label=\"En savoir plus sur Ligne 902\">Lire la suite<\/a><\/p>\n","protected":false},"author":53,"featured_media":0,"parent":0,"menu_order":0,"comment_status":"closed","ping_status":"closed","template":"","meta":{"footnotes":""},"class_list":["post-461","page","type-page","status-publish"],"_links":{"self":[{"href":"https:\/\/seal.transport-manager.net\/kraterios\/wp-json\/wp\/v2\/pages\/461","targetHints":{"allow":["GET"]}}],"collection":[{"href":"https:\/\/seal.transport-manager.net\/kraterios\/wp-json\/wp\/v2\/pages"}],"about":[{"href":"https:\/\/seal.transport-manager.net\/kraterios\/wp-json\/wp\/v2\/types\/page"}],"author":[{"embeddable":true,"href":"https:\/\/seal.transport-manager.net\/kraterios\/wp-json\/wp\/v2\/users\/53"}],"replies":[{"embeddable":true,"href":"https:\/\/seal.transport-manager.net\/kraterios\/wp-json\/wp\/v2\/comments?post=461"}],"version-history":[{"count":12,"href":"https:\/\/seal.transport-manager.net\/kraterios\/wp-json\/wp\/v2\/pages\/461\/revisions"}],"predecessor-version":[{"id":2363,"href":"https:\/\/seal.transport-manager.net\/kraterios\/wp-json\/wp\/v2\/pages\/461\/revisions\/2363"}],"wp:attachment":[{"href":"https:\/\/seal.transport-manager.net\/kraterios\/wp-json\/wp\/v2\/media?parent=461"}],"curies":[{"name":"wp","href":"https:\/\/api.w.org\/{rel}","templated":true}]}}