{"id":926,"date":"2022-02-18T23:05:06","date_gmt":"2022-02-18T22:05:06","guid":{"rendered":"https:\/\/seal.transport-manager.net\/kraterios\/?page_id=926"},"modified":"2022-09-02T03:03:28","modified_gmt":"2022-09-02T01:03:28","slug":"nos-agences-extra-urbaines","status":"publish","type":"page","link":"https:\/\/seal.transport-manager.net\/kraterios\/nos-agences-extra-urbaines\/","title":{"rendered":"Nos Agences Extra-Urbaines"},"content":{"rendered":"\n<p class=\"has-background\" style=\"background-color:#cd6435;font-size:30px\">Agence de CLORENT, Place du March\u00e9<\/p>\n\n\n\n<div class=\"wp-block-columns is-layout-flex wp-container-core-columns-is-layout-9d6595d7 wp-block-columns-is-layout-flex\">\n<div class=\"wp-block-column is-layout-flow wp-block-column-is-layout-flow\">\n<figure class=\"wp-block-pullquote has-border-color\" style=\"border-color:#cd6435;border-radius:12px\"><blockquote><p><font size=\"3\"><font color=\"#cd6435\">Du lundi au vendredi :<\/font><br><font size=\"5\">8h30-12h00\/14h00-18h00<\/font><\/font><\/p><p><font size=\"3\"><font color=\"#cd6435\">Le samedi &amp; dimanche :<\/font><br><font size=\"5\">9h30-15h30<\/font><\/font><\/p><\/blockquote><\/figure>\n<\/div>\n\n\n\n<div class=\"wp-block-column is-layout-flow wp-block-column-is-layout-flow\">\n<figure class=\"wp-block-pullquote has-border-color\" style=\"border-color:#cd6435;border-radius:12px\"><blockquote><p>Services Propos\u00e9s :<\/p><p><font color=\"#CD6435\" style=\"font-size: medium\">&gt;<\/font><font color=\"#CD6435\" style=\"font-size: medium\"> Documents en libre service<br>&gt; Vente de titres de transport<\/font><br><font color=\"#CD6435\" style=\"font-size: medium\">&gt; Espace abonnements<\/font><\/p><\/blockquote><\/figure>\n<\/div>\n\n\n\n<div class=\"wp-block-column is-layout-flow wp-block-column-is-layout-flow\">\n<figure class=\"wp-block-pullquote has-border-color\" style=\"border-color:#cd6435;border-radius:12px\"><blockquote><p>08 place du March\u00e9<br><font size=\"3\"><font color=\"#CD6435\">[38048, CLORENT &#8211; \u00e0 c\u00f4t\u00e9 de LaPoste]<\/font><\/font><br><font size=\"3\"><font color=\"#CD6435\">Desservie par : <font color=\"#CD6435\">103 &amp; 602<\/font><\/font><\/font><\/p><p>04 46 68 88 33<\/p><\/blockquote><\/figure>\n<\/div>\n<\/div>\n\n\n\n<div style=\"height:50px\" aria-hidden=\"true\" class=\"wp-block-spacer\"><\/div>\n\n\n\n<hr class=\"wp-block-separator has-text-color has-background is-style-dots\" style=\"background-color:#ffffff;color:#ffffff\" \/>\n\n\n\n<div style=\"height:50px\" aria-hidden=\"true\" class=\"wp-block-spacer\"><\/div>\n\n\n\n<p class=\"has-background\" style=\"background-color:#a4c546;font-size:30px\">Agence de LUSIGNOL, Gare<\/p>\n\n\n\n<div class=\"wp-block-columns is-layout-flex wp-container-core-columns-is-layout-9d6595d7 wp-block-columns-is-layout-flex\">\n<div class=\"wp-block-column is-layout-flow wp-block-column-is-layout-flow\">\n<figure class=\"wp-block-pullquote has-border-color\" style=\"border-color:#a4c546;border-radius:12px\"><blockquote><p><font size=\"3\"><font color=\"#A4C546\">Du lundi au vendredi :<\/font><br><font size=\"5\">8h30-12h00\/14h00-18h00<\/font><\/font><\/p><p><font size=\"3\"><font color=\"#A4C546\">Le samedi &amp; dimanche :<\/font><br><font size=\"5\">9h30-15h30<\/font><\/font><\/p><\/blockquote><\/figure>\n<\/div>\n\n\n\n<div class=\"wp-block-column is-layout-flow wp-block-column-is-layout-flow\">\n<figure class=\"wp-block-pullquote has-border-color\" style=\"border-color:#a4c546;border-radius:12px\"><blockquote><p>Services Propos\u00e9s :<\/p><p><font size=\"3\"><font color=\"#A4C546\">&gt;<\/font><\/font><font color=\"#A4C546\" style=\"font-size: medium\"> Documents en libre service<br>&gt; Vente de titres de transport<\/font><br><font color=\"#A4C546\" style=\"font-size: medium\">&gt; Espace abonnements<\/font><\/p><\/blockquote><\/figure>\n<\/div>\n\n\n\n<div class=\"wp-block-column is-layout-flow wp-block-column-is-layout-flow\">\n<figure class=\"wp-block-pullquote has-border-color\" style=\"border-color:#a4c546;border-radius:12px\"><blockquote><p>03B place de la Gare<br><font size=\"3\"><font color=\"#A4C546\">[38048, LUSIGNOL &#8211; direction voie B]<\/font><\/font><br><font size=\"3\"><font color=\"#A4C546\">Desservie par : <font color=\"#A4C546\">201<\/font><\/font><\/font><\/p><p>04 46 68 41 72<\/p><\/blockquote><\/figure>\n<\/div>\n<\/div>\n","protected":false},"excerpt":{"rendered":"<p>Agence de CLORENT, Place du March\u00e9 Du lundi au vendredi :8h30-12h00\/14h00-18h00 Le samedi &amp; dimanche :9h30-15h30 Services Propos\u00e9s : &gt; Documents en libre service&gt; Vente de titres de transport&gt; Espace &#8230; <a title=\"Nos Agences Extra-Urbaines\" class=\"read-more\" href=\"https:\/\/seal.transport-manager.net\/kraterios\/nos-agences-extra-urbaines\/\" aria-label=\"En savoir plus sur Nos Agences Extra-Urbaines\">Lire la suite<\/a><\/p>\n","protected":false},"author":53,"featured_media":0,"parent":0,"menu_order":0,"comment_status":"closed","ping_status":"closed","template":"","meta":{"footnotes":""},"class_list":["post-926","page","type-page","status-publish"],"_links":{"self":[{"href":"https:\/\/seal.transport-manager.net\/kraterios\/wp-json\/wp\/v2\/pages\/926","targetHints":{"allow":["GET"]}}],"collection":[{"href":"https:\/\/seal.transport-manager.net\/kraterios\/wp-json\/wp\/v2\/pages"}],"about":[{"href":"https:\/\/seal.transport-manager.net\/kraterios\/wp-json\/wp\/v2\/types\/page"}],"author":[{"embeddable":true,"href":"https:\/\/seal.transport-manager.net\/kraterios\/wp-json\/wp\/v2\/users\/53"}],"replies":[{"embeddable":true,"href":"https:\/\/seal.transport-manager.net\/kraterios\/wp-json\/wp\/v2\/comments?post=926"}],"version-history":[{"count":3,"href":"https:\/\/seal.transport-manager.net\/kraterios\/wp-json\/wp\/v2\/pages\/926\/revisions"}],"predecessor-version":[{"id":1367,"href":"https:\/\/seal.transport-manager.net\/kraterios\/wp-json\/wp\/v2\/pages\/926\/revisions\/1367"}],"wp:attachment":[{"href":"https:\/\/seal.transport-manager.net\/kraterios\/wp-json\/wp\/v2\/media?parent=926"}],"curies":[{"name":"wp","href":"https:\/\/api.w.org\/{rel}","templated":true}]}}