{"id":1161,"date":"2024-04-26T17:34:55","date_gmt":"2024-04-26T15:34:55","guid":{"rendered":"https:\/\/seal.transport-manager.net\/le-fou-des-transports\/?page_id=1161"},"modified":"2025-08-15T11:56:28","modified_gmt":"2025-08-15T09:56:28","slug":"ligne-815","status":"publish","type":"page","link":"https:\/\/seal.transport-manager.net\/le-fou-des-transports\/ligne-815\/","title":{"rendered":"Ligne 815"},"content":{"rendered":"\n<p class=\"has-text-align-center has-text-color has-x-large-font-size\" style=\"color:#751056\"><strong>Ligne 815 : Gare de l&rsquo;Ouest &lt;-&gt; Gare Centrale<\/strong><\/p>\n\n\n\n<div class=\"wp-block-columns is-layout-flex wp-container-core-columns-is-layout-9d6595d7 wp-block-columns-is-layout-flex\">\n<div class=\"wp-block-column is-layout-flow wp-block-column-is-layout-flow\">\n<p class=\"has-text-align-center has-white-color has-text-color has-background\" style=\"background-color:#751056\"><strong>PLAN DE LA LIGNE<\/strong><\/p>\n<\/div>\n<\/div>\n\n\n\n<figure class=\"wp-block-image size-large\"><img decoding=\"async\" src=\"https:\/\/i.postimg.cc\/FKb8HX1y\/map-2025-08-15-T115333-691.png\" alt=\"\" \/><\/figure>\n\n\n\n<div class=\"wp-block-columns is-layout-flex wp-container-core-columns-is-layout-9d6595d7 wp-block-columns-is-layout-flex\">\n<div class=\"wp-block-column is-layout-flow wp-block-column-is-layout-flow\">\n<p class=\"has-text-align-center has-white-color has-text-color has-background\" style=\"background-color:#751056\"><strong>HORAIRES<\/strong><\/p>\n<\/div>\n<\/div>\n\n\n\n<p class=\"has-text-align-center has-medium-font-size\"><strong>Les 15 et 17 ao\u00fbt<\/strong><\/p>\n\n\n\n<figure class=\"wp-block-table is-style-stripes\"><table class=\"has-fixed-layout\"><thead><tr><th class=\"has-text-align-center\" data-align=\"center\">Horaires<\/th><th class=\"has-text-align-center\" data-align=\"center\">De 5h30 \u00e0 9h<\/th><th class=\"has-text-align-center\" data-align=\"center\">De 9h \u00e0 19h<\/th><th class=\"has-text-align-center\" data-align=\"center\">De 19h \u00e0 00h<\/th><\/tr><\/thead><tbody><tr><td class=\"has-text-align-center\" data-align=\"center\">Fr\u00e9quences<\/td><td class=\"has-text-align-center\" data-align=\"center\">20&prime;<\/td><td class=\"has-text-align-center\" data-align=\"center\">8&prime;<\/td><td class=\"has-text-align-center\" data-align=\"center\">20&prime;<\/td><\/tr><\/tbody><\/table><\/figure>\n\n\n\n<p class=\"has-text-align-center has-medium-font-size\"><strong>Le 16 ao\u00fbt<\/strong><\/p>\n\n\n\n<figure class=\"wp-block-table is-style-stripes\"><table class=\"has-fixed-layout\"><thead><tr><th class=\"has-text-align-center\" data-align=\"center\">Horaires<\/th><th class=\"has-text-align-center\" data-align=\"center\">De 5h30 \u00e0 8h30<\/th><th class=\"has-text-align-center\" data-align=\"center\">De 8h30 \u00e0 19h30<\/th><th class=\"has-text-align-center\" data-align=\"center\">De 19h \u00e0 00h<\/th><\/tr><\/thead><tbody><tr><td class=\"has-text-align-center\" data-align=\"center\">Fr\u00e9quences<\/td><td class=\"has-text-align-center\" data-align=\"center\">20&prime;<\/td><td class=\"has-text-align-center\" data-align=\"center\">8&prime;<\/td><td class=\"has-text-align-center\" data-align=\"center\">20&prime;<\/td><\/tr><\/tbody><\/table><\/figure>\n\n\n\n<p class=\"has-text-align-center has-medium-font-size\"><strong>Les 18 et 19 ao\u00fbt<\/strong><\/p>\n\n\n\n<figure class=\"wp-block-table is-style-stripes\"><table class=\"has-fixed-layout\"><thead><tr><th class=\"has-text-align-center\" data-align=\"center\">Horaires<\/th><th class=\"has-text-align-center\" data-align=\"center\">De 5h30 \u00e0 7h<\/th><th class=\"has-text-align-center\" data-align=\"center\">De 7h \u00e0 9h<\/th><th class=\"has-text-align-center\" data-align=\"center\">De 9h \u00e0 16h30<\/th><th class=\"has-text-align-center\" data-align=\"center\">De 16h30 \u00e0 19h30<\/th><th class=\"has-text-align-center\" data-align=\"center\">De 19h30 \u00e0 21h<\/th><th class=\"has-text-align-center\" data-align=\"center\">De 21h \u00e0 00h<\/th><\/tr><\/thead><tbody><tr><td class=\"has-text-align-center\" data-align=\"center\">Fr\u00e9quences<\/td><td class=\"has-text-align-center\" data-align=\"center\">10&prime;<\/td><td class=\"has-text-align-center\" data-align=\"center\">7&prime;<\/td><td class=\"has-text-align-center\" data-align=\"center\">10&prime;<\/td><td class=\"has-text-align-center\" data-align=\"center\">7&prime;<\/td><td class=\"has-text-align-center\" data-align=\"center\">10&prime;<\/td><td class=\"has-text-align-center\" data-align=\"center\">20&prime;<\/td><\/tr><\/tbody><\/table><\/figure>\n\n\n\n<div class=\"wp-block-columns is-layout-flex wp-container-core-columns-is-layout-9d6595d7 wp-block-columns-is-layout-flex\">\n<div class=\"wp-block-column is-layout-flow wp-block-column-is-layout-flow\">\n<p class=\"has-text-align-center has-white-color has-text-color has-background\" style=\"background-color:#751056\"><strong>INFORMATIONS<\/strong><\/p>\n<\/div>\n<\/div>\n\n\n\n<ul class=\"wp-block-list\">\n<li>Cette ligne circule du <strong>15 au 19 ao\u00fbt inclus<\/strong><\/li>\n\n\n\n<li>Cette ligne est <strong>gratuite<\/strong><\/li>\n\n\n\n<li>Cette ligne est accessible uniquement sur p<strong>r\u00e9sentation d&rsquo;un billet de train de la ligne impact\u00e9e et dat\u00e9 du jour <\/strong><\/li>\n<\/ul>\n\n\n\n<div class=\"wp-block-columns is-layout-flex wp-container-core-columns-is-layout-9d6595d7 wp-block-columns-is-layout-flex\">\n<div class=\"wp-block-column is-layout-flow wp-block-column-is-layout-flow\">\n<p class=\"has-text-align-center has-white-color has-text-color has-background\" style=\"background-color:#751056\"><strong>PLAN DU RESEAU<\/strong><\/p>\n<\/div>\n<\/div>\n\n\n\n<figure class=\"wp-block-image size-large\"><img decoding=\"async\" src=\"https:\/\/transport-manager.net\/assets\/img\/lignes\/Plan_N3.png\" alt=\"\" \/><\/figure>\n\n\n\n<p><\/p>\n","protected":false},"excerpt":{"rendered":"<p>Ligne 815 : Gare de l&rsquo;Ouest &lt;-&gt; Gare Centrale PLAN DE LA LIGNE HORAIRES Les 15 et 17 ao\u00fbt Horaires De 5h30 \u00e0 9h De 9h \u00e0 19h De 19h&nbsp;&hellip;<\/p>\n","protected":false},"author":245,"featured_media":0,"parent":0,"menu_order":0,"comment_status":"closed","ping_status":"closed","template":"","meta":{"_EventAllDay":false,"_EventTimezone":"","_EventStartDate":"","_EventEndDate":"","_EventStartDateUTC":"","_EventEndDateUTC":"","_EventShowMap":false,"_EventShowMapLink":false,"_EventURL":"","_EventCost":"","_EventCostDescription":"","_EventCurrencySymbol":"","_EventCurrencyCode":"","_EventCurrencyPosition":"","_EventDateTimeSeparator":"","_EventTimeRangeSeparator":"","_EventOrganizerID":[],"_EventVenueID":[],"_OrganizerEmail":"","_OrganizerPhone":"","_OrganizerWebsite":"","_VenueAddress":"","_VenueCity":"","_VenueCountry":"","_VenueProvince":"","_VenueState":"","_VenueZip":"","_VenuePhone":"","_VenueURL":"","_VenueStateProvince":"","_VenueLat":"","_VenueLng":"","_VenueShowMap":false,"_VenueShowMapLink":false,"footnotes":""},"class_list":["post-1161","page","type-page","status-publish","hentry"],"_links":{"self":[{"href":"https:\/\/seal.transport-manager.net\/le-fou-des-transports\/wp-json\/wp\/v2\/pages\/1161","targetHints":{"allow":["GET"]}}],"collection":[{"href":"https:\/\/seal.transport-manager.net\/le-fou-des-transports\/wp-json\/wp\/v2\/pages"}],"about":[{"href":"https:\/\/seal.transport-manager.net\/le-fou-des-transports\/wp-json\/wp\/v2\/types\/page"}],"author":[{"embeddable":true,"href":"https:\/\/seal.transport-manager.net\/le-fou-des-transports\/wp-json\/wp\/v2\/users\/245"}],"replies":[{"embeddable":true,"href":"https:\/\/seal.transport-manager.net\/le-fou-des-transports\/wp-json\/wp\/v2\/comments?post=1161"}],"version-history":[{"count":8,"href":"https:\/\/seal.transport-manager.net\/le-fou-des-transports\/wp-json\/wp\/v2\/pages\/1161\/revisions"}],"predecessor-version":[{"id":1660,"href":"https:\/\/seal.transport-manager.net\/le-fou-des-transports\/wp-json\/wp\/v2\/pages\/1161\/revisions\/1660"}],"wp:attachment":[{"href":"https:\/\/seal.transport-manager.net\/le-fou-des-transports\/wp-json\/wp\/v2\/media?parent=1161"}],"curies":[{"name":"wp","href":"https:\/\/api.w.org\/{rel}","templated":true}]}}