{"id":1404,"date":"2024-10-26T14:57:12","date_gmt":"2024-10-26T12:57:12","guid":{"rendered":"https:\/\/seal.transport-manager.net\/le-fou-des-transports\/?page_id=1404"},"modified":"2026-01-04T23:20:11","modified_gmt":"2026-01-04T22:20:11","slug":"ligne-902","status":"publish","type":"page","link":"https:\/\/seal.transport-manager.net\/le-fou-des-transports\/ligne-902\/","title":{"rendered":"Ligne 902"},"content":{"rendered":"\n<p class=\"has-text-align-center has-text-color has-link-color has-x-large-font-size wp-elements-74eab1193b529457846efc7415f5789c\" style=\"color:#9b993b\"><strong>Ligne 902 : Parc de l&rsquo;Etang &lt;-&gt; Observatoire<\/strong><\/p>\n\n\n\n<div class=\"wp-block-columns is-layout-flex wp-container-core-columns-is-layout-9d6595d7 wp-block-columns-is-layout-flex\">\n<div class=\"wp-block-column is-layout-flow wp-block-column-is-layout-flow\">\n<p class=\"has-text-align-center has-white-color has-text-color has-background has-link-color wp-elements-751e2beb5c8a50769a17646806b0ceb2\" style=\"background-color:#9b993b\"><strong>PLAN DE LA LIGNE<\/strong><\/p>\n<\/div>\n<\/div>\n\n\n\n<figure class=\"wp-block-image size-large\"><img loading=\"lazy\" decoding=\"async\" width=\"1024\" height=\"184\" src=\"https:\/\/seal.transport-manager.net\/le-fou-des-transports\/wp-content\/uploads\/sites\/221\/2026\/01\/map-2026-01-04T231845.204-1024x184.png\" alt=\"\" class=\"wp-image-1809\" srcset=\"https:\/\/seal.transport-manager.net\/le-fou-des-transports\/wp-content\/uploads\/sites\/221\/2026\/01\/map-2026-01-04T231845.204-1024x184.png 1024w, https:\/\/seal.transport-manager.net\/le-fou-des-transports\/wp-content\/uploads\/sites\/221\/2026\/01\/map-2026-01-04T231845.204-300x54.png 300w, https:\/\/seal.transport-manager.net\/le-fou-des-transports\/wp-content\/uploads\/sites\/221\/2026\/01\/map-2026-01-04T231845.204-768x138.png 768w, https:\/\/seal.transport-manager.net\/le-fou-des-transports\/wp-content\/uploads\/sites\/221\/2026\/01\/map-2026-01-04T231845.204-1536x276.png 1536w, https:\/\/seal.transport-manager.net\/le-fou-des-transports\/wp-content\/uploads\/sites\/221\/2026\/01\/map-2026-01-04T231845.204-2048x368.png 2048w, https:\/\/seal.transport-manager.net\/le-fou-des-transports\/wp-content\/uploads\/sites\/221\/2026\/01\/map-2026-01-04T231845.204-1232x221.png 1232w, https:\/\/seal.transport-manager.net\/le-fou-des-transports\/wp-content\/uploads\/sites\/221\/2026\/01\/map-2026-01-04T231845.204-1920x345.png 1920w\" sizes=\"auto, (max-width: 1024px) 100vw, 1024px\" \/><\/figure>\n\n\n\n<div class=\"wp-block-columns is-layout-flex wp-container-core-columns-is-layout-9d6595d7 wp-block-columns-is-layout-flex\">\n<div class=\"wp-block-column is-layout-flow wp-block-column-is-layout-flow\">\n<p class=\"has-text-align-center has-white-color has-text-color has-background has-link-color wp-elements-069f65e6823d25b5896d92a7ee6012b0\" style=\"background-color:#9b993b\"><strong>INFORMATIONS<\/strong><\/p>\n<\/div>\n<\/div>\n\n\n\n<ul class=\"wp-block-list\">\n<li>Cette ligne est une ligne T.A.D. ce qui implique le fonctionnement suivant :\n<ul class=\"wp-block-list\">\n<li>Cette ligne n&rsquo;as pas d&rsquo;horaires ou d&rsquo;itin\u00e9raire d\u00e9finit.<\/li>\n\n\n\n<li>Il est n\u00e9cessaire de r\u00e9server au minimum <strong>48h \u00e0 l&rsquo;avance<\/strong>, sur la page d\u00e9di\u00e9e.<\/li>\n\n\n\n<li>Vous pouvez annuler votre r\u00e9servation jusqu&rsquo;\u00e0 <strong>24h avant le d\u00e9part<\/strong>, au del\u00e0 le service vous sera factur\u00e9.<\/li>\n\n\n\n<li>Ce service est inclus dans l&rsquo;ensemble des titres propos\u00e9s sans surcout.<\/li>\n<\/ul>\n<\/li>\n<\/ul>\n\n\n\n<div class=\"wp-block-columns is-layout-flex wp-container-core-columns-is-layout-9d6595d7 wp-block-columns-is-layout-flex\">\n<div class=\"wp-block-column is-layout-flow wp-block-column-is-layout-flow\">\n<p class=\"has-text-align-center has-white-color has-text-color has-background has-link-color wp-elements-73ad6103db936fa12a0abba31a221e48\" style=\"background-color:#9b993b\"><strong>PERTURBATIONS<\/strong><\/p>\n<\/div>\n<\/div>\n\n\n\n<div class=\"wp-block-columns is-layout-flex wp-container-core-columns-is-layout-9d6595d7 wp-block-columns-is-layout-flex\">\n<div class=\"wp-block-column is-layout-flow wp-block-column-is-layout-flow\">\n<p class=\"has-text-align-center has-white-color has-text-color has-background has-link-color wp-elements-3466a1558d6f7b28a08c7a5aa9f90084\" style=\"background-color:#9b993b\"><strong>PLAN DU RESEAU<\/strong><\/p>\n<\/div>\n<\/div>\n\n\n\n<figure class=\"wp-block-image size-large\"><img decoding=\"async\" src=\"https:\/\/transport-manager.net\/assets\/img\/lignes\/Plan_N3.png\" alt=\"\" \/><\/figure>\n","protected":false},"excerpt":{"rendered":"<p>Ligne 902 : Parc de l&rsquo;Etang &lt;-&gt; Observatoire PLAN DE LA LIGNE INFORMATIONS PERTURBATIONS PLAN DU RESEAU<\/p>\n","protected":false},"author":245,"featured_media":0,"parent":0,"menu_order":0,"comment_status":"closed","ping_status":"closed","template":"","meta":{"_EventAllDay":false,"_EventTimezone":"","_EventStartDate":"","_EventEndDate":"","_EventStartDateUTC":"","_EventEndDateUTC":"","_EventShowMap":false,"_EventShowMapLink":false,"_EventURL":"","_EventCost":"","_EventCostDescription":"","_EventCurrencySymbol":"","_EventCurrencyCode":"","_EventCurrencyPosition":"","_EventDateTimeSeparator":"","_EventTimeRangeSeparator":"","_EventOrganizerID":[],"_EventVenueID":[],"_OrganizerEmail":"","_OrganizerPhone":"","_OrganizerWebsite":"","_VenueAddress":"","_VenueCity":"","_VenueCountry":"","_VenueProvince":"","_VenueState":"","_VenueZip":"","_VenuePhone":"","_VenueURL":"","_VenueStateProvince":"","_VenueLat":"","_VenueLng":"","_VenueShowMap":false,"_VenueShowMapLink":false,"footnotes":""},"class_list":["post-1404","page","type-page","status-publish","hentry"],"_links":{"self":[{"href":"https:\/\/seal.transport-manager.net\/le-fou-des-transports\/wp-json\/wp\/v2\/pages\/1404","targetHints":{"allow":["GET"]}}],"collection":[{"href":"https:\/\/seal.transport-manager.net\/le-fou-des-transports\/wp-json\/wp\/v2\/pages"}],"about":[{"href":"https:\/\/seal.transport-manager.net\/le-fou-des-transports\/wp-json\/wp\/v2\/types\/page"}],"author":[{"embeddable":true,"href":"https:\/\/seal.transport-manager.net\/le-fou-des-transports\/wp-json\/wp\/v2\/users\/245"}],"replies":[{"embeddable":true,"href":"https:\/\/seal.transport-manager.net\/le-fou-des-transports\/wp-json\/wp\/v2\/comments?post=1404"}],"version-history":[{"count":4,"href":"https:\/\/seal.transport-manager.net\/le-fou-des-transports\/wp-json\/wp\/v2\/pages\/1404\/revisions"}],"predecessor-version":[{"id":1811,"href":"https:\/\/seal.transport-manager.net\/le-fou-des-transports\/wp-json\/wp\/v2\/pages\/1404\/revisions\/1811"}],"wp:attachment":[{"href":"https:\/\/seal.transport-manager.net\/le-fou-des-transports\/wp-json\/wp\/v2\/media?parent=1404"}],"curies":[{"name":"wp","href":"https:\/\/api.w.org\/{rel}","templated":true}]}}