{"id":613,"date":"2023-01-07T18:56:29","date_gmt":"2023-01-07T17:56:29","guid":{"rendered":"https:\/\/seal.transport-manager.net\/le-fou-des-transports\/?page_id=613"},"modified":"2024-12-01T12:54:11","modified_gmt":"2024-12-01T11:54:11","slug":"les-agences","status":"publish","type":"page","link":"https:\/\/seal.transport-manager.net\/le-fou-des-transports\/les-agences\/","title":{"rendered":"Les agences"},"content":{"rendered":"\n<div class=\"wp-block-columns is-layout-flex wp-container-core-columns-is-layout-9d6595d7 wp-block-columns-is-layout-flex\">\n<div class=\"wp-block-column is-layout-flow wp-block-column-is-layout-flow\">\n<p class=\"has-text-align-center has-pale-cyan-blue-background-color has-background\"><strong>AGENCES URBAINES <\/strong><\/p>\n<\/div>\n<\/div>\n\n\n\n<div class=\"wp-block-columns is-layout-flex wp-container-core-columns-is-layout-9d6595d7 wp-block-columns-is-layout-flex\">\n<div class=\"wp-block-column is-layout-flow wp-block-column-is-layout-flow\">\n<figure class=\"wp-block-image size-large\"><img decoding=\"async\" src=\"https:\/\/transport-manager.net\/assets\/img\/card\/agency\/1.png\" alt=\"\" \/><\/figure>\n\n\n\n<p class=\"has-text-align-center\"><strong>Services <\/strong><br>Informations &#8211; Vente &#8211; Conseils &#8211; Espace Abonnement<\/p>\n\n\n\n<p class=\"has-text-align-center\"><strong>Horaires d&rsquo;ouverture <\/strong><br>&#8211; Du lundi au vendredi : De 8h \u00e0 20h<br>&#8211; Le samedi : De 9h \u00e0 19h<br>&#8211; Le dimanche : De 10h \u00e0 18h<\/p>\n\n\n\n<p class=\"has-text-align-center\"><strong>Correspondances <\/strong><\/p>\n\n\n\n<p class=\"has-text-align-center\">Avec les lignes <img loading=\"lazy\" decoding=\"async\" width=\"97\" height=\"97\" class=\"wp-image-559\" style=\"width: 24px\" src=\"https:\/\/seal.transport-manager.net\/le-fou-des-transports\/wp-content\/uploads\/sites\/221\/2022\/12\/image-1.png\" alt=\"\"><img loading=\"lazy\" decoding=\"async\" width=\"97\" height=\"97\" class=\"wp-image-573\" style=\"width: 24px\" src=\"https:\/\/seal.transport-manager.net\/le-fou-des-transports\/wp-content\/uploads\/sites\/221\/2022\/12\/L2.png\" alt=\"\"><img loading=\"lazy\" decoding=\"async\" width=\"97\" height=\"97\" class=\"wp-image-574\" style=\"width: 24px\" src=\"https:\/\/seal.transport-manager.net\/le-fou-des-transports\/wp-content\/uploads\/sites\/221\/2022\/12\/L3.png\" alt=\"\"><img loading=\"lazy\" decoding=\"async\" width=\"97\" height=\"97\" class=\"wp-image-657\" style=\"width: 24px\" src=\"https:\/\/seal.transport-manager.net\/le-fou-des-transports\/wp-content\/uploads\/sites\/221\/2023\/03\/image-2.png\" alt=\"\"><\/p>\n<\/div>\n\n\n\n<div class=\"wp-block-column is-layout-flow wp-block-column-is-layout-flow\">\n<figure class=\"wp-block-image size-large\"><img decoding=\"async\" src=\"https:\/\/transport-manager.net\/assets\/img\/card\/agency\/3.png\" alt=\"\" \/><\/figure>\n\n\n\n<p class=\"has-text-align-center\"><strong>Services<\/strong><br>Informations &#8211; Vente &#8211; Conseils &#8211; Espace Abonnement<\/p>\n\n\n\n<p class=\"has-text-align-center\"><strong>Horaires d&rsquo;ouverture<\/strong> <br>&#8211; Du lundi au vendredi : De 8h \u00e0 20h<br>&#8211; Le samedi : De 9h \u00e0 19h<br>&#8211; Le dimanche : De 10h \u00e0 18h<\/p>\n\n\n\n<p class=\"has-text-align-center\"><strong>Correspondances <\/strong><\/p>\n\n\n\n<p class=\"has-text-align-center\">Avec la ligne <img loading=\"lazy\" decoding=\"async\" width=\"97\" height=\"97\" class=\"wp-image-573\" style=\"width: 24px\" src=\"https:\/\/seal.transport-manager.net\/le-fou-des-transports\/wp-content\/uploads\/sites\/221\/2022\/12\/L2.png\" alt=\"\"><\/p>\n<\/div>\n\n\n\n<div class=\"wp-block-column is-layout-flow wp-block-column-is-layout-flow\">\n<figure class=\"wp-block-image size-large\"><img decoding=\"async\" src=\"https:\/\/transport-manager.net\/assets\/img\/card\/agency\/5.png\" alt=\"\" \/><\/figure>\n\n\n\n<p class=\"has-text-align-center\"><strong>Services<\/strong><br>Informations &#8211; Vente &#8211; Conseils &#8211; Espace Abonnement<\/p>\n\n\n\n<p class=\"has-text-align-center\"><strong>Horaires d&rsquo;ouverture<\/strong> <br>&#8211; Du lundi au vendredi : De 8h \u00e0 19h<br>&#8211; Le samedi : De 9h \u00e0 18h<br>&#8211; Le dimanche : De 10h \u00e0 17h<\/p>\n\n\n\n<p class=\"has-text-align-center\"><strong>Correspondances <\/strong><\/p>\n\n\n\n<p class=\"has-text-align-center\">Avec les lignes <img loading=\"lazy\" decoding=\"async\" width=\"97\" height=\"97\" class=\"wp-image-576\" style=\"width: 24px\" src=\"https:\/\/seal.transport-manager.net\/le-fou-des-transports\/wp-content\/uploads\/sites\/221\/2022\/12\/L5.png\" alt=\"\"><img loading=\"lazy\" decoding=\"async\" width=\"97\" height=\"97\" class=\"wp-image-603\" style=\"width: 24px\" src=\"https:\/\/seal.transport-manager.net\/le-fou-des-transports\/wp-content\/uploads\/sites\/221\/2023\/01\/L7.png\" alt=\"\"><img loading=\"lazy\" decoding=\"async\" width=\"97\" height=\"97\" class=\"wp-image-1308\" style=\"width: 24px\" src=\"https:\/\/seal.transport-manager.net\/le-fou-des-transports\/wp-content\/uploads\/sites\/221\/2024\/10\/L61.png\" alt=\"\"><\/p>\n<\/div>\n<\/div>\n\n\n\n<div class=\"wp-block-columns is-layout-flex wp-container-core-columns-is-layout-9d6595d7 wp-block-columns-is-layout-flex\">\n<div class=\"wp-block-column is-layout-flow wp-block-column-is-layout-flow\">\n<figure class=\"wp-block-image size-large\"><img decoding=\"async\" src=\"https:\/\/transport-manager.net\/assets\/img\/card\/agency\/2.png\" alt=\"\" \/><\/figure>\n\n\n\n<p class=\"has-text-align-center\"><strong>Services <\/strong><br>Informations &#8211; Vente &#8211; Conseils &#8211; Espace Abonnement<\/p>\n\n\n\n<p class=\"has-text-align-center\"><strong>Horaires d&rsquo;ouverture <\/strong><br>&#8211; Du lundi au vendredi : De 8h \u00e0 19h<br>&#8211; Le samedi : De 10h \u00e0 17h<\/p>\n\n\n\n<p class=\"has-text-align-center\"><strong>Correspondances <\/strong><\/p>\n\n\n\n<p class=\"has-text-align-center\">Avec les lignes <img loading=\"lazy\" decoding=\"async\" width=\"97\" height=\"97\" class=\"wp-image-574\" style=\"width: 24px\" src=\"https:\/\/seal.transport-manager.net\/le-fou-des-transports\/wp-content\/uploads\/sites\/221\/2022\/12\/L3.png\" alt=\"\"><img loading=\"lazy\" decoding=\"async\" width=\"97\" height=\"97\" class=\"wp-image-1294\" style=\"width: 24px\" src=\"https:\/\/seal.transport-manager.net\/le-fou-des-transports\/wp-content\/uploads\/sites\/221\/2024\/10\/L8.png\" alt=\"\"><img loading=\"lazy\" decoding=\"async\" width=\"97\" height=\"97\" class=\"wp-image-1303\" style=\"width: 24px\" src=\"https:\/\/seal.transport-manager.net\/le-fou-des-transports\/wp-content\/uploads\/sites\/221\/2024\/10\/L11.png\" alt=\"\"><\/p>\n<\/div>\n\n\n\n<div class=\"wp-block-column is-layout-flow wp-block-column-is-layout-flow\">\n<figure class=\"wp-block-image size-large\"><img decoding=\"async\" src=\"https:\/\/transport-manager.net\/assets\/img\/card\/agency\/4.png\" alt=\"\" \/><\/figure>\n\n\n\n<p class=\"has-text-align-center\"><strong>Services <\/strong><br>Informations &#8211; Vente &#8211; Conseils &#8211; Espace Abonnement<\/p>\n\n\n\n<p class=\"has-text-align-center\"><strong>Horaires d&rsquo;ouverture <\/strong><br>&#8211; Du lundi au vendredi : De 8h \u00e0 19h<br>&#8211; Le samedi : De 10h \u00e0 17h<\/p>\n\n\n\n<p class=\"has-text-align-center\"><strong>Correspondances <\/strong><\/p>\n\n\n\n<p class=\"has-text-align-center\">Avec les lignes <img loading=\"lazy\" decoding=\"async\" width=\"97\" height=\"97\" class=\"wp-image-559\" style=\"width: 24px\" src=\"https:\/\/seal.transport-manager.net\/le-fou-des-transports\/wp-content\/uploads\/sites\/221\/2022\/12\/image-1.png\" alt=\"\"><img loading=\"lazy\" decoding=\"async\" width=\"97\" height=\"97\" class=\"wp-image-1301\" style=\"width: 24px\" src=\"https:\/\/seal.transport-manager.net\/le-fou-des-transports\/wp-content\/uploads\/sites\/221\/2024\/10\/L9.png\" alt=\"\"><img loading=\"lazy\" decoding=\"async\" width=\"97\" height=\"97\" class=\"wp-image-1302\" style=\"width: 24px\" src=\"https:\/\/seal.transport-manager.net\/le-fou-des-transports\/wp-content\/uploads\/sites\/221\/2024\/10\/L10.png\" alt=\"\"><\/p>\n<\/div>\n<\/div>\n\n\n\n<p class=\"has-text-align-center\"><\/p>\n\n\n\n<p><\/p>\n","protected":false},"excerpt":{"rendered":"<p>AGENCES URBAINES Services Informations &#8211; Vente &#8211; Conseils &#8211; Espace Abonnement Horaires d&rsquo;ouverture &#8211; Du lundi au vendredi : De 8h \u00e0 20h&#8211; Le samedi : De 9h \u00e0 19h&#8211;&nbsp;&hellip;<\/p>\n","protected":false},"author":245,"featured_media":0,"parent":0,"menu_order":0,"comment_status":"closed","ping_status":"closed","template":"","meta":{"_EventAllDay":false,"_EventTimezone":"","_EventStartDate":"","_EventEndDate":"","_EventStartDateUTC":"","_EventEndDateUTC":"","_EventShowMap":false,"_EventShowMapLink":false,"_EventURL":"","_EventCost":"","_EventCostDescription":"","_EventCurrencySymbol":"","_EventCurrencyCode":"","_EventCurrencyPosition":"","_EventDateTimeSeparator":"","_EventTimeRangeSeparator":"","_EventOrganizerID":[],"_EventVenueID":[],"_OrganizerEmail":"","_OrganizerPhone":"","_OrganizerWebsite":"","_VenueAddress":"","_VenueCity":"","_VenueCountry":"","_VenueProvince":"","_VenueState":"","_VenueZip":"","_VenuePhone":"","_VenueURL":"","_VenueStateProvince":"","_VenueLat":"","_VenueLng":"","_VenueShowMap":false,"_VenueShowMapLink":false,"footnotes":""},"class_list":["post-613","page","type-page","status-publish","hentry"],"_links":{"self":[{"href":"https:\/\/seal.transport-manager.net\/le-fou-des-transports\/wp-json\/wp\/v2\/pages\/613","targetHints":{"allow":["GET"]}}],"collection":[{"href":"https:\/\/seal.transport-manager.net\/le-fou-des-transports\/wp-json\/wp\/v2\/pages"}],"about":[{"href":"https:\/\/seal.transport-manager.net\/le-fou-des-transports\/wp-json\/wp\/v2\/types\/page"}],"author":[{"embeddable":true,"href":"https:\/\/seal.transport-manager.net\/le-fou-des-transports\/wp-json\/wp\/v2\/users\/245"}],"replies":[{"embeddable":true,"href":"https:\/\/seal.transport-manager.net\/le-fou-des-transports\/wp-json\/wp\/v2\/comments?post=613"}],"version-history":[{"count":21,"href":"https:\/\/seal.transport-manager.net\/le-fou-des-transports\/wp-json\/wp\/v2\/pages\/613\/revisions"}],"predecessor-version":[{"id":1466,"href":"https:\/\/seal.transport-manager.net\/le-fou-des-transports\/wp-json\/wp\/v2\/pages\/613\/revisions\/1466"}],"wp:attachment":[{"href":"https:\/\/seal.transport-manager.net\/le-fou-des-transports\/wp-json\/wp\/v2\/media?parent=613"}],"curies":[{"name":"wp","href":"https:\/\/api.w.org\/{rel}","templated":true}]}}