{"id":65,"date":"2022-06-28T19:05:36","date_gmt":"2022-06-28T17:05:36","guid":{"rendered":"https:\/\/seal.transport-manager.net\/lefoudestransports\/?page_id=65"},"modified":"2023-10-01T13:40:19","modified_gmt":"2023-10-01T11:40:19","slug":"les-titres-amendes","status":"publish","type":"page","link":"https:\/\/seal.transport-manager.net\/le-fou-des-transports\/les-titres-amendes\/","title":{"rendered":"Les titres &amp; amendes"},"content":{"rendered":"\n<p><strong><span style=\"text-decoration: underline\">Les titres de tra<\/span><\/strong><span style=\"text-decoration: underline\"><strong>nsports<\/strong><\/span><\/p>\n\n\n\n<p>Vous pouvez acheter plusieurs types de titres de transports :<\/p>\n\n\n\n<p><strong><span style=\"text-decoration: underline\">Ticket unitaire 1,70 \u20ac<\/span><\/strong><\/p>\n\n\n\n<figure class=\"wp-block-image size-full\"><img loading=\"lazy\" decoding=\"async\" width=\"688\" height=\"341\" src=\"https:\/\/seal.transport-manager.net\/le-fou-des-transports\/wp-content\/uploads\/sites\/221\/2023\/10\/Ticket_Unitaire2x.png\" alt=\"\" class=\"wp-image-1095\" srcset=\"https:\/\/seal.transport-manager.net\/le-fou-des-transports\/wp-content\/uploads\/sites\/221\/2023\/10\/Ticket_Unitaire2x.png 688w, https:\/\/seal.transport-manager.net\/le-fou-des-transports\/wp-content\/uploads\/sites\/221\/2023\/10\/Ticket_Unitaire2x-300x149.png 300w\" sizes=\"auto, (max-width: 688px) 100vw, 688px\" \/><\/figure>\n\n\n\n<p><strong><span style=\"text-decoration: underline\">Ticket 24h 5,00\u20ac<\/span><\/strong><\/p>\n\n\n\n<figure class=\"wp-block-image size-full\"><img loading=\"lazy\" decoding=\"async\" width=\"688\" height=\"341\" src=\"https:\/\/seal.transport-manager.net\/le-fou-des-transports\/wp-content\/uploads\/sites\/221\/2023\/10\/Ticket_Journee2x.png\" alt=\"\" class=\"wp-image-1096\" srcset=\"https:\/\/seal.transport-manager.net\/le-fou-des-transports\/wp-content\/uploads\/sites\/221\/2023\/10\/Ticket_Journee2x.png 688w, https:\/\/seal.transport-manager.net\/le-fou-des-transports\/wp-content\/uploads\/sites\/221\/2023\/10\/Ticket_Journee2x-300x149.png 300w\" sizes=\"auto, (max-width: 688px) 100vw, 688px\" \/><\/figure>\n\n\n\n<p><strong><span style=\"text-decoration: underline\">Abonnement mensuel ; 59 \u20ac<\/span><\/strong><\/p>\n\n\n\n<figure class=\"wp-block-image size-full\"><img loading=\"lazy\" decoding=\"async\" width=\"723\" height=\"468\" src=\"https:\/\/seal.transport-manager.net\/le-fou-des-transports\/wp-content\/uploads\/sites\/221\/2023\/09\/Cartre-abonnement.png\" alt=\"\" class=\"wp-image-1091\" srcset=\"https:\/\/seal.transport-manager.net\/le-fou-des-transports\/wp-content\/uploads\/sites\/221\/2023\/09\/Cartre-abonnement.png 723w, https:\/\/seal.transport-manager.net\/le-fou-des-transports\/wp-content\/uploads\/sites\/221\/2023\/09\/Cartre-abonnement-300x194.png 300w\" sizes=\"auto, (max-width: 723px) 100vw, 723px\" \/><\/figure>\n\n\n\n<p><strong><span style=\"text-decoration: underline\">Les amendes : <\/span><\/strong><\/p>\n\n\n\n<p>Il existe plusieurs amendes sur le r\u00e9seau : <\/p>\n\n\n\n<p>Ticket non valid\u00e9 : 120 \u20ac (90 \u20ac si payement imm\u00e9diat) <\/p>\n\n\n\n<p>D\u00e9gradation du mat\u00e9riel (si\u00e8ges, bus&#8230;) : de 75 \u20ac \u00e0 250 000 \u20ac (en fonction de la d\u00e9gradation) <\/p>\n\n\n\n<p>Agression : jusqu&rsquo;\u00e0 30 000 \u20ac et 2 ans d&#8217;emprisonnement.<\/p>\n\n\n\n<p>Incivilit\u00e9s : De 50 \u20ac \u00e0 5 000 \u20ac.<\/p>\n","protected":false},"excerpt":{"rendered":"<p>Les titres de transports Vous pouvez acheter plusieurs types de titres de transports : Ticket unitaire 1,70 \u20ac Ticket 24h 5,00\u20ac Abonnement mensuel ; 59 \u20ac Les amendes : Il&nbsp;&hellip;<\/p>\n","protected":false},"author":245,"featured_media":0,"parent":0,"menu_order":0,"comment_status":"closed","ping_status":"closed","template":"","meta":{"_EventAllDay":false,"_EventTimezone":"","_EventStartDate":"","_EventEndDate":"","_EventStartDateUTC":"","_EventEndDateUTC":"","_EventShowMap":false,"_EventShowMapLink":false,"_EventURL":"","_EventCost":"","_EventCostDescription":"","_EventCurrencySymbol":"","_EventCurrencyCode":"","_EventCurrencyPosition":"","_EventDateTimeSeparator":"","_EventTimeRangeSeparator":"","_EventOrganizerID":[],"_EventVenueID":[],"_OrganizerEmail":"","_OrganizerPhone":"","_OrganizerWebsite":"","_VenueAddress":"","_VenueCity":"","_VenueCountry":"","_VenueProvince":"","_VenueState":"","_VenueZip":"","_VenuePhone":"","_VenueURL":"","_VenueStateProvince":"","_VenueLat":"","_VenueLng":"","_VenueShowMap":false,"_VenueShowMapLink":false,"footnotes":""},"class_list":["post-65","page","type-page","status-publish","hentry"],"_links":{"self":[{"href":"https:\/\/seal.transport-manager.net\/le-fou-des-transports\/wp-json\/wp\/v2\/pages\/65","targetHints":{"allow":["GET"]}}],"collection":[{"href":"https:\/\/seal.transport-manager.net\/le-fou-des-transports\/wp-json\/wp\/v2\/pages"}],"about":[{"href":"https:\/\/seal.transport-manager.net\/le-fou-des-transports\/wp-json\/wp\/v2\/types\/page"}],"author":[{"embeddable":true,"href":"https:\/\/seal.transport-manager.net\/le-fou-des-transports\/wp-json\/wp\/v2\/users\/245"}],"replies":[{"embeddable":true,"href":"https:\/\/seal.transport-manager.net\/le-fou-des-transports\/wp-json\/wp\/v2\/comments?post=65"}],"version-history":[{"count":9,"href":"https:\/\/seal.transport-manager.net\/le-fou-des-transports\/wp-json\/wp\/v2\/pages\/65\/revisions"}],"predecessor-version":[{"id":1097,"href":"https:\/\/seal.transport-manager.net\/le-fou-des-transports\/wp-json\/wp\/v2\/pages\/65\/revisions\/1097"}],"wp:attachment":[{"href":"https:\/\/seal.transport-manager.net\/le-fou-des-transports\/wp-json\/wp\/v2\/media?parent=65"}],"curies":[{"name":"wp","href":"https:\/\/api.w.org\/{rel}","templated":true}]}}