{"id":825,"date":"2023-05-09T22:48:31","date_gmt":"2023-05-09T20:48:31","guid":{"rendered":"https:\/\/seal.transport-manager.net\/le-fou-des-transports\/?page_id=825"},"modified":"2026-01-29T22:33:46","modified_gmt":"2026-01-29T21:33:46","slug":"ligne-5","status":"publish","type":"page","link":"https:\/\/seal.transport-manager.net\/le-fou-des-transports\/ligne-5\/","title":{"rendered":"Ligne 5"},"content":{"rendered":"\n<p class=\"has-text-align-center has-text-color has-x-large-font-size\" style=\"color:#f78f4b\"><strong>Ligne 5 : Mus\u00e9e d&rsquo;Art Moderne &lt;-&gt; P\u00f4le Luca Pacioli <\/strong><\/p>\n\n\n\n<div class=\"wp-block-columns is-layout-flex wp-container-core-columns-is-layout-9d6595d7 wp-block-columns-is-layout-flex\">\n<div class=\"wp-block-column is-layout-flow wp-block-column-is-layout-flow\">\n<p class=\"has-text-align-center has-black-color has-text-color has-background\" style=\"background-color:#f78f4b\"><strong>PLAN DE LA LIGNE <\/strong><\/p>\n<\/div>\n<\/div>\n\n\n\n<figure class=\"wp-block-image size-large\"><img decoding=\"async\" src=\"https:\/\/i.postimg.cc\/bYgHry8y\/map-2026-01-04T143008-522.png\" alt=\"\" \/><\/figure>\n\n\n\n<div class=\"wp-block-columns is-layout-flex wp-container-core-columns-is-layout-9d6595d7 wp-block-columns-is-layout-flex\">\n<div class=\"wp-block-column is-layout-flow wp-block-column-is-layout-flow\">\n<p class=\"has-text-align-center has-black-color has-text-color has-background\" style=\"background-color:#f78f4b\"><strong>HORAIRES<\/strong><\/p>\n<\/div>\n<\/div>\n\n\n\n<div data-wp-interactive=\"core\/file\" class=\"wp-block-file\"><object data-wp-bind--hidden=\"!state.hasPdfPreview\" hidden class=\"wp-block-file__embed\" data=\"https:\/\/seal.transport-manager.net\/le-fou-des-transports\/wp-content\/uploads\/sites\/221\/2026\/01\/Fiche_Lingo-Mobilite_Ligne-5_compressed.pdf\" type=\"application\/pdf\" style=\"width:100%;height:600px\" aria-label=\"Contenu embarqu\u00e9 Fiche horaire ligne 5.\"><\/object><a id=\"wp-block-file--media-48c4d888-7509-4c9e-ad26-7bb170c7f8d4\" href=\"https:\/\/seal.transport-manager.net\/le-fou-des-transports\/wp-content\/uploads\/sites\/221\/2026\/01\/Fiche_Lingo-Mobilite_Ligne-5_compressed.pdf\">Fiche horaire ligne 5<\/a><a href=\"https:\/\/seal.transport-manager.net\/le-fou-des-transports\/wp-content\/uploads\/sites\/221\/2026\/01\/Fiche_Lingo-Mobilite_Ligne-5_compressed.pdf\" class=\"wp-block-file__button wp-element-button\" download aria-describedby=\"wp-block-file--media-48c4d888-7509-4c9e-ad26-7bb170c7f8d4\">T\u00e9l\u00e9charger<\/a><\/div>\n\n\n\n<div class=\"wp-block-columns is-layout-flex wp-container-core-columns-is-layout-9d6595d7 wp-block-columns-is-layout-flex\">\n<div class=\"wp-block-column is-layout-flow wp-block-column-is-layout-flow\">\n<p class=\"has-text-align-center has-black-color has-text-color has-background has-link-color wp-elements-a2267cd656187f295dc3e4383ae26645\" style=\"background-color:#f78f4b\"><strong>PERTURBATIONS<\/strong><\/p>\n<\/div>\n<\/div>\n\n\n\n<div class=\"wp-block-columns is-layout-flex wp-container-core-columns-is-layout-9d6595d7 wp-block-columns-is-layout-flex\">\n<div class=\"wp-block-column is-layout-flow wp-block-column-is-layout-flow\">\n<p class=\"has-text-align-center has-black-color has-text-color has-background\" style=\"background-color:#f78f4b\"><strong>PLAN DU <strong>R\u00c9SEAU<\/strong><\/strong><\/p>\n<\/div>\n<\/div>\n\n\n\n<figure class=\"wp-block-image size-large\"><img decoding=\"async\" src=\"https:\/\/transport-manager.net\/assets\/img\/lignes\/Plan_N3.png\" alt=\"\" \/><\/figure>\n\n\n\n<p><\/p>\n","protected":false},"excerpt":{"rendered":"<p>Ligne 5 : Mus\u00e9e d&rsquo;Art Moderne &lt;-&gt; P\u00f4le Luca Pacioli PLAN DE LA LIGNE HORAIRES PERTURBATIONS PLAN DU R\u00c9SEAU<\/p>\n","protected":false},"author":245,"featured_media":0,"parent":0,"menu_order":0,"comment_status":"closed","ping_status":"closed","template":"","meta":{"_EventAllDay":false,"_EventTimezone":"","_EventStartDate":"","_EventEndDate":"","_EventStartDateUTC":"","_EventEndDateUTC":"","_EventShowMap":false,"_EventShowMapLink":false,"_EventURL":"","_EventCost":"","_EventCostDescription":"","_EventCurrencySymbol":"","_EventCurrencyCode":"","_EventCurrencyPosition":"","_EventDateTimeSeparator":"","_EventTimeRangeSeparator":"","_EventOrganizerID":[],"_EventVenueID":[],"_OrganizerEmail":"","_OrganizerPhone":"","_OrganizerWebsite":"","_VenueAddress":"","_VenueCity":"","_VenueCountry":"","_VenueProvince":"","_VenueState":"","_VenueZip":"","_VenuePhone":"","_VenueURL":"","_VenueStateProvince":"","_VenueLat":"","_VenueLng":"","_VenueShowMap":false,"_VenueShowMapLink":false,"footnotes":""},"class_list":["post-825","page","type-page","status-publish","hentry"],"_links":{"self":[{"href":"https:\/\/seal.transport-manager.net\/le-fou-des-transports\/wp-json\/wp\/v2\/pages\/825","targetHints":{"allow":["GET"]}}],"collection":[{"href":"https:\/\/seal.transport-manager.net\/le-fou-des-transports\/wp-json\/wp\/v2\/pages"}],"about":[{"href":"https:\/\/seal.transport-manager.net\/le-fou-des-transports\/wp-json\/wp\/v2\/types\/page"}],"author":[{"embeddable":true,"href":"https:\/\/seal.transport-manager.net\/le-fou-des-transports\/wp-json\/wp\/v2\/users\/245"}],"replies":[{"embeddable":true,"href":"https:\/\/seal.transport-manager.net\/le-fou-des-transports\/wp-json\/wp\/v2\/comments?post=825"}],"version-history":[{"count":13,"href":"https:\/\/seal.transport-manager.net\/le-fou-des-transports\/wp-json\/wp\/v2\/pages\/825\/revisions"}],"predecessor-version":[{"id":1838,"href":"https:\/\/seal.transport-manager.net\/le-fou-des-transports\/wp-json\/wp\/v2\/pages\/825\/revisions\/1838"}],"wp:attachment":[{"href":"https:\/\/seal.transport-manager.net\/le-fou-des-transports\/wp-json\/wp\/v2\/media?parent=825"}],"curies":[{"name":"wp","href":"https:\/\/api.w.org\/{rel}","templated":true}]}}