{"id":51,"date":"2021-09-27T14:24:43","date_gmt":"2021-09-27T12:24:43","guid":{"rendered":"https:\/\/seal.transport-manager.net\/lecool00\/?page_id=51"},"modified":"2022-12-27T21:30:27","modified_gmt":"2022-12-27T20:30:27","slug":"standards","status":"publish","type":"page","link":"https:\/\/seal.transport-manager.net\/lecool_00\/standards\/","title":{"rendered":"Standards"},"content":{"rendered":"\n<p class=\"has-text-align-center\">Voici les bus Standards de notre parc :<\/p>\n\n\n\n<p class=\"has-text-align-center\"><strong>8 Urbanway 12<\/strong><\/p>\n\n\n<div class=\"wp-block-image\">\n<figure class=\"aligncenter size-full\"><img loading=\"lazy\" decoding=\"async\" width=\"450\" height=\"300\" src=\"https:\/\/seal.transport-manager.net\/lecool_00\/wp-content\/uploads\/sites\/99\/2022\/03\/CAA1C8FE-34D4-4AFD-81E4-1023F21E85E4.jpeg\" alt=\"\" class=\"wp-image-282\" srcset=\"https:\/\/seal.transport-manager.net\/lecool_00\/wp-content\/uploads\/sites\/99\/2022\/03\/CAA1C8FE-34D4-4AFD-81E4-1023F21E85E4.jpeg 450w, https:\/\/seal.transport-manager.net\/lecool_00\/wp-content\/uploads\/sites\/99\/2022\/03\/CAA1C8FE-34D4-4AFD-81E4-1023F21E85E4-300x200.jpeg 300w, https:\/\/seal.transport-manager.net\/lecool_00\/wp-content\/uploads\/sites\/99\/2022\/03\/CAA1C8FE-34D4-4AFD-81E4-1023F21E85E4-360x240.jpeg 360w\" sizes=\"auto, (max-width: 450px) 100vw, 450px\" \/><\/figure>\n<\/div>\n\n\n<p class=\"has-text-align-center\"><em>Motorisation : <\/em><img loading=\"lazy\" decoding=\"async\" width=\"174\" height=\"174\" class=\"wp-image-278\" style=\"width: 25px\" src=\"https:\/\/seal.transport-manager.net\/lecool_00\/wp-content\/uploads\/sites\/99\/2022\/03\/7151EFA5-A0C3-4DA0-9F14-8791BD623D56.png\" alt=\"\" srcset=\"https:\/\/seal.transport-manager.net\/lecool_00\/wp-content\/uploads\/sites\/99\/2022\/03\/7151EFA5-A0C3-4DA0-9F14-8791BD623D56.png 174w, https:\/\/seal.transport-manager.net\/lecool_00\/wp-content\/uploads\/sites\/99\/2022\/03\/7151EFA5-A0C3-4DA0-9F14-8791BD623D56-150x150.png 150w\" sizes=\"auto, (max-width: 174px) 100vw, 174px\" \/><strong><em>GNC Mild Hybrid<\/em><\/strong><\/p>\n\n\n\n<p class=\"has-text-align-center has-white-color has-text-color has-background\" style=\"background-color:#438c35\"><strong>En circulation sur les lignes du r\u00e9seau<\/strong><\/p>\n\n\n\n<p class=\"has-text-align-center\"><em>Enti\u00e8rement climatis\u00e9 et accessible<\/em> <img loading=\"lazy\" decoding=\"async\" width=\"175\" height=\"175\" class=\"wp-image-387\" style=\"width: 20px\" src=\"https:\/\/seal.transport-manager.net\/lecool_00\/wp-content\/uploads\/sites\/99\/2022\/07\/01DEA2A3-7D60-4B30-9D9C-AD3EEC3E47A3.png\" alt=\"\" srcset=\"https:\/\/seal.transport-manager.net\/lecool_00\/wp-content\/uploads\/sites\/99\/2022\/07\/01DEA2A3-7D60-4B30-9D9C-AD3EEC3E47A3.png 175w, https:\/\/seal.transport-manager.net\/lecool_00\/wp-content\/uploads\/sites\/99\/2022\/07\/01DEA2A3-7D60-4B30-9D9C-AD3EEC3E47A3-150x150.png 150w\" sizes=\"auto, (max-width: 175px) 100vw, 175px\" \/><img loading=\"lazy\" decoding=\"async\" width=\"175\" height=\"175\" class=\"wp-image-388\" style=\"width: 20px\" src=\"https:\/\/seal.transport-manager.net\/lecool_00\/wp-content\/uploads\/sites\/99\/2022\/07\/432BFE91-3040-4AC1-AD3F-1AC8F3EB6751.png\" alt=\"\" srcset=\"https:\/\/seal.transport-manager.net\/lecool_00\/wp-content\/uploads\/sites\/99\/2022\/07\/432BFE91-3040-4AC1-AD3F-1AC8F3EB6751.png 175w, https:\/\/seal.transport-manager.net\/lecool_00\/wp-content\/uploads\/sites\/99\/2022\/07\/432BFE91-3040-4AC1-AD3F-1AC8F3EB6751-150x150.png 150w\" sizes=\"auto, (max-width: 175px) 100vw, 175px\" \/><\/p>\n\n\n\n<p class=\"has-text-align-center\"><em>Port USB disponible \u00e0 bord des bus<\/em> <img loading=\"lazy\" decoding=\"async\" width=\"175\" height=\"175\" class=\"wp-image-568\" style=\"width: 20px\" src=\"https:\/\/seal.transport-manager.net\/lecool_00\/wp-content\/uploads\/sites\/99\/2022\/12\/D994D4A3-C7CB-4D76-8CAF-7D1F52C7B9F2.png\" alt=\"\" srcset=\"https:\/\/seal.transport-manager.net\/lecool_00\/wp-content\/uploads\/sites\/99\/2022\/12\/D994D4A3-C7CB-4D76-8CAF-7D1F52C7B9F2.png 175w, https:\/\/seal.transport-manager.net\/lecool_00\/wp-content\/uploads\/sites\/99\/2022\/12\/D994D4A3-C7CB-4D76-8CAF-7D1F52C7B9F2-150x150.png 150w\" sizes=\"auto, (max-width: 175px) 100vw, 175px\" \/><\/p>\n\n\n\n<p class=\"has-text-align-center\">&nbsp;(50 L\/100km)-106 places<\/p>\n\n\n\n<p>      <\/p>\n\n\n\n<p>      <\/p>\n\n\n\n<div style=\"height:115px\" aria-hidden=\"true\" class=\"wp-block-spacer\"><\/div>\n\n\n\n<p><\/p>\n\n\n\n<p class=\"has-text-align-center\"><strong>1 Urbanway 12<\/strong><\/p>\n\n\n<div class=\"wp-block-image\">\n<figure class=\"aligncenter size-large\"><img decoding=\"async\" src=\"https:\/\/transport-manager.net\/assets\/img\/bus\/IVECO-urbanway12.jpg\" alt=\"\" \/><\/figure>\n<\/div>\n\n\n<p class=\"has-text-align-center\"><em>Motorisation : <\/em><img loading=\"lazy\" decoding=\"async\" width=\"174\" height=\"174\" class=\"wp-image-278\" style=\"width: 25px\" src=\"https:\/\/seal.transport-manager.net\/lecool_00\/wp-content\/uploads\/sites\/99\/2022\/03\/7151EFA5-A0C3-4DA0-9F14-8791BD623D56.png\" alt=\"\" srcset=\"https:\/\/seal.transport-manager.net\/lecool_00\/wp-content\/uploads\/sites\/99\/2022\/03\/7151EFA5-A0C3-4DA0-9F14-8791BD623D56.png 174w, https:\/\/seal.transport-manager.net\/lecool_00\/wp-content\/uploads\/sites\/99\/2022\/03\/7151EFA5-A0C3-4DA0-9F14-8791BD623D56-150x150.png 150w\" sizes=\"auto, (max-width: 174px) 100vw, 174px\" \/><strong><em>GNC <\/em><\/strong><\/p>\n\n\n\n<p class=\"has-text-align-center has-white-color has-text-color has-background\" style=\"background-color:#923fba\"><strong>Utilis\u00e9 pour des remplacements de bus<\/strong><\/p>\n\n\n\n<p class=\"has-text-align-center\"><em>Enti\u00e8rement climatis\u00e9 et accessible<\/em> <img loading=\"lazy\" decoding=\"async\" width=\"175\" height=\"175\" class=\"wp-image-387\" style=\"width: 20px\" src=\"https:\/\/seal.transport-manager.net\/lecool_00\/wp-content\/uploads\/sites\/99\/2022\/07\/01DEA2A3-7D60-4B30-9D9C-AD3EEC3E47A3.png\" alt=\"\" srcset=\"https:\/\/seal.transport-manager.net\/lecool_00\/wp-content\/uploads\/sites\/99\/2022\/07\/01DEA2A3-7D60-4B30-9D9C-AD3EEC3E47A3.png 175w, https:\/\/seal.transport-manager.net\/lecool_00\/wp-content\/uploads\/sites\/99\/2022\/07\/01DEA2A3-7D60-4B30-9D9C-AD3EEC3E47A3-150x150.png 150w\" sizes=\"auto, (max-width: 175px) 100vw, 175px\" \/><img loading=\"lazy\" decoding=\"async\" width=\"175\" height=\"175\" class=\"wp-image-388\" style=\"width: 20px\" src=\"https:\/\/seal.transport-manager.net\/lecool_00\/wp-content\/uploads\/sites\/99\/2022\/07\/432BFE91-3040-4AC1-AD3F-1AC8F3EB6751.png\" alt=\"\" srcset=\"https:\/\/seal.transport-manager.net\/lecool_00\/wp-content\/uploads\/sites\/99\/2022\/07\/432BFE91-3040-4AC1-AD3F-1AC8F3EB6751.png 175w, https:\/\/seal.transport-manager.net\/lecool_00\/wp-content\/uploads\/sites\/99\/2022\/07\/432BFE91-3040-4AC1-AD3F-1AC8F3EB6751-150x150.png 150w\" sizes=\"auto, (max-width: 175px) 100vw, 175px\" \/><\/p>\n\n\n\n<p class=\"has-text-align-center\">&nbsp;(49 L\/100km)-110 places<\/p>\n","protected":false},"excerpt":{"rendered":"<p>Voici les bus Standards de notre parc : 8 Urbanway 12 Motorisation : GNC Mild Hybrid En circulation sur les lignes du r\u00e9seau Enti\u00e8rement climatis\u00e9 et accessible Port USB disponible \u00e0 bord des bus &nbsp;(50 L\/100km)-106 places 1 Urbanway 12 Motorisation : GNC Utilis\u00e9 pour des remplacements de bus Enti\u00e8rement [&hellip;]<\/p>\n","protected":false},"author":99,"featured_media":0,"parent":0,"menu_order":0,"comment_status":"closed","ping_status":"closed","template":"","meta":{"footnotes":""},"class_list":["post-51","page","type-page","status-publish","hentry"],"_links":{"self":[{"href":"https:\/\/seal.transport-manager.net\/lecool_00\/wp-json\/wp\/v2\/pages\/51","targetHints":{"allow":["GET"]}}],"collection":[{"href":"https:\/\/seal.transport-manager.net\/lecool_00\/wp-json\/wp\/v2\/pages"}],"about":[{"href":"https:\/\/seal.transport-manager.net\/lecool_00\/wp-json\/wp\/v2\/types\/page"}],"author":[{"embeddable":true,"href":"https:\/\/seal.transport-manager.net\/lecool_00\/wp-json\/wp\/v2\/users\/99"}],"replies":[{"embeddable":true,"href":"https:\/\/seal.transport-manager.net\/lecool_00\/wp-json\/wp\/v2\/comments?post=51"}],"version-history":[{"count":24,"href":"https:\/\/seal.transport-manager.net\/lecool_00\/wp-json\/wp\/v2\/pages\/51\/revisions"}],"predecessor-version":[{"id":587,"href":"https:\/\/seal.transport-manager.net\/lecool_00\/wp-json\/wp\/v2\/pages\/51\/revisions\/587"}],"wp:attachment":[{"href":"https:\/\/seal.transport-manager.net\/lecool_00\/wp-json\/wp\/v2\/media?parent=51"}],"curies":[{"name":"wp","href":"https:\/\/api.w.org\/{rel}","templated":true}]}}