{"id":525,"date":"2022-10-26T00:29:26","date_gmt":"2022-10-25T22:29:26","guid":{"rendered":"https:\/\/seal.transport-manager.net\/lecool_00\/?page_id=525"},"modified":"2022-10-26T00:40:31","modified_gmt":"2022-10-25T22:40:31","slug":"ligne-5","status":"publish","type":"page","link":"https:\/\/seal.transport-manager.net\/lecool_00\/ligne-5\/","title":{"rendered":"Ligne 5 (concertation en cours)"},"content":{"rendered":"\n<p>Concertation ouverte jusqu&rsquo;au 13 Janvier 2023. Rejoignez nous aux r\u00e9unions de concertation publiques le <strong> 18 novembre, 9 d\u00e9cembre <\/strong>et le<strong> 6 Janvier <\/strong> \u00e0 <strong>Gare Centrale<\/strong> \u00e0 partir de  <strong>19H.<\/strong><\/p>\n","protected":false},"excerpt":{"rendered":"<p>Concertation ouverte jusqu&rsquo;au 13 Janvier 2023. Rejoignez nous aux r\u00e9unions de concertation publiques le 18 novembre, 9 d\u00e9cembre et le 6 Janvier \u00e0 Gare Centrale \u00e0 partir de 19H.<\/p>\n","protected":false},"author":99,"featured_media":0,"parent":0,"menu_order":0,"comment_status":"closed","ping_status":"closed","template":"","meta":{"footnotes":""},"class_list":["post-525","page","type-page","status-publish","hentry"],"_links":{"self":[{"href":"https:\/\/seal.transport-manager.net\/lecool_00\/wp-json\/wp\/v2\/pages\/525","targetHints":{"allow":["GET"]}}],"collection":[{"href":"https:\/\/seal.transport-manager.net\/lecool_00\/wp-json\/wp\/v2\/pages"}],"about":[{"href":"https:\/\/seal.transport-manager.net\/lecool_00\/wp-json\/wp\/v2\/types\/page"}],"author":[{"embeddable":true,"href":"https:\/\/seal.transport-manager.net\/lecool_00\/wp-json\/wp\/v2\/users\/99"}],"replies":[{"embeddable":true,"href":"https:\/\/seal.transport-manager.net\/lecool_00\/wp-json\/wp\/v2\/comments?post=525"}],"version-history":[{"count":4,"href":"https:\/\/seal.transport-manager.net\/lecool_00\/wp-json\/wp\/v2\/pages\/525\/revisions"}],"predecessor-version":[{"id":540,"href":"https:\/\/seal.transport-manager.net\/lecool_00\/wp-json\/wp\/v2\/pages\/525\/revisions\/540"}],"wp:attachment":[{"href":"https:\/\/seal.transport-manager.net\/lecool_00\/wp-json\/wp\/v2\/media?parent=525"}],"curies":[{"name":"wp","href":"https:\/\/api.w.org\/{rel}","templated":true}]}}