{"id":532,"date":"2022-10-26T00:34:49","date_gmt":"2022-10-25T22:34:49","guid":{"rendered":"https:\/\/seal.transport-manager.net\/lecool_00\/?page_id=532"},"modified":"2022-10-26T00:40:46","modified_gmt":"2022-10-25T22:40:46","slug":"ligne-7","status":"publish","type":"page","link":"https:\/\/seal.transport-manager.net\/lecool_00\/ligne-7\/","title":{"rendered":"Ligne 7 (concertation en cours)"},"content":{"rendered":"\n<p>Concertation ouverte jusqu&rsquo;au 13 Janvier 2023. Rejoignez nous aux r\u00e9unions de concertation publiques le <strong> 9 novembre, 2 d\u00e9cembre <\/strong>et le<strong> 23 d\u00e9cembre<\/strong>  \u00e0 <strong>Gare Centrale<\/strong> \u00e0 partir de <strong>19H<\/strong><\/p>\n","protected":false},"excerpt":{"rendered":"<p>Concertation ouverte jusqu&rsquo;au 13 Janvier 2023. Rejoignez nous aux r\u00e9unions de concertation publiques le 9 novembre, 2 d\u00e9cembre et le 23 d\u00e9cembre \u00e0 Gare Centrale \u00e0 partir de 19H<\/p>\n","protected":false},"author":99,"featured_media":0,"parent":0,"menu_order":0,"comment_status":"closed","ping_status":"closed","template":"","meta":{"footnotes":""},"class_list":["post-532","page","type-page","status-publish","hentry"],"_links":{"self":[{"href":"https:\/\/seal.transport-manager.net\/lecool_00\/wp-json\/wp\/v2\/pages\/532","targetHints":{"allow":["GET"]}}],"collection":[{"href":"https:\/\/seal.transport-manager.net\/lecool_00\/wp-json\/wp\/v2\/pages"}],"about":[{"href":"https:\/\/seal.transport-manager.net\/lecool_00\/wp-json\/wp\/v2\/types\/page"}],"author":[{"embeddable":true,"href":"https:\/\/seal.transport-manager.net\/lecool_00\/wp-json\/wp\/v2\/users\/99"}],"replies":[{"embeddable":true,"href":"https:\/\/seal.transport-manager.net\/lecool_00\/wp-json\/wp\/v2\/comments?post=532"}],"version-history":[{"count":2,"href":"https:\/\/seal.transport-manager.net\/lecool_00\/wp-json\/wp\/v2\/pages\/532\/revisions"}],"predecessor-version":[{"id":542,"href":"https:\/\/seal.transport-manager.net\/lecool_00\/wp-json\/wp\/v2\/pages\/532\/revisions\/542"}],"wp:attachment":[{"href":"https:\/\/seal.transport-manager.net\/lecool_00\/wp-json\/wp\/v2\/media?parent=532"}],"curies":[{"name":"wp","href":"https:\/\/api.w.org\/{rel}","templated":true}]}}