{"id":66,"date":"2021-09-27T14:34:44","date_gmt":"2021-09-27T12:34:44","guid":{"rendered":"https:\/\/seal.transport-manager.net\/lecool00\/?page_id=66"},"modified":"2022-10-28T21:48:54","modified_gmt":"2022-10-28T19:48:54","slug":"midibus","status":"publish","type":"page","link":"https:\/\/seal.transport-manager.net\/lecool_00\/midibus\/","title":{"rendered":"Midibus"},"content":{"rendered":"\n<p class=\"has-text-align-center\"><strong>1 Mercedes Citaro K C2<\/strong><\/p>\n\n\n\n<div class=\"wp-block-image\"><figure class=\"aligncenter size-large\"><img decoding=\"async\" src=\"https:\/\/transport-manager.net\/assets\/img\/bus\/EVOBUS-CitaroKC2.jpg\" alt=\"\" \/><\/figure><\/div>\n\n\n\n<p class=\"has-text-align-center\"><em>Motorisation : <\/em><img loading=\"lazy\" decoding=\"async\" width=\"174\" height=\"174\" class=\"wp-image-505\" style=\"width: 25px\" src=\"https:\/\/seal.transport-manager.net\/lecool_00\/wp-content\/uploads\/sites\/99\/2022\/10\/hybride.png\" alt=\"\" srcset=\"https:\/\/seal.transport-manager.net\/lecool_00\/wp-content\/uploads\/sites\/99\/2022\/10\/hybride.png 174w, https:\/\/seal.transport-manager.net\/lecool_00\/wp-content\/uploads\/sites\/99\/2022\/10\/hybride-150x150.png 150w\" sizes=\"auto, (max-width: 174px) 100vw, 174px\" \/><strong><em>Hybride <\/em><\/strong><\/p>\n\n\n\n<p class=\"has-text-align-center has-white-color has-text-color has-background\" style=\"background-color:#c0b21d\"><strong>Utilis\u00e9 pour des lignes \u00ab\u00a0Navette\u00a0\u00bb ou pour des Lignes Sp\u00e9ciales<\/strong><\/p>\n\n\n\n<p class=\"has-text-align-center\"><em>Enti\u00e8rement climatis\u00e9 et accessible<\/em> <img loading=\"lazy\" decoding=\"async\" width=\"175\" height=\"175\" class=\"wp-image-387\" style=\"width: 20px\" src=\"https:\/\/seal.transport-manager.net\/lecool_00\/wp-content\/uploads\/sites\/99\/2022\/07\/01DEA2A3-7D60-4B30-9D9C-AD3EEC3E47A3.png\" alt=\"\" srcset=\"https:\/\/seal.transport-manager.net\/lecool_00\/wp-content\/uploads\/sites\/99\/2022\/07\/01DEA2A3-7D60-4B30-9D9C-AD3EEC3E47A3.png 175w, https:\/\/seal.transport-manager.net\/lecool_00\/wp-content\/uploads\/sites\/99\/2022\/07\/01DEA2A3-7D60-4B30-9D9C-AD3EEC3E47A3-150x150.png 150w\" sizes=\"auto, (max-width: 175px) 100vw, 175px\" \/><img loading=\"lazy\" decoding=\"async\" width=\"175\" height=\"175\" class=\"wp-image-388\" style=\"width: 20px\" src=\"https:\/\/seal.transport-manager.net\/lecool_00\/wp-content\/uploads\/sites\/99\/2022\/07\/432BFE91-3040-4AC1-AD3F-1AC8F3EB6751.png\" alt=\"\" srcset=\"https:\/\/seal.transport-manager.net\/lecool_00\/wp-content\/uploads\/sites\/99\/2022\/07\/432BFE91-3040-4AC1-AD3F-1AC8F3EB6751.png 175w, https:\/\/seal.transport-manager.net\/lecool_00\/wp-content\/uploads\/sites\/99\/2022\/07\/432BFE91-3040-4AC1-AD3F-1AC8F3EB6751-150x150.png 150w\" sizes=\"auto, (max-width: 175px) 100vw, 175px\" \/><\/p>\n\n\n\n<p class=\"has-text-align-center\">&nbsp;(22 L\/100km)-86 places<\/p>\n\n\n\n<p><\/p>\n","protected":false},"excerpt":{"rendered":"<p>1 Mercedes Citaro K C2 Motorisation : Hybride Utilis\u00e9 pour des lignes \u00ab\u00a0Navette\u00a0\u00bb ou pour des Lignes Sp\u00e9ciales Enti\u00e8rement climatis\u00e9 et accessible &nbsp;(22 L\/100km)-86 places<\/p>\n","protected":false},"author":99,"featured_media":0,"parent":0,"menu_order":0,"comment_status":"closed","ping_status":"closed","template":"","meta":{"footnotes":""},"class_list":["post-66","page","type-page","status-publish","hentry"],"_links":{"self":[{"href":"https:\/\/seal.transport-manager.net\/lecool_00\/wp-json\/wp\/v2\/pages\/66","targetHints":{"allow":["GET"]}}],"collection":[{"href":"https:\/\/seal.transport-manager.net\/lecool_00\/wp-json\/wp\/v2\/pages"}],"about":[{"href":"https:\/\/seal.transport-manager.net\/lecool_00\/wp-json\/wp\/v2\/types\/page"}],"author":[{"embeddable":true,"href":"https:\/\/seal.transport-manager.net\/lecool_00\/wp-json\/wp\/v2\/users\/99"}],"replies":[{"embeddable":true,"href":"https:\/\/seal.transport-manager.net\/lecool_00\/wp-json\/wp\/v2\/comments?post=66"}],"version-history":[{"count":9,"href":"https:\/\/seal.transport-manager.net\/lecool_00\/wp-json\/wp\/v2\/pages\/66\/revisions"}],"predecessor-version":[{"id":553,"href":"https:\/\/seal.transport-manager.net\/lecool_00\/wp-json\/wp\/v2\/pages\/66\/revisions\/553"}],"wp:attachment":[{"href":"https:\/\/seal.transport-manager.net\/lecool_00\/wp-json\/wp\/v2\/media?parent=66"}],"curies":[{"name":"wp","href":"https:\/\/api.w.org\/{rel}","templated":true}]}}