{"id":77,"date":"2021-09-27T14:39:16","date_gmt":"2021-09-27T12:39:16","guid":{"rendered":"https:\/\/seal.transport-manager.net\/lecool00\/?page_id=77"},"modified":"2022-09-15T22:21:26","modified_gmt":"2022-09-15T20:21:26","slug":"ligne-2","status":"publish","type":"page","link":"https:\/\/seal.transport-manager.net\/lecool_00\/ligne-2\/","title":{"rendered":"Ligne 2"},"content":{"rendered":"\n<div class=\"wp-block-image\"><figure class=\"aligncenter size-large is-resized\"><img loading=\"lazy\" decoding=\"async\" src=\"https:\/\/seal.transport-manager.net\/lecool_00\/wp-content\/uploads\/sites\/99\/2022\/09\/39EAD526-6249-468E-BFFC-903547249889-1024x151.jpeg\" alt=\"\" class=\"wp-image-451\" width=\"840\" height=\"123\" srcset=\"https:\/\/seal.transport-manager.net\/lecool_00\/wp-content\/uploads\/sites\/99\/2022\/09\/39EAD526-6249-468E-BFFC-903547249889-1024x151.jpeg 1024w, https:\/\/seal.transport-manager.net\/lecool_00\/wp-content\/uploads\/sites\/99\/2022\/09\/39EAD526-6249-468E-BFFC-903547249889-300x44.jpeg 300w, https:\/\/seal.transport-manager.net\/lecool_00\/wp-content\/uploads\/sites\/99\/2022\/09\/39EAD526-6249-468E-BFFC-903547249889-768x113.jpeg 768w, https:\/\/seal.transport-manager.net\/lecool_00\/wp-content\/uploads\/sites\/99\/2022\/09\/39EAD526-6249-468E-BFFC-903547249889-1536x226.jpeg 1536w, https:\/\/seal.transport-manager.net\/lecool_00\/wp-content\/uploads\/sites\/99\/2022\/09\/39EAD526-6249-468E-BFFC-903547249889-2048x301.jpeg 2048w\" sizes=\"auto, (max-width: 840px) 100vw, 840px\" \/><figcaption><strong><em>Cette ligne est exploit\u00e9e \u00e0 100% avec des bus au gaz naturel<\/em><\/strong> <img loading=\"lazy\" decoding=\"async\" width=\"174\" height=\"174\" class=\"wp-image-278\" style=\"width: 25px\" src=\"https:\/\/seal.transport-manager.net\/lecool_00\/wp-content\/uploads\/sites\/99\/2022\/03\/7151EFA5-A0C3-4DA0-9F14-8791BD623D56.png\" alt=\"\" srcset=\"https:\/\/seal.transport-manager.net\/lecool_00\/wp-content\/uploads\/sites\/99\/2022\/03\/7151EFA5-A0C3-4DA0-9F14-8791BD623D56.png 174w, https:\/\/seal.transport-manager.net\/lecool_00\/wp-content\/uploads\/sites\/99\/2022\/03\/7151EFA5-A0C3-4DA0-9F14-8791BD623D56-150x150.png 150w\" sizes=\"auto, (max-width: 174px) 100vw, 174px\" \/><br><br><strong>SEMAINE :<\/strong><br>Heures creuses : Un bus toutes les <em>13 minutes<\/em><br>Heures de pointes : Un bus toutes les <em>10 minutes<\/em><br>Heures de soir\u00e9es :&nbsp;<em> <\/em>Un bus toutes les<em> 4O minutes<\/em><br><br>\ud834\udd00\ud834\udd00\ud834\udd00\ud834\udd00\ud834\udd00\ud834\udd00\ud834\udd00\ud834\udd00\ud834\udd00\ud834\udd00\ud834\udd00\ud834\udd00\ud834\udd00\ud834\udd00\ud834\udd00\ud834\udd00\ud834\udd00\ud834\udd00\ud834\udd00\ud834\udd00\ud834\udd00\ud834\udd00\ud834\udd00\ud834\udd00\ud834\udd00\ud834\udd00\ud834\udd00\ud834\udd00\ud834\udd00\ud834\udd00\ud834\udd00\ud834\udd00\ud834\udd00\ud834\udd00\ud834\udd00\ud834\udd00\ud834\udd00\ud834\udd00\ud834\udd00\ud834\udd00\ud834\udd00\ud834\udd00\ud834\udd00\ud834\udd00\ud834\udd00\ud834\udd00\ud834\udd00\ud834\udd00\ud834\udd00\ud834\udd00\ud834\udd00\ud834\udd00\ud834\udd00\ud834\udd00\ud834\udd00\ud834\udd00\ud834\udd00\ud834\udd00\ud834\udd00\ud834\udd00\ud834\udd00\ud834\udd00<br><br><strong>SAMEDI :<\/strong><br>Heures creuses : Un bus toutes les <em>20 minutes<\/em><br>Heures de pointes : Un bus toutes les <em>13 minutes<\/em><br>Heures de soir\u00e9es : Un bus toutes les <em>40 minutes<\/em><br><br>\ud834\udd00\ud834\udd00\ud834\udd00\ud834\udd00\ud834\udd00\ud834\udd00\ud834\udd00\ud834\udd00\ud834\udd00\ud834\udd00\ud834\udd00\ud834\udd00\ud834\udd00\ud834\udd00\ud834\udd00\ud834\udd00\ud834\udd00\ud834\udd00\ud834\udd00\ud834\udd00\ud834\udd00\ud834\udd00\ud834\udd00\ud834\udd00\ud834\udd00\ud834\udd00\ud834\udd00\ud834\udd00\ud834\udd00\ud834\udd00\ud834\udd00\ud834\udd00\ud834\udd00\ud834\udd00\ud834\udd00\ud834\udd00\ud834\udd00\ud834\udd00\ud834\udd00\ud834\udd00\ud834\udd00\ud834\udd00\ud834\udd00\ud834\udd00\ud834\udd00\ud834\udd00\ud834\udd00\ud834\udd00\ud834\udd00\ud834\udd00\ud834\udd00\ud834\udd00\ud834\udd00\ud834\udd00\ud834\udd00\ud834\udd00\ud834\udd00\ud834\udd00\ud834\udd00\ud834\udd00\ud834\udd00\ud834\udd00<br><br><strong>DIMANCHE<\/strong><br>Heures creuses : <em> <\/em>Un bus toutes les<em> 40 minutes<\/em><br>Heures de pointes : Un bus toutes les <em>27 minutes<\/em><br><br>\ud834\udd00\ud834\udd00\ud834\udd00\ud834\udd00\ud834\udd00\ud834\udd00\ud834\udd00\ud834\udd00\ud834\udd00\ud834\udd00\ud834\udd00\ud834\udd00\ud834\udd00\ud834\udd00\ud834\udd00\ud834\udd00\ud834\udd00\ud834\udd00\ud834\udd00\ud834\udd00\ud834\udd00\ud834\udd00\ud834\udd00\ud834\udd00\ud834\udd00\ud834\udd00\ud834\udd00\ud834\udd00\ud834\udd00\ud834\udd00\ud834\udd00\ud834\udd00\ud834\udd00\ud834\udd00\ud834\udd00\ud834\udd00\ud834\udd00\ud834\udd00\ud834\udd00\ud834\udd00\ud834\udd00\ud834\udd00\ud834\udd00\ud834\udd00\ud834\udd00\ud834\udd00\ud834\udd00\ud834\udd00\ud834\udd00\ud834\udd00\ud834\udd00\ud834\udd00\ud834\udd00\ud834\udd00\ud834\udd00\ud834\udd00\ud834\udd00\ud834\udd00\ud834\udd00\ud834\udd00\ud834\udd00\ud834\udd00<br><br><strong>D\u00e9tails des heures :<\/strong><br>Heures creuses<strong> Lundi-Vendredi<\/strong> : <em>De 5h \u00e0 6h \/ De 10h \u00e0 16h30\/ De 18h30 \u00e0 20h<\/em><br><br>Heures de pointes <strong>Lundi-Vendredi<\/strong> : <em>De 7h \u00e0 9h \/ De 16h30 \u00e0 18h30<\/em><br><br>Heures de soir\u00e9es <strong>Lundi-Samedi<\/strong> : <em>De 20h \u00e0 00h<\/em><br><br>Heures creuses <strong>Samedi <\/strong>: <em>De 5h \u00e0 9h\/ De 18h \u00e0 20h<\/em><br><br>Heures de pointes <strong>Samedi\/Dimanche\/JF<\/strong> : <em>&nbsp;De 9h \u00e0 18h<\/em><br><br>Heures creuses <strong>Dimanche\/JF<\/strong> : De 5 \u00e0 9h&nbsp; <em>\/ De 18h \u00e0 22h<\/em><br><br>\ud834\udd00\ud834\udd00\ud834\udd00\ud834\udd00\ud834\udd00\ud834\udd00\ud834\udd00\ud834\udd00\ud834\udd00\ud834\udd00\ud834\udd00\ud834\udd00\ud834\udd00\ud834\udd00\ud834\udd00\ud834\udd00\ud834\udd00\ud834\udd00\ud834\udd00\ud834\udd00\ud834\udd00\ud834\udd00\ud834\udd00\ud834\udd00\ud834\udd00\ud834\udd00\ud834\udd00\ud834\udd00\ud834\udd00\ud834\udd00\ud834\udd00\ud834\udd00\ud834\udd00\ud834\udd00\ud834\udd00\ud834\udd00\ud834\udd00\ud834\udd00\ud834\udd00\ud834\udd00\ud834\udd00\ud834\udd00\ud834\udd00\ud834\udd00\ud834\udd00\ud834\udd00\ud834\udd00\ud834\udd00\ud834\udd00\ud834\udd00\ud834\udd00\ud834\udd00\ud834\udd00\ud834\udd00\ud834\udd00\ud834\udd00\ud834\udd00\ud834\udd00\ud834\udd00\ud834\udd00\ud834\udd00\ud834\udd00<\/figcaption><\/figure><\/div>\n\n\n\n<p class=\"has-text-align-center\"><strong>D\u00e9tails des arr\u00eats :<\/strong><\/p>\n\n\n\n<p><strong>Direction a\u00e9roport :<\/strong><\/p>\n\n\n\n<figure class=\"wp-block-table\"><table><tbody><tr><td>Gare centrale<img loading=\"lazy\" decoding=\"async\" width=\"97\" height=\"97\" class=\"wp-image-175\" style=\"width: 25px\" src=\"https:\/\/seal.transport-manager.net\/lecool_00\/wp-content\/uploads\/sites\/99\/2021\/09\/A2E9C11B-ED15-4976-8F11-BA612EE13666.png\" alt=\"\"><img loading=\"lazy\" decoding=\"async\" width=\"97\" height=\"97\" class=\"wp-image-366\" style=\"width: 25px\" src=\"https:\/\/seal.transport-manager.net\/lecool_00\/wp-content\/uploads\/sites\/99\/2022\/07\/5FD5630C-D0D8-4FFF-A213-197FEDE20565.png\" alt=\"\"><img loading=\"lazy\" decoding=\"async\" width=\"97\" height=\"97\" class=\"wp-image-368\" style=\"width: 25px\" src=\"https:\/\/seal.transport-manager.net\/lecool_00\/wp-content\/uploads\/sites\/99\/2022\/07\/68447CA1-7E7D-4EC2-A7AE-B4975A07F85E.png\" alt=\"\"><\/td><\/tr><tr><td>Court mouton<img loading=\"lazy\" decoding=\"async\" width=\"97\" height=\"97\" class=\"wp-image-366\" style=\"width: 25px\" src=\"https:\/\/seal.transport-manager.net\/lecool_00\/wp-content\/uploads\/sites\/99\/2022\/07\/5FD5630C-D0D8-4FFF-A213-197FEDE20565.png\" alt=\"\"><\/td><\/tr><tr><td>Rou Anouiar<img loading=\"lazy\" decoding=\"async\" width=\"97\" height=\"97\" class=\"wp-image-366\" style=\"width: 25px\" src=\"https:\/\/seal.transport-manager.net\/lecool_00\/wp-content\/uploads\/sites\/99\/2022\/07\/5FD5630C-D0D8-4FFF-A213-197FEDE20565.png\" alt=\"\"><\/td><\/tr><tr><td>Palais des Beaux-Arts<img loading=\"lazy\" decoding=\"async\" width=\"97\" height=\"97\" class=\"wp-image-366\" style=\"width: 25px\" src=\"https:\/\/seal.transport-manager.net\/lecool_00\/wp-content\/uploads\/sites\/99\/2022\/07\/5FD5630C-D0D8-4FFF-A213-197FEDE20565.png\" alt=\"\"><\/td><\/tr><tr><td>Choudard&nbsp;<\/td><\/tr><tr><td>Champoulin&nbsp;<\/td><\/tr><tr><td>La Madone<\/td><\/tr><tr><td>Avenue L\u00e9mi<\/td><\/tr><tr><td>Coll\u00e8ge Victor Hugo<\/td><\/tr><tr><td>Rue Gastonguil<\/td><\/tr><tr><td>Les Varri\u00e8res<\/td><\/tr><tr><td>Parc Linc<\/td><\/tr><tr><td>Saint-Martin <\/td><\/tr><tr><td>Carrefour lib\u00e9ration<\/td><\/tr><tr><td>Place de l&rsquo;Europe<\/td><\/tr><tr><td>Baraillon&nbsp;<\/td><\/tr><tr><td>Rue Balansti<\/td><\/tr><tr><td>Balansti Clairveau<\/td><\/tr><tr><td>Plaisanceau&nbsp;<\/td><\/tr><tr><td>Courtanoire&nbsp;<\/td><\/tr><tr><td>Bilbao<\/td><\/tr><tr><td>Bilbao l&rsquo;Orme<\/td><\/tr><tr><td>ESTP Paris<\/td><\/tr><tr><td>H\u00f4tel de Police<\/td><\/tr><tr><td>Monrochet&nbsp;<\/td><\/tr><tr><td>Lolite&nbsp;<\/td><\/tr><tr><td>Marignane&nbsp;<\/td><\/tr><tr><td>P\u00e9pie<\/td><\/tr><tr><td>Le Petit Seux<\/td><\/tr><tr><td>M\u00e9c\u00e9nat&nbsp;<\/td><\/tr><tr><td>Avenas<\/td><\/tr><tr><td>Centre commercial Iris<\/td><\/tr><tr><td>A\u00e9roport<\/td><\/tr><\/tbody><\/table><\/figure>\n\n\n\n<p><strong>Direction Gare Central :<\/strong><\/p>\n\n\n\n<figure class=\"wp-block-table\"><table><tbody><tr><td>A\u00e9roport<\/td><\/tr><tr><td>Centre commercial Iris<\/td><\/tr><tr><td>Avenas<\/td><\/tr><tr><td>M\u00e9c\u00e9nat&nbsp;<\/td><\/tr><tr><td>Le Petit Seux<\/td><\/tr><tr><td>P\u00e9pie<\/td><\/tr><tr><td>Marignane&nbsp;<\/td><\/tr><tr><td>Lolite&nbsp;<\/td><\/tr><tr><td>Monrochet&nbsp;<\/td><\/tr><tr><td>H\u00f4tel de Police<\/td><\/tr><tr><td>ESTP Paris<\/td><\/tr><tr><td>Bilbao l&rsquo;Orme<\/td><\/tr><tr><td>Bilbao<\/td><\/tr><tr><td>Courtanoire&nbsp;<\/td><\/tr><tr><td>Plaisanceau&nbsp;<\/td><\/tr><tr><td>Balansti Clairveau<\/td><\/tr><tr><td>Rue Balansti<\/td><\/tr><tr><td>Baraillon&nbsp;<\/td><\/tr><tr><td>Place de l&rsquo;Europe<\/td><\/tr><tr><td>Carrefour lib\u00e9ration<\/td><\/tr><tr><td>Saint-Martin <\/td><\/tr><tr><td>Les Varri\u00e8res<\/td><\/tr><tr><td>Rue Gastonguil<\/td><\/tr><tr><td>Coll\u00e8ge Victor Hugo<\/td><\/tr><tr><td>Avenue L\u00e9mi<\/td><\/tr><tr><td>La Madone<\/td><\/tr><tr><td>Champoulin&nbsp;<\/td><\/tr><tr><td>Choudard&nbsp;<\/td><\/tr><tr><td>Palais des Beaux-Arts<img loading=\"lazy\" decoding=\"async\" width=\"97\" height=\"97\" class=\"wp-image-366\" style=\"width: 25px\" src=\"https:\/\/seal.transport-manager.net\/lecool_00\/wp-content\/uploads\/sites\/99\/2022\/07\/5FD5630C-D0D8-4FFF-A213-197FEDE20565.png\" alt=\"\"><\/td><\/tr><tr><td>Rou Anouiar<img loading=\"lazy\" decoding=\"async\" width=\"97\" height=\"97\" class=\"wp-image-366\" style=\"width: 25px\" src=\"https:\/\/seal.transport-manager.net\/lecool_00\/wp-content\/uploads\/sites\/99\/2022\/07\/5FD5630C-D0D8-4FFF-A213-197FEDE20565.png\" alt=\"\"><\/td><\/tr><tr><td>Court mouton<img loading=\"lazy\" decoding=\"async\" width=\"97\" height=\"97\" class=\"wp-image-366\" style=\"width: 25px\" src=\"https:\/\/seal.transport-manager.net\/lecool_00\/wp-content\/uploads\/sites\/99\/2022\/07\/5FD5630C-D0D8-4FFF-A213-197FEDE20565.png\" alt=\"\"><\/td><\/tr><tr><td>Gare centrale<img loading=\"lazy\" decoding=\"async\" width=\"97\" height=\"97\" class=\"wp-image-175\" style=\"width: 25px\" src=\"https:\/\/seal.transport-manager.net\/lecool_00\/wp-content\/uploads\/sites\/99\/2021\/09\/A2E9C11B-ED15-4976-8F11-BA612EE13666.png\" alt=\"\"><img loading=\"lazy\" decoding=\"async\" width=\"97\" height=\"97\" class=\"wp-image-366\" style=\"width: 25px\" src=\"https:\/\/seal.transport-manager.net\/lecool_00\/wp-content\/uploads\/sites\/99\/2022\/07\/5FD5630C-D0D8-4FFF-A213-197FEDE20565.png\" alt=\"\"><img loading=\"lazy\" decoding=\"async\" width=\"97\" height=\"97\" class=\"wp-image-368\" style=\"width: 25px\" src=\"https:\/\/seal.transport-manager.net\/lecool_00\/wp-content\/uploads\/sites\/99\/2022\/07\/68447CA1-7E7D-4EC2-A7AE-B4975A07F85E.png\" alt=\"\"><\/td><\/tr><\/tbody><\/table><\/figure>\n\n\n\n<p><\/p>\n","protected":false},"excerpt":{"rendered":"<p>D\u00e9tails des arr\u00eats : Direction a\u00e9roport : Gare centrale Court mouton Rou Anouiar Palais des Beaux-Arts Choudard&nbsp; Champoulin&nbsp; La Madone Avenue L\u00e9mi Coll\u00e8ge Victor Hugo Rue Gastonguil Les Varri\u00e8res Parc Linc Saint-Martin Carrefour lib\u00e9ration Place de l&rsquo;Europe Baraillon&nbsp; Rue Balansti Balansti Clairveau Plaisanceau&nbsp; Courtanoire&nbsp; Bilbao Bilbao l&rsquo;Orme ESTP Paris H\u00f4tel [&hellip;]<\/p>\n","protected":false},"author":99,"featured_media":0,"parent":0,"menu_order":0,"comment_status":"closed","ping_status":"closed","template":"","meta":{"footnotes":""},"class_list":["post-77","page","type-page","status-publish","hentry"],"_links":{"self":[{"href":"https:\/\/seal.transport-manager.net\/lecool_00\/wp-json\/wp\/v2\/pages\/77","targetHints":{"allow":["GET"]}}],"collection":[{"href":"https:\/\/seal.transport-manager.net\/lecool_00\/wp-json\/wp\/v2\/pages"}],"about":[{"href":"https:\/\/seal.transport-manager.net\/lecool_00\/wp-json\/wp\/v2\/types\/page"}],"author":[{"embeddable":true,"href":"https:\/\/seal.transport-manager.net\/lecool_00\/wp-json\/wp\/v2\/users\/99"}],"replies":[{"embeddable":true,"href":"https:\/\/seal.transport-manager.net\/lecool_00\/wp-json\/wp\/v2\/comments?post=77"}],"version-history":[{"count":23,"href":"https:\/\/seal.transport-manager.net\/lecool_00\/wp-json\/wp\/v2\/pages\/77\/revisions"}],"predecessor-version":[{"id":458,"href":"https:\/\/seal.transport-manager.net\/lecool_00\/wp-json\/wp\/v2\/pages\/77\/revisions\/458"}],"wp:attachment":[{"href":"https:\/\/seal.transport-manager.net\/lecool_00\/wp-json\/wp\/v2\/media?parent=77"}],"curies":[{"name":"wp","href":"https:\/\/api.w.org\/{rel}","templated":true}]}}