{"id":94,"date":"2021-09-27T14:50:08","date_gmt":"2021-09-27T12:50:08","guid":{"rendered":"https:\/\/seal.transport-manager.net\/lecool00\/?page_id=94"},"modified":"2022-10-27T22:52:19","modified_gmt":"2022-10-27T20:52:19","slug":"accueil","status":"publish","type":"page","link":"https:\/\/seal.transport-manager.net\/lecool_00\/accueil\/","title":{"rendered":"Accueil"},"content":{"rendered":"\n<p>Bienvenue sur le site officiel de la STCL , la Soci\u00e9t\u00e9 des Transport en Commun de Lyon !<\/p>\n\n\n\n<p><\/p>\n\n\n\n<p class=\"has-text-align-center\"><strong><strong>\u00c9<\/strong>TAT DES LIGNES DU R\u00c9SEAU :<\/strong><\/p>\n\n\n\n<p class=\"has-text-align-center\"><a href=\"https:\/\/seal.transport-manager.net\/lecool_00\/ligne-1\/\">LIGNE N\u00b0<img loading=\"lazy\" decoding=\"async\" width=\"97\" height=\"97\" class=\"wp-image-175\" style=\"width: 25px\" src=\"https:\/\/seal.transport-manager.net\/lecool_00\/wp-content\/uploads\/sites\/99\/2021\/09\/A2E9C11B-ED15-4976-8F11-BA612EE13666.png\" alt=\"\"><\/a>: <em>Aucune perturbation<\/em><\/p>\n\n\n\n<p class=\"has-text-align-center\"><a href=\"https:\/\/seal.transport-manager.net\/lecool_00\/ligne-2\/\">LIGNE N\u00b0<img loading=\"lazy\" decoding=\"async\" width=\"97\" height=\"97\" class=\"wp-image-367\" style=\"width: 25px\" src=\"https:\/\/seal.transport-manager.net\/lecool_00\/wp-content\/uploads\/sites\/99\/2022\/07\/19F36E54-0D8C-4335-A6F7-BC190EBD8101.png\" alt=\"\"><\/a> : <em>Aucune perturbation<\/em><\/p>\n\n\n\n<p class=\"has-text-align-center\"><a href=\"https:\/\/seal.transport-manager.net\/lecool_00\/ligne-4\/\">LIGNE N\u00b0<\/a><a href=\"https:\/\/seal.transport-manager.net\/lecool_00\/ligne-3\/\"><img loading=\"lazy\" decoding=\"async\" width=\"97\" height=\"97\" class=\"wp-image-366\" style=\"width: 25px\" src=\"https:\/\/seal.transport-manager.net\/lecool_00\/wp-content\/uploads\/sites\/99\/2022\/07\/5FD5630C-D0D8-4FFF-A213-197FEDE20565.png\" alt=\"\"><\/a> : <em>Aucune perturbation<\/em><\/p>\n\n\n\n<p class=\"has-text-align-center\"><a href=\"https:\/\/seal.transport-manager.net\/lecool_00\/ligne-4\/\">LIGNE N\u00b0<img loading=\"lazy\" decoding=\"async\" width=\"97\" height=\"97\" class=\"wp-image-368\" style=\"width: 25px\" src=\"https:\/\/seal.transport-manager.net\/lecool_00\/wp-content\/uploads\/sites\/99\/2022\/07\/68447CA1-7E7D-4EC2-A7AE-B4975A07F85E.png\" alt=\"\"><\/a> : <em>Aucune perturbation<\/em><\/p>\n\n\n\n<p><strong><mark style=\"background-color:#ffffff;color:#c82323\" class=\"has-inline-color\">Voici les lignes du r\u00e9seau :<\/mark><\/strong><\/p>\n\n\n\n<figure class=\"wp-block-image size-large\"><img decoding=\"async\" src=\"https:\/\/transport-manager.net\/assets\/img\/lignes\/Plan_N1.png\" alt=\"\" \/><\/figure>\n\n\n\n<p><\/p>\n\n\n\n<p><\/p>\n","protected":false},"excerpt":{"rendered":"<p>Bienvenue sur le site officiel de la STCL , la Soci\u00e9t\u00e9 des Transport en Commun de Lyon ! \u00c9TAT DES LIGNES DU R\u00c9SEAU : LIGNE N\u00b0: Aucune perturbation LIGNE N\u00b0 : Aucune perturbation LIGNE N\u00b0 : Aucune perturbation LIGNE N\u00b0 : Aucune perturbation Voici les lignes du r\u00e9seau :<\/p>\n","protected":false},"author":99,"featured_media":0,"parent":0,"menu_order":0,"comment_status":"closed","ping_status":"closed","template":"","meta":{"footnotes":""},"class_list":["post-94","page","type-page","status-publish","hentry"],"_links":{"self":[{"href":"https:\/\/seal.transport-manager.net\/lecool_00\/wp-json\/wp\/v2\/pages\/94","targetHints":{"allow":["GET"]}}],"collection":[{"href":"https:\/\/seal.transport-manager.net\/lecool_00\/wp-json\/wp\/v2\/pages"}],"about":[{"href":"https:\/\/seal.transport-manager.net\/lecool_00\/wp-json\/wp\/v2\/types\/page"}],"author":[{"embeddable":true,"href":"https:\/\/seal.transport-manager.net\/lecool_00\/wp-json\/wp\/v2\/users\/99"}],"replies":[{"embeddable":true,"href":"https:\/\/seal.transport-manager.net\/lecool_00\/wp-json\/wp\/v2\/comments?post=94"}],"version-history":[{"count":24,"href":"https:\/\/seal.transport-manager.net\/lecool_00\/wp-json\/wp\/v2\/pages\/94\/revisions"}],"predecessor-version":[{"id":550,"href":"https:\/\/seal.transport-manager.net\/lecool_00\/wp-json\/wp\/v2\/pages\/94\/revisions\/550"}],"wp:attachment":[{"href":"https:\/\/seal.transport-manager.net\/lecool_00\/wp-json\/wp\/v2\/media?parent=94"}],"curies":[{"name":"wp","href":"https:\/\/api.w.org\/{rel}","templated":true}]}}