{"id":1054,"date":"2022-04-10T15:53:52","date_gmt":"2022-04-10T13:53:52","guid":{"rendered":"https:\/\/seal.transport-manager.net\/lg\/?page_id=1054"},"modified":"2022-12-16T19:57:13","modified_gmt":"2022-12-16T18:57:13","slug":"ligne-9","status":"publish","type":"page","link":"https:\/\/seal.transport-manager.net\/lg\/ligne-9\/","title":{"rendered":"LIGNE 9"},"content":{"rendered":"\n<h4 class=\"has-text-align-center has-text-color wp-block-heading\" style=\"color:#0019a8\"><strong>CAMPUS ALAN TURING <strong>\u2194<\/strong> HAUTE VILLE<\/strong><\/h4>\n\n\n\n<figure class=\"wp-block-table\"><table><tbody><tr><td class=\"has-text-align-center\" data-align=\"center\">Distance<\/td><td class=\"has-text-align-center\" data-align=\"center\">Temps<\/td><td class=\"has-text-align-center\" data-align=\"center\">Arr\u00eats<\/td><\/tr><tr><td class=\"has-text-align-center\" data-align=\"center\">6<\/td><td class=\"has-text-align-center\" data-align=\"center\">18<\/td><td class=\"has-text-align-center\" data-align=\"center\">12<\/td><\/tr><tr><td class=\"has-text-align-center\" data-align=\"center\">Kilom\u00e8tre<\/td><td class=\"has-text-align-center\" data-align=\"center\">Minutes<\/td><td class=\"has-text-align-center\" data-align=\"center\">0 Abribus<\/td><\/tr><\/tbody><\/table><\/figure>\n\n\n\n<figure class=\"wp-block-image size-large\"><img decoding=\"async\" src=\"https:\/\/transport-manager.net\/assets\/img\/lignes\/N4_L9_trans1.png\" alt=\"\"\/><\/figure>\n\n\n\n<p class=\"has-text-align-center\"><strong>Fr\u00e9quences de rotations du Lundi au Vendredi<\/strong><\/p>\n\n\n\n<figure class=\"wp-block-table\"><table><tbody><tr><td class=\"has-text-align-center\" data-align=\"center\">Horaires<\/td><td class=\"has-text-align-center\" data-align=\"center\">5h00 \u2013 7h00<\/td><td class=\"has-text-align-center\" data-align=\"center\">7h00 \u2013 9h00<\/td><td class=\"has-text-align-center\" data-align=\"center\">9h00 \u2013 11h30<\/td><td class=\"has-text-align-center\" data-align=\"center\">11h30 \u2013 13h30<\/td><td class=\"has-text-align-center\" data-align=\"center\">13h30 \u2013 16h00<\/td><td class=\"has-text-align-center\" data-align=\"center\">16h00 \u2013 18h00<\/td><td class=\"has-text-align-center\" data-align=\"center\">18h00 \u2013 20h00<\/td><td class=\"has-text-align-center\" data-align=\"center\">20h00 \u2013 00h00<\/td><\/tr><tr><td class=\"has-text-align-center\" data-align=\"center\">Fr\u00e9quences<\/td><td class=\"has-text-align-center\" data-align=\"center\">9 min<\/td><td class=\"has-text-align-center\" data-align=\"center\">6 min<\/td><td class=\"has-text-align-center\" data-align=\"center\">9 min<\/td><td class=\"has-text-align-center\" data-align=\"center\">6 min<\/td><td class=\"has-text-align-center\" data-align=\"center\">9 min<\/td><td class=\"has-text-align-center\" data-align=\"center\">6 min<\/td><td class=\"has-text-align-center\" data-align=\"center\">9 min<\/td><td class=\"has-text-align-center\" data-align=\"center\">18 min<\/td><\/tr><\/tbody><\/table><\/figure>\n\n\n\n<p class=\"has-text-align-center\"><strong>Fr\u00e9quences de rotations les Samedis<\/strong><\/p>\n\n\n\n<figure class=\"wp-block-table\"><table><tbody><tr><td class=\"has-text-align-center\" data-align=\"center\">Horaires<\/td><td class=\"has-text-align-center\" data-align=\"center\">5h00 &#8211; 9h00<\/td><td class=\"has-text-align-center\" data-align=\"center\">9h00 &#8211; 13h00<\/td><td class=\"has-text-align-center\" data-align=\"center\">13h00 &#8211; 15h00<\/td><td class=\"has-text-align-center\" data-align=\"center\">15h00 &#8211; 20h00<\/td><td class=\"has-text-align-center\" data-align=\"center\">20h00 &#8211; 00h00<\/td><\/tr><tr><td class=\"has-text-align-center\" data-align=\"center\">Fr\u00e9quences<\/td><td class=\"has-text-align-center\" data-align=\"center\">12 minutes<\/td><td class=\"has-text-align-center\" data-align=\"center\">7 minutes<\/td><td class=\"has-text-align-center\" data-align=\"center\">12 minutes<\/td><td class=\"has-text-align-center\" data-align=\"center\">7 minutes<\/td><td class=\"has-text-align-center\" data-align=\"center\">18 minutes<\/td><\/tr><\/tbody><\/table><\/figure>\n\n\n\n<p class=\"has-text-align-center\"><strong>Fr\u00e9quences de rotations les Dimanches et Jours F\u00e9ri\u00e9s<\/strong><\/p>\n\n\n\n<figure class=\"wp-block-table\"><table><tbody><tr><td class=\"has-text-align-center\" data-align=\"center\">Horaires<\/td><td class=\"has-text-align-center\" data-align=\"center\">6h30 &#8211; 10h00<\/td><td class=\"has-text-align-center\" data-align=\"center\">10h00 &#8211; 13h30<\/td><td class=\"has-text-align-center\" data-align=\"center\">13h30 &#8211; 15h00<\/td><td class=\"has-text-align-center\" data-align=\"center\">15h00 &#8211; 20h30<\/td><td class=\"has-text-align-center\" data-align=\"center\">20h30 &#8211; 23h30<\/td><\/tr><tr><td class=\"has-text-align-center\" data-align=\"center\">Fr\u00e9quences<\/td><td class=\"has-text-align-center\" data-align=\"center\">18 minutes<\/td><td class=\"has-text-align-center\" data-align=\"center\">12 minutes<\/td><td class=\"has-text-align-center\" data-align=\"center\">18 minutes<\/td><td class=\"has-text-align-center\" data-align=\"center\">12 minutes<\/td><td class=\"has-text-align-center\" data-align=\"center\">18 minutes<\/td><\/tr><\/tbody><\/table><\/figure>\n\n\n\n<p><strong>Plan du r\u00e9seau<\/strong><\/p>\n\n\n<div class=\"wp-block-image\">\n<figure class=\"aligncenter size-large\"><img decoding=\"async\" src=\"https:\/\/transport-manager.net\/assets\/img\/lignes\/Plan_N4_no_background_trans.png\" alt=\"\"\/><\/figure>\n<\/div>\n\n\n<p class=\"has-small-font-size\">Mise \u00e0 jour : D\u00e9cembre 2022<\/p>\n","protected":false},"excerpt":{"rendered":"<p>CAMPUS ALAN TURING \u2194 HAUTE VILLE Distance Temps Arr\u00eats 6 18 12 Kilom\u00e8tre Minutes 0 Abribus Fr\u00e9quences de rotations du Lundi au Vendredi Horaires 5h00 \u2013 7h00 7h00 \u2013 9h00&nbsp;&hellip;<\/p>\n","protected":false},"author":10,"featured_media":1360,"parent":0,"menu_order":0,"comment_status":"closed","ping_status":"closed","template":"","meta":{"footnotes":""},"class_list":["post-1054","page","type-page","status-publish","has-post-thumbnail","hentry"],"_links":{"self":[{"href":"https:\/\/seal.transport-manager.net\/lg\/wp-json\/wp\/v2\/pages\/1054","targetHints":{"allow":["GET"]}}],"collection":[{"href":"https:\/\/seal.transport-manager.net\/lg\/wp-json\/wp\/v2\/pages"}],"about":[{"href":"https:\/\/seal.transport-manager.net\/lg\/wp-json\/wp\/v2\/types\/page"}],"author":[{"embeddable":true,"href":"https:\/\/seal.transport-manager.net\/lg\/wp-json\/wp\/v2\/users\/10"}],"replies":[{"embeddable":true,"href":"https:\/\/seal.transport-manager.net\/lg\/wp-json\/wp\/v2\/comments?post=1054"}],"version-history":[{"count":5,"href":"https:\/\/seal.transport-manager.net\/lg\/wp-json\/wp\/v2\/pages\/1054\/revisions"}],"predecessor-version":[{"id":1533,"href":"https:\/\/seal.transport-manager.net\/lg\/wp-json\/wp\/v2\/pages\/1054\/revisions\/1533"}],"wp:featuredmedia":[{"embeddable":true,"href":"https:\/\/seal.transport-manager.net\/lg\/wp-json\/wp\/v2\/media\/1360"}],"wp:attachment":[{"href":"https:\/\/seal.transport-manager.net\/lg\/wp-json\/wp\/v2\/media?parent=1054"}],"curies":[{"name":"wp","href":"https:\/\/api.w.org\/{rel}","templated":true}]}}