{"id":1479,"date":"2022-12-16T19:10:19","date_gmt":"2022-12-16T18:10:19","guid":{"rendered":"https:\/\/seal.transport-manager.net\/lg\/?page_id=1479"},"modified":"2022-12-17T19:50:58","modified_gmt":"2022-12-17T18:50:58","slug":"lignes-scolaires-urbaines","status":"publish","type":"page","link":"https:\/\/seal.transport-manager.net\/lg\/lignes-scolaires-urbaines\/","title":{"rendered":"LIGNES SCOLAIRES URBAINES"},"content":{"rendered":"\n<p><\/p>\n\n\n\n<figure class=\"wp-block-table is-style-regular has-small-font-size\"><table class=\"has-fixed-layout\"><thead><tr><th class=\"has-text-align-center\" data-align=\"center\"><kbd>LACANAC - H\u00d4TEL DE VILLE<\/kbd><strong><kbd> \u2194 LYC\u00c9E A. FRANK<\/kbd><\/strong><\/th><th class=\"has-text-align-center\" data-align=\"center\"><kbd>LE ROTO - AVENUE DU PARC<strong> - COLL\u00c8GE V. HUGO<\/strong><\/kbd><\/th><\/tr><\/thead><tbody><tr><td class=\"has-text-align-center\" data-align=\"center\"><a href=\"https:\/\/seal.transport-manager.net\/lg\/ligne-601\/\"><img loading=\"lazy\" decoding=\"async\" width=\"98\" height=\"97\" class=\"wp-image-1480\" style=\"width: 98px;\" src=\"https:\/\/seal.transport-manager.net\/lg\/wp-content\/uploads\/sites\/10\/2022\/12\/L601.png\" alt=\"\"><\/a><\/td><td class=\"has-text-align-center\" data-align=\"center\"><a href=\"https:\/\/seal.transport-manager.net\/lg\/ligne-602\/\"><img loading=\"lazy\" decoding=\"async\" width=\"98\" height=\"97\" class=\"wp-image-1481\" style=\"width: 98px;\" src=\"https:\/\/seal.transport-manager.net\/lg\/wp-content\/uploads\/sites\/10\/2022\/12\/L602.png\" alt=\"\"><\/a><\/td><\/tr><\/tbody><\/table><\/figure>\n\n\n\n<p class=\"has-text-align-center\"><strong>PLAN DU R\u00c9SEAU URBAIN<\/strong><\/p>\n\n\n<div class=\"wp-block-image\">\n<figure class=\"aligncenter size-large\"><img decoding=\"async\" src=\"https:\/\/transport-manager.net\/assets\/img\/lignes\/Plan_N4_no_background_trans.png\" alt=\"\"\/><\/figure>\n<\/div>","protected":false},"excerpt":{"rendered":"<p>LACANAC &#8211; H\u00d4TEL DE VILLE \u2194 LYC\u00c9E A. FRANK LE ROTO &#8211; AVENUE DU PARC &#8211; COLL\u00c8GE V. HUGO PLAN DU R\u00c9SEAU URBAIN<\/p>\n","protected":false},"author":10,"featured_media":1360,"parent":0,"menu_order":0,"comment_status":"closed","ping_status":"closed","template":"","meta":{"footnotes":""},"class_list":["post-1479","page","type-page","status-publish","has-post-thumbnail","hentry"],"_links":{"self":[{"href":"https:\/\/seal.transport-manager.net\/lg\/wp-json\/wp\/v2\/pages\/1479","targetHints":{"allow":["GET"]}}],"collection":[{"href":"https:\/\/seal.transport-manager.net\/lg\/wp-json\/wp\/v2\/pages"}],"about":[{"href":"https:\/\/seal.transport-manager.net\/lg\/wp-json\/wp\/v2\/types\/page"}],"author":[{"embeddable":true,"href":"https:\/\/seal.transport-manager.net\/lg\/wp-json\/wp\/v2\/users\/10"}],"replies":[{"embeddable":true,"href":"https:\/\/seal.transport-manager.net\/lg\/wp-json\/wp\/v2\/comments?post=1479"}],"version-history":[{"count":2,"href":"https:\/\/seal.transport-manager.net\/lg\/wp-json\/wp\/v2\/pages\/1479\/revisions"}],"predecessor-version":[{"id":1541,"href":"https:\/\/seal.transport-manager.net\/lg\/wp-json\/wp\/v2\/pages\/1479\/revisions\/1541"}],"wp:featuredmedia":[{"embeddable":true,"href":"https:\/\/seal.transport-manager.net\/lg\/wp-json\/wp\/v2\/media\/1360"}],"wp:attachment":[{"href":"https:\/\/seal.transport-manager.net\/lg\/wp-json\/wp\/v2\/media?parent=1479"}],"curies":[{"name":"wp","href":"https:\/\/api.w.org\/{rel}","templated":true}]}}