{"id":1483,"date":"2022-12-16T19:17:27","date_gmt":"2022-12-16T18:17:27","guid":{"rendered":"https:\/\/seal.transport-manager.net\/lg\/?page_id=1483"},"modified":"2022-12-17T19:55:24","modified_gmt":"2022-12-17T18:55:24","slug":"lignes-scolaire-interurbaines","status":"publish","type":"page","link":"https:\/\/seal.transport-manager.net\/lg\/lignes-scolaire-interurbaines\/","title":{"rendered":"LIGNES SCOLAIRE INTERURBAINES"},"content":{"rendered":"\n<p><\/p>\n\n\n\n<figure class=\"wp-block-table is-style-regular has-small-font-size\"><table class=\"has-fixed-layout\"><thead><tr><th class=\"has-text-align-center\" data-align=\"center\"><kbd>NAUBOURG - GRAND-PLACE<\/kbd><strong><kbd> \u2194 LYC\u00c9E K. MARX<\/kbd><\/strong><\/th><th class=\"has-text-align-center\" data-align=\"center\"><kbd>SALANBOURG - EGLISE STE MARIE<strong> - LYC\u00c9E A. FRANK<\/strong><\/kbd><\/th><\/tr><\/thead><tbody><tr><td class=\"has-text-align-center\" data-align=\"center\"><a href=\"https:\/\/seal.transport-manager.net\/lg\/ligne-651\/\"><img loading=\"lazy\" decoding=\"async\" width=\"98\" height=\"97\" class=\"wp-image-1486\" style=\"width: 98px;\" src=\"https:\/\/seal.transport-manager.net\/lg\/wp-content\/uploads\/sites\/10\/2022\/12\/L651.png\" alt=\"\"><\/a><\/td><td class=\"has-text-align-center\" data-align=\"center\"><a href=\"https:\/\/seal.transport-manager.net\/lg\/ligne-652\/\"><img loading=\"lazy\" decoding=\"async\" width=\"98\" height=\"98\" class=\"wp-image-1487\" style=\"width: 98px;\" src=\"https:\/\/seal.transport-manager.net\/lg\/wp-content\/uploads\/sites\/10\/2022\/12\/L652.png\" alt=\"\"><\/a><\/td><\/tr><\/tbody><\/table><\/figure>\n\n\n\n<p class=\"has-text-align-center\"><strong>PLAN DU R\u00c9SEAU URBAIN<\/strong><\/p>\n\n\n<div class=\"wp-block-image\">\n<figure class=\"aligncenter size-large\"><img decoding=\"async\" src=\"https:\/\/transport-manager.net\/assets\/img\/lignes\/Plan_N4_no_background_trans.png\" alt=\"\"\/><\/figure>\n<\/div>","protected":false},"excerpt":{"rendered":"<p>NAUBOURG &#8211; GRAND-PLACE \u2194 LYC\u00c9E K. MARX SALANBOURG &#8211; EGLISE STE MARIE &#8211; LYC\u00c9E A. FRANK PLAN DU R\u00c9SEAU URBAIN<\/p>\n","protected":false},"author":10,"featured_media":1360,"parent":0,"menu_order":0,"comment_status":"closed","ping_status":"closed","template":"","meta":{"footnotes":""},"class_list":["post-1483","page","type-page","status-publish","has-post-thumbnail","hentry"],"_links":{"self":[{"href":"https:\/\/seal.transport-manager.net\/lg\/wp-json\/wp\/v2\/pages\/1483","targetHints":{"allow":["GET"]}}],"collection":[{"href":"https:\/\/seal.transport-manager.net\/lg\/wp-json\/wp\/v2\/pages"}],"about":[{"href":"https:\/\/seal.transport-manager.net\/lg\/wp-json\/wp\/v2\/types\/page"}],"author":[{"embeddable":true,"href":"https:\/\/seal.transport-manager.net\/lg\/wp-json\/wp\/v2\/users\/10"}],"replies":[{"embeddable":true,"href":"https:\/\/seal.transport-manager.net\/lg\/wp-json\/wp\/v2\/comments?post=1483"}],"version-history":[{"count":2,"href":"https:\/\/seal.transport-manager.net\/lg\/wp-json\/wp\/v2\/pages\/1483\/revisions"}],"predecessor-version":[{"id":1488,"href":"https:\/\/seal.transport-manager.net\/lg\/wp-json\/wp\/v2\/pages\/1483\/revisions\/1488"}],"wp:featuredmedia":[{"embeddable":true,"href":"https:\/\/seal.transport-manager.net\/lg\/wp-json\/wp\/v2\/media\/1360"}],"wp:attachment":[{"href":"https:\/\/seal.transport-manager.net\/lg\/wp-json\/wp\/v2\/media?parent=1483"}],"curies":[{"name":"wp","href":"https:\/\/api.w.org\/{rel}","templated":true}]}}