{"id":2,"date":"2021-07-19T08:00:26","date_gmt":"2021-07-19T06:00:26","guid":{"rendered":"https:\/\/seal.transport-manager.net\/lg63\/?page_id=2"},"modified":"2022-12-16T20:00:38","modified_gmt":"2022-12-16T19:00:38","slug":"entreprise","status":"publish","type":"page","link":"https:\/\/seal.transport-manager.net\/lg\/entreprise\/","title":{"rendered":"NOTRE ENTREPRISE"},"content":{"rendered":"\n<h1 class=\"has-text-align-center has-vivid-cyan-blue-color has-text-color wp-block-heading\"><mark style=\"background-color:rgba(0, 0, 0, 0)\" class=\"has-inline-color has-vivid-cyan-blue-color\"><strong>LG Mobility<\/strong><\/mark><\/h1>\n\n\n\n<hr class=\"wp-block-separator has-text-color has-vivid-cyan-blue-color has-css-opacity has-vivid-cyan-blue-background-color has-background is-style-default\"\/>\n\n\n\n<h5 class=\"has-text-align-center has-vivid-cyan-blue-color has-text-color wp-block-heading\">\u00c0 VOTRE SERVICE DEPUIS 2021<\/h5>\n\n\n\n<p class=\"has-text-align-center\">Depuis 2021, LG Mobility, bas\u00e9e \u00e0 Riom dans le Puy-de-D\u00f4me, d\u00e9veloppe son activit\u00e9 de transports pour s\u2019adapter et contribuer au d\u00e9veloppement \u00e9conomique et touristique de la m\u00e9tropole de Riom Limagne &amp; Volcans.<\/p>\n\n\n\n<p class=\"has-text-align-center\">Transport Manageur est la r\u00e9gie des transports en commun de l&rsquo;agglom\u00e9ration de Riom Limagne &amp; Volcans.<\/p>\n\n\n\n<p class=\"has-text-align-center\">Acteur majeur de la mobilit\u00e9, LG Mobility a pour mission l&rsquo;exploitation, le d\u00e9veloppement et la commercialisation du service de transports urbains sur un territoire de 31 communes et d&rsquo;environ 68 000 habitants.<br>Au c\u0153ur de la Cha\u00eene des Puys Faille de Limagne, reconnue Patrimoine Mondial de l&rsquo;UNESCO et labellis\u00e9e \u00ab\u00a0territoire d&rsquo;excellence des activit\u00e9s de pleine nature\u00a0\u00bb qui font une agglo innovante et attractive !<br>LG, Directeur de LG Mobility est ambassadeur Patrimoine Mondial UNESCO, Haut lieu tectonique, Cha\u00eene des Puys faille de Limagne.<\/p>\n\n\n<div class=\"wp-block-image\">\n<figure class=\"aligncenter size-large is-resized\"><img loading=\"lazy\" decoding=\"async\" src=\"https:\/\/seal.transport-manager.net\/lg63\/wp-content\/uploads\/sites\/10\/2021\/07\/Signature-mail-ambassadeurs.png\" alt=\"\" class=\"wp-image-130\" width=\"394\" height=\"164\" srcset=\"https:\/\/seal.transport-manager.net\/lg\/wp-content\/uploads\/sites\/10\/2021\/07\/Signature-mail-ambassadeurs.png 600w, https:\/\/seal.transport-manager.net\/lg\/wp-content\/uploads\/sites\/10\/2021\/07\/Signature-mail-ambassadeurs-300x125.png 300w\" sizes=\"auto, (max-width: 394px) 100vw, 394px\" \/><\/figure>\n<\/div>\n\n\n<p class=\"has-text-align-center\">Un rayonnement touristique avec des sites class\u00e9s parmi les 10 plus fr\u00e9quent\u00e9s de la m\u00e9tropole de Riom Limagne &amp; Volcans : Vulcania, Grotte de la Pierre de Volvic, Volcan de Lempt\u00e9gy, Usine des Eaux de Volvic, le thermalisme de Ch\u00e2tel-Guyon qui est en plein essor.<\/p>\n\n\n\n<p class=\"has-text-align-center\">L&rsquo;entreprise LG Mobility \u00e0 signer la charte d&rsquo;engagement volontaire de r\u00e9duction des \u00e9missions de CO\u00b2 des transporteurs routiers de voyageurs.<\/p>\n\n\n\n<p><\/p>\n","protected":false},"excerpt":{"rendered":"<p>LG Mobility \u00c0 VOTRE SERVICE DEPUIS 2021 Depuis 2021, LG Mobility, bas\u00e9e \u00e0 Riom dans le Puy-de-D\u00f4me, d\u00e9veloppe son activit\u00e9 de transports pour s\u2019adapter et contribuer au d\u00e9veloppement \u00e9conomique et&nbsp;&hellip;<\/p>\n","protected":false},"author":10,"featured_media":1360,"parent":0,"menu_order":0,"comment_status":"closed","ping_status":"closed","template":"","meta":{"footnotes":""},"class_list":["post-2","page","type-page","status-publish","has-post-thumbnail","hentry"],"_links":{"self":[{"href":"https:\/\/seal.transport-manager.net\/lg\/wp-json\/wp\/v2\/pages\/2","targetHints":{"allow":["GET"]}}],"collection":[{"href":"https:\/\/seal.transport-manager.net\/lg\/wp-json\/wp\/v2\/pages"}],"about":[{"href":"https:\/\/seal.transport-manager.net\/lg\/wp-json\/wp\/v2\/types\/page"}],"author":[{"embeddable":true,"href":"https:\/\/seal.transport-manager.net\/lg\/wp-json\/wp\/v2\/users\/10"}],"replies":[{"embeddable":true,"href":"https:\/\/seal.transport-manager.net\/lg\/wp-json\/wp\/v2\/comments?post=2"}],"version-history":[{"count":8,"href":"https:\/\/seal.transport-manager.net\/lg\/wp-json\/wp\/v2\/pages\/2\/revisions"}],"predecessor-version":[{"id":1538,"href":"https:\/\/seal.transport-manager.net\/lg\/wp-json\/wp\/v2\/pages\/2\/revisions\/1538"}],"wp:featuredmedia":[{"embeddable":true,"href":"https:\/\/seal.transport-manager.net\/lg\/wp-json\/wp\/v2\/media\/1360"}],"wp:attachment":[{"href":"https:\/\/seal.transport-manager.net\/lg\/wp-json\/wp\/v2\/media?parent=2"}],"curies":[{"name":"wp","href":"https:\/\/api.w.org\/{rel}","templated":true}]}}