{"id":220,"date":"2021-08-06T08:00:13","date_gmt":"2021-08-06T06:00:13","guid":{"rendered":"https:\/\/seal.transport-manager.net\/lg63\/?page_id=220"},"modified":"2022-12-16T20:01:37","modified_gmt":"2022-12-16T19:01:37","slug":"plan-du-reseau","status":"publish","type":"page","link":"https:\/\/seal.transport-manager.net\/lg\/plan-du-reseau\/","title":{"rendered":"PLAN DU R\u00c9SEAU"},"content":{"rendered":"\n<h4 class=\"has-text-align-center wp-block-heading\"><strong>R\u00e9seau m\u00e9tropole Riom Limagne &amp; Volcans<\/strong><\/h4>\n\n\n\n<p><strong>R\u00c9SEAU URBAIN<\/strong><\/p>\n\n\n\n<ul class=\"wp-block-list\">\n<li>13 lignes principales<\/li>\n\n\n\n<li>5 lignes secondaires<\/li>\n\n\n\n<li>2 lignes TAD<\/li>\n\n\n\n<li>4 lignes P\u00e9ri-Urbaines<\/li>\n\n\n\n<li>2 lignes scolaires<\/li>\n\n\n\n<li>Lignes sp\u00e9ciales en fonction des \u00e9v\u00e8nements au sein de la m\u00e9tropole<\/li>\n\n\n\n<li>Les plans du r\u00e9seau sont \u00e0 votre disposition dans nos&nbsp;agences commerciales<\/li>\n<\/ul>\n\n\n\n<figure class=\"wp-block-image size-large\"><img decoding=\"async\" src=\"https:\/\/transport-manager.net\/assets\/img\/lignes\/Plan_N4_no_background_trans.png\" alt=\"\"\/><\/figure>\n\n\n\n<p><strong>R\u00c9SEAU INTERURBAINS<\/strong><\/p>\n\n\n\n<ul class=\"wp-block-list\">\n<li>3 lignes principales<\/li>\n\n\n\n<li>2 lignes scolaires<\/li>\n\n\n\n<li>Les plans du r\u00e9seau sont \u00e0 votre disposition dans nos&nbsp;agences commerciales<\/li>\n<\/ul>\n\n\n<div class=\"wp-block-image\">\n<figure class=\"aligncenter size-large\"><img decoding=\"async\" src=\"https:\/\/transport-manager.net\/assets\/img\/lignes\/Plan_N4_interurbain_no_background_trans.png\" alt=\"\"\/><\/figure>\n<\/div>\n\n\n<p>Niveau 4 : 25 Novembre 2022<\/p>\n","protected":false},"excerpt":{"rendered":"<p>R\u00e9seau m\u00e9tropole Riom Limagne &amp; Volcans R\u00c9SEAU URBAIN R\u00c9SEAU INTERURBAINS Niveau 4 : 25 Novembre 2022<\/p>\n","protected":false},"author":10,"featured_media":1360,"parent":0,"menu_order":0,"comment_status":"closed","ping_status":"closed","template":"","meta":{"footnotes":""},"class_list":["post-220","page","type-page","status-publish","has-post-thumbnail","hentry"],"_links":{"self":[{"href":"https:\/\/seal.transport-manager.net\/lg\/wp-json\/wp\/v2\/pages\/220","targetHints":{"allow":["GET"]}}],"collection":[{"href":"https:\/\/seal.transport-manager.net\/lg\/wp-json\/wp\/v2\/pages"}],"about":[{"href":"https:\/\/seal.transport-manager.net\/lg\/wp-json\/wp\/v2\/types\/page"}],"author":[{"embeddable":true,"href":"https:\/\/seal.transport-manager.net\/lg\/wp-json\/wp\/v2\/users\/10"}],"replies":[{"embeddable":true,"href":"https:\/\/seal.transport-manager.net\/lg\/wp-json\/wp\/v2\/comments?post=220"}],"version-history":[{"count":13,"href":"https:\/\/seal.transport-manager.net\/lg\/wp-json\/wp\/v2\/pages\/220\/revisions"}],"predecessor-version":[{"id":1540,"href":"https:\/\/seal.transport-manager.net\/lg\/wp-json\/wp\/v2\/pages\/220\/revisions\/1540"}],"wp:featuredmedia":[{"embeddable":true,"href":"https:\/\/seal.transport-manager.net\/lg\/wp-json\/wp\/v2\/media\/1360"}],"wp:attachment":[{"href":"https:\/\/seal.transport-manager.net\/lg\/wp-json\/wp\/v2\/media?parent=220"}],"curies":[{"name":"wp","href":"https:\/\/api.w.org\/{rel}","templated":true}]}}