{"id":281,"date":"2021-08-06T08:00:44","date_gmt":"2021-08-06T06:00:44","guid":{"rendered":"https:\/\/seal.transport-manager.net\/lg63\/?page_id=281"},"modified":"2022-12-17T19:12:49","modified_gmt":"2022-12-17T18:12:49","slug":"ligne-2","status":"publish","type":"page","link":"https:\/\/seal.transport-manager.net\/lg\/ligne-2\/","title":{"rendered":"LIGNE 2"},"content":{"rendered":"\n<h4 class=\"has-text-align-center has-text-color wp-block-heading\" style=\"color:#9364cc\"><strong><strong>GARE CENTRALE \u2194 A\u00c9ROPORT<\/strong><\/strong><\/h4>\n\n\n\n<figure class=\"wp-block-table\"><table><tbody><tr><td class=\"has-text-align-center\" data-align=\"center\">Distance<\/td><td class=\"has-text-align-center\" data-align=\"center\">Temps<\/td><td class=\"has-text-align-center\" data-align=\"center\">Arr\u00eats<\/td><\/tr><tr><td class=\"has-text-align-center\" data-align=\"center\">10<\/td><td class=\"has-text-align-center\" data-align=\"center\">40<\/td><td class=\"has-text-align-center\" data-align=\"center\">34<\/td><\/tr><tr><td class=\"has-text-align-center\" data-align=\"center\">Kilom\u00e8tre<\/td><td class=\"has-text-align-center\" data-align=\"center\">Minutes<\/td><td class=\"has-text-align-center\" data-align=\"center\">avec Abribus<\/td><\/tr><\/tbody><\/table><\/figure>\n\n\n\n<figure class=\"wp-block-image size-large\"><img decoding=\"async\" src=\"https:\/\/transport-manager.net\/assets\/img\/lignes\/N4_L2_trans1.png\" alt=\"\"\/><\/figure>\n\n\n\n<p class=\"has-text-align-center\"><strong>Fr\u00e9quences de rotations du Lundi au Vendredi<\/strong><\/p>\n\n\n\n<figure class=\"wp-block-table\"><table><tbody><tr><td class=\"has-text-align-center\" data-align=\"center\">Horaires<\/td><td class=\"has-text-align-center\" data-align=\"center\">5h00 \u2013 7h00<\/td><td class=\"has-text-align-center\" data-align=\"center\">7h00 \u2013 9h00<\/td><td class=\"has-text-align-center\" data-align=\"center\">9h00 \u2013 11h30<\/td><td class=\"has-text-align-center\" data-align=\"center\">11h30 \u2013 13h30<\/td><td class=\"has-text-align-center\" data-align=\"center\">13h30 \u2013 16h00<\/td><td class=\"has-text-align-center\" data-align=\"center\">16h00 \u2013 18h00<\/td><td class=\"has-text-align-center\" data-align=\"center\">18h00 \u2013 20h00<\/td><td class=\"has-text-align-center\" data-align=\"center\">20h00 \u2013 00h00<\/td><\/tr><tr><td class=\"has-text-align-center\" data-align=\"center\">Fr\u00e9quences<\/td><td class=\"has-text-align-center\" data-align=\"center\">6 min<\/td><td class=\"has-text-align-center\" data-align=\"center\">5 min<\/td><td class=\"has-text-align-center\" data-align=\"center\">6 min<\/td><td class=\"has-text-align-center\" data-align=\"center\">5 min<\/td><td class=\"has-text-align-center\" data-align=\"center\">6 min<\/td><td class=\"has-text-align-center\" data-align=\"center\">5 min<\/td><td class=\"has-text-align-center\" data-align=\"center\">6 min<\/td><td class=\"has-text-align-center\" data-align=\"center\">13 min<\/td><\/tr><\/tbody><\/table><\/figure>\n\n\n\n<p class=\"has-text-align-center\"><strong>Fr\u00e9quences de rotations les Samedis<\/strong><\/p>\n\n\n\n<figure class=\"wp-block-table\"><table><tbody><tr><td class=\"has-text-align-center\" data-align=\"center\">Horaires<\/td><td class=\"has-text-align-center\" data-align=\"center\">5h00 &#8211; 9h00<\/td><td class=\"has-text-align-center\" data-align=\"center\">9h00 &#8211; 13h00<\/td><td class=\"has-text-align-center\" data-align=\"center\">13h00 &#8211; 15h00<\/td><td class=\"has-text-align-center\" data-align=\"center\">15h00 &#8211; 20h00<\/td><td class=\"has-text-align-center\" data-align=\"center\">20h00 &#8211; 00h00<\/td><\/tr><tr><td class=\"has-text-align-center\" data-align=\"center\">Fr\u00e9quences<\/td><td class=\"has-text-align-center\" data-align=\"center\">7 minutes<\/td><td class=\"has-text-align-center\" data-align=\"center\">5 minutes<\/td><td class=\"has-text-align-center\" data-align=\"center\">7 minutes<\/td><td class=\"has-text-align-center\" data-align=\"center\">5 minutes<\/td><td class=\"has-text-align-center\" data-align=\"center\">10 minutes<\/td><\/tr><\/tbody><\/table><\/figure>\n\n\n\n<p class=\"has-text-align-center\"><strong>Fr\u00e9quences de rotations les Dimanches et Jours F\u00e9ri\u00e9s<\/strong><\/p>\n\n\n\n<figure class=\"wp-block-table\"><table><tbody><tr><td class=\"has-text-align-center\" data-align=\"center\">Horaires<\/td><td class=\"has-text-align-center\" data-align=\"center\">6h30 &#8211; 10h00<\/td><td class=\"has-text-align-center\" data-align=\"center\">10h00 &#8211; 13h30<\/td><td class=\"has-text-align-center\" data-align=\"center\">13h30 &#8211; 15h00<\/td><td class=\"has-text-align-center\" data-align=\"center\">15h00 &#8211; 20h30<\/td><td class=\"has-text-align-center\" data-align=\"center\">20h30 &#8211; 23h30<\/td><\/tr><tr><td class=\"has-text-align-center\" data-align=\"center\">Fr\u00e9quences<\/td><td class=\"has-text-align-center\" data-align=\"center\">11 minutes<\/td><td class=\"has-text-align-center\" data-align=\"center\">9 minutes<\/td><td class=\"has-text-align-center\" data-align=\"center\">11 minutes<\/td><td class=\"has-text-align-center\" data-align=\"center\">9 minutes<\/td><td class=\"has-text-align-center\" data-align=\"center\">11 minutes<\/td><\/tr><\/tbody><\/table><\/figure>\n\n\n\n<p><strong>Plan du r\u00e9seau<\/strong><\/p>\n\n\n<div class=\"wp-block-image\">\n<figure class=\"aligncenter size-large\"><img decoding=\"async\" src=\"https:\/\/transport-manager.net\/assets\/img\/lignes\/Plan_N4_no_background_trans.png\" alt=\"\"\/><\/figure>\n<\/div>\n\n\n<p class=\"has-small-font-size\">Mise \u00e0 jour : D\u00e9cembre 2022<\/p>\n","protected":false},"excerpt":{"rendered":"<p>GARE CENTRALE \u2194 A\u00c9ROPORT Distance Temps Arr\u00eats 10 40 34 Kilom\u00e8tre Minutes avec Abribus Fr\u00e9quences de rotations du Lundi au Vendredi Horaires 5h00 \u2013 7h00 7h00 \u2013 9h00 9h00 \u2013&nbsp;&hellip;<\/p>\n","protected":false},"author":10,"featured_media":1360,"parent":0,"menu_order":0,"comment_status":"closed","ping_status":"closed","template":"","meta":{"footnotes":""},"class_list":["post-281","page","type-page","status-publish","has-post-thumbnail","hentry"],"_links":{"self":[{"href":"https:\/\/seal.transport-manager.net\/lg\/wp-json\/wp\/v2\/pages\/281","targetHints":{"allow":["GET"]}}],"collection":[{"href":"https:\/\/seal.transport-manager.net\/lg\/wp-json\/wp\/v2\/pages"}],"about":[{"href":"https:\/\/seal.transport-manager.net\/lg\/wp-json\/wp\/v2\/types\/page"}],"author":[{"embeddable":true,"href":"https:\/\/seal.transport-manager.net\/lg\/wp-json\/wp\/v2\/users\/10"}],"replies":[{"embeddable":true,"href":"https:\/\/seal.transport-manager.net\/lg\/wp-json\/wp\/v2\/comments?post=281"}],"version-history":[{"count":17,"href":"https:\/\/seal.transport-manager.net\/lg\/wp-json\/wp\/v2\/pages\/281\/revisions"}],"predecessor-version":[{"id":1583,"href":"https:\/\/seal.transport-manager.net\/lg\/wp-json\/wp\/v2\/pages\/281\/revisions\/1583"}],"wp:featuredmedia":[{"embeddable":true,"href":"https:\/\/seal.transport-manager.net\/lg\/wp-json\/wp\/v2\/media\/1360"}],"wp:attachment":[{"href":"https:\/\/seal.transport-manager.net\/lg\/wp-json\/wp\/v2\/media?parent=281"}],"curies":[{"name":"wp","href":"https:\/\/api.w.org\/{rel}","templated":true}]}}