{"id":380,"date":"2021-08-07T08:00:17","date_gmt":"2021-08-07T06:00:17","guid":{"rendered":"https:\/\/seal.transport-manager.net\/lg63\/?page_id=380"},"modified":"2024-12-03T15:40:14","modified_gmt":"2024-12-03T14:40:14","slug":"espace-publicitaire","status":"publish","type":"page","link":"https:\/\/seal.transport-manager.net\/lg\/espace-publicitaire\/","title":{"rendered":"ESPACE PUBLICITAIRE"},"content":{"rendered":"\n<h4 class=\"wp-block-heading has-text-align-center\">Soyez vu et reconnu<\/h4>\n\n\n\n<p class=\"has-text-align-center\">Vous souhaitez communiquer sur un r\u00e9seau de transports publics ? <br>Les affiches publicitaires sur les lignes de bus sont des emplacements strat\u00e9giques pour capter votre audience dans son quotidien. <\/p>\n\n\n\n<div style=\"height:1px\" aria-hidden=\"true\" class=\"wp-block-spacer\"><\/div>\n\n\n\n<ul class=\"wp-block-list\">\n<li><strong>75 %<\/strong>&nbsp;des usagers appr\u00e9cient la publicit\u00e9 sur les bus<\/li>\n<\/ul>\n\n\n\n<p>Le bus permet une couverture optimale de la m\u00e9tropole. En effet, la zone est plus importante qu\u2019une publicit\u00e9 statique car le bus \u00e0 l\u2019avantage de se d\u00e9placer. (De plus, les bus ne sont pas touch\u00e9s par les restrictions de publicit\u00e9s dans certaines zones)<\/p>\n\n\n\n<ul class=\"wp-block-list\">\n<li><strong>55 minutes<\/strong>&nbsp;c\u2019est le temps moyen consacrer par jour pour se d\u00e9placer<\/li>\n<\/ul>\n\n\n\n<div style=\"height:15px\" aria-hidden=\"true\" class=\"wp-block-spacer\"><\/div>\n\n\n\n<p>Nous proposons plusieurs types de publicit\u00e9s :<\/p>\n\n\n\n<ul class=\"wp-block-list\">\n<li>Les Panneaux de Pubs Arri\u00e8res (visibilit\u00e9 maximale par les automobilistes derri\u00e8re du bus. Ces supports sont 5.6 x plus regard\u00e9s que les autres supports d\u2019une ville)<\/li>\n\n\n\n<li>Les Panneaux de Pubs Lat\u00e9raux (visible par tout types de personnes. Ces supports sont 3,4 x plus regard\u00e9s que les autres supports)<\/li>\n\n\n\n<li>Les Panneaux de Pubs Avants (visible par les clients \u00e0 l\u2019arriv\u00e9e sur un arr\u00eat de bus. Ces supports sont 2x plus regard\u00e9s)<\/li>\n\n\n\n<li>Vous pouvez \u00e9galement profiter d\u2019une notori\u00e9t\u00e9 maximale en optant pour des livr\u00e9es qui couvrent l\u2019enti\u00e8ret\u00e9 du bus)<\/li>\n<\/ul>\n\n\n\n<div class=\"wp-block-columns is-layout-flex wp-container-core-columns-is-layout-9d6595d7 wp-block-columns-is-layout-flex\">\n<div class=\"wp-block-column is-vertically-aligned-center is-layout-flow wp-block-column-is-layout-flow\" style=\"flex-basis:100%\">\n<div class=\"wp-block-group\"><div class=\"wp-block-group__inner-container is-layout-flow wp-block-group-is-layout-flow\">\n<div class=\"wp-block-columns are-vertically-aligned-center is-layout-flex wp-container-core-columns-is-layout-9d6595d7 wp-block-columns-is-layout-flex\">\n<div class=\"wp-block-column is-vertically-aligned-center is-layout-flow wp-block-column-is-layout-flow\" style=\"flex-basis:100%\">\n<div class=\"wp-block-group\"><div class=\"wp-block-group__inner-container is-layout-constrained wp-block-group-is-layout-constrained\"><div class=\"wpforms-container wpforms-container-full wpforms-block wpforms-block-ac9d4065-ac93-4fe9-80b5-16624950d791\" id=\"wpforms-393\"><form id=\"wpforms-form-393\" class=\"wpforms-validate wpforms-form\" data-formid=\"393\" method=\"post\" enctype=\"multipart\/form-data\" action=\"\/lg\/wp-json\/wp\/v2\/pages\/380\" data-token=\"7dde88c6061e54bab95b705d65e95f9b\" data-token-time=\"1776971075\"><div class=\"wpforms-head-container\"><div class=\"wpforms-title\">Vous souhaitez un tarif ?<\/div><div class=\"wpforms-description\">Contactez notre \u00e9quipe commerciale ci-dessous<\/div><\/div><noscript class=\"wpforms-error-noscript\">Veuillez activer JavaScript dans votre navigateur pour remplir ce formulaire.<\/noscript><div class=\"wpforms-field-container\"><div id=\"wpforms-393-field_3-container\" class=\"wpforms-field wpforms-field-text\" data-field-id=\"3\"><label class=\"wpforms-field-label\" for=\"wpforms-393-field_3\">Votre Nom<\/label><input type=\"text\" id=\"wpforms-393-field_3\" class=\"wpforms-field-medium\" name=\"wpforms[fields][3]\" ><\/div><div id=\"wpforms-393-field_4-container\" class=\"wpforms-field wpforms-field-text\" data-field-id=\"4\"><label class=\"wpforms-field-label\" for=\"wpforms-393-field_4\">Votre Entreprise<\/label><input type=\"text\" id=\"wpforms-393-field_4\" class=\"wpforms-field-medium\" name=\"wpforms[fields][4]\" ><\/div><div id=\"wpforms-393-field_5-container\" class=\"wpforms-field wpforms-field-text\" data-field-id=\"5\"><label class=\"wpforms-field-label\" for=\"wpforms-393-field_5\">Objet de votre pub<\/label><input type=\"text\" id=\"wpforms-393-field_5\" class=\"wpforms-field-medium\" name=\"wpforms[fields][5]\" ><\/div><div id=\"wpforms-393-field_7-container\" class=\"wpforms-field wpforms-field-select wpforms-field-select-style-classic\" data-field-id=\"7\"><label class=\"wpforms-field-label\" for=\"wpforms-393-field_7\">Type de support souhait\u00e9<\/label><select id=\"wpforms-393-field_7\" class=\"wpforms-field-medium\" name=\"wpforms[fields][7]\"><option value=\"-\"  selected='selected' class=\"choice-1 depth-1\"  >&#8211;<\/option><option value=\"Panneau Pub Avant\"  class=\"choice-4 depth-1\"  >Panneau Pub Avant<\/option><option value=\"Panneau Pub Lat\u00e9rale\"  class=\"choice-2 depth-1\"  >Panneau Pub Lat\u00e9rale<\/option><option value=\"Panneau Pub Arri\u00e8re\"  class=\"choice-3 depth-1\"  >Panneau Pub Arri\u00e8re<\/option><option value=\"Livr\u00e9e Pub Lat\u00e9rale\"  class=\"choice-5 depth-1\"  >Livr\u00e9e Pub Lat\u00e9rale<\/option><option value=\"Livr\u00e9e Pub Arri\u00e8re\"  class=\"choice-6 depth-1\"  >Livr\u00e9e Pub Arri\u00e8re<\/option><\/select><\/div><div id=\"wpforms-393-field_9-container\" class=\"wpforms-field wpforms-field-number\" data-field-id=\"9\"><label class=\"wpforms-field-label\" for=\"wpforms-393-field_9\">Nombres de supports souhait\u00e9<\/label><input type=\"number\" id=\"wpforms-393-field_9\" class=\"wpforms-field-medium\" name=\"wpforms[fields][9]\" step=\"any\" ><\/div><div id=\"wpforms-393-field_12-container\" class=\"wpforms-field wpforms-field-number-slider\" data-field-id=\"12\"><label class=\"wpforms-field-label\" for=\"wpforms-393-field_12\">Nombres de jours souhait\u00e9<\/label>\n<input\n\ttype=\"range\"\n\tid=\"wpforms-393-field_12\" class=\"wpforms-field-medium\" name=\"wpforms[fields][12]\" value=\"0\"\t\tmin=\"0\"\n\tmax=\"90\"\n\tstep=\"1\">\n\n<div class=\"wpforms-field-number-slider-hint\"\n\tdata-hint=\"Valeur s\u00e9lectionn\u00e9e : {value}\">\n\tValeur s\u00e9lectionn\u00e9e : <b>0<\/b><\/div>\n<\/div><\/div><!-- .wpforms-field-container --><div class=\"wpforms-submit-container\" ><input type=\"hidden\" name=\"wpforms[id]\" value=\"393\"><input type=\"hidden\" name=\"page_title\" value=\"\"><input type=\"hidden\" name=\"page_url\" value=\"https:\/\/seal.transport-manager.net\/lg\/wp-json\/wp\/v2\/pages\/380\"><input type=\"hidden\" name=\"url_referer\" value=\"\"><button type=\"submit\" name=\"wpforms[submit]\" id=\"wpforms-submit-393\" class=\"wpforms-submit\" data-alt-text=\"Envoi...\" data-submit-text=\"Envoyer\" aria-live=\"assertive\" value=\"wpforms-submit\">Envoyer<\/button><\/div><\/form><\/div>  <!-- .wpforms-container -->\n\n\n<p><\/p>\n<\/div><\/div>\n<\/div>\n<\/div>\n<\/div><\/div>\n<\/div>\n<\/div>\n","protected":false},"excerpt":{"rendered":"<p>Soyez vu et reconnu Vous souhaitez communiquer sur un r\u00e9seau de transports publics ? Les affiches publicitaires sur les lignes de bus sont des emplacements strat\u00e9giques pour capter votre audience&nbsp;&hellip;<\/p>\n","protected":false},"author":10,"featured_media":1360,"parent":0,"menu_order":0,"comment_status":"closed","ping_status":"closed","template":"","meta":{"footnotes":""},"class_list":["post-380","page","type-page","status-publish","has-post-thumbnail","hentry"],"_links":{"self":[{"href":"https:\/\/seal.transport-manager.net\/lg\/wp-json\/wp\/v2\/pages\/380","targetHints":{"allow":["GET"]}}],"collection":[{"href":"https:\/\/seal.transport-manager.net\/lg\/wp-json\/wp\/v2\/pages"}],"about":[{"href":"https:\/\/seal.transport-manager.net\/lg\/wp-json\/wp\/v2\/types\/page"}],"author":[{"embeddable":true,"href":"https:\/\/seal.transport-manager.net\/lg\/wp-json\/wp\/v2\/users\/10"}],"replies":[{"embeddable":true,"href":"https:\/\/seal.transport-manager.net\/lg\/wp-json\/wp\/v2\/comments?post=380"}],"version-history":[{"count":31,"href":"https:\/\/seal.transport-manager.net\/lg\/wp-json\/wp\/v2\/pages\/380\/revisions"}],"predecessor-version":[{"id":1762,"href":"https:\/\/seal.transport-manager.net\/lg\/wp-json\/wp\/v2\/pages\/380\/revisions\/1762"}],"wp:featuredmedia":[{"embeddable":true,"href":"https:\/\/seal.transport-manager.net\/lg\/wp-json\/wp\/v2\/media\/1360"}],"wp:attachment":[{"href":"https:\/\/seal.transport-manager.net\/lg\/wp-json\/wp\/v2\/media?parent=380"}],"curies":[{"name":"wp","href":"https:\/\/api.w.org\/{rel}","templated":true}]}}