{"id":560,"date":"2021-09-08T14:58:25","date_gmt":"2021-09-08T12:58:25","guid":{"rendered":"https:\/\/seal.transport-manager.net\/lg63\/?page_id=560"},"modified":"2022-12-16T20:01:05","modified_gmt":"2022-12-16T19:01:05","slug":"notre-gamme-de-tickets","status":"publish","type":"page","link":"https:\/\/seal.transport-manager.net\/lg\/notre-gamme-de-tickets\/","title":{"rendered":"NOTRE GAMME DE TICKETS"},"content":{"rendered":"\n<p class=\"has-text-align-center\"><strong>Les tickets sont valables selon leur dur\u00e9e respective (1h10 ou 24 heures), et permettent de se d\u00e9placer&nbsp;<strong>sur l\u2019ensemble du r\u00e9seau,&nbsp;<\/strong><\/strong><br><strong><strong>sans contrainte de trajet,&nbsp;ni de correspondance.&nbsp;<\/strong><\/strong><br>Au-del\u00e0, un 2<sup>\u00e8me<\/sup>&nbsp;ticket doit \u00eatre valid\u00e9.<\/p>\n\n\n\n<div style=\"height:30px\" aria-hidden=\"true\" class=\"wp-block-spacer\"><\/div>\n\n\n\n<figure class=\"wp-block-table\"><table class=\"has-fixed-layout\"><tbody><tr><td class=\"has-text-align-center\" data-align=\"center\"><img decoding=\"async\" src=\"https:\/\/www.t2c.fr\/sites\/default\/files\/Nouvelle_arborescence\/Pictos-Visuels-Video\/Reglement\/T2C-picto_valide_ticket_0.png\" style=\"width: 60px\"><\/td><td class=\"has-text-align-center\" data-align=\"center\"><strong><strong><strong>Les tickets papiers sont&nbsp;oblit\u00e9r\u00e9s&nbsp;une seule fois,<br>d\u00e8s la premi\u00e8re mont\u00e9e dans un bus<\/strong><\/strong><\/strong>.<\/td><td class=\"has-text-align-center\" data-align=\"center\"><img loading=\"lazy\" decoding=\"async\" width=\"190\" height=\"85\" class=\"wp-image-571\" style=\"width: 150px\" src=\"https:\/\/seal.transport-manager.net\/lg63\/wp-content\/uploads\/sites\/10\/2021\/09\/Ticket-vierge_png-Ticket.png\" alt=\"\"><\/td><\/tr><\/tbody><\/table><\/figure>\n\n\n\n<h5 class=\"wp-block-heading\">Ticket unitaire (valable 1h10)<\/h5>\n\n\n\n<figure class=\"wp-block-table\"><table class=\"has-fixed-layout\"><thead><tr><th class=\"has-text-align-center\" data-align=\"center\">Titre<\/th><th class=\"has-text-align-center\" data-align=\"center\">Tarif 2021-2022<\/th><th class=\"has-text-align-center\" data-align=\"center\">Tarif 2022-2023<\/th><th class=\"has-text-align-center\" data-align=\"center\">Point de vente<\/th><\/tr><\/thead><tbody><tr><td class=\"has-text-align-center\" data-align=\"center\"><br>Ticket unitaire<\/td><td class=\"has-text-align-center\" data-align=\"center\"><br>1,60 \u20ac<\/td><td class=\"has-text-align-center\" data-align=\"center\"><br>1,70 \u20ac<\/td><td class=\"has-text-align-center\" data-align=\"center\"><img loading=\"lazy\" decoding=\"async\" width=\"128\" height=\"48\" class=\"wp-image-515\" style=\"width: 128px\" src=\"https:\/\/seal.transport-manager.net\/lg63\/wp-content\/uploads\/sites\/10\/2021\/08\/857368110453882880.png\" alt=\"\"><\/td><\/tr><\/tbody><\/table><\/figure>\n\n\n\n<h5 class=\"wp-block-heading\">Ticket 24 Heures<\/h5>\n\n\n\n<figure class=\"wp-block-table\"><table class=\"has-fixed-layout\"><thead><tr><th class=\"has-text-align-center\" data-align=\"center\">Titre<\/th><th class=\"has-text-align-center\" data-align=\"center\">Tarif 2021-2022<\/th><th class=\"has-text-align-center\" data-align=\"center\">Tarif 2022-2023<\/th><th class=\"has-text-align-center\" data-align=\"center\">Point de vente<\/th><\/tr><\/thead><tbody><tr><td class=\"has-text-align-center\" data-align=\"center\"><br>Ticket 24 Heures<\/td><td class=\"has-text-align-center\" data-align=\"center\"><br>4,80 \u20ac<\/td><td class=\"has-text-align-center\" data-align=\"center\"><br>5,00 \u20ac<\/td><td class=\"has-text-align-center\" data-align=\"center\"><img loading=\"lazy\" decoding=\"async\" width=\"128\" height=\"48\" class=\"wp-image-515\" style=\"width: 128px\" src=\"https:\/\/seal.transport-manager.net\/lg63\/wp-content\/uploads\/sites\/10\/2021\/08\/857368110453882880.png\" alt=\"\"><\/td><\/tr><\/tbody><\/table><\/figure>\n\n\n\n<h5 class=\"wp-block-heading\">Abonnement<\/h5>\n\n\n\n<figure class=\"wp-block-table\"><table class=\"has-fixed-layout\"><thead><tr><th class=\"has-text-align-center\" data-align=\"center\">Titre<\/th><th class=\"has-text-align-center\" data-align=\"center\">Tarif 2021-2022<\/th><th class=\"has-text-align-center\" data-align=\"center\">Tarif 2022-2023<\/th><th class=\"has-text-align-center\" data-align=\"center\">Point de vente<\/th><\/tr><\/thead><tbody><tr><td class=\"has-text-align-center\" data-align=\"center\"><br>Abonnement<\/td><td class=\"has-text-align-center\" data-align=\"center\"><br>56,00 \u20ac<\/td><td class=\"has-text-align-center\" data-align=\"center\"><br>59,00 \u20ac<\/td><td class=\"has-text-align-center\" data-align=\"center\"><img loading=\"lazy\" decoding=\"async\" width=\"128\" height=\"48\" class=\"wp-image-515\" style=\"width: 128px\" src=\"https:\/\/seal.transport-manager.net\/lg63\/wp-content\/uploads\/sites\/10\/2021\/08\/857368110453882880.png\" alt=\"\"><\/td><\/tr><\/tbody><\/table><\/figure>\n\n\n\n<div style=\"height:30px\" aria-hidden=\"true\" class=\"wp-block-spacer\"><\/div>\n\n\n\n<h5 class=\"wp-block-heading\">Les diff\u00e9rents \u00e9quipements<\/h5>\n\n\n\n<figure class=\"wp-block-table\"><table><thead><tr><th class=\"has-text-align-center\" data-align=\"center\">Type<\/th><th class=\"has-text-align-center\" data-align=\"center\">Repr\u00e9sentation<\/th><th class=\"has-text-align-center\" data-align=\"center\">Statut<\/th><\/tr><\/thead><tbody><tr><td class=\"has-text-align-center\" data-align=\"center\"><br>Ticket simple<\/td><td class=\"has-text-align-center\" data-align=\"center\"><img loading=\"lazy\" decoding=\"async\" width=\"190\" height=\"85\" class=\"wp-image-571\" style=\"width: 150px\" src=\"https:\/\/seal.transport-manager.net\/lg63\/wp-content\/uploads\/sites\/10\/2021\/09\/Ticket-vierge_png-Ticket.png\" alt=\"\"><\/td><td class=\"has-text-align-center\" data-align=\"center\"><img loading=\"lazy\" decoding=\"async\" width=\"134\" height=\"50\" class=\"wp-image-608\" style=\"width: 134px\" src=\"https:\/\/seal.transport-manager.net\/lg63\/wp-content\/uploads\/sites\/10\/2021\/09\/Active.png\" alt=\"\"><\/td><\/tr><tr><td class=\"has-text-align-center\" data-align=\"center\"><br>Ticket magn\u00e9tique<\/td><td class=\"has-text-align-center\" data-align=\"center\"><img loading=\"lazy\" decoding=\"async\" width=\"190\" height=\"85\" class=\"wp-image-604\" style=\"width: 150px\" src=\"https:\/\/seal.transport-manager.net\/lg63\/wp-content\/uploads\/sites\/10\/2021\/09\/Ticket-vierge-magnetique-png.png\" alt=\"\"><\/td><td class=\"has-text-align-center\" data-align=\"center\"><img loading=\"lazy\" decoding=\"async\" width=\"134\" height=\"50\" class=\"wp-image-609\" style=\"width: 134px\" src=\"https:\/\/seal.transport-manager.net\/lg63\/wp-content\/uploads\/sites\/10\/2021\/09\/Bientot.png\" alt=\"\"><\/td><\/tr><tr><td class=\"has-text-align-center\" data-align=\"center\"><br><br><br><br><br>Carte simple<\/td><td class=\"has-text-align-center\" data-align=\"center\"><img loading=\"lazy\" decoding=\"async\" width=\"150\" height=\"240\" class=\"wp-image-630\" style=\"width: 150px;\" src=\"https:\/\/seal.transport-manager.net\/lg\/wp-content\/uploads\/sites\/10\/2021\/09\/cartesimple-png.png\" alt=\"\" srcset=\"https:\/\/seal.transport-manager.net\/lg\/wp-content\/uploads\/sites\/10\/2021\/09\/cartesimple-png.png 200w, https:\/\/seal.transport-manager.net\/lg\/wp-content\/uploads\/sites\/10\/2021\/09\/cartesimple-png-188x300.png 188w\" sizes=\"auto, (max-width: 150px) 100vw, 150px\" \/><\/td><td class=\"has-text-align-center\" data-align=\"center\"><br><br><br><br><img loading=\"lazy\" decoding=\"async\" width=\"134\" height=\"50\" class=\"wp-image-609\" style=\"width: 134px\" src=\"https:\/\/seal.transport-manager.net\/lg63\/wp-content\/uploads\/sites\/10\/2021\/09\/Bientot.png\" alt=\"\"><\/td><\/tr><tr><td class=\"has-text-align-center\" data-align=\"center\"><br><br><br><br><br>Carte NFC<\/td><td class=\"has-text-align-center\" data-align=\"center\"><img loading=\"lazy\" decoding=\"async\" width=\"150\" height=\"240\" class=\"wp-image-655\" style=\"width: 150px;\" src=\"https:\/\/seal.transport-manager.net\/lg\/wp-content\/uploads\/sites\/10\/2021\/09\/cartenfc-png.png\" alt=\"\" srcset=\"https:\/\/seal.transport-manager.net\/lg\/wp-content\/uploads\/sites\/10\/2021\/09\/cartenfc-png.png 200w, https:\/\/seal.transport-manager.net\/lg\/wp-content\/uploads\/sites\/10\/2021\/09\/cartenfc-png-188x300.png 188w\" sizes=\"auto, (max-width: 150px) 100vw, 150px\" \/><\/td><td class=\"has-text-align-center\" data-align=\"center\"><br><br><br><br><img loading=\"lazy\" decoding=\"async\" width=\"134\" height=\"50\" class=\"wp-image-609\" style=\"width: 134px\" src=\"https:\/\/seal.transport-manager.net\/lg63\/wp-content\/uploads\/sites\/10\/2021\/09\/Bientot.png\" alt=\"\"><\/td><\/tr><tr><td class=\"has-text-align-center\" data-align=\"center\"><br><br><br><br><br>Application<\/td><td class=\"has-text-align-center\" data-align=\"center\"><img loading=\"lazy\" decoding=\"async\" width=\"150\" height=\"305\" class=\"wp-image-672\" style=\"width: 150px;\" src=\"https:\/\/seal.transport-manager.net\/lg\/wp-content\/uploads\/sites\/10\/2021\/09\/Telephonepng.png\" alt=\"\" srcset=\"https:\/\/seal.transport-manager.net\/lg\/wp-content\/uploads\/sites\/10\/2021\/09\/Telephonepng.png 381w, https:\/\/seal.transport-manager.net\/lg\/wp-content\/uploads\/sites\/10\/2021\/09\/Telephonepng-147x300.png 147w\" sizes=\"auto, (max-width: 150px) 100vw, 150px\" \/><\/td><td class=\"has-text-align-center\" data-align=\"center\"><br><br><br><br><br><img loading=\"lazy\" decoding=\"async\" width=\"134\" height=\"50\" class=\"wp-image-609\" style=\"width: 134px\" src=\"https:\/\/seal.transport-manager.net\/lg63\/wp-content\/uploads\/sites\/10\/2021\/09\/Bientot.png\" alt=\"\"><\/td><\/tr><\/tbody><\/table><\/figure>\n","protected":false},"excerpt":{"rendered":"<p>Les tickets sont valables selon leur dur\u00e9e respective (1h10 ou 24 heures), et permettent de se d\u00e9placer&nbsp;sur l\u2019ensemble du r\u00e9seau,&nbsp;sans contrainte de trajet,&nbsp;ni de correspondance.&nbsp;Au-del\u00e0, un 2\u00e8me&nbsp;ticket doit \u00eatre valid\u00e9.&nbsp;&hellip;<\/p>\n","protected":false},"author":10,"featured_media":1360,"parent":0,"menu_order":0,"comment_status":"closed","ping_status":"closed","template":"","meta":{"footnotes":""},"class_list":["post-560","page","type-page","status-publish","has-post-thumbnail","hentry"],"_links":{"self":[{"href":"https:\/\/seal.transport-manager.net\/lg\/wp-json\/wp\/v2\/pages\/560","targetHints":{"allow":["GET"]}}],"collection":[{"href":"https:\/\/seal.transport-manager.net\/lg\/wp-json\/wp\/v2\/pages"}],"about":[{"href":"https:\/\/seal.transport-manager.net\/lg\/wp-json\/wp\/v2\/types\/page"}],"author":[{"embeddable":true,"href":"https:\/\/seal.transport-manager.net\/lg\/wp-json\/wp\/v2\/users\/10"}],"replies":[{"embeddable":true,"href":"https:\/\/seal.transport-manager.net\/lg\/wp-json\/wp\/v2\/comments?post=560"}],"version-history":[{"count":48,"href":"https:\/\/seal.transport-manager.net\/lg\/wp-json\/wp\/v2\/pages\/560\/revisions"}],"predecessor-version":[{"id":1539,"href":"https:\/\/seal.transport-manager.net\/lg\/wp-json\/wp\/v2\/pages\/560\/revisions\/1539"}],"wp:featuredmedia":[{"embeddable":true,"href":"https:\/\/seal.transport-manager.net\/lg\/wp-json\/wp\/v2\/media\/1360"}],"wp:attachment":[{"href":"https:\/\/seal.transport-manager.net\/lg\/wp-json\/wp\/v2\/media?parent=560"}],"curies":[{"name":"wp","href":"https:\/\/api.w.org\/{rel}","templated":true}]}}