{"id":597,"date":"2021-09-08T14:42:24","date_gmt":"2021-09-08T12:42:24","guid":{"rendered":"https:\/\/seal.transport-manager.net\/lg63\/?page_id=597"},"modified":"2022-12-16T19:27:31","modified_gmt":"2022-12-16T18:27:31","slug":"la-carte-pass-mobility","status":"publish","type":"page","link":"https:\/\/seal.transport-manager.net\/lg\/la-carte-pass-mobility\/","title":{"rendered":"LA CARTE PASS MOBILITY"},"content":{"rendered":"\n<div style=\"height:1px\" aria-hidden=\"true\" class=\"wp-block-spacer\"><\/div>\n\n\n\n<p class=\"has-text-align-center\"><strong>Carte \u00e0 puce nominative et personnelle qui permet de charger des abonnements ou des tickets, pour voyager sur l&rsquo;ensemble du r\u00e9seau LG Mobility.<\/strong><\/p>\n\n\n\n<div style=\"height:1px\" aria-hidden=\"true\" class=\"wp-block-spacer\"><\/div>\n\n\n\n<p>Pour l\u2019obtenir ou la renouveler (valable 5 ans), pr\u00e9sentez-vous avec&nbsp;:<\/p>\n\n\n\n<ul class=\"wp-block-list\">\n<li><strong>Votre photo d\u2019identit\u00e9&nbsp;couleur r\u00e9cente (format 3.5 x 4.5 cm),<\/strong><\/li>\n\n\n\n<li><strong>Votre&nbsp;pi\u00e8ce d&rsquo;identit\u00e9,<\/strong><\/li>\n\n\n\n<li><strong>Votre&nbsp;justificatif de domicile,<\/strong><\/li>\n\n\n\n<li><strong>2 \u20ac pour les frais d&rsquo;\u00e9tablissement,<\/strong><\/li>\n\n\n\n<li><strong>Votre ancienne carte&nbsp;Pass Mobility&nbsp;en cas de renouvellement (sauf perte ou vol),<\/strong><\/li>\n\n\n\n<li><strong>Pr\u00e9voir une attestation originale d&#8217;employeur pour les b\u00e9n\u00e9ficiaires d&rsquo;abonnements Plan de Mobilit\u00e9 Entreprise&nbsp;(PdME).<\/strong><\/li>\n<\/ul>\n\n\n\n<p class=\"has-text-align-left\">Un \u00e9tui de protection vous est remis lors de la cr\u00e9ation ou du renouvellement de votre carte <strong>Pass<\/strong> <strong>Mobility<\/strong>. Disponible \u00e0 la vente (0.50\u20ac)<\/p>\n\n\n\n<figure class=\"wp-block-table\"><table class=\"has-fixed-layout\"><tbody><tr><td class=\"has-text-align-center\" data-align=\"center\"><br><br><br><br><img decoding=\"async\" src=\"https:\/\/www.t2c.fr\/sites\/default\/files\/Nouvelle_arborescence\/Pictos-Visuels-Video\/Reglement\/T2C-picto_valide_0.png\" style=\"width: 60px\"><\/td><td class=\"has-text-align-center\" data-align=\"center\"><br><br><br><br><strong><strong><strong><strong>A valider \u00e0 chaque mont\u00e9e dans un bus, y compris en cas de correspondance.<\/strong><\/strong><\/strong><\/strong><\/td><td class=\"has-text-align-center\" data-align=\"center\"><img loading=\"lazy\" decoding=\"async\" width=\"200\" height=\"320\" class=\"wp-image-630\" style=\"width: 150px\" src=\"https:\/\/seal.transport-manager.net\/lg63\/wp-content\/uploads\/sites\/10\/2021\/09\/cartesimple-png.png\" alt=\"\" srcset=\"https:\/\/seal.transport-manager.net\/lg\/wp-content\/uploads\/sites\/10\/2021\/09\/cartesimple-png.png 200w, https:\/\/seal.transport-manager.net\/lg\/wp-content\/uploads\/sites\/10\/2021\/09\/cartesimple-png-188x300.png 188w\" sizes=\"auto, (max-width: 200px) 100vw, 200px\" \/><\/td><\/tr><\/tbody><\/table><\/figure>\n\n\n\n<p>En cas de vol, perte ou d\u00e9t\u00e9rioration de votre carte <strong>Pass Mobility<\/strong>, il sera automatiquement proc\u00e9d\u00e9 \u00e0 un duplicata, avec frais d&rsquo;\u00e9tablissement de 10\u20ac.&nbsp;<strong>Pr\u00e9voir de fournir votre photo d&rsquo;identit\u00e9 (format 3,5 cm&nbsp; x 4,5 cm) et votre pi\u00e8ce d&rsquo;identit\u00e9<\/strong>. Tous les titres (carnets et abonnements) seront transf\u00e9r\u00e9s le jour m\u00eame sur votre nouvelle carte <strong>Pass Mobility<\/strong>&nbsp;sauf si la carte perdue, vol\u00e9e ou d\u00e9t\u00e9rior\u00e9e a fait l&rsquo;objet d&rsquo;un chargement d&rsquo;un titre de transport dans les 24 heures qui ont pr\u00e9c\u00e9d\u00e9 la demande. Dans ce cas, le client se verra dot\u00e9 d&rsquo;un ticket gratuit valable 48 heures \u00e0 compter de la premi\u00e8re et unique oblit\u00e9ration.<\/p>\n\n\n\n<div style=\"height:30px\" aria-hidden=\"true\" class=\"wp-block-spacer\"><\/div>\n\n\n\n<h5 class=\"wp-block-heading\">Les diff\u00e9rentes cartes<\/h5>\n\n\n\n<figure class=\"wp-block-table\"><table><thead><tr><th class=\"has-text-align-center\" data-align=\"center\">Type<\/th><th class=\"has-text-align-center\" data-align=\"center\">Repr\u00e9sentation<\/th><th class=\"has-text-align-center\" data-align=\"center\">\u00c9quipement<\/th><th class=\"has-text-align-center\" data-align=\"center\">Statut<\/th><\/tr><\/thead><tbody><tr><td class=\"has-text-align-center\" data-align=\"center\"><br><br><br><br><br>Carte \u00e0 puce simple<\/td><td class=\"has-text-align-center\" data-align=\"center\"><img loading=\"lazy\" decoding=\"async\" width=\"200\" height=\"320\" class=\"wp-image-630\" style=\"width: 150px\" src=\"https:\/\/seal.transport-manager.net\/lg63\/wp-content\/uploads\/sites\/10\/2021\/09\/cartesimple-png.png\" alt=\"\" srcset=\"https:\/\/seal.transport-manager.net\/lg\/wp-content\/uploads\/sites\/10\/2021\/09\/cartesimple-png.png 200w, https:\/\/seal.transport-manager.net\/lg\/wp-content\/uploads\/sites\/10\/2021\/09\/cartesimple-png-188x300.png 188w\" sizes=\"auto, (max-width: 200px) 100vw, 200px\" \/><\/td><td class=\"has-text-align-center\" data-align=\"center\"><br><br><br><br><img decoding=\"async\" src=\"https:\/\/transport-manager.net\/assets\/img\/card\/puce.png\" style=\"width: 120px\"><\/td><td class=\"has-text-align-center\" data-align=\"center\"><br><br><br><br><img decoding=\"async\" src=\"https:\/\/seal.transport-manager.net\/lg63\/wp-content\/uploads\/sites\/10\/2021\/09\/Bientot.png\" alt=\"\"><\/td><\/tr><tr><td class=\"has-text-align-center\" data-align=\"center\"><br><br><br><br><br>Carte \u00e0 puce NFC<\/td><td class=\"has-text-align-center\" data-align=\"center\"><img loading=\"lazy\" decoding=\"async\" width=\"200\" height=\"320\" class=\"wp-image-655\" style=\"width: 150px\" src=\"https:\/\/seal.transport-manager.net\/lg63\/wp-content\/uploads\/sites\/10\/2021\/09\/cartenfc-png.png\" alt=\"\" srcset=\"https:\/\/seal.transport-manager.net\/lg\/wp-content\/uploads\/sites\/10\/2021\/09\/cartenfc-png.png 200w, https:\/\/seal.transport-manager.net\/lg\/wp-content\/uploads\/sites\/10\/2021\/09\/cartenfc-png-188x300.png 188w\" sizes=\"auto, (max-width: 200px) 100vw, 200px\" \/><\/td><td class=\"has-text-align-center\" data-align=\"center\"><br><br><br><br><img decoding=\"async\" src=\"https:\/\/transport-manager.net\/assets\/img\/card\/nfc.png\" style=\"width: 120px\"><\/td><td class=\"has-text-align-center\" data-align=\"center\"><br><br><br><br><img loading=\"lazy\" decoding=\"async\" width=\"134\" height=\"50\" class=\"wp-image-609\" style=\"width: 134px\" src=\"https:\/\/seal.transport-manager.net\/lg63\/wp-content\/uploads\/sites\/10\/2021\/09\/Bientot.png\" alt=\"\"><\/td><\/tr><\/tbody><\/table><\/figure>\n","protected":false},"excerpt":{"rendered":"<p>Carte \u00e0 puce nominative et personnelle qui permet de charger des abonnements ou des tickets, pour voyager sur l&rsquo;ensemble du r\u00e9seau LG Mobility. Pour l\u2019obtenir ou la renouveler (valable 5&nbsp;&hellip;<\/p>\n","protected":false},"author":10,"featured_media":1360,"parent":0,"menu_order":0,"comment_status":"closed","ping_status":"closed","template":"","meta":{"footnotes":""},"class_list":["post-597","page","type-page","status-publish","has-post-thumbnail","hentry"],"_links":{"self":[{"href":"https:\/\/seal.transport-manager.net\/lg\/wp-json\/wp\/v2\/pages\/597","targetHints":{"allow":["GET"]}}],"collection":[{"href":"https:\/\/seal.transport-manager.net\/lg\/wp-json\/wp\/v2\/pages"}],"about":[{"href":"https:\/\/seal.transport-manager.net\/lg\/wp-json\/wp\/v2\/types\/page"}],"author":[{"embeddable":true,"href":"https:\/\/seal.transport-manager.net\/lg\/wp-json\/wp\/v2\/users\/10"}],"replies":[{"embeddable":true,"href":"https:\/\/seal.transport-manager.net\/lg\/wp-json\/wp\/v2\/comments?post=597"}],"version-history":[{"count":58,"href":"https:\/\/seal.transport-manager.net\/lg\/wp-json\/wp\/v2\/pages\/597\/revisions"}],"predecessor-version":[{"id":1499,"href":"https:\/\/seal.transport-manager.net\/lg\/wp-json\/wp\/v2\/pages\/597\/revisions\/1499"}],"wp:featuredmedia":[{"embeddable":true,"href":"https:\/\/seal.transport-manager.net\/lg\/wp-json\/wp\/v2\/media\/1360"}],"wp:attachment":[{"href":"https:\/\/seal.transport-manager.net\/lg\/wp-json\/wp\/v2\/media?parent=597"}],"curies":[{"name":"wp","href":"https:\/\/api.w.org\/{rel}","templated":true}]}}