{"id":665,"date":"2021-09-08T14:41:17","date_gmt":"2021-09-08T12:41:17","guid":{"rendered":"https:\/\/seal.transport-manager.net\/lg63\/?page_id=665"},"modified":"2022-12-16T19:23:05","modified_gmt":"2022-12-16T18:23:05","slug":"application-mobile","status":"publish","type":"page","link":"https:\/\/seal.transport-manager.net\/lg\/application-mobile\/","title":{"rendered":"APPLICATION MOBILE"},"content":{"rendered":"\n<h5 class=\"has-text-align-center wp-block-heading\">\u26a0\ufe0f<strong><span class=\"has-inline-color has-vivid-red-color\"><span style=\"text-decoration: underline\">L\u2019application mobile n&rsquo;est pas encore en vigueur sur le r\u00e9seau<\/span><\/span><\/strong>\u26a0\ufe0f<\/h5>\n\n\n\n<div style=\"height:1px\" aria-hidden=\"true\" class=\"wp-block-spacer\"><\/div>\n\n\n\n<p class=\"has-text-align-center\"><strong>Achetez votre titre de transport avec l&rsquo;application, pour voyager sur l\u2019ensemble du r\u00e9seau LG Mobility.<\/strong><\/p>\n\n\n\n<div style=\"height:1px\" aria-hidden=\"true\" class=\"wp-block-spacer\"><\/div>\n\n\n\n<h5 class=\"wp-block-heading\"><strong>De nombreux avantages&nbsp;!<\/strong><\/h5>\n\n\n\n<ul class=\"wp-block-list\">\n<li>Simple et rapide<\/li>\n\n\n\n<li>Paiement s\u00e9curis\u00e9<\/li>\n\n\n\n<li>Fonctionne avec tous les mobiles<\/li>\n\n\n\n<li>Eco-responsable<\/li>\n<\/ul>\n\n\n\n<figure class=\"wp-block-table\"><table class=\"has-fixed-layout\"><tbody><tr><td class=\"has-text-align-center\" data-align=\"center\"><br><br><br><br><br><img decoding=\"async\" src=\"https:\/\/www.t2c.fr\/sites\/default\/files\/Nouvelle_arborescence\/Pictos-Visuels-Video\/Reglement\/T2C-picto_valide_0.png\"><\/td><td class=\"has-text-align-center\" data-align=\"center\"><br><br><br><br><br><strong><strong><strong><strong>A valider \u00e0 chaque mont\u00e9e dans un bus, y compris en cas de correspondance.<\/strong><\/strong><\/strong><\/strong><\/td><td class=\"has-text-align-center\" data-align=\"center\"><img loading=\"lazy\" decoding=\"async\" width=\"381\" height=\"775\" class=\"wp-image-672\" style=\"width: 150px\" src=\"https:\/\/seal.transport-manager.net\/lg63\/wp-content\/uploads\/sites\/10\/2021\/09\/Telephonepng.png\" alt=\"\" srcset=\"https:\/\/seal.transport-manager.net\/lg\/wp-content\/uploads\/sites\/10\/2021\/09\/Telephonepng.png 381w, https:\/\/seal.transport-manager.net\/lg\/wp-content\/uploads\/sites\/10\/2021\/09\/Telephonepng-147x300.png 147w\" sizes=\"auto, (max-width: 381px) 100vw, 381px\" \/><\/td><\/tr><\/tbody><\/table><\/figure>\n\n\n\n<p>Tcket unique, abonnement ou carte Pass Mobility, plus besoin d&rsquo;attendre \u00e0 la mont\u00e9e dans le bus ou d&rsquo;aller dans les agences commerciales. <br>Vous pouvez d\u00e9sormais t\u00e9l\u00e9charger votre titre directement sur t\u00e9l\u00e9phone mobile gr\u00e2ce \u00e0&nbsp;l&rsquo;application <strong>Pass Mobility<\/strong>&nbsp;disponible sur&nbsp;Apple Store et Play Store. <\/p>\n\n\n\n<p>Quelques clics sur cette application, et hop, le tour est jou\u00e9 !<br>Votre t\u00e9l\u00e9phone devient votre titre de transport. Vous payez en ligne, par carte bancaire et en toute s\u00e9curit\u00e9.<\/p>\n\n\n\n<p>Une fois dans le bus, n&rsquo;oubliez pas de scanner le QR code avec votre smartphone pour valider votre titre.&nbsp;<br>En cas de contr\u00f4le, il vous faudra pr\u00e9senter le QR Code g\u00e9n\u00e9r\u00e9 par l\u2019application. <br>Assurez-vous de toujours garder un bon niveau de batterie.<\/p>\n\n\n\n<figure class=\"wp-block-table\"><table><thead><tr><th class=\"has-text-align-center\" data-align=\"center\"><strong>Type<\/strong><\/th><th class=\"has-text-align-center\" data-align=\"center\"><strong>Repr\u00e9sentation<\/strong><\/th><th class=\"has-text-align-center\" data-align=\"center\"><strong>\u00c9quipement<\/strong><\/th><th class=\"has-text-align-center\" data-align=\"center\"><strong>Statut<\/strong><\/th><\/tr><\/thead><tbody><tr><td class=\"has-text-align-center\" data-align=\"center\"><br><br><br><br><br><br>Application Mobile<\/td><td class=\"has-text-align-center\" data-align=\"center\"><img loading=\"lazy\" decoding=\"async\" width=\"381\" height=\"775\" class=\"wp-image-672\" style=\"width: 150px\" src=\"https:\/\/seal.transport-manager.net\/lg63\/wp-content\/uploads\/sites\/10\/2021\/09\/Telephonepng.png\" alt=\"\" srcset=\"https:\/\/seal.transport-manager.net\/lg\/wp-content\/uploads\/sites\/10\/2021\/09\/Telephonepng.png 381w, https:\/\/seal.transport-manager.net\/lg\/wp-content\/uploads\/sites\/10\/2021\/09\/Telephonepng-147x300.png 147w\" sizes=\"auto, (max-width: 381px) 100vw, 381px\" \/><\/td><td class=\"has-text-align-center\" data-align=\"center\"><br><br><br><br><br><img decoding=\"async\" src=\"https:\/\/transport-manager.net\/assets\/img\/card\/mobile.png\" style=\"width: 120px\"><\/td><td class=\"has-text-align-center\" data-align=\"center\"><br><br><br><br><br><img loading=\"lazy\" decoding=\"async\" width=\"134\" height=\"50\" class=\"wp-image-609\" style=\"width: 134px\" src=\"https:\/\/seal.transport-manager.net\/lg63\/wp-content\/uploads\/sites\/10\/2021\/09\/Bientot.png\" alt=\"\"><\/td><\/tr><\/tbody><\/table><\/figure>\n\n\n\n<p><\/p>\n","protected":false},"excerpt":{"rendered":"<p>\u26a0\ufe0fL\u2019application mobile n&rsquo;est pas encore en vigueur sur le r\u00e9seau\u26a0\ufe0f Achetez votre titre de transport avec l&rsquo;application, pour voyager sur l\u2019ensemble du r\u00e9seau LG Mobility. De nombreux avantages&nbsp;! A valider&nbsp;&hellip;<\/p>\n","protected":false},"author":10,"featured_media":1360,"parent":0,"menu_order":0,"comment_status":"closed","ping_status":"closed","template":"","meta":{"footnotes":""},"class_list":["post-665","page","type-page","status-publish","has-post-thumbnail","hentry"],"_links":{"self":[{"href":"https:\/\/seal.transport-manager.net\/lg\/wp-json\/wp\/v2\/pages\/665","targetHints":{"allow":["GET"]}}],"collection":[{"href":"https:\/\/seal.transport-manager.net\/lg\/wp-json\/wp\/v2\/pages"}],"about":[{"href":"https:\/\/seal.transport-manager.net\/lg\/wp-json\/wp\/v2\/types\/page"}],"author":[{"embeddable":true,"href":"https:\/\/seal.transport-manager.net\/lg\/wp-json\/wp\/v2\/users\/10"}],"replies":[{"embeddable":true,"href":"https:\/\/seal.transport-manager.net\/lg\/wp-json\/wp\/v2\/comments?post=665"}],"version-history":[{"count":23,"href":"https:\/\/seal.transport-manager.net\/lg\/wp-json\/wp\/v2\/pages\/665\/revisions"}],"predecessor-version":[{"id":1495,"href":"https:\/\/seal.transport-manager.net\/lg\/wp-json\/wp\/v2\/pages\/665\/revisions\/1495"}],"wp:featuredmedia":[{"embeddable":true,"href":"https:\/\/seal.transport-manager.net\/lg\/wp-json\/wp\/v2\/media\/1360"}],"wp:attachment":[{"href":"https:\/\/seal.transport-manager.net\/lg\/wp-json\/wp\/v2\/media?parent=665"}],"curies":[{"name":"wp","href":"https:\/\/api.w.org\/{rel}","templated":true}]}}