{"id":684,"date":"2021-09-08T14:58:07","date_gmt":"2021-09-08T12:58:07","guid":{"rendered":"https:\/\/seal.transport-manager.net\/lg63\/?page_id=684"},"modified":"2022-12-16T20:00:08","modified_gmt":"2022-12-16T19:00:08","slug":"notre-abonnement","status":"publish","type":"page","link":"https:\/\/seal.transport-manager.net\/lg\/notre-abonnement\/","title":{"rendered":"NOTRE ABONNEMENT"},"content":{"rendered":"\n<div style=\"height:1px\" aria-hidden=\"true\" class=\"wp-block-spacer\"><\/div>\n\n\n\n<p class=\"has-text-align-center\">L\u2019abonnement est charg\u00e9 sur&nbsp;la carte <strong>PassMobility<\/strong>&nbsp;et vous permettent, selon leur dur\u00e9e respective, d\u2019effectuer un nombre de voyages illimit\u00e9s<br> sur l\u2019ensemble du r\u00e9seau.<\/p>\n\n\n\n<div style=\"height:1px\" aria-hidden=\"true\" class=\"wp-block-spacer\"><\/div>\n\n\n\n<figure class=\"wp-block-table\"><table class=\"has-fixed-layout\"><tbody><tr><td class=\"has-text-align-center\" data-align=\"center\"><br><br><br><br><img decoding=\"async\" src=\"https:\/\/www.t2c.fr\/sites\/default\/files\/Nouvelle_arborescence\/Pictos-Visuels-Video\/Reglement\/T2C-picto_valide_0.png\" style=\"width: 60px\"><\/td><td class=\"has-text-align-center\" data-align=\"center\"><br><br><br><br><strong><strong><strong><strong>A valider \u00e0 chaque mont\u00e9e dans un bus, y compris en cas de correspondance.<\/strong><\/strong><\/strong><\/strong><\/td><td class=\"has-text-align-center\" data-align=\"center\"><img loading=\"lazy\" decoding=\"async\" width=\"200\" height=\"320\" class=\"wp-image-630\" style=\"width: 150px\" src=\"https:\/\/seal.transport-manager.net\/lg63\/wp-content\/uploads\/sites\/10\/2021\/09\/cartesimple-png.png\" alt=\"\" srcset=\"https:\/\/seal.transport-manager.net\/lg\/wp-content\/uploads\/sites\/10\/2021\/09\/cartesimple-png.png 200w, https:\/\/seal.transport-manager.net\/lg\/wp-content\/uploads\/sites\/10\/2021\/09\/cartesimple-png-188x300.png 188w\" sizes=\"auto, (max-width: 200px) 100vw, 200px\" \/><\/td><\/tr><\/tbody><\/table><\/figure>\n\n\n\n<h5 class=\"has-text-align-center wp-block-heading\"><strong>Abonnement mensuel<\/strong><\/h5>\n\n\n\n<p class=\"has-text-align-center\">Valables du 1<sup>er<\/sup>&nbsp;au dernier jour du mois. <br>Rechargement possible \u00e0 partir du 20 du mois pr\u00e9c\u00e9dent et jusqu&rsquo;au 19 du mois en cours.<\/p>\n\n\n\n<figure class=\"wp-block-table\"><table class=\"has-fixed-layout\"><thead><tr><th class=\"has-text-align-center\" data-align=\"center\">Titre<\/th><th class=\"has-text-align-center\" data-align=\"center\">Tarif 2021-2022<\/th><th class=\"has-text-align-center\" data-align=\"center\">Tarif 2022-2023<\/th><th class=\"has-text-align-center\" data-align=\"center\">Point de vente<\/th><\/tr><\/thead><tbody><tr><td class=\"has-text-align-center\" data-align=\"center\"><br>Abonnement<\/td><td class=\"has-text-align-center\" data-align=\"center\"><br>56,00 \u20ac<\/td><td class=\"has-text-align-center\" data-align=\"center\"><br>59,00 \u20ac<\/td><td class=\"has-text-align-center\" data-align=\"center\"><img loading=\"lazy\" decoding=\"async\" width=\"128\" height=\"48\" class=\"wp-image-515\" style=\"width: 128px\" src=\"https:\/\/seal.transport-manager.net\/lg63\/wp-content\/uploads\/sites\/10\/2021\/08\/857368110453882880.png\" alt=\"\"><\/td><\/tr><\/tbody><\/table><\/figure>\n\n\n\n<div class=\"wp-block-columns is-layout-flex wp-container-core-columns-is-layout-9d6595d7 wp-block-columns-is-layout-flex\">\n<div class=\"wp-block-column is-layout-flow wp-block-column-is-layout-flow\"><div class=\"wp-block-image\">\n<figure class=\"aligncenter is-resized\"><img loading=\"lazy\" decoding=\"async\" src=\"https:\/\/transport-manager.net\/assets\/img\/card\/agency\/1.png\" alt=\"\" width=\"200\" height=\"113\"\/><\/figure>\n<\/div><\/div>\n\n\n\n<div class=\"wp-block-column is-layout-flow wp-block-column-is-layout-flow\"><div class=\"wp-block-image\">\n<figure class=\"aligncenter is-resized\"><img loading=\"lazy\" decoding=\"async\" src=\"https:\/\/transport-manager.net\/assets\/img\/card\/agency\/2.png\" alt=\"\" width=\"200\" height=\"113\"\/><\/figure>\n<\/div><\/div>\n\n\n\n<div class=\"wp-block-column is-layout-flow wp-block-column-is-layout-flow\"><div class=\"wp-block-image\">\n<figure class=\"aligncenter is-resized\"><img loading=\"lazy\" decoding=\"async\" src=\"https:\/\/transport-manager.net\/assets\/img\/card\/agency\/3.png\" alt=\"\" width=\"200\" height=\"113\"\/><\/figure>\n<\/div><\/div>\n<\/div>\n\n\n\n<div class=\"wp-block-columns is-layout-flex wp-container-core-columns-is-layout-9d6595d7 wp-block-columns-is-layout-flex\">\n<div class=\"wp-block-column is-layout-flow wp-block-column-is-layout-flow\"><div class=\"wp-block-image\">\n<figure class=\"aligncenter size-large is-resized\"><img loading=\"lazy\" decoding=\"async\" src=\"https:\/\/transport-manager.net\/assets\/img\/card\/agency\/4.png\" alt=\"\" width=\"200\" height=\"113\"\/><\/figure>\n<\/div><\/div>\n\n\n\n<div class=\"wp-block-column is-layout-flow wp-block-column-is-layout-flow\"><div class=\"wp-block-image\">\n<figure class=\"aligncenter size-large is-resized\"><img loading=\"lazy\" decoding=\"async\" src=\"https:\/\/transport-manager.net\/assets\/img\/card\/agency\/5.png\" alt=\"\" width=\"200\" height=\"113\"\/><\/figure>\n<\/div><\/div>\n\n\n\n<div class=\"wp-block-column is-layout-flow wp-block-column-is-layout-flow\"><div class=\"wp-block-image\">\n<figure class=\"aligncenter size-large is-resized\"><img loading=\"lazy\" decoding=\"async\" src=\"https:\/\/transport-manager.net\/assets\/img\/card\/agency\/6.png\" alt=\"\" width=\"200\" height=\"113\"\/><\/figure>\n<\/div><\/div>\n<\/div>\n\n\n\n<p><\/p>\n","protected":false},"excerpt":{"rendered":"<p>L\u2019abonnement est charg\u00e9 sur&nbsp;la carte PassMobility&nbsp;et vous permettent, selon leur dur\u00e9e respective, d\u2019effectuer un nombre de voyages illimit\u00e9s sur l\u2019ensemble du r\u00e9seau. A valider \u00e0 chaque mont\u00e9e dans un bus,&nbsp;&hellip;<\/p>\n","protected":false},"author":10,"featured_media":1360,"parent":0,"menu_order":0,"comment_status":"closed","ping_status":"closed","template":"","meta":{"footnotes":""},"class_list":["post-684","page","type-page","status-publish","has-post-thumbnail","hentry"],"_links":{"self":[{"href":"https:\/\/seal.transport-manager.net\/lg\/wp-json\/wp\/v2\/pages\/684","targetHints":{"allow":["GET"]}}],"collection":[{"href":"https:\/\/seal.transport-manager.net\/lg\/wp-json\/wp\/v2\/pages"}],"about":[{"href":"https:\/\/seal.transport-manager.net\/lg\/wp-json\/wp\/v2\/types\/page"}],"author":[{"embeddable":true,"href":"https:\/\/seal.transport-manager.net\/lg\/wp-json\/wp\/v2\/users\/10"}],"replies":[{"embeddable":true,"href":"https:\/\/seal.transport-manager.net\/lg\/wp-json\/wp\/v2\/comments?post=684"}],"version-history":[{"count":24,"href":"https:\/\/seal.transport-manager.net\/lg\/wp-json\/wp\/v2\/pages\/684\/revisions"}],"predecessor-version":[{"id":1537,"href":"https:\/\/seal.transport-manager.net\/lg\/wp-json\/wp\/v2\/pages\/684\/revisions\/1537"}],"wp:featuredmedia":[{"embeddable":true,"href":"https:\/\/seal.transport-manager.net\/lg\/wp-json\/wp\/v2\/media\/1360"}],"wp:attachment":[{"href":"https:\/\/seal.transport-manager.net\/lg\/wp-json\/wp\/v2\/media?parent=684"}],"curies":[{"name":"wp","href":"https:\/\/api.w.org\/{rel}","templated":true}]}}