{"id":13,"date":"2021-07-26T14:44:25","date_gmt":"2021-07-26T12:44:25","guid":{"rendered":"https:\/\/seal.transport-manager.net\/lilatan44\/?page_id=13"},"modified":"2023-09-03T12:46:41","modified_gmt":"2023-09-03T10:46:41","slug":"nos-lignes","status":"publish","type":"page","link":"https:\/\/seal.transport-manager.net\/lilatan44\/nos-lignes\/","title":{"rendered":"Nos lignes"},"content":{"rendered":"\n<p><strong>Plan du R\u00e9seau <\/strong><\/p>\n\n\n\n<figure class=\"wp-block-image size-large\"><img loading=\"lazy\" decoding=\"async\" width=\"1024\" height=\"660\" src=\"https:\/\/seal.transport-manager.net\/lilatan44\/wp-content\/uploads\/sites\/40\/2023\/01\/Plan_N3-1024x660.png\" alt=\"\" class=\"wp-image-473\" srcset=\"https:\/\/seal.transport-manager.net\/lilatan44\/wp-content\/uploads\/sites\/40\/2023\/01\/Plan_N3-1024x660.png 1024w, https:\/\/seal.transport-manager.net\/lilatan44\/wp-content\/uploads\/sites\/40\/2023\/01\/Plan_N3-300x193.png 300w, https:\/\/seal.transport-manager.net\/lilatan44\/wp-content\/uploads\/sites\/40\/2023\/01\/Plan_N3-768x495.png 768w, https:\/\/seal.transport-manager.net\/lilatan44\/wp-content\/uploads\/sites\/40\/2023\/01\/Plan_N3-1536x990.png 1536w, https:\/\/seal.transport-manager.net\/lilatan44\/wp-content\/uploads\/sites\/40\/2023\/01\/Plan_N3-2048x1320.png 2048w\" sizes=\"auto, (max-width: 1024px) 100vw, 1024px\" \/><\/figure>\n\n\n\n<p><strong>Plan du centre ville <\/strong><\/p>\n\n\n\n<figure class=\"wp-block-image size-full\"><img loading=\"lazy\" decoding=\"async\" width=\"720\" height=\"730\" src=\"https:\/\/seal.transport-manager.net\/lilatan44\/wp-content\/uploads\/sites\/40\/2023\/04\/Screenshot_20220225-214549_Xodo-Docs.jpg\" alt=\"\" class=\"wp-image-507\" srcset=\"https:\/\/seal.transport-manager.net\/lilatan44\/wp-content\/uploads\/sites\/40\/2023\/04\/Screenshot_20220225-214549_Xodo-Docs.jpg 720w, https:\/\/seal.transport-manager.net\/lilatan44\/wp-content\/uploads\/sites\/40\/2023\/04\/Screenshot_20220225-214549_Xodo-Docs-296x300.jpg 296w\" sizes=\"auto, (max-width: 720px) 100vw, 720px\" \/><\/figure>\n\n\n\n<p><strong>Nos lignes en service <\/strong><\/p>\n\n\n\n<p><strong>Lignes Linea (Bus \u00e0 haut niveau de service) :<\/strong><\/p>\n\n\n\n<figure class=\"wp-block-image size-large\"><img loading=\"lazy\" decoding=\"async\" width=\"97\" height=\"97\" src=\"https:\/\/seal.transport-manager.net\/lilatan44\/wp-content\/uploads\/sites\/40\/2021\/07\/L2.png\" alt=\"\" class=\"wp-image-25\" \/><\/figure>\n\n\n\n<figure class=\"wp-block-image size-large is-resized\"><img loading=\"lazy\" decoding=\"async\" src=\"https:\/\/seal.transport-manager.net\/lilatan44\/wp-content\/uploads\/sites\/40\/2023\/09\/Screenshot_20220225-220426_Xodo-Docs-1024x335.jpg\" alt=\"\" class=\"wp-image-534\" style=\"width:368px;height:120px\" width=\"368\" height=\"120\" srcset=\"https:\/\/seal.transport-manager.net\/lilatan44\/wp-content\/uploads\/sites\/40\/2023\/09\/Screenshot_20220225-220426_Xodo-Docs-1024x335.jpg 1024w, https:\/\/seal.transport-manager.net\/lilatan44\/wp-content\/uploads\/sites\/40\/2023\/09\/Screenshot_20220225-220426_Xodo-Docs-300x98.jpg 300w, https:\/\/seal.transport-manager.net\/lilatan44\/wp-content\/uploads\/sites\/40\/2023\/09\/Screenshot_20220225-220426_Xodo-Docs-768x251.jpg 768w, https:\/\/seal.transport-manager.net\/lilatan44\/wp-content\/uploads\/sites\/40\/2023\/09\/Screenshot_20220225-220426_Xodo-Docs.jpg 1492w\" sizes=\"auto, (max-width: 368px) 100vw, 368px\" \/><\/figure>\n\n\n\n<figure class=\"wp-block-image size-large\"><img loading=\"lazy\" decoding=\"async\" width=\"97\" height=\"97\" src=\"https:\/\/seal.transport-manager.net\/lilatan44\/wp-content\/uploads\/sites\/40\/2021\/07\/L3.png\" alt=\"\" class=\"wp-image-28\" \/><\/figure>\n\n\n\n<figure class=\"wp-block-image size-large is-resized\"><img loading=\"lazy\" decoding=\"async\" src=\"https:\/\/seal.transport-manager.net\/lilatan44\/wp-content\/uploads\/sites\/40\/2023\/09\/Screenshot_20220225-220241_Xodo-Docs-1024x340.jpg\" alt=\"\" class=\"wp-image-535\" style=\"width:373px;height:124px\" width=\"373\" height=\"124\" srcset=\"https:\/\/seal.transport-manager.net\/lilatan44\/wp-content\/uploads\/sites\/40\/2023\/09\/Screenshot_20220225-220241_Xodo-Docs-1024x340.jpg 1024w, https:\/\/seal.transport-manager.net\/lilatan44\/wp-content\/uploads\/sites\/40\/2023\/09\/Screenshot_20220225-220241_Xodo-Docs-300x100.jpg 300w, https:\/\/seal.transport-manager.net\/lilatan44\/wp-content\/uploads\/sites\/40\/2023\/09\/Screenshot_20220225-220241_Xodo-Docs-768x255.jpg 768w, https:\/\/seal.transport-manager.net\/lilatan44\/wp-content\/uploads\/sites\/40\/2023\/09\/Screenshot_20220225-220241_Xodo-Docs.jpg 1522w\" sizes=\"auto, (max-width: 373px) 100vw, 373px\" \/><\/figure>\n\n\n\n<p><strong>Lignes Busea (classiques) :<\/strong><\/p>\n\n\n\n<figure class=\"wp-block-image size-large\"><img loading=\"lazy\" decoding=\"async\" width=\"97\" height=\"97\" src=\"https:\/\/seal.transport-manager.net\/lilatan44\/wp-content\/uploads\/sites\/40\/2021\/07\/L1.png\" alt=\"\" class=\"wp-image-27\" \/><\/figure>\n\n\n\n<figure class=\"wp-block-image size-large\"><img loading=\"lazy\" decoding=\"async\" width=\"1024\" height=\"319\" src=\"https:\/\/seal.transport-manager.net\/lilatan44\/wp-content\/uploads\/sites\/40\/2023\/09\/Screenshot_20220225-215458_Xodo-Docs-1024x319.jpg\" alt=\"\" class=\"wp-image-537\" srcset=\"https:\/\/seal.transport-manager.net\/lilatan44\/wp-content\/uploads\/sites\/40\/2023\/09\/Screenshot_20220225-215458_Xodo-Docs-1024x319.jpg 1024w, https:\/\/seal.transport-manager.net\/lilatan44\/wp-content\/uploads\/sites\/40\/2023\/09\/Screenshot_20220225-215458_Xodo-Docs-300x93.jpg 300w, https:\/\/seal.transport-manager.net\/lilatan44\/wp-content\/uploads\/sites\/40\/2023\/09\/Screenshot_20220225-215458_Xodo-Docs-768x239.jpg 768w, https:\/\/seal.transport-manager.net\/lilatan44\/wp-content\/uploads\/sites\/40\/2023\/09\/Screenshot_20220225-215458_Xodo-Docs-1536x479.jpg 1536w, https:\/\/seal.transport-manager.net\/lilatan44\/wp-content\/uploads\/sites\/40\/2023\/09\/Screenshot_20220225-215458_Xodo-Docs.jpg 1592w\" sizes=\"auto, (max-width: 1024px) 100vw, 1024px\" \/><\/figure>\n\n\n\n<figure class=\"wp-block-image size-large\"><img loading=\"lazy\" decoding=\"async\" width=\"97\" height=\"97\" src=\"https:\/\/seal.transport-manager.net\/lilatan44\/wp-content\/uploads\/sites\/40\/2021\/07\/L4.png\" alt=\"\" class=\"wp-image-30\" \/><\/figure>\n\n\n\n<figure class=\"wp-block-image size-large is-resized\"><img loading=\"lazy\" decoding=\"async\" src=\"https:\/\/seal.transport-manager.net\/lilatan44\/wp-content\/uploads\/sites\/40\/2023\/09\/Screenshot_20220225-220104_Xodo-Docs-1024x341.jpg\" alt=\"\" class=\"wp-image-540\" style=\"width:369px;height:123px\" width=\"369\" height=\"123\" srcset=\"https:\/\/seal.transport-manager.net\/lilatan44\/wp-content\/uploads\/sites\/40\/2023\/09\/Screenshot_20220225-220104_Xodo-Docs-1024x341.jpg 1024w, https:\/\/seal.transport-manager.net\/lilatan44\/wp-content\/uploads\/sites\/40\/2023\/09\/Screenshot_20220225-220104_Xodo-Docs-300x100.jpg 300w, https:\/\/seal.transport-manager.net\/lilatan44\/wp-content\/uploads\/sites\/40\/2023\/09\/Screenshot_20220225-220104_Xodo-Docs-768x256.jpg 768w, https:\/\/seal.transport-manager.net\/lilatan44\/wp-content\/uploads\/sites\/40\/2023\/09\/Screenshot_20220225-220104_Xodo-Docs.jpg 1506w\" sizes=\"auto, (max-width: 369px) 100vw, 369px\" \/><\/figure>\n\n\n\n<figure class=\"wp-block-image size-full\"><img loading=\"lazy\" decoding=\"async\" width=\"97\" height=\"97\" src=\"https:\/\/seal.transport-manager.net\/lilatan44\/wp-content\/uploads\/sites\/40\/2021\/12\/L5-1.png\" alt=\"\" class=\"wp-image-332\" \/><\/figure>\n\n\n\n<figure class=\"wp-block-image size-full is-style-default\"><img loading=\"lazy\" decoding=\"async\" width=\"1024\" height=\"336\" src=\"https:\/\/seal.transport-manager.net\/lilatan44\/wp-content\/uploads\/sites\/40\/2023\/09\/Screenshot_20211231-094448_Xodo-Docs-1024x336-1.jpg\" alt=\"\" class=\"wp-image-542\" srcset=\"https:\/\/seal.transport-manager.net\/lilatan44\/wp-content\/uploads\/sites\/40\/2023\/09\/Screenshot_20211231-094448_Xodo-Docs-1024x336-1.jpg 1024w, https:\/\/seal.transport-manager.net\/lilatan44\/wp-content\/uploads\/sites\/40\/2023\/09\/Screenshot_20211231-094448_Xodo-Docs-1024x336-1-300x98.jpg 300w, https:\/\/seal.transport-manager.net\/lilatan44\/wp-content\/uploads\/sites\/40\/2023\/09\/Screenshot_20211231-094448_Xodo-Docs-1024x336-1-768x252.jpg 768w\" sizes=\"auto, (max-width: 1024px) 100vw, 1024px\" \/><\/figure>\n\n\n\n<figure class=\"wp-block-image size-large\"><img loading=\"lazy\" decoding=\"async\" width=\"97\" height=\"97\" src=\"https:\/\/seal.transport-manager.net\/lilatan44\/wp-content\/uploads\/sites\/40\/2021\/09\/L6.png\" alt=\"\" class=\"wp-image-162\" \/><\/figure>\n\n\n\n<figure class=\"wp-block-image size-large\"><img loading=\"lazy\" decoding=\"async\" width=\"1024\" height=\"348\" src=\"https:\/\/seal.transport-manager.net\/lilatan44\/wp-content\/uploads\/sites\/40\/2023\/09\/Screenshot_20220225-215935_Xodo-Docs-1024x348.jpg\" alt=\"\" class=\"wp-image-544\" srcset=\"https:\/\/seal.transport-manager.net\/lilatan44\/wp-content\/uploads\/sites\/40\/2023\/09\/Screenshot_20220225-215935_Xodo-Docs-1024x348.jpg 1024w, https:\/\/seal.transport-manager.net\/lilatan44\/wp-content\/uploads\/sites\/40\/2023\/09\/Screenshot_20220225-215935_Xodo-Docs-300x102.jpg 300w, https:\/\/seal.transport-manager.net\/lilatan44\/wp-content\/uploads\/sites\/40\/2023\/09\/Screenshot_20220225-215935_Xodo-Docs-768x261.jpg 768w, https:\/\/seal.transport-manager.net\/lilatan44\/wp-content\/uploads\/sites\/40\/2023\/09\/Screenshot_20220225-215935_Xodo-Docs.jpg 1505w\" sizes=\"auto, (max-width: 1024px) 100vw, 1024px\" \/><\/figure>\n\n\n\n<figure class=\"wp-block-image size-large\"><img loading=\"lazy\" decoding=\"async\" width=\"97\" height=\"97\" src=\"https:\/\/seal.transport-manager.net\/lilatan44\/wp-content\/uploads\/sites\/40\/2021\/10\/L7.png\" alt=\"\" class=\"wp-image-212\" \/><\/figure>\n\n\n\n<figure class=\"wp-block-image size-large\"><img loading=\"lazy\" decoding=\"async\" width=\"1024\" height=\"339\" src=\"https:\/\/seal.transport-manager.net\/lilatan44\/wp-content\/uploads\/sites\/40\/2023\/09\/Screenshot_20220225-215819_Xodo-Docs-1024x339.jpg\" alt=\"\" class=\"wp-image-545\" srcset=\"https:\/\/seal.transport-manager.net\/lilatan44\/wp-content\/uploads\/sites\/40\/2023\/09\/Screenshot_20220225-215819_Xodo-Docs-1024x339.jpg 1024w, https:\/\/seal.transport-manager.net\/lilatan44\/wp-content\/uploads\/sites\/40\/2023\/09\/Screenshot_20220225-215819_Xodo-Docs-300x99.jpg 300w, https:\/\/seal.transport-manager.net\/lilatan44\/wp-content\/uploads\/sites\/40\/2023\/09\/Screenshot_20220225-215819_Xodo-Docs-768x254.jpg 768w, https:\/\/seal.transport-manager.net\/lilatan44\/wp-content\/uploads\/sites\/40\/2023\/09\/Screenshot_20220225-215819_Xodo-Docs.jpg 1444w\" sizes=\"auto, (max-width: 1024px) 100vw, 1024px\" \/><\/figure>\n\n\n\n<figure class=\"wp-block-image size-full is-resized\"><img loading=\"lazy\" decoding=\"async\" src=\"https:\/\/seal.transport-manager.net\/lilatan44\/wp-content\/uploads\/sites\/40\/2023\/04\/L8.png\" alt=\"\" class=\"wp-image-500\" style=\"width:94px;height:94px\" width=\"94\" height=\"94\" \/><\/figure>\n\n\n\n<figure class=\"wp-block-image size-large\"><img loading=\"lazy\" decoding=\"async\" width=\"1024\" height=\"319\" src=\"https:\/\/seal.transport-manager.net\/lilatan44\/wp-content\/uploads\/sites\/40\/2023\/09\/Screenshot_20230420-184846_Xodo-Docs-1024x319.jpg\" alt=\"\" class=\"wp-image-546\" srcset=\"https:\/\/seal.transport-manager.net\/lilatan44\/wp-content\/uploads\/sites\/40\/2023\/09\/Screenshot_20230420-184846_Xodo-Docs-1024x319.jpg 1024w, https:\/\/seal.transport-manager.net\/lilatan44\/wp-content\/uploads\/sites\/40\/2023\/09\/Screenshot_20230420-184846_Xodo-Docs-300x93.jpg 300w, https:\/\/seal.transport-manager.net\/lilatan44\/wp-content\/uploads\/sites\/40\/2023\/09\/Screenshot_20230420-184846_Xodo-Docs-768x239.jpg 768w, https:\/\/seal.transport-manager.net\/lilatan44\/wp-content\/uploads\/sites\/40\/2023\/09\/Screenshot_20230420-184846_Xodo-Docs-1536x479.jpg 1536w, https:\/\/seal.transport-manager.net\/lilatan44\/wp-content\/uploads\/sites\/40\/2023\/09\/Screenshot_20230420-184846_Xodo-Docs.jpg 1592w\" sizes=\"auto, (max-width: 1024px) 100vw, 1024px\" \/><\/figure>\n\n\n\n<figure class=\"wp-block-image size-full\"><img loading=\"lazy\" decoding=\"async\" width=\"97\" height=\"97\" src=\"https:\/\/seal.transport-manager.net\/lilatan44\/wp-content\/uploads\/sites\/40\/2023\/09\/L9.png\" alt=\"\" class=\"wp-image-548\" \/><\/figure>\n\n\n\n<figure class=\"wp-block-image size-large\"><img loading=\"lazy\" decoding=\"async\" width=\"1024\" height=\"244\" src=\"https:\/\/seal.transport-manager.net\/lilatan44\/wp-content\/uploads\/sites\/40\/2023\/09\/N3_L9_blanc2-1024x244.png\" alt=\"\" class=\"wp-image-547\" srcset=\"https:\/\/seal.transport-manager.net\/lilatan44\/wp-content\/uploads\/sites\/40\/2023\/09\/N3_L9_blanc2-1024x244.png 1024w, https:\/\/seal.transport-manager.net\/lilatan44\/wp-content\/uploads\/sites\/40\/2023\/09\/N3_L9_blanc2-300x72.png 300w, https:\/\/seal.transport-manager.net\/lilatan44\/wp-content\/uploads\/sites\/40\/2023\/09\/N3_L9_blanc2-768x183.png 768w, https:\/\/seal.transport-manager.net\/lilatan44\/wp-content\/uploads\/sites\/40\/2023\/09\/N3_L9_blanc2-1536x367.png 1536w, https:\/\/seal.transport-manager.net\/lilatan44\/wp-content\/uploads\/sites\/40\/2023\/09\/N3_L9_blanc2.png 1910w\" sizes=\"auto, (max-width: 1024px) 100vw, 1024px\" \/><\/figure>\n\n\n\n<figure class=\"wp-block-image size-full\"><img loading=\"lazy\" decoding=\"async\" width=\"97\" height=\"97\" src=\"https:\/\/seal.transport-manager.net\/lilatan44\/wp-content\/uploads\/sites\/40\/2023\/01\/1000001732.png\" alt=\"\" class=\"wp-image-476\" \/><\/figure>\n\n\n\n<figure class=\"wp-block-image size-large\"><img loading=\"lazy\" decoding=\"async\" width=\"1024\" height=\"318\" src=\"https:\/\/seal.transport-manager.net\/lilatan44\/wp-content\/uploads\/sites\/40\/2023\/09\/Screenshot_20230120-214727_Xodo-Docs-1024x318.jpg\" alt=\"\" class=\"wp-image-549\" srcset=\"https:\/\/seal.transport-manager.net\/lilatan44\/wp-content\/uploads\/sites\/40\/2023\/09\/Screenshot_20230120-214727_Xodo-Docs-1024x318.jpg 1024w, https:\/\/seal.transport-manager.net\/lilatan44\/wp-content\/uploads\/sites\/40\/2023\/09\/Screenshot_20230120-214727_Xodo-Docs-300x93.jpg 300w, https:\/\/seal.transport-manager.net\/lilatan44\/wp-content\/uploads\/sites\/40\/2023\/09\/Screenshot_20230120-214727_Xodo-Docs-768x239.jpg 768w, https:\/\/seal.transport-manager.net\/lilatan44\/wp-content\/uploads\/sites\/40\/2023\/09\/Screenshot_20230120-214727_Xodo-Docs-1536x478.jpg 1536w, https:\/\/seal.transport-manager.net\/lilatan44\/wp-content\/uploads\/sites\/40\/2023\/09\/Screenshot_20230120-214727_Xodo-Docs.jpg 1550w\" sizes=\"auto, (max-width: 1024px) 100vw, 1024px\" \/><\/figure>\n\n\n\n<figure class=\"wp-block-image size-full\"><img loading=\"lazy\" decoding=\"async\" width=\"97\" height=\"97\" src=\"https:\/\/seal.transport-manager.net\/lilatan44\/wp-content\/uploads\/sites\/40\/2023\/09\/L11.png\" alt=\"\" class=\"wp-image-550\" \/><\/figure>\n\n\n\n<figure class=\"wp-block-image size-large\"><img loading=\"lazy\" decoding=\"async\" width=\"1024\" height=\"263\" src=\"https:\/\/seal.transport-manager.net\/lilatan44\/wp-content\/uploads\/sites\/40\/2023\/09\/N3_L11_blanc2-1024x263.png\" alt=\"\" class=\"wp-image-551\" srcset=\"https:\/\/seal.transport-manager.net\/lilatan44\/wp-content\/uploads\/sites\/40\/2023\/09\/N3_L11_blanc2-1024x263.png 1024w, https:\/\/seal.transport-manager.net\/lilatan44\/wp-content\/uploads\/sites\/40\/2023\/09\/N3_L11_blanc2-300x77.png 300w, https:\/\/seal.transport-manager.net\/lilatan44\/wp-content\/uploads\/sites\/40\/2023\/09\/N3_L11_blanc2-768x197.png 768w, https:\/\/seal.transport-manager.net\/lilatan44\/wp-content\/uploads\/sites\/40\/2023\/09\/N3_L11_blanc2-1536x394.png 1536w, https:\/\/seal.transport-manager.net\/lilatan44\/wp-content\/uploads\/sites\/40\/2023\/09\/N3_L11_blanc2.png 1902w\" sizes=\"auto, (max-width: 1024px) 100vw, 1024px\" \/><\/figure>\n\n\n\n<p><strong>Lignes citea (quartier) : <\/strong><\/p>\n\n\n\n<figure class=\"wp-block-image size-full\"><img loading=\"lazy\" decoding=\"async\" width=\"97\" height=\"97\" src=\"https:\/\/seal.transport-manager.net\/lilatan44\/wp-content\/uploads\/sites\/40\/2023\/06\/L60.png\" alt=\"\" class=\"wp-image-512\" \/><\/figure>\n\n\n\n<figure class=\"wp-block-image size-large\"><img loading=\"lazy\" decoding=\"async\" width=\"1024\" height=\"262\" src=\"https:\/\/seal.transport-manager.net\/lilatan44\/wp-content\/uploads\/sites\/40\/2023\/06\/N3_L60_blanc2-1024x262.png\" alt=\"\" class=\"wp-image-513\" srcset=\"https:\/\/seal.transport-manager.net\/lilatan44\/wp-content\/uploads\/sites\/40\/2023\/06\/N3_L60_blanc2-1024x262.png 1024w, https:\/\/seal.transport-manager.net\/lilatan44\/wp-content\/uploads\/sites\/40\/2023\/06\/N3_L60_blanc2-300x77.png 300w, https:\/\/seal.transport-manager.net\/lilatan44\/wp-content\/uploads\/sites\/40\/2023\/06\/N3_L60_blanc2-768x196.png 768w, https:\/\/seal.transport-manager.net\/lilatan44\/wp-content\/uploads\/sites\/40\/2023\/06\/N3_L60_blanc2-1536x393.png 1536w, https:\/\/seal.transport-manager.net\/lilatan44\/wp-content\/uploads\/sites\/40\/2023\/06\/N3_L60_blanc2.png 1752w\" sizes=\"auto, (max-width: 1024px) 100vw, 1024px\" \/><\/figure>\n\n\n\n<figure class=\"wp-block-image size-full\"><img loading=\"lazy\" decoding=\"async\" width=\"97\" height=\"97\" src=\"https:\/\/seal.transport-manager.net\/lilatan44\/wp-content\/uploads\/sites\/40\/2023\/09\/L61.png\" alt=\"\" class=\"wp-image-552\" \/><\/figure>\n\n\n\n<figure class=\"wp-block-image size-large\"><img loading=\"lazy\" decoding=\"async\" width=\"1024\" height=\"248\" src=\"https:\/\/seal.transport-manager.net\/lilatan44\/wp-content\/uploads\/sites\/40\/2023\/09\/N3_L61_blanc2-1024x248.png\" alt=\"\" class=\"wp-image-553\" srcset=\"https:\/\/seal.transport-manager.net\/lilatan44\/wp-content\/uploads\/sites\/40\/2023\/09\/N3_L61_blanc2-1024x248.png 1024w, https:\/\/seal.transport-manager.net\/lilatan44\/wp-content\/uploads\/sites\/40\/2023\/09\/N3_L61_blanc2-300x73.png 300w, https:\/\/seal.transport-manager.net\/lilatan44\/wp-content\/uploads\/sites\/40\/2023\/09\/N3_L61_blanc2-768x186.png 768w, https:\/\/seal.transport-manager.net\/lilatan44\/wp-content\/uploads\/sites\/40\/2023\/09\/N3_L61_blanc2-1536x372.png 1536w, https:\/\/seal.transport-manager.net\/lilatan44\/wp-content\/uploads\/sites\/40\/2023\/09\/N3_L61_blanc2.png 1874w\" sizes=\"auto, (max-width: 1024px) 100vw, 1024px\" \/><\/figure>\n\n\n\n<p><strong>Lignes Tadea (transport \u00e0 la demande) :<\/strong><\/p>\n\n\n\n<figure class=\"wp-block-image size-full\"><img loading=\"lazy\" decoding=\"async\" width=\"97\" height=\"97\" src=\"https:\/\/seal.transport-manager.net\/lilatan44\/wp-content\/uploads\/sites\/40\/2023\/04\/L901.png\" alt=\"\" class=\"wp-image-502\" \/><\/figure>\n\n\n\n<figure class=\"wp-block-image size-large\"><img loading=\"lazy\" decoding=\"async\" width=\"1024\" height=\"318\" src=\"https:\/\/seal.transport-manager.net\/lilatan44\/wp-content\/uploads\/sites\/40\/2023\/04\/Screenshot_20230420-192520_Gallery-1024x318.jpg\" alt=\"\" class=\"wp-image-503\" srcset=\"https:\/\/seal.transport-manager.net\/lilatan44\/wp-content\/uploads\/sites\/40\/2023\/04\/Screenshot_20230420-192520_Gallery-1024x318.jpg 1024w, https:\/\/seal.transport-manager.net\/lilatan44\/wp-content\/uploads\/sites\/40\/2023\/04\/Screenshot_20230420-192520_Gallery-300x93.jpg 300w, https:\/\/seal.transport-manager.net\/lilatan44\/wp-content\/uploads\/sites\/40\/2023\/04\/Screenshot_20230420-192520_Gallery-768x239.jpg 768w, https:\/\/seal.transport-manager.net\/lilatan44\/wp-content\/uploads\/sites\/40\/2023\/04\/Screenshot_20230420-192520_Gallery-1536x477.jpg 1536w, https:\/\/seal.transport-manager.net\/lilatan44\/wp-content\/uploads\/sites\/40\/2023\/04\/Screenshot_20230420-192520_Gallery.jpg 1600w\" sizes=\"auto, (max-width: 1024px) 100vw, 1024px\" \/><\/figure>\n\n\n\n<figure class=\"wp-block-image size-full\"><img loading=\"lazy\" decoding=\"async\" width=\"97\" height=\"97\" src=\"https:\/\/seal.transport-manager.net\/lilatan44\/wp-content\/uploads\/sites\/40\/2023\/04\/L902.png\" alt=\"\" class=\"wp-image-504\" \/><\/figure>\n\n\n\n<figure class=\"wp-block-image size-large\"><img loading=\"lazy\" decoding=\"async\" width=\"1024\" height=\"319\" src=\"https:\/\/seal.transport-manager.net\/lilatan44\/wp-content\/uploads\/sites\/40\/2023\/04\/Screenshot_20230420-192524_Gallery-1024x319.jpg\" alt=\"\" class=\"wp-image-505\" srcset=\"https:\/\/seal.transport-manager.net\/lilatan44\/wp-content\/uploads\/sites\/40\/2023\/04\/Screenshot_20230420-192524_Gallery-1024x319.jpg 1024w, https:\/\/seal.transport-manager.net\/lilatan44\/wp-content\/uploads\/sites\/40\/2023\/04\/Screenshot_20230420-192524_Gallery-300x93.jpg 300w, https:\/\/seal.transport-manager.net\/lilatan44\/wp-content\/uploads\/sites\/40\/2023\/04\/Screenshot_20230420-192524_Gallery-768x239.jpg 768w, https:\/\/seal.transport-manager.net\/lilatan44\/wp-content\/uploads\/sites\/40\/2023\/04\/Screenshot_20230420-192524_Gallery-1536x479.jpg 1536w, https:\/\/seal.transport-manager.net\/lilatan44\/wp-content\/uploads\/sites\/40\/2023\/04\/Screenshot_20230420-192524_Gallery.jpg 1592w\" sizes=\"auto, (max-width: 1024px) 100vw, 1024px\" \/><\/figure>\n\n\n\n<p><strong>Lignes sp\u00e9ciales <\/strong>:<\/p>\n\n\n\n<figure class=\"wp-block-image size-large\"><img loading=\"lazy\" decoding=\"async\" width=\"97\" height=\"97\" src=\"https:\/\/seal.transport-manager.net\/lilatan44\/wp-content\/uploads\/sites\/40\/2021\/08\/L804.png\" alt=\"\" class=\"wp-image-98\" \/><figcaption class=\"wp-element-caption\"><mark style=\"color:#a30003\" class=\"has-inline-color\">Prolongation durant les weekends de septembre 2023 !<\/mark><\/figcaption><\/figure>\n\n\n\n<figure class=\"wp-block-image size-large is-resized\"><img loading=\"lazy\" decoding=\"async\" src=\"https:\/\/seal.transport-manager.net\/lilatan44\/wp-content\/uploads\/sites\/40\/2022\/02\/Screenshot_20220225-215653_Xodo-Docs-1024x336.jpg\" alt=\"\" class=\"wp-image-374\" style=\"width:363px;height:118px\" width=\"363\" height=\"118\" srcset=\"https:\/\/seal.transport-manager.net\/lilatan44\/wp-content\/uploads\/sites\/40\/2022\/02\/Screenshot_20220225-215653_Xodo-Docs-1024x336.jpg 1024w, https:\/\/seal.transport-manager.net\/lilatan44\/wp-content\/uploads\/sites\/40\/2022\/02\/Screenshot_20220225-215653_Xodo-Docs-300x98.jpg 300w, https:\/\/seal.transport-manager.net\/lilatan44\/wp-content\/uploads\/sites\/40\/2022\/02\/Screenshot_20220225-215653_Xodo-Docs-768x252.jpg 768w, https:\/\/seal.transport-manager.net\/lilatan44\/wp-content\/uploads\/sites\/40\/2022\/02\/Screenshot_20220225-215653_Xodo-Docs.jpg 1483w\" sizes=\"auto, (max-width: 363px) 100vw, 363px\" \/><\/figure>\n\n\n\n<figure class=\"wp-block-image size-full\"><img loading=\"lazy\" decoding=\"async\" width=\"97\" height=\"97\" src=\"https:\/\/seal.transport-manager.net\/lilatan44\/wp-content\/uploads\/sites\/40\/2021\/11\/L808.png\" alt=\"\" class=\"wp-image-269\" \/><figcaption class=\"wp-element-caption\"><strong>Sp\u00e9ciale march\u00e9 de No\u00ebl : Gare Ouest &lt;&gt; C.Alan Turing  <\/strong><\/figcaption><\/figure>\n\n\n\n<p><mark style=\"color:#a30003\" class=\"has-inline-color\">Ligne Hors service jusqu&rsquo;\u00e0 No\u00ebl 2023 <\/mark><\/p>\n\n\n\n<p><\/p>\n\n\n\n<p><\/p>\n\n\n\n<p><\/p>\n\n\n\n<p><\/p>\n\n\n\n<p><\/p>\n\n\n\n<p><\/p>\n\n\n\n<p><\/p>\n","protected":false},"excerpt":{"rendered":"<p>Plan du R\u00e9seau Plan du centre ville Nos lignes en service Lignes Linea (Bus \u00e0 haut niveau de service) : Lignes Busea (classiques) : Lignes citea (quartier) : Lignes Tadea (transport \u00e0 la demande) : Lignes sp\u00e9ciales : Ligne Hors service jusqu&rsquo;\u00e0 No\u00ebl 2023<\/p>\n","protected":false},"author":40,"featured_media":0,"parent":0,"menu_order":0,"comment_status":"closed","ping_status":"closed","template":"","meta":{"footnotes":""},"class_list":["post-13","page","type-page","status-publish","hentry"],"_links":{"self":[{"href":"https:\/\/seal.transport-manager.net\/lilatan44\/wp-json\/wp\/v2\/pages\/13","targetHints":{"allow":["GET"]}}],"collection":[{"href":"https:\/\/seal.transport-manager.net\/lilatan44\/wp-json\/wp\/v2\/pages"}],"about":[{"href":"https:\/\/seal.transport-manager.net\/lilatan44\/wp-json\/wp\/v2\/types\/page"}],"author":[{"embeddable":true,"href":"https:\/\/seal.transport-manager.net\/lilatan44\/wp-json\/wp\/v2\/users\/40"}],"replies":[{"embeddable":true,"href":"https:\/\/seal.transport-manager.net\/lilatan44\/wp-json\/wp\/v2\/comments?post=13"}],"version-history":[{"count":40,"href":"https:\/\/seal.transport-manager.net\/lilatan44\/wp-json\/wp\/v2\/pages\/13\/revisions"}],"predecessor-version":[{"id":555,"href":"https:\/\/seal.transport-manager.net\/lilatan44\/wp-json\/wp\/v2\/pages\/13\/revisions\/555"}],"wp:attachment":[{"href":"https:\/\/seal.transport-manager.net\/lilatan44\/wp-json\/wp\/v2\/media?parent=13"}],"curies":[{"name":"wp","href":"https:\/\/api.w.org\/{rel}","templated":true}]}}