{"id":47,"date":"2021-07-26T16:31:27","date_gmt":"2021-07-26T14:31:27","guid":{"rendered":"https:\/\/seal.transport-manager.net\/lilatan44\/?page_id=47"},"modified":"2021-07-26T16:41:12","modified_gmt":"2021-07-26T14:41:12","slug":"tarifs-et-abonnements","status":"publish","type":"page","link":"https:\/\/seal.transport-manager.net\/lilatan44\/tarifs-et-abonnements\/","title":{"rendered":"Tarifs et abonnements"},"content":{"rendered":"\n<p><strong>Nos titres <\/strong><\/p>\n\n\n\n<p><span class=\"has-inline-color has-accent-color\">L&rsquo;heure : prix \u00e0 1\u20ac60 , validit\u00e9 d&rsquo;une heure sur l&rsquo;ensemble du r\u00e9seau <\/span><\/p>\n\n\n\n<p>Le Journalier : prix \u00e0 4\u20ac80, validit\u00e9 de 24 heures sur l&rsquo;ensemble du r\u00e9seau <\/p>\n\n\n\n<p><strong>Nos abonnements <\/strong><\/p>\n\n\n\n<p>Abonnement mensuel : conseill\u00e9s pour les utilisateurs r\u00e9guliers,  prix de 56\u20ac par mois , valable sur l&rsquo;ensemble du r\u00e9seau <\/p>\n\n\n\n<p><strong>Comment acheter un titre\/abonnement ?<\/strong><\/p>\n\n\n\n<p>Pour payer afin de voyager sur le r\u00e9seau Ligea , rendez vous \u00e0 notre agence commerciale \u00e0 l&rsquo;adresse suivante : 1 place de la gare , Talenteville<\/p>\n\n\n\n<p><\/p>\n","protected":false},"excerpt":{"rendered":"<p>Nos titres L&rsquo;heure : prix \u00e0 1\u20ac60 , validit\u00e9 d&rsquo;une heure sur l&rsquo;ensemble du r\u00e9seau Le Journalier : prix \u00e0 4\u20ac80, validit\u00e9 de 24 heures sur l&rsquo;ensemble du r\u00e9seau Nos abonnements Abonnement mensuel : conseill\u00e9s pour les utilisateurs r\u00e9guliers, prix de 56\u20ac par mois , valable sur l&rsquo;ensemble du r\u00e9seau [&hellip;]<\/p>\n","protected":false},"author":40,"featured_media":0,"parent":0,"menu_order":0,"comment_status":"closed","ping_status":"closed","template":"","meta":{"footnotes":""},"class_list":["post-47","page","type-page","status-publish","hentry"],"_links":{"self":[{"href":"https:\/\/seal.transport-manager.net\/lilatan44\/wp-json\/wp\/v2\/pages\/47","targetHints":{"allow":["GET"]}}],"collection":[{"href":"https:\/\/seal.transport-manager.net\/lilatan44\/wp-json\/wp\/v2\/pages"}],"about":[{"href":"https:\/\/seal.transport-manager.net\/lilatan44\/wp-json\/wp\/v2\/types\/page"}],"author":[{"embeddable":true,"href":"https:\/\/seal.transport-manager.net\/lilatan44\/wp-json\/wp\/v2\/users\/40"}],"replies":[{"embeddable":true,"href":"https:\/\/seal.transport-manager.net\/lilatan44\/wp-json\/wp\/v2\/comments?post=47"}],"version-history":[{"count":3,"href":"https:\/\/seal.transport-manager.net\/lilatan44\/wp-json\/wp\/v2\/pages\/47\/revisions"}],"predecessor-version":[{"id":56,"href":"https:\/\/seal.transport-manager.net\/lilatan44\/wp-json\/wp\/v2\/pages\/47\/revisions\/56"}],"wp:attachment":[{"href":"https:\/\/seal.transport-manager.net\/lilatan44\/wp-json\/wp\/v2\/media?parent=47"}],"curies":[{"name":"wp","href":"https:\/\/api.w.org\/{rel}","templated":true}]}}