{"id":57,"date":"2021-07-26T16:45:12","date_gmt":"2021-07-26T14:45:12","guid":{"rendered":"https:\/\/seal.transport-manager.net\/lilatan44\/?page_id=57"},"modified":"2021-12-15T23:02:17","modified_gmt":"2021-12-15T22:02:17","slug":"renseignements","status":"publish","type":"page","link":"https:\/\/seal.transport-manager.net\/lilatan44\/renseignements\/","title":{"rendered":"Renseignements"},"content":{"rendered":"\n<p>Pour vous permettre de nous contacter,  plusieurs solutions s&rsquo;offre a vous :<\/p>\n\n\n\n<ul class=\"wp-block-list\"><li>Agence commerciale Gare Centrale,  1 place de la gare , Talenteville . Ouvert du Lundi au Samedi de 7h30 \u00e0 20h30 <\/li><li>T\u00e9l\u00e9phone,  02 80 840 840 , disponible du Lundi au Samedi de 8h00 \u00e0 22h00 et le dimanche de 9h00 \u00e0 19h00 <\/li><li>Si\u00e8ge social,  84 Rue de Suez , Talenteville . Ouvert au public du Lundi au Samedi entre 8h00 et 20h00 <\/li><\/ul>\n\n\n\n<p>Et prochainement,  une plate-forme mail sera mise en service afin de nous contacter en ligne ! <\/p>\n","protected":false},"excerpt":{"rendered":"<p>Pour vous permettre de nous contacter, plusieurs solutions s&rsquo;offre a vous : Agence commerciale Gare Centrale, 1 place de la gare , Talenteville . Ouvert du Lundi au Samedi de 7h30 \u00e0 20h30 T\u00e9l\u00e9phone, 02 80 840 840 , disponible du Lundi au Samedi de 8h00 \u00e0 22h00 et le [&hellip;]<\/p>\n","protected":false},"author":40,"featured_media":0,"parent":0,"menu_order":0,"comment_status":"closed","ping_status":"closed","template":"","meta":{"footnotes":""},"class_list":["post-57","page","type-page","status-publish","hentry"],"_links":{"self":[{"href":"https:\/\/seal.transport-manager.net\/lilatan44\/wp-json\/wp\/v2\/pages\/57","targetHints":{"allow":["GET"]}}],"collection":[{"href":"https:\/\/seal.transport-manager.net\/lilatan44\/wp-json\/wp\/v2\/pages"}],"about":[{"href":"https:\/\/seal.transport-manager.net\/lilatan44\/wp-json\/wp\/v2\/types\/page"}],"author":[{"embeddable":true,"href":"https:\/\/seal.transport-manager.net\/lilatan44\/wp-json\/wp\/v2\/users\/40"}],"replies":[{"embeddable":true,"href":"https:\/\/seal.transport-manager.net\/lilatan44\/wp-json\/wp\/v2\/comments?post=57"}],"version-history":[{"count":4,"href":"https:\/\/seal.transport-manager.net\/lilatan44\/wp-json\/wp\/v2\/pages\/57\/revisions"}],"predecessor-version":[{"id":300,"href":"https:\/\/seal.transport-manager.net\/lilatan44\/wp-json\/wp\/v2\/pages\/57\/revisions\/300"}],"wp:attachment":[{"href":"https:\/\/seal.transport-manager.net\/lilatan44\/wp-json\/wp\/v2\/media?parent=57"}],"curies":[{"name":"wp","href":"https:\/\/api.w.org\/{rel}","templated":true}]}}