{"id":58,"date":"2021-07-26T16:45:12","date_gmt":"2021-07-26T14:45:12","guid":{"rendered":"https:\/\/seal.transport-manager.net\/lilatan44\/?page_id=58"},"modified":"2021-07-26T17:11:30","modified_gmt":"2021-07-26T15:11:30","slug":"recrutements","status":"publish","type":"page","link":"https:\/\/seal.transport-manager.net\/lilatan44\/recrutements\/","title":{"rendered":"Recrutements"},"content":{"rendered":"\n<p>Vous \u00eates rechercheur d&#8217;emploi, reconversion professionnel, int\u00e9ress\u00e9 par les m\u00e9tiers du transports ? <\/p>\n\n\n\n<p>Vous pouvez d\u00e9sormais travailler chez nous , notre entreprise recherche des travailleurs dans diff\u00e9rents m\u00e9tiers au sein de notre entreprise ! <\/p>\n\n\n\n<p><strong>M\u00e9tiers : <\/strong><\/p>\n\n\n\n<ul class=\"wp-block-list\"><li>Conducteur receveur : transporter nos voyageurs sur les diff\u00e9rentes lignes du r\u00e9seau tout en voyagant dans la ville mais aussi \u00e0 rester vigilant et assurez la s\u00e9curit\u00e9 de nos clients .<\/li><li>M\u00e9canicien : entretenez , r\u00e9parer et maintener les diff\u00e9rents v\u00e9hicules de la soci\u00e9t\u00e9 pour assurer les meilleurs voyages et services non seulement pour nous vos coll\u00e8gues mais surtout pour nos voyageurs .<\/li><li>Vendeur : vous \u00eates ceux qui permettent le mieux de comprendre nos clients et des les aider , informer et renseigner toute en travaillant \u00e0 diff\u00e9rents postes tel que l&rsquo;information,  les abonnements,  nos diff\u00e9rents services de transports. <\/li><li>Contr\u00f4leur : vous travaillez avec les conducteurs,  vous les aidez \u00e0 assurer la s\u00e9curit\u00e9 de nos v\u00e9hicules en assurant l&rsquo;ordre public, le contr\u00f4le des titres et abonnements et \u00e0 informer les voyageurs en cas de besoin . Tout cela en changeant toujours de lieux pour garantir la meilleur stabilit\u00e9 sur notre r\u00e9seau. <\/li><\/ul>\n\n\n\n<p>Pour pouvoir postuler,  rendez vous sur le site de p\u00f4le emploi \u00e0 l&rsquo;adresse suivante : 14 avenue des lilas , Talenteville . Ou sur le site internet p\u00f4le emploi.fr<\/p>\n","protected":false},"excerpt":{"rendered":"<p>Vous \u00eates rechercheur d&#8217;emploi, reconversion professionnel, int\u00e9ress\u00e9 par les m\u00e9tiers du transports ? Vous pouvez d\u00e9sormais travailler chez nous , notre entreprise recherche des travailleurs dans diff\u00e9rents m\u00e9tiers au sein de notre entreprise ! M\u00e9tiers : Conducteur receveur : transporter nos voyageurs sur les diff\u00e9rentes lignes du r\u00e9seau tout en [&hellip;]<\/p>\n","protected":false},"author":40,"featured_media":0,"parent":0,"menu_order":0,"comment_status":"closed","ping_status":"closed","template":"","meta":{"footnotes":""},"class_list":["post-58","page","type-page","status-publish","hentry"],"_links":{"self":[{"href":"https:\/\/seal.transport-manager.net\/lilatan44\/wp-json\/wp\/v2\/pages\/58","targetHints":{"allow":["GET"]}}],"collection":[{"href":"https:\/\/seal.transport-manager.net\/lilatan44\/wp-json\/wp\/v2\/pages"}],"about":[{"href":"https:\/\/seal.transport-manager.net\/lilatan44\/wp-json\/wp\/v2\/types\/page"}],"author":[{"embeddable":true,"href":"https:\/\/seal.transport-manager.net\/lilatan44\/wp-json\/wp\/v2\/users\/40"}],"replies":[{"embeddable":true,"href":"https:\/\/seal.transport-manager.net\/lilatan44\/wp-json\/wp\/v2\/comments?post=58"}],"version-history":[{"count":2,"href":"https:\/\/seal.transport-manager.net\/lilatan44\/wp-json\/wp\/v2\/pages\/58\/revisions"}],"predecessor-version":[{"id":69,"href":"https:\/\/seal.transport-manager.net\/lilatan44\/wp-json\/wp\/v2\/pages\/58\/revisions\/69"}],"wp:attachment":[{"href":"https:\/\/seal.transport-manager.net\/lilatan44\/wp-json\/wp\/v2\/media?parent=58"}],"curies":[{"name":"wp","href":"https:\/\/api.w.org\/{rel}","templated":true}]}}