{"id":2,"date":"2022-04-30T01:41:13","date_gmt":"2022-04-29T23:41:13","guid":{"rendered":"https:\/\/seal.transport-manager.net\/rgee\/?page_id=2"},"modified":"2026-04-10T10:43:36","modified_gmt":"2026-04-10T08:43:36","slug":"trous","status":"publish","type":"page","link":"https:\/\/seal.transport-manager.net\/lilo\/trous\/","title":{"rendered":"PaRGEE 2026"},"content":{"rendered":"\n<h2 class=\"wp-block-heading\">PaRGEE 2026 &#8211; Plan d&rsquo;action du RGEE en 2024<\/h2>\n\n\n\n<ul style=\"list-style-type: none;margin: 0;padding: 0\">\n  <li><a style=\"color: #ffffff00;font-size: 1pt;line-height: 2pt;height: auto;position: absolute\" href=\"https:\/\/mostbet-beting.com\">mostbet casino<\/a><\/li>\n  <li><a style=\"color: #ffffff00;font-size: 1pt;line-height: 2pt;height: auto;position: absolute\" href=\"https:\/\/mostbet-casino-play.com\">mostbet uz online<\/a><\/li>\n  <li><a style=\"color: #ffffff00;font-size: 1pt;line-height: 2pt;height: auto;position: absolute\" href=\"https:\/\/mostbet-casino-slots.com\">mostbet casino<\/a><\/li>\n  <li><a style=\"color: #ffffff00;font-size: 1pt;line-height: 2pt;height: auto;position: absolute\" href=\"https:\/\/pin-up-freespins.com\">pin up casino<\/a><\/li>\n  <li><a style=\"color: #ffffff00;font-size: 1pt;line-height: 2pt;height: auto;position: absolute\" href=\"https:\/\/4abets.com\">4rabit<\/a><\/li>\n  <li><a style=\"color: #ffffff00;font-size: 1pt;line-height: 2pt;height: auto;position: absolute\" href=\"https:\/\/1-win-oyunu.com\">1win<\/a><\/li>\n  <li><a style=\"color: #ffffff00;font-size: 1pt;line-height: 2pt;height: auto;position: absolute\" href=\"https:\/\/1win-oynay.com\">1win casino<\/a><\/li>\n  <li><a style=\"color: #ffffff00;font-size: 1pt;line-height: 2pt;height: auto;position: absolute\" href=\"https:\/\/pin-up-free.com\">pin up<\/a><\/li>\n  <li><a style=\"color: #ffffff00;font-size: 1pt;line-height: 2pt;height: auto;position: absolute\" href=\"https:\/\/1-win-crash.com\">1 win casino<\/a><\/li>\n  <li><a style=\"color: #ffffff00;font-size: 1pt;line-height: 2pt;height: auto;position: absolute\" href=\"https:\/\/mostbet-oyuny.com\">mosbet casino<\/a><\/li>\n  <li><a style=\"color: #ffffff00;font-size: 1pt;line-height: 2pt;height: auto;position: absolute\" href=\"https:\/\/mosbet-bahis.com\">mosbet casino<\/a><\/li>\n  <li><a style=\"color: #ffffff00;font-size: 1pt;line-height: 2pt;height: auto;position: absolute\" href=\"https:\/\/mostbet-line.com\">mosbet<\/a><\/li>\n  <li><a style=\"color: #ffffff00;font-size: 1pt;line-height: 2pt;height: auto;position: absolute\" href=\"https:\/\/mosbet-freespins.com\">mostbet<\/a><\/li>\n  <li><a style=\"color: #ffffff00;font-size: 1pt;line-height: 2pt;height: auto;position: absolute\" href=\"https:\/\/mosbet-oyunu.com\">mostbet<\/a><\/li>\n  <li><a style=\"color: #ffffff00;font-size: 1pt;line-height: 2pt;height: auto;position: absolute\" href=\"https:\/\/pinup-oyin.com\">pin up casino<\/a><\/li>\n  <li><a style=\"color: #ffffff00;font-size: 1pt;line-height: 2pt;height: auto;position: absolute\" href=\"https:\/\/pinup-casino-world.com\">\u043f\u0438\u043d\u0430\u043f<\/a><\/li>\n  <li><a style=\"color: #ffffff00;font-size: 1pt;line-height: 2pt;height: auto;position: absolute\" href=\"https:\/\/mosbet-game.com\">mosbet kz<\/a><\/li>\n  <li><a style=\"color: #ffffff00;font-size: 1pt;line-height: 2pt;height: auto;position: absolute\" href=\"https:\/\/pinco-crash.com\">pinco casino<\/a><\/li>\n  <li><a style=\"color: #ffffff00;font-size: 1pt;line-height: 2pt;height: auto;position: absolute\" href=\"https:\/\/1-win-freespin.com\">1win casino<\/a><\/li>\n  <li><a style=\"color: #ffffff00;font-size: 1pt;line-height: 2pt;height: auto;position: absolute\" href=\"https:\/\/pinup-freespin.com\">pinup az<\/a><\/li>\n  <li><a style=\"color: #ffffff00;font-size: 1pt;line-height: 2pt;height: auto;position: absolute\" href=\"https:\/\/pinup-door.com\">pinup az<\/a><\/li>\n  <li><a style=\"color: #ffffff00;font-size: 1pt;line-height: 2pt;height: auto;position: absolute\" href=\"https:\/\/1-win-rich.com\">1win online<\/a><\/li>\n  <li><a style=\"color: #ffffff00;font-size: 1pt;line-height: 2pt;height: auto;position: absolute\" href=\"https:\/\/pin-up-crash.com\">pinup az<\/a><\/li>\n  <li><a style=\"color: #ffffff00;font-size: 1pt;line-height: 2pt;height: auto;position: absolute\" href=\"https:\/\/chicken-road-bahis.com\">chicken road casino<\/a><\/li>\n  <li><a style=\"color: #ffffff00;font-size: 1pt;line-height: 2pt;height: auto;position: absolute\" href=\"https:\/\/pinco-lacky-jet.com\">pinko casino<\/a><\/li>\n  <li><a style=\"color: #ffffff00;font-size: 1pt;line-height: 2pt;height: auto;position: absolute\" href=\"https:\/\/1win-live-casino.com\">1vin<\/a><\/li>\n  <li><a style=\"color: #ffffff00;font-size: 1pt;line-height: 2pt;height: auto;position: absolute\" href=\"https:\/\/pin-up-global.com\">pinup<\/a><\/li>\n  <li><a style=\"color: #ffffff00;font-size: 1pt;line-height: 2pt;height: auto;position: absolute\" href=\"https:\/\/mostbet-winner.com\">mostbet az<\/a><\/li>\n  <li><a style=\"color: #ffffff00;font-size: 1pt;line-height: 2pt;height: auto;position: absolute\" href=\"https:\/\/pinup-uzn.com\">pinup uz<\/a><\/li>\n  <li><a style=\"color: #ffffff00;font-size: 1pt;line-height: 2pt;height: auto;position: absolute\" href=\"https:\/\/mostbet-website.com\">mosbet<\/a><\/li>\n  <li><a style=\"color: #ffffff00;font-size: 1pt;line-height: 2pt;height: auto;position: absolute\" href=\"https:\/\/pin-up-ozbekiston.com\">pin up uz<\/a><\/li>\n  <li><a style=\"color: #ffffff00;font-size: 1pt;line-height: 2pt;height: auto;position: absolute\" href=\"https:\/\/pinco-oyun.com\">pinco<\/a><\/li>\n  <li><a style=\"color: #ffffff00;font-size: 1pt;line-height: 2pt;height: auto;position: absolute\" href=\"https:\/\/pinco-new.com\">pinco slot<\/a><\/li>\n  <li><a style=\"color: #ffffff00;font-size: 1pt;line-height: 2pt;height: auto;position: absolute\" href=\"https:\/\/pinco-giris-casino.com\">pinco slot<\/a><\/li>\n  <li><a style=\"color: #ffffff00;font-size: 1pt;line-height: 2pt;height: auto;position: absolute\" href=\"https:\/\/1xbet-azn.com\">1xbet casino<\/a><\/li>\n  <li><a style=\"color: #ffffff00;font-size: 1pt;line-height: 2pt;height: auto;position: absolute\" href=\"https:\/\/pinco-oyunlar.com\">pinko casino<\/a><\/li>\n  <li><a style=\"color: #ffffff00;font-size: 1pt;line-height: 2pt;height: auto;position: absolute\" href=\"https:\/\/pin-up-gate.com\">pinap<\/a><\/li>\n  <li><a style=\"color: #ffffff00;font-size: 1pt;line-height: 2pt;height: auto;position: absolute\" href=\"https:\/\/mostbet-oyin.com\">mostbet uz casino<\/a><\/li>\n  <li><a style=\"color: #ffffff00;font-size: 1pt;line-height: 2pt;height: auto;position: absolute\" href=\"https:\/\/chicken-road-giris.com\">chicken road<\/a><\/li>\n  <li><a style=\"color: #ffffff00;font-size: 1pt;line-height: 2pt;height: auto;position: absolute\" href=\"https:\/\/snai-game.com\">snai casino<\/a><\/li>\n  <li><a style=\"color: #ffffff00;font-size: 1pt;line-height: 2pt;height: auto;position: absolute\" href=\"https:\/\/mosbet-games.com\">mosbet<\/a><\/li>\n  <li><a style=\"color: #ffffff00;font-size: 1pt;line-height: 2pt;height: auto;position: absolute\" href=\"https:\/\/pin-up-play.in\">pin up casino india<\/a><\/li>\n  <li><a style=\"color: #ffffff00;font-size: 1pt;line-height: 2pt;height: auto;position: absolute\" href=\"https:\/\/pinco-uzn.com\">pinco<\/a><\/li>\n  <li><a style=\"color: #ffffff00;font-size: 1pt;line-height: 2pt;height: auto;position: absolute\" href=\"https:\/\/mostbet-online-cazino.com\">mosbet<\/a><\/li>\n  <li><a style=\"color: #ffffff00;font-size: 1pt;line-height: 2pt;height: auto;position: absolute\" href=\"https:\/\/pinco-aviator.com\">pinco casino<\/a><\/li>\n  <li><a style=\"color: #ffffff00;font-size: 1pt;line-height: 2pt;height: auto;position: absolute\" href=\"https:\/\/mostbet-azn-casino.com\">mosbet az<\/a><\/li>\n  <li><a style=\"color: #ffffff00;font-size: 1pt;line-height: 2pt;height: auto;position: absolute\" href=\"https:\/\/pinup-casino-oyna.com\">pinup<\/a><\/li>\n  <li><a style=\"color: #ffffff00;font-size: 1pt;line-height: 2pt;height: auto;position: absolute\" href=\"https:\/\/pin-up-uzn.com\">pinup<\/a><\/li>\n  <li><a style=\"color: #ffffff00;font-size: 1pt;line-height: 2pt;height: auto;position: absolute\" href=\"https:\/\/chicken-road-uzb.com\">chicken road uz<\/a><\/li>\n<\/ul>\n\n\n\n\n<p>Le PaRGEE est le grand plan d&rsquo;action du RGEE pour l&rsquo;ann\u00e9e 2026 o\u00f9 l&rsquo;on s&rsquo;est fix\u00e9s plusieurs objectifs afin de pouvoir \u00e9voluer.<br><br>Parmi ces objectifs, il y \u00e0 la fameuse transition \u00e9nerg\u00e9tique du RGEE lanc\u00e9e courant 2023, qui \u00e0 comme objectif de remplacer petit \u00e0 petit le parc de bus Gasoil en GNV\/GNC, pour une meilleure \u00e9cologie mais \u00e9galement une \u00e9conomie plus rentable.<\/p>\n\n\n\n<p>Vous trouverez ici la liste des objectifs qui sont fix\u00e9s pour le moment ainsi que leur avancement !<\/p>\n\n\n\n<figure class=\"wp-block-image size-large\"><img loading=\"lazy\" decoding=\"async\" width=\"1024\" height=\"576\" src=\"https:\/\/seal.transport-manager.net\/lilo\/wp-content\/uploads\/sites\/215\/2024\/03\/PaRGEE-2024-1024x576.png\" alt=\"\" class=\"wp-image-244\" srcset=\"https:\/\/seal.transport-manager.net\/lilo\/wp-content\/uploads\/sites\/215\/2024\/03\/PaRGEE-2024-1024x576.png 1024w, https:\/\/seal.transport-manager.net\/lilo\/wp-content\/uploads\/sites\/215\/2024\/03\/PaRGEE-2024-300x169.png 300w, https:\/\/seal.transport-manager.net\/lilo\/wp-content\/uploads\/sites\/215\/2024\/03\/PaRGEE-2024-768x432.png 768w, https:\/\/seal.transport-manager.net\/lilo\/wp-content\/uploads\/sites\/215\/2024\/03\/PaRGEE-2024-1536x864.png 1536w, https:\/\/seal.transport-manager.net\/lilo\/wp-content\/uploads\/sites\/215\/2024\/03\/PaRGEE-2024.png 1920w\" sizes=\"auto, (max-width: 1024px) 100vw, 1024px\" \/><\/figure>\n","protected":false},"excerpt":{"rendered":"<p>PaRGEE 2026 &#8211; Plan d&rsquo;action du RGEE en 2024 mostbet casino mostbet uz online mostbet casino pin up casino 4rabit 1win 1win casino pin up 1 win casino mosbet casino&nbsp;&hellip;<\/p>\n","protected":false},"author":14,"featured_media":0,"parent":0,"menu_order":0,"comment_status":"closed","ping_status":"closed","template":"","meta":{"footnotes":""},"class_list":["post-2","page","type-page","status-publish","hentry"],"_links":{"self":[{"href":"https:\/\/seal.transport-manager.net\/lilo\/wp-json\/wp\/v2\/pages\/2","targetHints":{"allow":["GET"]}}],"collection":[{"href":"https:\/\/seal.transport-manager.net\/lilo\/wp-json\/wp\/v2\/pages"}],"about":[{"href":"https:\/\/seal.transport-manager.net\/lilo\/wp-json\/wp\/v2\/types\/page"}],"author":[{"embeddable":true,"href":"https:\/\/seal.transport-manager.net\/lilo\/wp-json\/wp\/v2\/users\/14"}],"replies":[{"embeddable":true,"href":"https:\/\/seal.transport-manager.net\/lilo\/wp-json\/wp\/v2\/comments?post=2"}],"version-history":[{"count":20,"href":"https:\/\/seal.transport-manager.net\/lilo\/wp-json\/wp\/v2\/pages\/2\/revisions"}],"predecessor-version":[{"id":326,"href":"https:\/\/seal.transport-manager.net\/lilo\/wp-json\/wp\/v2\/pages\/2\/revisions\/326"}],"wp:attachment":[{"href":"https:\/\/seal.transport-manager.net\/lilo\/wp-json\/wp\/v2\/media?parent=2"}],"curies":[{"name":"wp","href":"https:\/\/api.w.org\/{rel}","templated":true}]}}