{"id":509,"date":"2023-09-14T15:38:19","date_gmt":"2023-09-14T13:38:19","guid":{"rendered":"https:\/\/seal.transport-manager.net\/liongil1\/?page_id=509"},"modified":"2024-07-25T13:35:47","modified_gmt":"2024-07-25T11:35:47","slug":"accueil","status":"publish","type":"page","link":"https:\/\/seal.transport-manager.net\/liongil1\/","title":{"rendered":"Accueil"},"content":{"rendered":"\n<h2 class=\"wp-block-heading\">Bienvenue chez SvenskaRutter<\/h2>\n\n\n<div class=\"is-default-size aligncenter wp-block-site-logo\"><a href=\"https:\/\/seal.transport-manager.net\/liongil1\/\" class=\"custom-logo-link\" rel=\"home\"><img loading=\"lazy\" decoding=\"async\" width=\"500\" height=\"500\" src=\"https:\/\/seal.transport-manager.net\/liongil1\/wp-content\/uploads\/sites\/121\/2023\/09\/logoSansFond.png\" class=\"custom-logo\" alt=\"SvenskaRutter\" srcset=\"https:\/\/seal.transport-manager.net\/liongil1\/wp-content\/uploads\/sites\/121\/2023\/09\/logoSansFond.png 500w, https:\/\/seal.transport-manager.net\/liongil1\/wp-content\/uploads\/sites\/121\/2023\/09\/logoSansFond-300x300.png 300w, https:\/\/seal.transport-manager.net\/liongil1\/wp-content\/uploads\/sites\/121\/2023\/09\/logoSansFond-150x150.png 150w\" sizes=\"auto, (max-width: 500px) 100vw, 500px\" \/><\/a><\/div>\n\n\n<p class=\"has-text-align-left\">Votre voyage \u00e0 travers la beaut\u00e9 majestueuse de la Su\u00e8de commence ici. Chez SvenskaRutter, nous nous engageons \u00e0 fournir des services de transport de la plus haute qualit\u00e9, en combinant confort, s\u00e9curit\u00e9 et ponctualit\u00e9.<\/p>\n\n\n\n<div class=\"wp-block-buttons is-content-justification-center is-nowrap is-layout-flex wp-container-core-buttons-is-layout-12a27398 wp-block-buttons-is-layout-flex\">\n<div class=\"wp-block-button has-custom-width wp-block-button__width-75\"><a class=\"wp-block-button__link has-text-align-center wp-element-button\">Voir nos horaires<\/a><\/div>\n<\/div>\n\n\n\n<hr class=\"wp-block-separator has-alpha-channel-opacity\" \/>\n\n\n\n<h2 class=\"wp-block-heading\">Qui sommes-nous?<\/h2>\n\n\n\n<p class=\"has-text-align-left\">Issue du c\u0153ur de la Su\u00e8de, SvenskaRutter transporte l&rsquo;excellence du design nordique \u00e0 travers chaque service de bus qu&rsquo;elle propose. En fusionnant le confort su\u00e9dois embl\u00e9matique avec la vitalit\u00e9 de la M\u00e9tropole de TM, nous nous engageons \u00e0 offrir une exp\u00e9rience de voyage in\u00e9gal\u00e9e.<\/p>\n\n\n\n<h2 class=\"wp-block-heading\">Pourquoi choisir SvenskaRutter ?<\/h2>\n\n\n\n<figure class=\"wp-block-table\"><table><tbody><tr><td class=\"has-text-align-center\" data-align=\"center\"><strong>Confort<\/strong><\/td><td class=\"has-text-align-center\" data-align=\"center\"><strong>Ponctualit\u00e9<\/strong><\/td><td class=\"has-text-align-center\" data-align=\"center\"><strong>Couverture \u00e9tendue<\/strong><\/td><\/tr><tr><td class=\"has-text-align-center\" data-align=\"center\">Des bus modernes \u00e9quip\u00e9s pour un voyage confortable.<\/td><td class=\"has-text-align-center\" data-align=\"center\">Nous valorisons votre temps. Nos bus sont toujours \u00e0 l&rsquo;heure.<\/td><td class=\"has-text-align-center\" data-align=\"center\">Desservant de nombreuses destinations pour vous amener l\u00e0 o\u00f9 vous le souhaitez.<\/td><\/tr><\/tbody><\/table><\/figure>\n\n\n\n<hr class=\"wp-block-separator has-alpha-channel-opacity\" \/>\n\n\n\n<blockquote class=\"wp-block-quote is-layout-flow wp-block-quote-is-layout-flow\">\n<p><em>\u00ab\u00a0J&rsquo;ai toujours \u00e9t\u00e9 impressionn\u00e9 par la qualit\u00e9 du service de SvenskaRutter. Les bus sont toujours \u00e0 l&rsquo;heure et le personnel est si amical !\u00a0\u00bb<\/em><\/p>\n<cite>Anna L.<\/cite><\/blockquote>\n\n\n\n<blockquote class=\"wp-block-quote is-layout-flow wp-block-quote-is-layout-flow\">\n<p><em>\u00ab\u00a0Voyager avec SvenskaRutter est un pur plaisir. Les vues, le confort&#8230; c&rsquo;est vraiment la meilleure fa\u00e7on de d\u00e9couvrir la Su\u00e8de.\u00a0\u00bb<\/em><\/p>\n<cite>Erik P.<\/cite><\/blockquote>\n","protected":false},"excerpt":{"rendered":"<p>Bienvenue chez SvenskaRutter Votre voyage \u00e0 travers la beaut\u00e9 majestueuse de la Su\u00e8de commence ici. Chez SvenskaRutter, nous nous engageons \u00e0 fournir des services de transport de la plus haute qualit\u00e9, en combinant confort, s\u00e9curit\u00e9 et ponctualit\u00e9. Qui sommes-nous? Issue du c\u0153ur de la Su\u00e8de, SvenskaRutter transporte l&rsquo;excellence du design [&hellip;]<\/p>\n","protected":false},"author":121,"featured_media":0,"parent":0,"menu_order":0,"comment_status":"closed","ping_status":"closed","template":"","meta":{"footnotes":""},"class_list":["post-509","page","type-page","status-publish","hentry"],"_links":{"self":[{"href":"https:\/\/seal.transport-manager.net\/liongil1\/wp-json\/wp\/v2\/pages\/509","targetHints":{"allow":["GET"]}}],"collection":[{"href":"https:\/\/seal.transport-manager.net\/liongil1\/wp-json\/wp\/v2\/pages"}],"about":[{"href":"https:\/\/seal.transport-manager.net\/liongil1\/wp-json\/wp\/v2\/types\/page"}],"author":[{"embeddable":true,"href":"https:\/\/seal.transport-manager.net\/liongil1\/wp-json\/wp\/v2\/users\/121"}],"replies":[{"embeddable":true,"href":"https:\/\/seal.transport-manager.net\/liongil1\/wp-json\/wp\/v2\/comments?post=509"}],"version-history":[{"count":9,"href":"https:\/\/seal.transport-manager.net\/liongil1\/wp-json\/wp\/v2\/pages\/509\/revisions"}],"predecessor-version":[{"id":563,"href":"https:\/\/seal.transport-manager.net\/liongil1\/wp-json\/wp\/v2\/pages\/509\/revisions\/563"}],"wp:attachment":[{"href":"https:\/\/seal.transport-manager.net\/liongil1\/wp-json\/wp\/v2\/media?parent=509"}],"curies":[{"name":"wp","href":"https:\/\/api.w.org\/{rel}","templated":true}]}}