{"id":524,"date":"2023-09-14T16:52:07","date_gmt":"2023-09-14T14:52:07","guid":{"rendered":"https:\/\/seal.transport-manager.net\/liongil1\/?page_id=524"},"modified":"2024-07-25T14:38:49","modified_gmt":"2024-07-25T12:38:49","slug":"nos-lignes","status":"publish","type":"page","link":"https:\/\/seal.transport-manager.net\/liongil1\/nos-lignes\/","title":{"rendered":"Nos lignes"},"content":{"rendered":"\n<style>\r\n\t.wpsm_tab_558 .wpsm_nav-tabs li a,\r\n\t.wpsm_tab_558 .wpsm_nav-tabs li a:hover,\r\n\t.wpsm_tab_558 .wpsm_nav-tabs li a:focus{\r\n\t\toutline: none;\r\n\t\ttext-decoration: none;\r\n\t}\r\n\t#wpsm_tab_container_558 a,\r\n\t#wpsm_tab_container_558 a:hover{\r\n\t\t-webkit-box-shadow:none;\r\n\t\tbox-shadow:none;\r\n\t}\r\n\t#wpsm_tab_container_558{\r\n\t\toverflow: hidden;\r\n\t\tdisplay: block;\r\n\t\twidth: 100%;\r\n\t\tborder: 0px solid #ddd;\r\n\t\tmargin-bottom: 30px;\r\n\t\tmargin-top:20px;\r\n\t}\r\n\t#wpsm_tab_container_558 ul{\r\n\t\tpadding:0;\r\n\t\tmargin:0;\r\n\t}\r\n\t.wpsm_tab_558 .wpsm_nav-tabs li{\r\n\t\tmargin-left:0;\r\n\t}\r\n\t.wpsm_tab_558 .wpsm_nav-tabs li a i{\r\n\t\theight:auto;\r\n\t}\r\n\t#wpsm_tab_container_558 .wpsm_nav li .wpsm_tabs_img_icon,\r\n\t#wpsm_tab_container_558 .wpsm_nav li .wpsm-icons{\r\n\t\tvertical-align:middle;\r\n\t}\r\n\t@media only screen and (max-width: 600px) {\r\n\t\t.wpsm_tab_558 .wpsm_nav-tabs li{\r\n\t\t\tfloat:none;\r\n\t\t}\r\n\t\t\r\n\t}\r\n\t\t#wpsm_tab_container_558 .wpsm_nav li .wpsm_tabs_img_icon{\r\n\t\tbox-shadow:none;\r\n\t\t-webkit-box-shadow:none;\r\n\t\t\t\t\twidth:20px;\r\n\t\t\theight:20px;\r\n\t\t\t}\r\n\t\r\n\t#wpsm_tab_container_558 .wpsm_tab_558 .wpsm_nav-tabs li a\r\n\t{\r\n\t\t\t\t\t\tbackground-image: url(https:\/\/seal.transport-manager.net\/liongil1\/wp-content\/plugins\/tabs-pro\/assets\/images\/style-noise.png) !important;\r\n\t\t\t\tbackground-position: 0 0 !important;\r\n\t\t\t\tbackground-repeat: repeat-x !important;\r\n\t\t\t\t}\r\n\t\r\n\t\t.wpsm_tab_558 .wpsm_nav-tabs li a i,\r\n\t.wpsm_tab_558 .wpsm_nav-tabs li a img\r\n\t{\t\r\n\t\t\t\r\n\t\t\tdisplay:inline;\r\n\t\t\tmargin:0 8px 0 0;\r\n\t\t\t\t}\r\n\t\/* Style de base pour les tabs *\/\r\n.tabs-pro-container {\r\n  display: flex;\r\n  flex-direction: column;\r\n  background-color: #f7f7f7;\r\n  border-radius: 8px;\r\n  box-shadow: 0 4px 8px rgba(0, 0, 0, 0.1);\r\n  overflow: hidden;\r\n}\r\n\r\n.tabs-pro-nav {\r\n  display: flex;\r\n  justify-content: space-around;\r\n  background-color: #2c3e50;\r\n  border-bottom: 2px solid #3498db;\r\n}\r\n\r\n.tabs-pro-nav a {\r\n  flex: 1;\r\n  text-align: center;\r\n  padding: 15px 20px;\r\n  text-decoration: none;\r\n  color: #ecf0f1;\r\n  font-weight: bold;\r\n  transition: background-color 0.3s ease, color 0.3s ease;\r\n}\r\n\r\n.tabs-pro-nav a:hover,\r\n.tabs-pro-nav a.active {\r\n  background-color: #3498db;\r\n  color: #ffffff;\r\n}\r\n\r\n\/* Style des contenus des tabs *\/\r\n.tabs-pro-content {\r\n  padding: 20px;\r\n  background-color: #ffffff;\r\n  border-radius: 0 0 8px 8px;\r\n  box-shadow: inset 0 4px 8px rgba(0, 0, 0, 0.05);\r\n  transition: opacity 0.3s ease;\r\n}\r\n\r\n.tabs-pro-content > * {\r\n  margin-bottom: 15px;\r\n}\r\n\r\n\/* Animation de fade-in pour le contenu des tabs *\/\r\n.tabs-pro-content {\r\n  opacity: 0;\r\n  animation: fadeIn 0.5s forwards;\r\n}\r\n\r\n@keyframes fadeIn {\r\n  to {\r\n    opacity: 1;\r\n  }\r\n}\r\n<\/style><style>\r\n\/*design 19*\/\r\n.wpsm_tab_558 .wpsm_nav-tabs{\r\n    border-bottom:0px;\r\n\tfloat: left;\r\n}\r\n.wpsm_tab_558 .wpsm_nav-tabs li{\r\n    border-right:1px solid #ddd;\r\n\tfloat: none !important;\r\n\tmargin-bottom:5px;\r\n\t\/*margin-right:23px;*\/\r\n}\r\n.wpsm_tab_558 .wpsm_nav-tabs li a:focus {\r\n\toutline: 0px;\r\n}\r\n.wpsm_tab_558 .wpsm_nav-tabs li a {\r\n    color: ;\r\n    background: ;\r\n    border-radius: 0;\r\n    font-size: 20px;\r\n    margin-right: -1px;\r\n    padding: 5.5px 20px;\r\n    border-top: 1px solid ;\r\n    border-bottom: 1px solid ;\r\n    border-left: 1px solid ;\r\n\tfont-weight:100;\r\n\tfont-family:Helvetica;\r\n\ttext-align:center;\r\n}\r\n.wpsm_tab_558 .wpsm_nav-tabs li a{\r\n    \/*border-radius: 5px 0 0 5px;*\/\r\n\tborder-top-left-radius:5px;\r\n\tborder-bottom-left-radius:5px;\r\n}\r\n\r\n.wpsm_tab_558 .wpsm_nav-tabs li a:hover{\r\n    background: !important;\r\n\tcolor: !important;\r\n}\r\n.wpsm_tab_558 .wpsm_nav-tabs li.active > a,\r\n.wpsm_tab_558 .wpsm_nav-tabs > li.active > a:focus,\r\n.wpsm_tab_558 .wpsm_nav-tabs > li.active > a:hover {\r\n    border: none;\r\n    color: !important;\r\n    background: !important;\r\n\tborder-left:1px solid ;\r\n    border-top:1px solid ;\r\n    border-bottom: 1px solid ;\r\n}\r\n\r\n.wpsm_tab_558 .wpsm_tab_content{\r\n    padding:12px;\r\n    color:;\r\n    margin-top:2%;\r\n    font-size: 13px;\r\n    border: 6px solid ;\r\n\tfont-family:Helvetica;\r\n\tbackground:;\r\n}\r\n.wpsm_tab_558 .wpsm_tab_content .tab-pane p{\r\n\tcolor:;\r\n    font-size: 13px;\r\n\tfont-family:Helvetica;\r\n\tbackground: ;\r\n    border:none;\r\n\tline-height:1.6;\r\n\tpadding:0;\r\n\ttext-align:left;\r\n}\r\n.wpsm_tab_558 .wpsm_nav-tabs li a i{\r\n\tcolor:;\r\n\tfont-size: 19px;\r\n}\r\n.wpsm_tab_558 .wpsm_nav-tabs li.active a i,\r\n.wpsm_tab_558 .wpsm_nav-tabs li a:hover i{\r\n\tcolor:  !important;\r\n}\r\n@media only screen and (max-width: 600px){\r\n    .wpsm_tab_558 .wpsm_nav-tabs li{\r\n        width:100% !important;\r\n        margin-left:0 !important;\r\n\t\tmargin:right:0 !important;\r\n    }\r\n\t.wpsm_tab_558 .wpsm_nav-tabs{\r\n\t\tfloat:none !important;\r\n\t}\r\n\t\r\n\t.wpsm_tab_558 .wpsm_nav-tabs li a,\r\n\t.wpsm_tab_558 .wpsm_nav-tabs li.active a,\r\n\t.wpsm_tab_558 .wpsm_nav-tabs li a:hover{\r\n\t\tborder-radius:0px ;\r\n\t}\r\n\t.wpsm_tab_558 .wpsm_nav-tabs li a:hover{\r\n\t\tborder-color:;\r\n\t}\r\n}\r\n<\/style><div id=\"wpsm_tab_container_558\">\r\n\t<div class=\"wpsm_tab_558\"  role=\"tabpanel\">\r\n\t\t\r\n\t\t<!-- wpshopmart tabs pro menu -->\r\n\t\t<ul class=\"wpsm_nav wpsm_nav-tabs\" role=\"tablist\" id=\"myTab_558\">\r\n\t\t\t                 \r\n\t\t\t\t<li role=\"presentation\" class=\"active\">\r\n\t\t\t\t\t<a href=\"#tabs_desc_558_1\" aria-controls=\"home\" role=\"tab\" data-toggle=\"tab\"  style=\"\">\r\n\t\t\t\t\t\tLigne 1\t\t\t\t\t<\/a>\r\n\t\t\t\t<\/li>\r\n\t\t\t\t\r\n\t\t\t\t                 \r\n\t\t\t\t<li role=\"presentation\" class=\"\">\r\n\t\t\t\t\t<a href=\"#tabs_desc_558_2\" aria-controls=\"home\" role=\"tab\" data-toggle=\"tab\"  style=\"\">\r\n\t\t\t\t\t\tLigne 2\t\t\t\t\t<\/a>\r\n\t\t\t\t<\/li>\r\n\t\t\t\t\r\n\t\t\t\t                 \r\n\t\t\t\t<li role=\"presentation\" class=\"\">\r\n\t\t\t\t\t<a href=\"#tabs_desc_558_3\" aria-controls=\"home\" role=\"tab\" data-toggle=\"tab\"  style=\"\">\r\n\t\t\t\t\t\tLigne 3\t\t\t\t\t<\/a>\r\n\t\t\t\t<\/li>\r\n\t\t\t\t\r\n\t\t\t\t                 \r\n\t\t\t\t<li role=\"presentation\" class=\"\">\r\n\t\t\t\t\t<a href=\"#tabs_desc_558_4\" aria-controls=\"home\" role=\"tab\" data-toggle=\"tab\"  style=\"\">\r\n\t\t\t\t\t\tLigne 4\t\t\t\t\t<\/a>\r\n\t\t\t\t<\/li>\r\n\t\t\t\t\r\n\t\t\t\t                 \r\n\t\t\t\t<li role=\"presentation\" class=\"\">\r\n\t\t\t\t\t<a href=\"#tabs_desc_558_5\" aria-controls=\"home\" role=\"tab\" data-toggle=\"tab\"  style=\"\">\r\n\t\t\t\t\t\tLigne 5\t\t\t\t\t<\/a>\r\n\t\t\t\t<\/li>\r\n\t\t\t\t\r\n\t\t\t\t                 \r\n\t\t\t\t<li role=\"presentation\" class=\"\">\r\n\t\t\t\t\t<a href=\"#tabs_desc_558_6\" aria-controls=\"home\" role=\"tab\" data-toggle=\"tab\"  style=\"\">\r\n\t\t\t\t\t\tLigne 6\t\t\t\t\t<\/a>\r\n\t\t\t\t<\/li>\r\n\t\t\t\t\r\n\t\t\t\t                 \r\n\t\t\t\t<li role=\"presentation\" class=\"\">\r\n\t\t\t\t\t<a href=\"#tabs_desc_558_7\" aria-controls=\"home\" role=\"tab\" data-toggle=\"tab\"  style=\"\">\r\n\t\t\t\t\t\tLigne 7\t\t\t\t\t<\/a>\r\n\t\t\t\t<\/li>\r\n\t\t\t\t\r\n\t\t\t\t  \r\n\t\t<\/ul>\r\n\t\t\r\n\t\t<!-- wpshopmart tabs pro Menu Content -->\r\n\t\t<div class=\"wpsm_tab_content tabs\">\r\n\t\t\t \r\n\t\t\t\t<div role=\"tabpanel\" class=\"tab-pane animated fadeInRight in active \" id=\"tabs_desc_558_1\">\r\n\t\t\t\t\t<div class=\"flex flex-grow flex-col gap-3 max-w-full\">\r\n<div class=\"min-h-[20px] flex flex-col items-start gap-3 overflow-x-auto whitespace-pre-wrap break-words\">\r\n<div class=\"markdown prose w-full break-words dark:prose-invert light\">\r\n<p><img loading=\"lazy\" decoding=\"async\" src=\"https:\/\/transport-manager.net\/assets\/img\/lignes\/L1.png\" width=\"97\" height=\"97\" alt=\"Ligne 2\" class=\"aligncenter size-medium\" \/><\/p>\r\n<h2 style=\"font-size: 17px;\">Ligne 1 : Gare Centrale \u2194 Campus Alan Turing<\/h2>\r\n<p><span>Embarquez \u00e0 bord de la Ligne 1 pour un voyage de la Gare Centrale au Campus Alan Turing. Que vous soyez en train de r\u00e9soudre des bugs ou de r\u00eaver aux prochaines innovations technologiques, ce trajet est parfait pour stimuler votre cr\u00e9ativit\u00e9. Petit conseil : choisissez un si\u00e8ge pr\u00e8s de la fen\u00eatre pour des \u00e9clairs d'inspiration garanties !<\/span><\/p>\r\n<h2 style=\"font-size: 17px;\">Trajet de la ligne<\/h2>\r\n<p><img decoding=\"async\" src=\"https:\/\/transport-manager.net\/assets\/img\/lignes\/N2_L1_trans2.png\" alt=\"Ligne 1\" class=\"aligncenter\" \/><\/p>\r\n<\/div>\r\n<\/div>\r\n<\/div>\t\t\t\t<\/div>\r\n\t\t\t\t\r\n\t\t\t\t \r\n\t\t\t\t<div role=\"tabpanel\" class=\"tab-pane animated fadeInRight\" id=\"tabs_desc_558_2\">\r\n\t\t\t\t\t<div class=\"flex flex-grow flex-col gap-3 max-w-full\">\r\n<div class=\"min-h-[20px] flex flex-col items-start gap-3 overflow-x-auto whitespace-pre-wrap break-words\">\r\n<div class=\"markdown prose w-full break-words dark:prose-invert light\">\r\n<p><img loading=\"lazy\" decoding=\"async\" src=\"https:\/\/transport-manager.net\/assets\/img\/lignes\/L2.png\" width=\"97\" height=\"97\" alt=\"Ligne 2\" class=\"aligncenter size-medium\" \/><\/p>\r\n<h2 style=\"font-size: 17px;\">Ligne 2 : Gare Centrale \u2194 A\u00e9roport \u2708\ufe0f<\/h2>\r\n<p>La Ligne 2 vous offre un trajet sans turbulence ! D\u00e9part de la Gare Centrale, passage par le Coll\u00e8ge Victor Hugo pour une derni\u00e8re r\u00e9vision, un arr\u00eat au Centre Commercial Iris pour des achats de derni\u00e8re minute, et vous voil\u00e0 \u00e0 l'A\u00e9roport avant m\u00eame de pouvoir dire \"Bon voyage !\". Avec nos bus, chaque trajet est un plaisir.<\/p>\r\n<h2 style=\"font-size: 17px;\">Trajet de la ligne<\/h2>\r\n<p><img decoding=\"async\" src=\"https:\/\/transport-manager.net\/assets\/img\/lignes\/N2_L2_trans2.png\" alt=\"Ligne 2\" class=\"aligncenter\" \/><\/p>\r\n<\/div>\r\n<\/div>\r\n<\/div>\t\t\t\t<\/div>\r\n\t\t\t\t\r\n\t\t\t\t \r\n\t\t\t\t<div role=\"tabpanel\" class=\"tab-pane animated fadeInRight\" id=\"tabs_desc_558_3\">\r\n\t\t\t\t\t<div class=\"flex flex-grow flex-col gap-3 max-w-full\">\r\n<div class=\"min-h-[20px] flex flex-col items-start gap-3 overflow-x-auto whitespace-pre-wrap break-words\">\r\n<div class=\"markdown prose w-full break-words dark:prose-invert light\">\r\n<p><img loading=\"lazy\" decoding=\"async\" src=\"https:\/\/transport-manager.net\/assets\/img\/lignes\/L3.png\" width=\"97\" height=\"97\" alt=\"Ligne 2\" class=\"aligncenter size-medium\" \/><\/p>\r\n<h2 style=\"font-size: 17px;\">Ligne 3 : Gare Centrale \u2194 Campus Marthe Gauthier<\/h2>\r\n<p>Montez \u00e0 bord de la Ligne 3, une v\u00e9ritable capsule temporelle ! De la Gare Centrale au Lyc\u00e9e Caroline Herschel, en passant par le CHRU Marthe Gauthier, ce trajet vous emm\u00e8ne \u00e0 travers les bases de la connaissance jusqu'aux portes de la d\u00e9couverte et de l'innovation. C'est une le\u00e7on d'anatomie en mouvement, avec le confort en prime !<\/p>\r\n<h2 style=\"font-size: 17px;\">Trajet de la ligne<\/h2>\r\n<p><img decoding=\"async\" src=\"https:\/\/transport-manager.net\/assets\/img\/lignes\/N2_L3_trans2.png\" alt=\"Ligne 3\" class=\"aligncenter\" \/><\/p>\r\n<\/div>\r\n<\/div>\r\n<\/div>\t\t\t\t<\/div>\r\n\t\t\t\t\r\n\t\t\t\t \r\n\t\t\t\t<div role=\"tabpanel\" class=\"tab-pane animated fadeInRight\" id=\"tabs_desc_558_4\">\r\n\t\t\t\t\t<div class=\"flex flex-grow flex-col gap-3 max-w-full\">\r\n<div class=\"min-h-[20px] flex flex-col items-start gap-3 overflow-x-auto whitespace-pre-wrap break-words\">\r\n<div class=\"markdown prose w-full break-words dark:prose-invert light\">\r\n<p><img loading=\"lazy\" decoding=\"async\" src=\"https:\/\/transport-manager.net\/assets\/img\/lignes\/L4.png\" width=\"97\" height=\"97\" alt=\"Ligne 2\" class=\"aligncenter size-medium\" \/><\/p>\r\n<h2 style=\"font-size: 17px;\">Ligne 4 : Gare Centrale \u2194 Gare de l'Est<\/h2>\r\n<div class=\"line-description\">La Ligne 4 vous transporte de la Gare Centrale \u00e0 la Gare de l'Est. Pr\u00e9parez-vous pour un voyage plein de rires, o\u00f9 le seul trafic que vous rencontrerez sera celui des histoires dr\u00f4les \u00e9chang\u00e9es entre passagers. Attention, nos chauffeurs sont connus pour leurs blagues hilarantes, alors accrochez-vous pour ne pas manquer votre arr\u00eat \u00e0 cause d'une crise de rire !<\/div>\r\n<h2 style=\"font-size: 17px;\">Trajet de la ligne<\/h2>\r\n<p><img decoding=\"async\" src=\"https:\/\/transport-manager.net\/assets\/img\/lignes\/N2_L4_trans2.png\" alt=\"Ligne 4\" class=\"aligncenter\" \/><\/p>\r\n<\/div>\r\n<\/div>\r\n<\/div>\t\t\t\t<\/div>\r\n\t\t\t\t\r\n\t\t\t\t \r\n\t\t\t\t<div role=\"tabpanel\" class=\"tab-pane animated fadeInRight\" id=\"tabs_desc_558_5\">\r\n\t\t\t\t\t<div class=\"flex flex-grow flex-col gap-3 max-w-full\">\r\n<div class=\"min-h-[20px] flex flex-col items-start gap-3 overflow-x-auto whitespace-pre-wrap break-words\">\r\n<div class=\"markdown prose w-full break-words dark:prose-invert light\">\r\n<p><img loading=\"lazy\" decoding=\"async\" src=\"https:\/\/transport-manager.net\/assets\/img\/lignes\/L5.png\" width=\"97\" height=\"97\" alt=\"Ligne 2\" class=\"aligncenter size-medium\" \/><\/p>\r\n<h2 style=\"font-size: 17px;\">Ligne 5 : Mus\u00e9e d'Art Moderne \u2194 P\u00f4le Luca Pacioli<\/h2>\r\n<div class=\"line-description\">La future Ligne 5 vous emm\u00e8nera du Mus\u00e9e d'Art Moderne au P\u00f4le Luca Pacioli, d\u00e9partement de droit et comptabilit\u00e9. En route, passez par Science Po, la Gare de l'Ouest (correspondance avec la Ligne 7) et l'H\u00f4tel de police (correspondance avec la Ligne 2). Pr\u00e9parez-vous \u00e0 un voyage inspirant et \u00e9ducatif !<\/div>\r\n<h2 style=\"font-size: 17px;\">Trajet de la ligne<\/h2>\r\n<p><img decoding=\"async\" src=\"https:\/\/transport-manager.net\/assets\/img\/lignes\/N2_L5_trans2.png\" alt=\"Ligne 5\" class=\"aligncenter\" \/><\/p>\r\n<\/div>\r\n<\/div>\r\n<\/div>\t\t\t\t<\/div>\r\n\t\t\t\t\r\n\t\t\t\t \r\n\t\t\t\t<div role=\"tabpanel\" class=\"tab-pane animated fadeInRight\" id=\"tabs_desc_558_6\">\r\n\t\t\t\t\t<div class=\"flex flex-grow flex-col gap-3 max-w-full\">\r\n<div class=\"min-h-[20px] flex flex-col items-start gap-3 overflow-x-auto whitespace-pre-wrap break-words\">\r\n<div class=\"markdown prose w-full break-words dark:prose-invert light\">\r\n<p><img loading=\"lazy\" decoding=\"async\" src=\"https:\/\/transport-manager.net\/assets\/img\/lignes\/L6.png\" width=\"97\" height=\"97\" alt=\"Ligne 2\" class=\"aligncenter size-medium\" \/><\/p>\r\n<h2 style=\"font-size: 17px;\">Ligne 6 : Grand Palais \u2194 Campus Maryse Esterle<\/h2>\r\n<div class=\"line-description\">D\u00e9couvrez la Ligne 6, de Grand Palais au Campus Maryse Esterle, d\u00e9partement des Sciences Humaines et Sociales. Faites une halte au Centre Commercial Tulipe pour une correspondance avec la Ligne 4, puis au Centre Commercial Lilas pour un peu de shopping. Un trajet riche en d\u00e9couvertes culturelles et intellectuelles !<\/div>\r\n<h2 style=\"font-size: 17px;\">Trajet de la ligne<\/h2>\r\n<p><img decoding=\"async\" src=\"https:\/\/transport-manager.net\/assets\/img\/lignes\/N2_L6_trans2.png\" alt=\"Ligne 6\" class=\"aligncenter\" \/><\/p>\r\n<\/div>\r\n<\/div>\r\n<\/div>\t\t\t\t<\/div>\r\n\t\t\t\t\r\n\t\t\t\t \r\n\t\t\t\t<div role=\"tabpanel\" class=\"tab-pane animated fadeInRight\" id=\"tabs_desc_558_7\">\r\n\t\t\t\t\t<div class=\"flex flex-grow flex-col gap-3 max-w-full\">\r\n<div class=\"min-h-[20px] flex flex-col items-start gap-3 overflow-x-auto whitespace-pre-wrap break-words\">\r\n<div class=\"markdown prose w-full break-words dark:prose-invert light\">\r\n<p><img loading=\"lazy\" decoding=\"async\" src=\"https:\/\/transport-manager.net\/assets\/img\/lignes\/L7.png\" width=\"97\" height=\"97\" alt=\"Ligne 2\" class=\"aligncenter size-medium\" \/><\/p>\r\n<h2 style=\"font-size: 17px;\">Ligne 7 : Port Fluvial \u2194 Grand Palais<\/h2>\r\n<div class=\"line-description\">La Ligne 7, qui ouvrira en janvier 2025, vous transportera du Port Fluvial au Grand Palais (correspondance avec la Ligne 6). Traversez le Coll\u00e8ge Rosa Luxemburg, la Gare de l'Ouest (correspondance avec la Ligne 5), la Pr\u00e9fecture, le Coll\u00e8ge Rosa Parks et l'H\u00f4tel de ville (correspondance avec la Ligne 1). Un trajet id\u00e9al pour d\u00e9couvrir les merveilles de la ville tout en se d\u00e9pla\u00e7ant en toute s\u00e9r\u00e9nit\u00e9.<\/div>\r\n<h2 style=\"font-size: 17px;\">Trajet de la ligne<\/h2>\r\n<p><img decoding=\"async\" src=\"https:\/\/transport-manager.net\/assets\/img\/lignes\/N2_L7_trans2.png\" alt=\"Ligne 7\" class=\"aligncenter\" \/><\/p>\r\n<\/div>\r\n<\/div>\r\n<\/div>\t\t\t\t<\/div>\r\n\t\t\t\t\r\n\t\t\t\t  \r\n\t\t<\/div>\r\n\t\t\r\n\t<\/div> \r\n<\/div>\r\n\r\n\r\n<script>\r\n\tjQuery(document).ready(function(){\r\n\t\tvar li_height=jQuery('.wpsm_tab_558 .wpsm_nav-tabs li').height();\r\n\t\tli_height=li_height\/2;\r\n\t\tli_margin=li_height-1;\r\n\t\tli_border=li_height-2;\r\n\t\tli_height=li_height+\"px\";\r\n\t\tli_border=li_border+\"px\";\r\n\t\t\/\/alert(li_border);\r\n\t\tvar my_style='.wpsm_tab_558 .wpsm_nav-tabs li.active a:after,'+\r\n\t\t\t\t\t '.wpsm_tab_558 .wpsm_nav-tabs li a:after{'+\r\n\t\t\t\t\t\t\t'content:\"\";'+\r\n\t\t\t\t\t\t\t'border-left: '+li_height+ ' solid ;'+\r\n\t\t\t\t\t\t\t'border-top: '+li_height+ ' solid transparent;'+\r\n\t\t\t\t\t\t\t'border-bottom: '+li_height+ ' solid transparent;'+\r\n\t\t\t\t\t\t\t'position: absolute;'+\r\n\t\t\t\t\t\t\t'top: 0;'+\r\n\t\t\t\t\t\t\t'bottom:0;'+\r\n\t\t\t\t\t\t\t'right: -'+li_margin+ 'px !important;'+\r\n\t\t\t\t\t\t\t'z-index:1;'+\r\n\t\t\t\t\t  '}'+\r\n\t\t\t\t\t  \r\n\t\t\t\t\t  '.wpsm_tab_558 .wpsm_nav-tabs li a:after{'+\r\n\t\t\t\t\t\t\t'border-left: '+li_height+ ' solid ;'+\r\n\t\t\t\t\t  '}'+\r\n\t\t\t\t\t  \r\n\t\t\t\t\t  '.wpsm_tab_558 .wpsm_nav-tabs li a:before{'+\r\n\t\t\t\t\t\t\t'border-bottom: '+li_border+ ' solid rgba(0, 0, 0, 0);'+\r\n\t\t\t\t\t\t\t'border-left: '+li_border+ ' solid ;'+\r\n\t\t\t\t\t\t\t'border-top: '+li_border+ ' solid rgba(0, 0, 0, 0);'+\r\n\t\t\t\t\t\t\t'content: \"\";'+\r\n\t\t\t\t\t\t\t'position: absolute;'+\r\n\t\t\t\t\t\t\t'right: -'+(li_margin-2)+ 'px !important;'+\r\n\t\t\t\t\t\t\t'top: 1px;'+\r\n\t\t\t\t\t\t\t'bottom:1px;'+\r\n\t\t\t\t\t\t\t'z-index: 2;'+\r\n\t\t\t\t\t\t'}'+\r\n\t\t\t\t\t\t\r\n\t\t\t\t\t\t'.wpsm_tab_558 .wpsm_nav-tabs li.active a:before{'+\r\n\t\t\t\t\t\t\t'border-left: '+li_border+ ' solid  !important;'+\r\n\t\t\t\t\t\t'}'+\r\n\t\t\t\t\t\t\r\n\t\t\t\t\t\t'.wpsm_tab_558 .wpsm_nav-tabs li a:hover:before{'+\r\n\t\t\t\t\t\t\t'border-left: '+li_border+ ' solid  !important;'+\r\n\t\t\t\t\t\t'}'+\r\n\t\t\t\t\t\t\r\n\t\t\t\t\t\t'.wpsm_tab_558 .wpsm_nav-tabs li{'+\r\n\t\t\t\t\t\t\t'margin-right:'+li_height+ ' !important;'+\r\n\t\t\t\t\t\t'}';\r\n\t\t\r\n\t\tjQuery('head').append('<style>'+my_style+'<\/style>');\r\n\t\t\t\/\/alert(jQuery('head').text());  \r\n\t});\r\n<\/script>\n\n\n\n<p class=\"has-text-align-center\">Cette liste peut encore s&rsquo;allonger avec le temps.<br>Nous avons \u00e9galement des lignes \u00ab\u00a0S\u00a0\u00bb <em>(Sp\u00e9ciale)<\/em> qui peuvent arriver lors d&rsquo;\u00e9v\u00e9nements en ville.<\/p>\n\n\n\n<hr class=\"wp-block-separator has-alpha-channel-opacity\" \/>\n\n\n\n<h2 class=\"wp-block-heading\">Plan de notre r\u00e9seau<\/h2>\n\n\n\n<figure class=\"wp-block-image size-large\"><img decoding=\"async\" src=\"https:\/\/transport-manager.net\/assets\/img\/lignes\/Plan_N2.png\" alt=\"\" \/><\/figure>\n\n\n\n<hr class=\"wp-block-separator has-alpha-channel-opacity\" \/>\n","protected":false},"excerpt":{"rendered":"<p>Cette liste peut encore s&rsquo;allonger avec le temps.Nous avons \u00e9galement des lignes \u00ab\u00a0S\u00a0\u00bb (Sp\u00e9ciale) qui peuvent arriver lors d&rsquo;\u00e9v\u00e9nements en ville. Plan de notre r\u00e9seau<\/p>\n","protected":false},"author":121,"featured_media":0,"parent":0,"menu_order":0,"comment_status":"closed","ping_status":"closed","template":"page-templates\/template-fullwidth.php","meta":{"footnotes":""},"class_list":["post-524","page","type-page","status-publish","hentry"],"_links":{"self":[{"href":"https:\/\/seal.transport-manager.net\/liongil1\/wp-json\/wp\/v2\/pages\/524","targetHints":{"allow":["GET"]}}],"collection":[{"href":"https:\/\/seal.transport-manager.net\/liongil1\/wp-json\/wp\/v2\/pages"}],"about":[{"href":"https:\/\/seal.transport-manager.net\/liongil1\/wp-json\/wp\/v2\/types\/page"}],"author":[{"embeddable":true,"href":"https:\/\/seal.transport-manager.net\/liongil1\/wp-json\/wp\/v2\/users\/121"}],"replies":[{"embeddable":true,"href":"https:\/\/seal.transport-manager.net\/liongil1\/wp-json\/wp\/v2\/comments?post=524"}],"version-history":[{"count":9,"href":"https:\/\/seal.transport-manager.net\/liongil1\/wp-json\/wp\/v2\/pages\/524\/revisions"}],"predecessor-version":[{"id":639,"href":"https:\/\/seal.transport-manager.net\/liongil1\/wp-json\/wp\/v2\/pages\/524\/revisions\/639"}],"wp:attachment":[{"href":"https:\/\/seal.transport-manager.net\/liongil1\/wp-json\/wp\/v2\/media?parent=524"}],"curies":[{"name":"wp","href":"https:\/\/api.w.org\/{rel}","templated":true}]}}