{"id":170,"date":"2021-11-15T18:52:45","date_gmt":"2021-11-15T17:52:45","guid":{"rendered":"https:\/\/seal.transport-manager.net\/lolo7793\/?page_id=170"},"modified":"2023-10-10T18:52:18","modified_gmt":"2023-10-10T16:52:18","slug":"nos-tickets","status":"publish","type":"page","link":"https:\/\/seal.transport-manager.net\/lolo7793\/nos-tickets\/","title":{"rendered":"nos tickets"},"content":{"rendered":"<div class=\"wp-block-image\">\n<figure class=\"aligncenter size-large is-resized\"><img loading=\"lazy\" decoding=\"async\" src=\"https:\/\/seal.transport-manager.net\/lolo7793\/wp-content\/uploads\/sites\/150\/2023\/10\/Group-57-7-1024x225.png\" alt=\"\" class=\"wp-image-937\" style=\"width:555px;height:122px\" width=\"555\" height=\"122\" srcset=\"https:\/\/seal.transport-manager.net\/lolo7793\/wp-content\/uploads\/sites\/150\/2023\/10\/Group-57-7-1024x225.png 1024w, https:\/\/seal.transport-manager.net\/lolo7793\/wp-content\/uploads\/sites\/150\/2023\/10\/Group-57-7-300x66.png 300w, https:\/\/seal.transport-manager.net\/lolo7793\/wp-content\/uploads\/sites\/150\/2023\/10\/Group-57-7-768x168.png 768w, https:\/\/seal.transport-manager.net\/lolo7793\/wp-content\/uploads\/sites\/150\/2023\/10\/Group-57-7-1536x337.png 1536w, https:\/\/seal.transport-manager.net\/lolo7793\/wp-content\/uploads\/sites\/150\/2023\/10\/Group-57-7-1232x270.png 1232w, https:\/\/seal.transport-manager.net\/lolo7793\/wp-content\/uploads\/sites\/150\/2023\/10\/Group-57-7-1920x421.png 1920w, https:\/\/seal.transport-manager.net\/lolo7793\/wp-content\/uploads\/sites\/150\/2023\/10\/Group-57-7.png 1993w\" sizes=\"auto, (max-width: 555px) 100vw, 555px\" \/><\/figure>\n<\/div>\n\n\n<p class=\"has-black-color has-text-color\" style=\"font-size:27px\">Nous sommes heureux de vous annoncer la toute nouvelle identit\u00e9 des nouveaux ticketLib. D\u00e9sormais, ils s&rsquo;appelleront les Transitix. Cette \u00e9volution marque un nouveau chapitre pour notre entreprise et nous sommes impatients de voir comment cela va nous aider \u00e0 continuer \u00e0 offrir un excellent service \u00e0 nos clients.<\/p>\n\n\n\n<p class=\"has-black-color has-text-color\" style=\"font-size:27px\">IDVIA <\/p>\n\n\n\n<div class=\"wp-block-columns is-layout-flex wp-container-core-columns-is-layout-9d6595d7 wp-block-columns-is-layout-flex\">\n<div class=\"wp-block-column is-layout-flow wp-block-column-is-layout-flow\"><div class=\"wp-block-image\">\n<figure class=\"aligncenter size-large is-resized\"><img loading=\"lazy\" decoding=\"async\" src=\"https:\/\/seal.transport-manager.net\/lolo7793\/wp-content\/uploads\/sites\/150\/2023\/10\/Group-65-1024x202.png\" alt=\"\" class=\"wp-image-959\" style=\"width:1060px;height:209px\" width=\"1060\" height=\"209\" srcset=\"https:\/\/seal.transport-manager.net\/lolo7793\/wp-content\/uploads\/sites\/150\/2023\/10\/Group-65-1024x202.png 1024w, https:\/\/seal.transport-manager.net\/lolo7793\/wp-content\/uploads\/sites\/150\/2023\/10\/Group-65-300x59.png 300w, https:\/\/seal.transport-manager.net\/lolo7793\/wp-content\/uploads\/sites\/150\/2023\/10\/Group-65-768x151.png 768w, https:\/\/seal.transport-manager.net\/lolo7793\/wp-content\/uploads\/sites\/150\/2023\/10\/Group-65-1536x303.png 1536w, https:\/\/seal.transport-manager.net\/lolo7793\/wp-content\/uploads\/sites\/150\/2023\/10\/Group-65-2048x404.png 2048w, https:\/\/seal.transport-manager.net\/lolo7793\/wp-content\/uploads\/sites\/150\/2023\/10\/Group-65-1232x243.png 1232w, https:\/\/seal.transport-manager.net\/lolo7793\/wp-content\/uploads\/sites\/150\/2023\/10\/Group-65-1920x378.png 1920w\" sizes=\"auto, (max-width: 1060px) 100vw, 1060px\" \/><\/figure>\n<\/div><\/div>\n<\/div>\n\n\n<div class=\"wp-block-image\">\n<figure class=\"aligncenter size-large is-resized\"><img loading=\"lazy\" decoding=\"async\" src=\"https:\/\/seal.transport-manager.net\/lolo7793\/wp-content\/uploads\/sites\/150\/2023\/10\/IT-1024x216.png\" alt=\"\" class=\"wp-image-864\" style=\"width:507px;height:107px\" width=\"507\" height=\"107\" srcset=\"https:\/\/seal.transport-manager.net\/lolo7793\/wp-content\/uploads\/sites\/150\/2023\/10\/IT-1024x216.png 1024w, https:\/\/seal.transport-manager.net\/lolo7793\/wp-content\/uploads\/sites\/150\/2023\/10\/IT-300x63.png 300w, https:\/\/seal.transport-manager.net\/lolo7793\/wp-content\/uploads\/sites\/150\/2023\/10\/IT-768x162.png 768w, https:\/\/seal.transport-manager.net\/lolo7793\/wp-content\/uploads\/sites\/150\/2023\/10\/IT-1536x323.png 1536w, https:\/\/seal.transport-manager.net\/lolo7793\/wp-content\/uploads\/sites\/150\/2023\/10\/IT-1232x259.png 1232w, https:\/\/seal.transport-manager.net\/lolo7793\/wp-content\/uploads\/sites\/150\/2023\/10\/IT.png 1795w\" sizes=\"auto, (max-width: 507px) 100vw, 507px\" \/><\/figure>\n<\/div>","protected":false},"excerpt":{"rendered":"<p>Nous sommes heureux de vous annoncer la toute nouvelle identit\u00e9 des nouveaux ticketLib. D\u00e9sormais, ils s&rsquo;appelleront les Transitix. Cette \u00e9volution marque un nouveau chapitre pour notre entreprise et nous sommes&nbsp;&hellip;<\/p>\n","protected":false},"author":149,"featured_media":0,"parent":0,"menu_order":0,"comment_status":"closed","ping_status":"closed","template":"","meta":{"footnotes":""},"class_list":["post-170","page","type-page","status-publish","hentry"],"_links":{"self":[{"href":"https:\/\/seal.transport-manager.net\/lolo7793\/wp-json\/wp\/v2\/pages\/170","targetHints":{"allow":["GET"]}}],"collection":[{"href":"https:\/\/seal.transport-manager.net\/lolo7793\/wp-json\/wp\/v2\/pages"}],"about":[{"href":"https:\/\/seal.transport-manager.net\/lolo7793\/wp-json\/wp\/v2\/types\/page"}],"author":[{"embeddable":true,"href":"https:\/\/seal.transport-manager.net\/lolo7793\/wp-json\/wp\/v2\/users\/149"}],"replies":[{"embeddable":true,"href":"https:\/\/seal.transport-manager.net\/lolo7793\/wp-json\/wp\/v2\/comments?post=170"}],"version-history":[{"count":30,"href":"https:\/\/seal.transport-manager.net\/lolo7793\/wp-json\/wp\/v2\/pages\/170\/revisions"}],"predecessor-version":[{"id":964,"href":"https:\/\/seal.transport-manager.net\/lolo7793\/wp-json\/wp\/v2\/pages\/170\/revisions\/964"}],"wp:attachment":[{"href":"https:\/\/seal.transport-manager.net\/lolo7793\/wp-json\/wp\/v2\/media?parent=170"}],"curies":[{"name":"wp","href":"https:\/\/api.w.org\/{rel}","templated":true}]}}