{"id":901,"date":"2023-10-09T12:07:21","date_gmt":"2023-10-09T10:07:21","guid":{"rendered":"https:\/\/seal.transport-manager.net\/lolo7793\/?page_id=901"},"modified":"2023-10-09T15:26:56","modified_gmt":"2023-10-09T13:26:56","slug":"nos-livrees","status":"publish","type":"page","link":"https:\/\/seal.transport-manager.net\/lolo7793\/nos-livrees\/","title":{"rendered":"Nos livr\u00e9es"},"content":{"rendered":"<div class=\"wp-block-image\">\n<figure class=\"aligncenter size-large is-resized\"><img loading=\"lazy\" decoding=\"async\" src=\"https:\/\/seal.transport-manager.net\/lolo7793\/wp-content\/uploads\/sites\/150\/2023\/10\/Group-57-2-1024x219.png\" alt=\"\" class=\"wp-image-907\" style=\"width:533px;height:114px\" width=\"533\" height=\"114\" srcset=\"https:\/\/seal.transport-manager.net\/lolo7793\/wp-content\/uploads\/sites\/150\/2023\/10\/Group-57-2-1024x219.png 1024w, https:\/\/seal.transport-manager.net\/lolo7793\/wp-content\/uploads\/sites\/150\/2023\/10\/Group-57-2-300x64.png 300w, https:\/\/seal.transport-manager.net\/lolo7793\/wp-content\/uploads\/sites\/150\/2023\/10\/Group-57-2-768x164.png 768w, https:\/\/seal.transport-manager.net\/lolo7793\/wp-content\/uploads\/sites\/150\/2023\/10\/Group-57-2-1536x329.png 1536w, https:\/\/seal.transport-manager.net\/lolo7793\/wp-content\/uploads\/sites\/150\/2023\/10\/Group-57-2-1232x264.png 1232w, https:\/\/seal.transport-manager.net\/lolo7793\/wp-content\/uploads\/sites\/150\/2023\/10\/Group-57-2-1920x411.png 1920w, https:\/\/seal.transport-manager.net\/lolo7793\/wp-content\/uploads\/sites\/150\/2023\/10\/Group-57-2.png 2043w\" sizes=\"auto, (max-width: 533px) 100vw, 533px\" \/><\/figure>\n<\/div>\n\n\n<div class=\"wp-block-group is-vertical is-layout-flex wp-container-core-group-is-layout-8cf370e7 wp-block-group-is-layout-flex\"><\/div>\n\n\n\n<figure class=\"wp-block-image size-large\"><img loading=\"lazy\" decoding=\"async\" width=\"1024\" height=\"305\" src=\"https:\/\/seal.transport-manager.net\/lolo7793\/wp-content\/uploads\/sites\/150\/2023\/10\/LIVR2E0-01.02-1024x305.png\" alt=\"\" class=\"wp-image-909\" srcset=\"https:\/\/seal.transport-manager.net\/lolo7793\/wp-content\/uploads\/sites\/150\/2023\/10\/LIVR2E0-01.02-1024x305.png 1024w, https:\/\/seal.transport-manager.net\/lolo7793\/wp-content\/uploads\/sites\/150\/2023\/10\/LIVR2E0-01.02-300x89.png 300w, https:\/\/seal.transport-manager.net\/lolo7793\/wp-content\/uploads\/sites\/150\/2023\/10\/LIVR2E0-01.02-768x229.png 768w, https:\/\/seal.transport-manager.net\/lolo7793\/wp-content\/uploads\/sites\/150\/2023\/10\/LIVR2E0-01.02-1232x367.png 1232w, https:\/\/seal.transport-manager.net\/lolo7793\/wp-content\/uploads\/sites\/150\/2023\/10\/LIVR2E0-01.02.png 1439w\" sizes=\"auto, (max-width: 1024px) 100vw, 1024px\" \/><\/figure>\n\n\n\n<p class=\"has-text-align-center has-black-color has-text-color has-medium-font-size\" style=\"text-transform:uppercase\"><strong>BUS Irisbus Citelis 12 livre\u00e9 parc ast\u00e9rix <\/strong><\/p>\n\n\n\n<figure class=\"wp-block-image size-large is-resized\"><img loading=\"lazy\" decoding=\"async\" src=\"https:\/\/seal.transport-manager.net\/lolo7793\/wp-content\/uploads\/sites\/150\/2023\/10\/iveco-18-1-1024x210.png\" alt=\"\" class=\"wp-image-910\" style=\"width:840px;height:172px\" width=\"840\" height=\"172\" srcset=\"https:\/\/seal.transport-manager.net\/lolo7793\/wp-content\/uploads\/sites\/150\/2023\/10\/iveco-18-1-1024x210.png 1024w, https:\/\/seal.transport-manager.net\/lolo7793\/wp-content\/uploads\/sites\/150\/2023\/10\/iveco-18-1-300x61.png 300w, https:\/\/seal.transport-manager.net\/lolo7793\/wp-content\/uploads\/sites\/150\/2023\/10\/iveco-18-1-768x157.png 768w, https:\/\/seal.transport-manager.net\/lolo7793\/wp-content\/uploads\/sites\/150\/2023\/10\/iveco-18-1-1232x252.png 1232w, https:\/\/seal.transport-manager.net\/lolo7793\/wp-content\/uploads\/sites\/150\/2023\/10\/iveco-18-1.png 1440w\" sizes=\"auto, (max-width: 840px) 100vw, 840px\" \/><\/figure>\n\n\n\n<p class=\"has-text-align-center has-black-color has-text-color has-medium-font-size\" style=\"text-transform:uppercase\"><strong>BUS iveco urbanway 18 <\/strong><\/p>\n\n\n\n<figure class=\"wp-block-image size-large\"><img loading=\"lazy\" decoding=\"async\" width=\"1024\" height=\"305\" src=\"https:\/\/seal.transport-manager.net\/lolo7793\/wp-content\/uploads\/sites\/150\/2023\/10\/LIVR2E0-2-1024x305.png\" alt=\"\" class=\"wp-image-911\" srcset=\"https:\/\/seal.transport-manager.net\/lolo7793\/wp-content\/uploads\/sites\/150\/2023\/10\/LIVR2E0-2-1024x305.png 1024w, https:\/\/seal.transport-manager.net\/lolo7793\/wp-content\/uploads\/sites\/150\/2023\/10\/LIVR2E0-2-300x89.png 300w, https:\/\/seal.transport-manager.net\/lolo7793\/wp-content\/uploads\/sites\/150\/2023\/10\/LIVR2E0-2-768x229.png 768w, https:\/\/seal.transport-manager.net\/lolo7793\/wp-content\/uploads\/sites\/150\/2023\/10\/LIVR2E0-2-1232x368.png 1232w, https:\/\/seal.transport-manager.net\/lolo7793\/wp-content\/uploads\/sites\/150\/2023\/10\/LIVR2E0-2.png 1438w\" sizes=\"auto, (max-width: 1024px) 100vw, 1024px\" \/><\/figure>\n\n\n\n<p class=\"has-text-align-center has-black-color has-text-color has-medium-font-size\" style=\"text-transform:uppercase\"><strong>BUS Irisbus Citelis 12 livre\u00e9 nouvelle <\/strong><\/p>\n\n\n\n<figure class=\"wp-block-image size-large\"><img loading=\"lazy\" decoding=\"async\" width=\"1024\" height=\"304\" src=\"https:\/\/seal.transport-manager.net\/lolo7793\/wp-content\/uploads\/sites\/150\/2023\/10\/55-1-1024x304.png\" alt=\"\" class=\"wp-image-912\" srcset=\"https:\/\/seal.transport-manager.net\/lolo7793\/wp-content\/uploads\/sites\/150\/2023\/10\/55-1-1024x304.png 1024w, https:\/\/seal.transport-manager.net\/lolo7793\/wp-content\/uploads\/sites\/150\/2023\/10\/55-1-300x89.png 300w, https:\/\/seal.transport-manager.net\/lolo7793\/wp-content\/uploads\/sites\/150\/2023\/10\/55-1-768x228.png 768w, https:\/\/seal.transport-manager.net\/lolo7793\/wp-content\/uploads\/sites\/150\/2023\/10\/55-1-1232x366.png 1232w, https:\/\/seal.transport-manager.net\/lolo7793\/wp-content\/uploads\/sites\/150\/2023\/10\/55-1.png 1435w\" sizes=\"auto, (max-width: 1024px) 100vw, 1024px\" \/><\/figure>\n\n\n\n<p class=\"has-text-align-center has-black-color has-text-color has-medium-font-size\" style=\"text-transform:uppercase\"><strong>BUS Irisbus Citelis 12 livre\u00e9 pour octobre rose<\/strong><\/p>\n\n\n\n<p><\/p>\n\n\n\n<figure class=\"wp-block-image size-large\"><img loading=\"lazy\" decoding=\"async\" width=\"1024\" height=\"287\" src=\"https:\/\/seal.transport-manager.net\/lolo7793\/wp-content\/uploads\/sites\/150\/2023\/10\/image-1024x287.jpg\" alt=\"\" class=\"wp-image-913\" srcset=\"https:\/\/seal.transport-manager.net\/lolo7793\/wp-content\/uploads\/sites\/150\/2023\/10\/image-1024x287.jpg 1024w, https:\/\/seal.transport-manager.net\/lolo7793\/wp-content\/uploads\/sites\/150\/2023\/10\/image-300x84.jpg 300w, https:\/\/seal.transport-manager.net\/lolo7793\/wp-content\/uploads\/sites\/150\/2023\/10\/image-768x215.jpg 768w, https:\/\/seal.transport-manager.net\/lolo7793\/wp-content\/uploads\/sites\/150\/2023\/10\/image-1232x345.jpg 1232w, https:\/\/seal.transport-manager.net\/lolo7793\/wp-content\/uploads\/sites\/150\/2023\/10\/image.jpg 1400w\" sizes=\"auto, (max-width: 1024px) 100vw, 1024px\" \/><\/figure>\n\n\n\n<p class=\"has-text-align-center has-black-color has-text-color has-medium-font-size\" style=\"text-transform:uppercase\"><strong>BUS Solaris Urbino 12 livre\u00e9 pour octobre rose<\/strong><\/p>\n\n\n\n<figure class=\"wp-block-image size-large\"><img loading=\"lazy\" decoding=\"async\" width=\"1024\" height=\"286\" src=\"https:\/\/seal.transport-manager.net\/lolo7793\/wp-content\/uploads\/sites\/150\/2023\/10\/pol-1024x286.jpg\" alt=\"\" class=\"wp-image-914\" srcset=\"https:\/\/seal.transport-manager.net\/lolo7793\/wp-content\/uploads\/sites\/150\/2023\/10\/pol-1024x286.jpg 1024w, https:\/\/seal.transport-manager.net\/lolo7793\/wp-content\/uploads\/sites\/150\/2023\/10\/pol-300x84.jpg 300w, https:\/\/seal.transport-manager.net\/lolo7793\/wp-content\/uploads\/sites\/150\/2023\/10\/pol-768x215.jpg 768w, https:\/\/seal.transport-manager.net\/lolo7793\/wp-content\/uploads\/sites\/150\/2023\/10\/pol-1232x345.jpg 1232w, https:\/\/seal.transport-manager.net\/lolo7793\/wp-content\/uploads\/sites\/150\/2023\/10\/pol.jpg 1380w\" sizes=\"auto, (max-width: 1024px) 100vw, 1024px\" \/><\/figure>\n\n\n\n<p class=\"has-text-align-center has-black-color has-text-color has-medium-font-size\" style=\"text-transform:uppercase\"><strong>BUS Solaris Urbino 12 livre\u00e9 parc ast\u00e9rix<\/strong><\/p>\n\n\n\n<p><\/p>\n","protected":false},"excerpt":{"rendered":"<p>BUS Irisbus Citelis 12 livre\u00e9 parc ast\u00e9rix BUS iveco urbanway 18 BUS Irisbus Citelis 12 livre\u00e9 nouvelle BUS Irisbus Citelis 12 livre\u00e9 pour octobre rose BUS Solaris Urbino 12 livre\u00e9&nbsp;&hellip;<\/p>\n","protected":false},"author":149,"featured_media":0,"parent":0,"menu_order":0,"comment_status":"closed","ping_status":"closed","template":"","meta":{"footnotes":""},"class_list":["post-901","page","type-page","status-publish","hentry"],"_links":{"self":[{"href":"https:\/\/seal.transport-manager.net\/lolo7793\/wp-json\/wp\/v2\/pages\/901","targetHints":{"allow":["GET"]}}],"collection":[{"href":"https:\/\/seal.transport-manager.net\/lolo7793\/wp-json\/wp\/v2\/pages"}],"about":[{"href":"https:\/\/seal.transport-manager.net\/lolo7793\/wp-json\/wp\/v2\/types\/page"}],"author":[{"embeddable":true,"href":"https:\/\/seal.transport-manager.net\/lolo7793\/wp-json\/wp\/v2\/users\/149"}],"replies":[{"embeddable":true,"href":"https:\/\/seal.transport-manager.net\/lolo7793\/wp-json\/wp\/v2\/comments?post=901"}],"version-history":[{"count":12,"href":"https:\/\/seal.transport-manager.net\/lolo7793\/wp-json\/wp\/v2\/pages\/901\/revisions"}],"predecessor-version":[{"id":923,"href":"https:\/\/seal.transport-manager.net\/lolo7793\/wp-json\/wp\/v2\/pages\/901\/revisions\/923"}],"wp:attachment":[{"href":"https:\/\/seal.transport-manager.net\/lolo7793\/wp-json\/wp\/v2\/media?parent=901"}],"curies":[{"name":"wp","href":"https:\/\/api.w.org\/{rel}","templated":true}]}}