{"id":998,"date":"2023-10-16T15:53:21","date_gmt":"2023-10-16T13:53:21","guid":{"rendered":"https:\/\/seal.transport-manager.net\/lolo7793\/?page_id=998"},"modified":"2023-10-16T16:01:30","modified_gmt":"2023-10-16T14:01:30","slug":"notre-histoire-2","status":"publish","type":"page","link":"https:\/\/seal.transport-manager.net\/lolo7793\/notre-histoire-2\/","title":{"rendered":"notre histoire"},"content":{"rendered":"<div class=\"wp-block-image\">\n<figure class=\"aligncenter size-large is-resized\"><img loading=\"lazy\" decoding=\"async\" src=\"https:\/\/seal.transport-manager.net\/lolo7793\/wp-content\/uploads\/sites\/150\/2023\/10\/Group-66-1-1024x187.png\" alt=\"\" class=\"wp-image-983\" style=\"width:591px;height:108px\" width=\"591\" height=\"108\" srcset=\"https:\/\/seal.transport-manager.net\/lolo7793\/wp-content\/uploads\/sites\/150\/2023\/10\/Group-66-1-1024x187.png 1024w, https:\/\/seal.transport-manager.net\/lolo7793\/wp-content\/uploads\/sites\/150\/2023\/10\/Group-66-1-300x55.png 300w, https:\/\/seal.transport-manager.net\/lolo7793\/wp-content\/uploads\/sites\/150\/2023\/10\/Group-66-1-768x140.png 768w, https:\/\/seal.transport-manager.net\/lolo7793\/wp-content\/uploads\/sites\/150\/2023\/10\/Group-66-1-1536x280.png 1536w, https:\/\/seal.transport-manager.net\/lolo7793\/wp-content\/uploads\/sites\/150\/2023\/10\/Group-66-1-2048x374.png 2048w, https:\/\/seal.transport-manager.net\/lolo7793\/wp-content\/uploads\/sites\/150\/2023\/10\/Group-66-1-1232x225.png 1232w, https:\/\/seal.transport-manager.net\/lolo7793\/wp-content\/uploads\/sites\/150\/2023\/10\/Group-66-1-1920x350.png 1920w\" sizes=\"auto, (max-width: 591px) 100vw, 591px\" \/><\/figure>\n<\/div>\n\n\n<div class=\"wp-block-media-text is-stacked-on-mobile\"><figure class=\"wp-block-media-text__media\"><img loading=\"lazy\" decoding=\"async\" width=\"1024\" height=\"191\" src=\"https:\/\/seal.transport-manager.net\/lolo7793\/wp-content\/uploads\/sites\/150\/2023\/10\/Group-67-1024x191.png\" alt=\"\" class=\"wp-image-1001 size-full\" srcset=\"https:\/\/seal.transport-manager.net\/lolo7793\/wp-content\/uploads\/sites\/150\/2023\/10\/Group-67-1024x191.png 1024w, https:\/\/seal.transport-manager.net\/lolo7793\/wp-content\/uploads\/sites\/150\/2023\/10\/Group-67-300x56.png 300w, https:\/\/seal.transport-manager.net\/lolo7793\/wp-content\/uploads\/sites\/150\/2023\/10\/Group-67-768x143.png 768w, https:\/\/seal.transport-manager.net\/lolo7793\/wp-content\/uploads\/sites\/150\/2023\/10\/Group-67-1536x287.png 1536w, https:\/\/seal.transport-manager.net\/lolo7793\/wp-content\/uploads\/sites\/150\/2023\/10\/Group-67-2048x383.png 2048w, https:\/\/seal.transport-manager.net\/lolo7793\/wp-content\/uploads\/sites\/150\/2023\/10\/Group-67-1232x230.png 1232w, https:\/\/seal.transport-manager.net\/lolo7793\/wp-content\/uploads\/sites\/150\/2023\/10\/Group-67-1920x359.png 1920w\" sizes=\"auto, (max-width: 1024px) 100vw, 1024px\" \/><\/figure><div class=\"wp-block-media-text__content\">\n<p class=\"has-black-color has-text-color has-medium-font-size\">IDVIA TRANSPORT a vu le jour gr\u00e2ce \u00e0 l\u2019initiative de lolo7793 le 22 septembre 2023 \u00e0 Paris, avec la vision de fournir une mobilit\u00e9 maximale.Notre entreprise a officiellement inaugur\u00e9 sa toute premi\u00e8re ligne, la ligne 4, le 22 septembre 2023<\/p>\n<\/div><\/div>\n\n\n\n<figure class=\"wp-block-image size-large\"><img loading=\"lazy\" decoding=\"async\" width=\"1024\" height=\"257\" src=\"https:\/\/seal.transport-manager.net\/lolo7793\/wp-content\/uploads\/sites\/150\/2021\/11\/N1_L4_blanc2-1024x257.png\" alt=\"\" class=\"wp-image-56\" srcset=\"https:\/\/seal.transport-manager.net\/lolo7793\/wp-content\/uploads\/sites\/150\/2021\/11\/N1_L4_blanc2-1024x257.png 1024w, https:\/\/seal.transport-manager.net\/lolo7793\/wp-content\/uploads\/sites\/150\/2021\/11\/N1_L4_blanc2-300x75.png 300w, https:\/\/seal.transport-manager.net\/lolo7793\/wp-content\/uploads\/sites\/150\/2021\/11\/N1_L4_blanc2-768x193.png 768w, https:\/\/seal.transport-manager.net\/lolo7793\/wp-content\/uploads\/sites\/150\/2021\/11\/N1_L4_blanc2-1536x385.png 1536w, https:\/\/seal.transport-manager.net\/lolo7793\/wp-content\/uploads\/sites\/150\/2021\/11\/N1_L4_blanc2-1232x309.png 1232w, https:\/\/seal.transport-manager.net\/lolo7793\/wp-content\/uploads\/sites\/150\/2021\/11\/N1_L4_blanc2.png 1913w\" sizes=\"auto, (max-width: 1024px) 100vw, 1024px\" \/><\/figure>\n\n\n\n<div class=\"wp-block-media-text has-media-on-the-right is-stacked-on-mobile\"><div class=\"wp-block-media-text__content\">\n<p class=\"has-black-color has-text-color has-medium-font-size\">en seulement trois jours, le 25 septembre 2023, nous avons inaugur\u00e9 notre deuxi\u00e8me ligne, que nous avons baptis\u00e9e la ligne 1. C\u2019\u00e9tait le d\u00e9but d\u2019une aventure passionnante.<\/p>\n<\/div><figure class=\"wp-block-media-text__media\"><img loading=\"lazy\" decoding=\"async\" width=\"1024\" height=\"191\" src=\"https:\/\/seal.transport-manager.net\/lolo7793\/wp-content\/uploads\/sites\/150\/2023\/10\/Group-67-1-1024x191.png\" alt=\"\" class=\"wp-image-1002 size-full\" srcset=\"https:\/\/seal.transport-manager.net\/lolo7793\/wp-content\/uploads\/sites\/150\/2023\/10\/Group-67-1-1024x191.png 1024w, https:\/\/seal.transport-manager.net\/lolo7793\/wp-content\/uploads\/sites\/150\/2023\/10\/Group-67-1-300x56.png 300w, https:\/\/seal.transport-manager.net\/lolo7793\/wp-content\/uploads\/sites\/150\/2023\/10\/Group-67-1-768x143.png 768w, https:\/\/seal.transport-manager.net\/lolo7793\/wp-content\/uploads\/sites\/150\/2023\/10\/Group-67-1-1536x287.png 1536w, https:\/\/seal.transport-manager.net\/lolo7793\/wp-content\/uploads\/sites\/150\/2023\/10\/Group-67-1-2048x383.png 2048w, https:\/\/seal.transport-manager.net\/lolo7793\/wp-content\/uploads\/sites\/150\/2023\/10\/Group-67-1-1232x230.png 1232w, https:\/\/seal.transport-manager.net\/lolo7793\/wp-content\/uploads\/sites\/150\/2023\/10\/Group-67-1-1920x359.png 1920w\" sizes=\"auto, (max-width: 1024px) 100vw, 1024px\" \/><\/figure><\/div>\n\n\n\n<figure class=\"wp-block-image size-large\"><img loading=\"lazy\" decoding=\"async\" width=\"1024\" height=\"246\" src=\"https:\/\/seal.transport-manager.net\/lolo7793\/wp-content\/uploads\/sites\/150\/2023\/10\/N1_L1_trans2-1024x246.png\" alt=\"\" class=\"wp-image-1009\" srcset=\"https:\/\/seal.transport-manager.net\/lolo7793\/wp-content\/uploads\/sites\/150\/2023\/10\/N1_L1_trans2-1024x246.png 1024w, https:\/\/seal.transport-manager.net\/lolo7793\/wp-content\/uploads\/sites\/150\/2023\/10\/N1_L1_trans2-300x72.png 300w, https:\/\/seal.transport-manager.net\/lolo7793\/wp-content\/uploads\/sites\/150\/2023\/10\/N1_L1_trans2-768x184.png 768w, https:\/\/seal.transport-manager.net\/lolo7793\/wp-content\/uploads\/sites\/150\/2023\/10\/N1_L1_trans2-1536x369.png 1536w, https:\/\/seal.transport-manager.net\/lolo7793\/wp-content\/uploads\/sites\/150\/2023\/10\/N1_L1_trans2-1232x296.png 1232w, https:\/\/seal.transport-manager.net\/lolo7793\/wp-content\/uploads\/sites\/150\/2023\/10\/N1_L1_trans2.png 1907w\" sizes=\"auto, (max-width: 1024px) 100vw, 1024px\" \/><\/figure>\n\n\n\n<div class=\"wp-block-media-text is-stacked-on-mobile\"><figure class=\"wp-block-media-text__media\"><img loading=\"lazy\" decoding=\"async\" width=\"1024\" height=\"191\" src=\"https:\/\/seal.transport-manager.net\/lolo7793\/wp-content\/uploads\/sites\/150\/2023\/10\/Group-67-2-1024x191.png\" alt=\"\" class=\"wp-image-1003 size-full\" srcset=\"https:\/\/seal.transport-manager.net\/lolo7793\/wp-content\/uploads\/sites\/150\/2023\/10\/Group-67-2-1024x191.png 1024w, https:\/\/seal.transport-manager.net\/lolo7793\/wp-content\/uploads\/sites\/150\/2023\/10\/Group-67-2-300x56.png 300w, https:\/\/seal.transport-manager.net\/lolo7793\/wp-content\/uploads\/sites\/150\/2023\/10\/Group-67-2-768x143.png 768w, https:\/\/seal.transport-manager.net\/lolo7793\/wp-content\/uploads\/sites\/150\/2023\/10\/Group-67-2-1536x287.png 1536w, https:\/\/seal.transport-manager.net\/lolo7793\/wp-content\/uploads\/sites\/150\/2023\/10\/Group-67-2-2048x383.png 2048w, https:\/\/seal.transport-manager.net\/lolo7793\/wp-content\/uploads\/sites\/150\/2023\/10\/Group-67-2-1232x230.png 1232w, https:\/\/seal.transport-manager.net\/lolo7793\/wp-content\/uploads\/sites\/150\/2023\/10\/Group-67-2-1920x359.png 1920w\" sizes=\"auto, (max-width: 1024px) 100vw, 1024px\" \/><\/figure><div class=\"wp-block-media-text__content\">\n<p class=\"has-black-color has-text-color has-medium-font-size\">Pour financer l\u2019acquisition des tout premier bus, nous avons contract\u00e9 un pr\u00eat bancaire. M\u00eame si nous ne sommes pas encore class\u00e9s comme num\u00e9ro 1 dans notre secteur, nous avons la ferme conviction que ce statut est \u00e0 port\u00e9e de main.<\/p>\n<\/div><\/div>\n\n\n\n<p class=\"has-text-align-center has-white-color has-pale-cyan-blue-background-color has-text-color has-background has-large-font-size\">cr\u00e9ation du groupe IDVIA GROUPE le 04\/10\/2023<\/p>\n\n\n\n<div class=\"wp-block-media-text has-media-on-the-right is-stacked-on-mobile\"><div class=\"wp-block-media-text__content\">\n<p class=\"has-black-color has-text-color has-medium-font-size\">IDVIA TRANSPORT a pris une d\u00e9cision audacieuse en cr\u00e9ant son groupe, IDVIA GROUPE, dont la mission est d\u2019accro\u00eetre la mobilit\u00e9.<\/p>\n<\/div><figure class=\"wp-block-media-text__media\"><img loading=\"lazy\" decoding=\"async\" width=\"781\" height=\"275\" src=\"https:\/\/seal.transport-manager.net\/lolo7793\/wp-content\/uploads\/sites\/150\/2023\/10\/Group-55-1.png\" alt=\"\" class=\"wp-image-1008 size-full\" srcset=\"https:\/\/seal.transport-manager.net\/lolo7793\/wp-content\/uploads\/sites\/150\/2023\/10\/Group-55-1.png 781w, https:\/\/seal.transport-manager.net\/lolo7793\/wp-content\/uploads\/sites\/150\/2023\/10\/Group-55-1-300x106.png 300w, https:\/\/seal.transport-manager.net\/lolo7793\/wp-content\/uploads\/sites\/150\/2023\/10\/Group-55-1-768x270.png 768w\" sizes=\"auto, (max-width: 781px) 100vw, 781px\" \/><\/figure><\/div>\n\n\n\n<div class=\"wp-block-media-text is-stacked-on-mobile is-vertically-aligned-center\"><figure class=\"wp-block-media-text__media\"><img loading=\"lazy\" decoding=\"async\" width=\"689\" height=\"293\" src=\"https:\/\/seal.transport-manager.net\/lolo7793\/wp-content\/uploads\/sites\/150\/2023\/10\/Group-37-1.png\" alt=\"\" class=\"wp-image-992 size-full\" srcset=\"https:\/\/seal.transport-manager.net\/lolo7793\/wp-content\/uploads\/sites\/150\/2023\/10\/Group-37-1.png 689w, https:\/\/seal.transport-manager.net\/lolo7793\/wp-content\/uploads\/sites\/150\/2023\/10\/Group-37-1-300x128.png 300w\" sizes=\"auto, (max-width: 689px) 100vw, 689px\" \/><\/figure><div class=\"wp-block-media-text__content\">\n<p class=\"has-black-color has-text-color has-medium-font-size\">le 06\/10\/2023 Notre groupe a donn\u00e9 naissance \u00e0 sa filiale, IDVIA VOYAGE, qui propose des voyages abordables \u00e0 travers toute l\u2019Europe. Cette nouvelle aventure marque un tournant dans notre histoire, et nous sommes impatients de poursuivre notre croissance et de r\u00e9pondre aux besoins de nos clients<\/p>\n<\/div><\/div>\n","protected":false},"excerpt":{"rendered":"<p>IDVIA TRANSPORT a vu le jour gr\u00e2ce \u00e0 l\u2019initiative de lolo7793 le 22 septembre 2023 \u00e0 Paris, avec la vision de fournir une mobilit\u00e9 maximale.Notre entreprise a officiellement inaugur\u00e9 sa&nbsp;&hellip;<\/p>\n","protected":false},"author":149,"featured_media":0,"parent":0,"menu_order":0,"comment_status":"closed","ping_status":"closed","template":"","meta":{"footnotes":""},"class_list":["post-998","page","type-page","status-publish","hentry"],"_links":{"self":[{"href":"https:\/\/seal.transport-manager.net\/lolo7793\/wp-json\/wp\/v2\/pages\/998","targetHints":{"allow":["GET"]}}],"collection":[{"href":"https:\/\/seal.transport-manager.net\/lolo7793\/wp-json\/wp\/v2\/pages"}],"about":[{"href":"https:\/\/seal.transport-manager.net\/lolo7793\/wp-json\/wp\/v2\/types\/page"}],"author":[{"embeddable":true,"href":"https:\/\/seal.transport-manager.net\/lolo7793\/wp-json\/wp\/v2\/users\/149"}],"replies":[{"embeddable":true,"href":"https:\/\/seal.transport-manager.net\/lolo7793\/wp-json\/wp\/v2\/comments?post=998"}],"version-history":[{"count":5,"href":"https:\/\/seal.transport-manager.net\/lolo7793\/wp-json\/wp\/v2\/pages\/998\/revisions"}],"predecessor-version":[{"id":1012,"href":"https:\/\/seal.transport-manager.net\/lolo7793\/wp-json\/wp\/v2\/pages\/998\/revisions\/1012"}],"wp:attachment":[{"href":"https:\/\/seal.transport-manager.net\/lolo7793\/wp-json\/wp\/v2\/media?parent=998"}],"curies":[{"name":"wp","href":"https:\/\/api.w.org\/{rel}","templated":true}]}}