{"id":112,"date":"2021-07-19T13:33:39","date_gmt":"2021-07-19T11:33:39","guid":{"rendered":"https:\/\/seal.transport-manager.net\/ludo\/?page_id=112"},"modified":"2021-10-17T17:34:53","modified_gmt":"2021-10-17T15:34:53","slug":"ligne-9","status":"publish","type":"page","link":"https:\/\/seal.transport-manager.net\/ludo\/ligne-9\/","title":{"rendered":"Ligne 9"},"content":{"rendered":"\n<figure class=\"wp-block-image size-large\"><img loading=\"lazy\" decoding=\"async\" width=\"1024\" height=\"300\" src=\"https:\/\/seal.transport-manager.net\/ludo\/wp-content\/uploads\/sites\/2\/2021\/07\/N3_L9_blanc1-1024x300.png\" alt=\"\" class=\"wp-image-135\" srcset=\"https:\/\/seal.transport-manager.net\/ludo\/wp-content\/uploads\/sites\/2\/2021\/07\/N3_L9_blanc1-1024x300.png 1024w, https:\/\/seal.transport-manager.net\/ludo\/wp-content\/uploads\/sites\/2\/2021\/07\/N3_L9_blanc1-300x88.png 300w, https:\/\/seal.transport-manager.net\/ludo\/wp-content\/uploads\/sites\/2\/2021\/07\/N3_L9_blanc1-768x225.png 768w, https:\/\/seal.transport-manager.net\/ludo\/wp-content\/uploads\/sites\/2\/2021\/07\/N3_L9_blanc1-1536x451.png 1536w, https:\/\/seal.transport-manager.net\/ludo\/wp-content\/uploads\/sites\/2\/2021\/07\/N3_L9_blanc1.png 1997w\" sizes=\"auto, (max-width: 1024px) 100vw, 1024px\" \/><\/figure>\n\n\n\n<p><strong>Fr\u00e9quences de rotations du Lundi au Vendredi :<\/strong><\/p>\n\n\n\n<figure class=\"wp-block-table is-style-stripes\"><table><tbody><tr><td><\/td><td>5h-7h<\/td><td>7h-9h<\/td><td>9h-11h30<\/td><td>11h30-13h30<\/td><td>13h30-16h<\/td><td>16h-18h<\/td><td>18h-20h<\/td><td>20h-24h<\/td><\/tr><tr><td>Fr\u00e9quence<\/td><td>9 min<\/td><td>7 min<\/td><td>9 min<\/td><td>7 min<\/td><td>9 min<\/td><td>7 min<\/td><td>9 min<\/td><td>18 min<\/td><\/tr><\/tbody><\/table><\/figure>\n\n\n\n<p><strong>Fr\u00e9quences de rotations les Samedi :<\/strong><\/p>\n\n\n\n<figure class=\"wp-block-table is-style-stripes\"><table><tbody><tr><td><\/td><td>5h-20h<\/td><td>20h-24h<\/td><\/tr><tr><td>Fr\u00e9quence<\/td><td>9 min<\/td><td>18 min<\/td><\/tr><\/tbody><\/table><\/figure>\n\n\n\n<p><strong>Fr\u00e9quences de rotations les Dimanche et Jours F\u00e9ri\u00e9s :<\/strong><\/p>\n\n\n\n<figure class=\"wp-block-table is-style-stripes\"><table><tbody><tr><td><\/td><td>9h-20h<\/td><\/tr><tr><td>Fr\u00e9quence<\/td><td>18 min<\/td><\/tr><\/tbody><\/table><\/figure>\n","protected":false},"excerpt":{"rendered":"<p>Fr\u00e9quences de rotations du Lundi au Vendredi : 5h-7h 7h-9h 9h-11h30 11h30-13h30 13h30-16h 16h-18h 18h-20h 20h-24h Fr\u00e9quence 9 min 7 min 9 min 7 min 9 min 7 min 9 min 18 min Fr\u00e9quences de rotations les Samedi : 5h-20h 20h-24h Fr\u00e9quence 9 min 18 min Fr\u00e9quences de rotations les [&hellip;]<\/p>\n","protected":false},"author":1,"featured_media":0,"parent":0,"menu_order":0,"comment_status":"closed","ping_status":"closed","template":"","meta":{"footnotes":""},"class_list":["post-112","page","type-page","status-publish","hentry"],"_links":{"self":[{"href":"https:\/\/seal.transport-manager.net\/ludo\/wp-json\/wp\/v2\/pages\/112","targetHints":{"allow":["GET"]}}],"collection":[{"href":"https:\/\/seal.transport-manager.net\/ludo\/wp-json\/wp\/v2\/pages"}],"about":[{"href":"https:\/\/seal.transport-manager.net\/ludo\/wp-json\/wp\/v2\/types\/page"}],"author":[{"embeddable":true,"href":"https:\/\/seal.transport-manager.net\/ludo\/wp-json\/wp\/v2\/users\/1"}],"replies":[{"embeddable":true,"href":"https:\/\/seal.transport-manager.net\/ludo\/wp-json\/wp\/v2\/comments?post=112"}],"version-history":[{"count":5,"href":"https:\/\/seal.transport-manager.net\/ludo\/wp-json\/wp\/v2\/pages\/112\/revisions"}],"predecessor-version":[{"id":286,"href":"https:\/\/seal.transport-manager.net\/ludo\/wp-json\/wp\/v2\/pages\/112\/revisions\/286"}],"wp:attachment":[{"href":"https:\/\/seal.transport-manager.net\/ludo\/wp-json\/wp\/v2\/media?parent=112"}],"curies":[{"name":"wp","href":"https:\/\/api.w.org\/{rel}","templated":true}]}}