{"id":143,"date":"2021-07-19T19:37:11","date_gmt":"2021-07-19T17:37:11","guid":{"rendered":"https:\/\/seal.transport-manager.net\/ludo\/?page_id=143"},"modified":"2021-07-20T08:30:01","modified_gmt":"2021-07-20T06:30:01","slug":"les-lignes-secondaires","status":"publish","type":"page","link":"https:\/\/seal.transport-manager.net\/ludo\/les-lignes-secondaires\/","title":{"rendered":"Les lignes secondaires"},"content":{"rendered":"\n<p>Vous pouvez retrouvez les fr\u00e9quences de passages de vos bus sur les diff\u00e9rentes lignes du r\u00e9seau en cliquant sur le num\u00e9ro de ligne correspondant.<\/p>\n\n\n\n<figure class=\"wp-block-gallery columns-2 wp-block-gallery-1 is-layout-flex wp-block-gallery-is-layout-flex\"><ul class=\"blocks-gallery-grid\"><li class=\"blocks-gallery-item\"><figure><img loading=\"lazy\" decoding=\"async\" width=\"97\" height=\"97\" src=\"https:\/\/seal.transport-manager.net\/ludo\/wp-content\/uploads\/sites\/2\/2021\/07\/L60.png\" alt=\"\" data-id=\"52\" data-full-url=\"https:\/\/seal.transport-manager.net\/ludo\/wp-content\/uploads\/sites\/2\/2021\/07\/L60.png\" data-link=\"https:\/\/seal.transport-manager.net\/ludo\/les-lignes-regulieres\/l60\/\" class=\"wp-image-52\"\/><figcaption class=\"blocks-gallery-item__caption\"><a href=\"https:\/\/seal.transport-manager.net\/ludo\/ligne-60\/\" data-type=\"page\" data-id=\"146\">Lyc\u00e9e Karl Marx ><\/a><br><a href=\"https:\/\/seal.transport-manager.net\/ludo\/ligne-60\/\" data-type=\"page\" data-id=\"146\"> Pr\u00e9fecture<\/a><\/figcaption><\/figure><\/li><li class=\"blocks-gallery-item\"><figure><img loading=\"lazy\" decoding=\"async\" width=\"97\" height=\"97\" src=\"https:\/\/seal.transport-manager.net\/ludo\/wp-content\/uploads\/sites\/2\/2021\/07\/L61.png\" alt=\"\" data-id=\"53\" data-full-url=\"https:\/\/seal.transport-manager.net\/ludo\/wp-content\/uploads\/sites\/2\/2021\/07\/L61.png\" data-link=\"https:\/\/seal.transport-manager.net\/ludo\/les-lignes-regulieres\/l61\/\" class=\"wp-image-53\"\/><figcaption class=\"blocks-gallery-item__caption\"><a href=\"https:\/\/seal.transport-manager.net\/ludo\/ligne-61\/\" data-type=\"page\" data-id=\"148\">Gare de l&rsquo;Ouest ><\/a><br><a href=\"https:\/\/seal.transport-manager.net\/ludo\/ligne-61\/\" data-type=\"page\" data-id=\"148\"> Parc Jolimont<\/a><\/figcaption><\/figure><\/li><\/ul><\/figure>\n\n\n\n<p><\/p>\n","protected":false},"excerpt":{"rendered":"<p>Vous pouvez retrouvez les fr\u00e9quences de passages de vos bus sur les diff\u00e9rentes lignes du r\u00e9seau en cliquant sur le num\u00e9ro de ligne correspondant.<\/p>\n","protected":false},"author":1,"featured_media":0,"parent":0,"menu_order":0,"comment_status":"closed","ping_status":"closed","template":"","meta":{"footnotes":""},"class_list":["post-143","page","type-page","status-publish","hentry"],"_links":{"self":[{"href":"https:\/\/seal.transport-manager.net\/ludo\/wp-json\/wp\/v2\/pages\/143","targetHints":{"allow":["GET"]}}],"collection":[{"href":"https:\/\/seal.transport-manager.net\/ludo\/wp-json\/wp\/v2\/pages"}],"about":[{"href":"https:\/\/seal.transport-manager.net\/ludo\/wp-json\/wp\/v2\/types\/page"}],"author":[{"embeddable":true,"href":"https:\/\/seal.transport-manager.net\/ludo\/wp-json\/wp\/v2\/users\/1"}],"replies":[{"embeddable":true,"href":"https:\/\/seal.transport-manager.net\/ludo\/wp-json\/wp\/v2\/comments?post=143"}],"version-history":[{"count":3,"href":"https:\/\/seal.transport-manager.net\/ludo\/wp-json\/wp\/v2\/pages\/143\/revisions"}],"predecessor-version":[{"id":225,"href":"https:\/\/seal.transport-manager.net\/ludo\/wp-json\/wp\/v2\/pages\/143\/revisions\/225"}],"wp:attachment":[{"href":"https:\/\/seal.transport-manager.net\/ludo\/wp-json\/wp\/v2\/media?parent=143"}],"curies":[{"name":"wp","href":"https:\/\/api.w.org\/{rel}","templated":true}]}}