{"id":181,"date":"2021-07-19T20:49:05","date_gmt":"2021-07-19T18:49:05","guid":{"rendered":"https:\/\/seal.transport-manager.net\/ludo\/?page_id=181"},"modified":"2021-07-19T20:49:05","modified_gmt":"2021-07-19T18:49:05","slug":"les-lignes-speciales","status":"publish","type":"page","link":"https:\/\/seal.transport-manager.net\/ludo\/les-lignes-speciales\/","title":{"rendered":"Les lignes sp\u00e9ciales"},"content":{"rendered":"\n<p>En fonction des \u00e9v\u00e8nements au sein de notre m\u00e9tropole, des lignes suppl\u00e9mentaires peuvent \u00eatre mises en place.<\/p>\n\n\n\n<p>Retrouvez les ci-dessous : <\/p>\n\n\n<ul class=\"wp-block-latest-posts__list wp-block-latest-posts\"><li><a class=\"wp-block-latest-posts__post-title\" href=\"https:\/\/seal.transport-manager.net\/ludo\/2021\/08\/29\/ligne-de-vaccination-807-2\/\">Ligne de Vaccination &#8211; 807<\/a><div class=\"wp-block-latest-posts__post-excerpt\">Evolution de la ligne 807 \u00e0 partir du 30 Ao\u00fbt 2021 Suite au d\u00e9placement du centre de vaccination, la ligne 807 devient une navette entre le centre et la Gare Centrale te Grand Palais. L&rsquo;utilisation de cette ligne r\u00e9guli\u00e8re est gratuite. Fr\u00e9quences de rotations du Lundi au Dimanche, de 5h\u2026 <a class=\"wp-block-latest-posts__read-more\" href=\"https:\/\/seal.transport-manager.net\/ludo\/2021\/08\/29\/ligne-de-vaccination-807-2\/\" rel=\"noopener noreferrer\">Lire la suite<span class=\"screen-reader-text\">\u00a0: Ligne de Vaccination &#8211; 807<\/span><\/a><\/div><\/li>\n<li><a class=\"wp-block-latest-posts__post-title\" href=\"https:\/\/seal.transport-manager.net\/ludo\/2021\/07\/19\/ligne-de-vaccination-807\/\">Ligne de Vaccination &#8211; 807<\/a><div class=\"wp-block-latest-posts__post-excerpt\">A partir du 6 F\u00e9vrier Un centre de vaccination ouvre ses portes d\u00e8s ce week-end dans la m\u00e9tropole. Afin de permettre aux habitants de la m\u00e9tropole ainsi qu&rsquo;aux personnes venant de l&rsquo;ext\u00e9rieur de rejoindre facilement celui-ci au moment o\u00f9 ils sont appel\u00e9s \u00e0 se faire vacciner, l&rsquo;Autorit\u00e9 Organisatrice, \u00e0 la\u2026 <a class=\"wp-block-latest-posts__read-more\" href=\"https:\/\/seal.transport-manager.net\/ludo\/2021\/07\/19\/ligne-de-vaccination-807\/\" rel=\"noopener noreferrer\">Lire la suite<span class=\"screen-reader-text\">\u00a0: Ligne de Vaccination &#8211; 807<\/span><\/a><\/div><\/li>\n<li><a class=\"wp-block-latest-posts__post-title\" href=\"https:\/\/seal.transport-manager.net\/ludo\/2021\/07\/18\/ligne-estivale-804\/\">Ligne Estivale 804<\/a><div class=\"wp-block-latest-posts__post-excerpt\">Du Samedi 3 Juillet au Dimanche 29 Ao\u00fbt 2021 Le Parc de l&rsquo;\u00c9tang sera une nouvelle fois cet \u00e9t\u00e9 un haut lieu d&rsquo;activit\u00e9 avec des \u00e9v\u00e9nements r\u00e9guliers et une baignage autoris\u00e9e dans le lac. Dans le but de permettre aux habitants et touristes de la m\u00e9tropole de se rendre au\u2026 <a class=\"wp-block-latest-posts__read-more\" href=\"https:\/\/seal.transport-manager.net\/ludo\/2021\/07\/18\/ligne-estivale-804\/\" rel=\"noopener noreferrer\">Lire la suite<span class=\"screen-reader-text\">\u00a0: Ligne Estivale 804<\/span><\/a><\/div><\/li>\n<\/ul>","protected":false},"excerpt":{"rendered":"<p>En fonction des \u00e9v\u00e8nements au sein de notre m\u00e9tropole, des lignes suppl\u00e9mentaires peuvent \u00eatre mises en place. Retrouvez les ci-dessous :<\/p>\n","protected":false},"author":1,"featured_media":0,"parent":0,"menu_order":0,"comment_status":"closed","ping_status":"closed","template":"","meta":{"footnotes":""},"class_list":["post-181","page","type-page","status-publish","hentry"],"_links":{"self":[{"href":"https:\/\/seal.transport-manager.net\/ludo\/wp-json\/wp\/v2\/pages\/181","targetHints":{"allow":["GET"]}}],"collection":[{"href":"https:\/\/seal.transport-manager.net\/ludo\/wp-json\/wp\/v2\/pages"}],"about":[{"href":"https:\/\/seal.transport-manager.net\/ludo\/wp-json\/wp\/v2\/types\/page"}],"author":[{"embeddable":true,"href":"https:\/\/seal.transport-manager.net\/ludo\/wp-json\/wp\/v2\/users\/1"}],"replies":[{"embeddable":true,"href":"https:\/\/seal.transport-manager.net\/ludo\/wp-json\/wp\/v2\/comments?post=181"}],"version-history":[{"count":1,"href":"https:\/\/seal.transport-manager.net\/ludo\/wp-json\/wp\/v2\/pages\/181\/revisions"}],"predecessor-version":[{"id":182,"href":"https:\/\/seal.transport-manager.net\/ludo\/wp-json\/wp\/v2\/pages\/181\/revisions\/182"}],"wp:attachment":[{"href":"https:\/\/seal.transport-manager.net\/ludo\/wp-json\/wp\/v2\/media?parent=181"}],"curies":[{"name":"wp","href":"https:\/\/api.w.org\/{rel}","templated":true}]}}