{"id":185,"date":"2021-07-19T20:56:48","date_gmt":"2021-07-19T18:56:48","guid":{"rendered":"https:\/\/seal.transport-manager.net\/ludo\/?page_id=185"},"modified":"2021-07-19T20:56:48","modified_gmt":"2021-07-19T18:56:48","slug":"nos-agences","status":"publish","type":"page","link":"https:\/\/seal.transport-manager.net\/ludo\/nos-agences\/","title":{"rendered":"Nos agences"},"content":{"rendered":"\n<p>Pour acheter vos tickets, vos abonnements ou obtenir des renseignements, vous pouvez retrouver nos \u00e9quipes aux points suivants : <\/p>\n\n\n\n<p><strong>Gare Centrale<br><\/strong>> Ouvert du Lundi au Samedi de 9h00 \u00e0 12h00 et de 14h00 \u00e0 18h30<\/p>\n\n\n\n<p><strong>A\u00e9roport<\/strong><br>> Ouvert du Lundi au Samedi de 9h00 \u00e0 12h00 et de 14h00 \u00e0 18h30<\/p>\n\n\n\n<p><strong>Campus Marthe Gautier<br><\/strong>> Ouvert du Lundi au Vendredi de 9h00 \u00e0 12h00 et de 14h00 \u00e0 18h30<\/p>\n\n\n\n<p><strong>Campus Alan Turing<br><\/strong>> Ouvert du Lundi au Vendredi de 9h00 \u00e0 12h00 et de 14h00 \u00e0 18h30<\/p>\n\n\n\n<p><strong>Gare de l&rsquo;Ouest<br><\/strong>> Ouvert du Lundi au Samedi de 9h00 \u00e0 12h00 et de 14h00 \u00e0 18h30<\/p>\n","protected":false},"excerpt":{"rendered":"<p>Pour acheter vos tickets, vos abonnements ou obtenir des renseignements, vous pouvez retrouver nos \u00e9quipes aux points suivants : Gare Centrale> Ouvert du Lundi au Samedi de 9h00 \u00e0 12h00 et de 14h00 \u00e0 18h30 A\u00e9roport> Ouvert du Lundi au Samedi de 9h00 \u00e0 12h00 et de 14h00 \u00e0 18h30 [&hellip;]<\/p>\n","protected":false},"author":1,"featured_media":0,"parent":0,"menu_order":0,"comment_status":"closed","ping_status":"closed","template":"","meta":{"footnotes":""},"class_list":["post-185","page","type-page","status-publish","hentry"],"_links":{"self":[{"href":"https:\/\/seal.transport-manager.net\/ludo\/wp-json\/wp\/v2\/pages\/185","targetHints":{"allow":["GET"]}}],"collection":[{"href":"https:\/\/seal.transport-manager.net\/ludo\/wp-json\/wp\/v2\/pages"}],"about":[{"href":"https:\/\/seal.transport-manager.net\/ludo\/wp-json\/wp\/v2\/types\/page"}],"author":[{"embeddable":true,"href":"https:\/\/seal.transport-manager.net\/ludo\/wp-json\/wp\/v2\/users\/1"}],"replies":[{"embeddable":true,"href":"https:\/\/seal.transport-manager.net\/ludo\/wp-json\/wp\/v2\/comments?post=185"}],"version-history":[{"count":1,"href":"https:\/\/seal.transport-manager.net\/ludo\/wp-json\/wp\/v2\/pages\/185\/revisions"}],"predecessor-version":[{"id":186,"href":"https:\/\/seal.transport-manager.net\/ludo\/wp-json\/wp\/v2\/pages\/185\/revisions\/186"}],"wp:attachment":[{"href":"https:\/\/seal.transport-manager.net\/ludo\/wp-json\/wp\/v2\/media?parent=185"}],"curies":[{"name":"wp","href":"https:\/\/api.w.org\/{rel}","templated":true}]}}